{"id":1194,"date":"2024-10-19T02:18:23","date_gmt":"2024-10-19T02:18:23","guid":{"rendered":"https:\/\/cloudsupplyvapes.com\/?post_type=product&#038;p=1194"},"modified":"2024-11-26T08:39:04","modified_gmt":"2024-11-26T08:39:04","slug":"-48","status":"publish","type":"product","link":"https:\/\/cloudsupplyvapes.com\/fr\/product\/vapeak-600-puffs-disposable-vape-wholesale\/","title":{"rendered":"VAPEAK 600 Puffs Vape jetable Wholesale Compact Hassle-Free Design"},"content":{"rendered":"<p>VAPEAK 600 is a uniquely designed disposable VAPE with built-in 500 mAh high-capacity battery, 2 ml e-liquid oil capacity, can vape 600 puffs, smooth and easy to use, with a variety of flavors to choose from.<\/p>\n<p>&nbsp;<\/p>\n<h2>VAPEAK 600 Disposable Vape Specifications:<\/h2>\n<p>Marque : VAPEAK<\/p>\n<p>Puffs:600 Puffs are available per device.<\/p>\n<p>Nicotine:2%<\/p>\n<p>E-juice Capacity:2ML<\/p>\n<p>Battery:500mAh<\/p>\n<p>&nbsp;<\/p>\n<h2>Saveurs<\/h2>\n<p>Limonade Blue Razz<\/p>\n<p>Myrtille framboise acidul\u00e9e<\/p>\n<p>Glace de raisin<\/p>\n<p>Glace \u00e0 la mangue<\/p>\n<p>Baies m\u00e9lang\u00e9es<\/p>\n<p>Pineapple Peach Mango<\/p>\n<p>Limonade rose<\/p>\n<p>Cr\u00e8me glac\u00e9e \u00e0 la fraise<\/p>\n<p>Fraise Kiwi<\/p>\n<p>Glace \u00e0 la past\u00e8que<\/p>\n<p><a href=\"https:\/\/i0.wp.com\/www.disposablevapeswholesale.com\/wp-content\/uploads\/2022\/08\/VAPEAK-600-Puffs-Disposable-Vape-Wholesale-Pineapple-Peach-Mango-Flavors.jpg?ssl=1\" target=\"_blank\" rel=\"noopener\"><img data-recalc-dims=\"1\" loading=\"lazy\" decoding=\"async\" class=\"alignnone size-full wp-image-4853\" title=\"VAPEAK 600 Puffs Disposable Vape Wholesale Pineapple Peach Mango Flavors\" src=\"https:\/\/i0.wp.com\/www.disposablevapeswholesale.com\/wp-content\/uploads\/2022\/08\/VAPEAK-600-Puffs-Disposable-Vape-Wholesale-Pineapple-Peach-Mango-Flavors.jpg?resize=800%2C448&#038;ssl=1\" alt=\"VAPEAK 600 Puffs Disposable Vape Wholesale Pineapple Peach Mango Flavors\" width=\"800\" height=\"448\" \/><\/a> <a href=\"https:\/\/i0.wp.com\/www.disposablevapeswholesale.com\/wp-content\/uploads\/2022\/08\/VAPEAK-600-Puffs-Disposable-Vape-Wholesale-Mixed-Berry-Flavors.jpg?ssl=1\" target=\"_blank\" rel=\"noopener\"><img data-recalc-dims=\"1\" loading=\"lazy\" decoding=\"async\" class=\"alignnone size-full wp-image-4851\" title=\"VAPEAK 600 Puffs Disposable Vape Wholesale Mixed Berry Flavors\" src=\"https:\/\/i0.wp.com\/www.disposablevapeswholesale.com\/wp-content\/uploads\/2022\/08\/VAPEAK-600-Puffs-Disposable-Vape-Wholesale-Mixed-Berry-Flavors.jpg?resize=800%2C451&#038;ssl=1\" alt=\"VAPEAK 600 Puffs Disposable Vape Wholesale Mixed Berry Flavors\" width=\"800\" height=\"451\" \/><\/a> <a href=\"https:\/\/i0.wp.com\/www.disposablevapeswholesale.com\/wp-content\/uploads\/2022\/08\/VAPEAK-600-Puffs-Disposable-Vape-Wholesale-Mango-Ice-Flavors.jpg?ssl=1\" target=\"_blank\" rel=\"noopener\"><img data-recalc-dims=\"1\" loading=\"lazy\" decoding=\"async\" class=\"alignnone size-full wp-image-4848\" title=\"VAPEAK 600 Puffs Disposable Vape Wholesale Mango Ice Flavors\" src=\"https:\/\/i0.wp.com\/www.disposablevapeswholesale.com\/wp-content\/uploads\/2022\/08\/VAPEAK-600-Puffs-Disposable-Vape-Wholesale-Mango-Ice-Flavors.jpg?resize=800%2C453&#038;ssl=1\" alt=\"VAPEAK 600 Puffs Disposable Vape Wholesale Mango Ice Flavors\" width=\"800\" height=\"453\" \/><\/a> <a href=\"https:\/\/i0.wp.com\/www.disposablevapeswholesale.com\/wp-content\/uploads\/2022\/08\/VAPEAK-600-Puffs-Disposable-Vape-Wholesale-Describe.jpg?ssl=1\" target=\"_blank\" rel=\"noopener\"><img data-recalc-dims=\"1\" loading=\"lazy\" decoding=\"async\" class=\"alignnone size-full wp-image-4844\" title=\"VAPEAK 600 Puffs Disposable Vape Wholesale Describe\" src=\"https:\/\/i0.wp.com\/www.disposablevapeswholesale.com\/wp-content\/uploads\/2022\/08\/VAPEAK-600-Puffs-Disposable-Vape-Wholesale-Describe.jpg?resize=800%2C448&#038;ssl=1\" alt=\"VAPEAK 600 Puffs Disposable Vape Wholesale Describe\" width=\"800\" height=\"448\" \/><\/a> <a href=\"https:\/\/i0.wp.com\/www.disposablevapeswholesale.com\/wp-content\/uploads\/2022\/08\/VAPEAK-600-Puffs-Disposable-Vape-Wholesale-Battery.jpg?ssl=1\" target=\"_blank\" rel=\"noopener\"><img data-recalc-dims=\"1\" loading=\"lazy\" decoding=\"async\" class=\"alignnone size-full wp-image-4839\" title=\"VAPEAK 600 Puffs Disposable Vape Wholesale Battery\" src=\"https:\/\/i0.wp.com\/www.disposablevapeswholesale.com\/wp-content\/uploads\/2022\/08\/VAPEAK-600-Puffs-Disposable-Vape-Wholesale-Battery.jpg?resize=800%2C448&#038;ssl=1\" alt=\"VAPEAK 600 Puffs Disposable Vape Wholesale Battery\" width=\"800\" height=\"448\" \/><\/a> <a href=\"https:\/\/i0.wp.com\/www.disposablevapeswholesale.com\/wp-content\/uploads\/2022\/08\/VAPEAK-600-Puffs-Disposable-Vape-Wholesale-Watermelon-Ice-Flavors.jpg?ssl=1\" target=\"_blank\" rel=\"noopener\"><img data-recalc-dims=\"1\" loading=\"lazy\" decoding=\"async\" class=\"alignnone size-full wp-image-4858\" title=\"VAPEAK 600 Puffs Disposable Vape Wholesale Watermelon Ice Flavors\" src=\"https:\/\/i0.wp.com\/www.disposablevapeswholesale.com\/wp-content\/uploads\/2022\/08\/VAPEAK-600-Puffs-Disposable-Vape-Wholesale-Watermelon-Ice-Flavors.jpg?resize=800%2C453&#038;ssl=1\" alt=\"VAPEAK 600 Puffs Disposable Vape Wholesale Watermelon Ice Flavors\" width=\"800\" height=\"453\" \/><\/a> <a href=\"https:\/\/i0.wp.com\/www.disposablevapeswholesale.com\/wp-content\/uploads\/2022\/08\/VAPEAK-600-Puffs-Disposable-Vape-Wholesale-Mixed-Berry-Describe.jpg?ssl=1\" target=\"_blank\" rel=\"noopener\"><img data-recalc-dims=\"1\" loading=\"lazy\" decoding=\"async\" class=\"alignnone size-full wp-image-4850\" title=\"VAPEAK 600 Puffs Disposable Vape Wholesale Mixed Berry Describe\" src=\"https:\/\/i0.wp.com\/www.disposablevapeswholesale.com\/wp-content\/uploads\/2022\/08\/VAPEAK-600-Puffs-Disposable-Vape-Wholesale-Mixed-Berry-Describe.jpg?resize=800%2C800&#038;ssl=1\" alt=\"VAPEAK 600 Puffs Disposable Vape Wholesale Mixed Berry Describe\" width=\"800\" height=\"800\" \/><\/a> <a href=\"https:\/\/i0.wp.com\/www.disposablevapeswholesale.com\/wp-content\/uploads\/2022\/08\/VAPEAK-600-Puffs-Disposable-Vape-Wholesale-Grape-Ice-Flavors.jpg?ssl=1\" target=\"_blank\" rel=\"noopener\"><img data-recalc-dims=\"1\" loading=\"lazy\" decoding=\"async\" class=\"alignnone size-full wp-image-4846\" title=\"VAPEAK 600 Puffs Disposable Vape Wholesale Grape Ice Flavors\" src=\"https:\/\/i0.wp.com\/www.disposablevapeswholesale.com\/wp-content\/uploads\/2022\/08\/VAPEAK-600-Puffs-Disposable-Vape-Wholesale-Grape-Ice-Flavors.jpg?resize=800%2C800&#038;ssl=1\" alt=\"VAPEAK 600 Puffs Disposable Vape Wholesale Grape Ice Flavors\" width=\"800\" height=\"800\" \/><\/a> <a href=\"https:\/\/i0.wp.com\/www.disposablevapeswholesale.com\/wp-content\/uploads\/2022\/08\/VAPEAK-600-Puffs-Disposable-Vape-Wholesale-Blueberry-Sour-Raspberry-Flavors.jpg?ssl=1\" target=\"_blank\" rel=\"noopener\"><img data-recalc-dims=\"1\" loading=\"lazy\" decoding=\"async\" class=\"alignnone size-full wp-image-4842\" title=\"VAPEAK 600 Puffs Disposable Vape Wholesale Blueberry Sour Raspberry Flavors\" src=\"https:\/\/i0.wp.com\/www.disposablevapeswholesale.com\/wp-content\/uploads\/2022\/08\/VAPEAK-600-Puffs-Disposable-Vape-Wholesale-Blueberry-Sour-Raspberry-Flavors.jpg?resize=800%2C800&#038;ssl=1\" alt=\"VAPEAK 600 Puffs Disposable Vape Wholesale Blueberry Sour Raspberry Flavors\" width=\"800\" height=\"800\" \/><\/a> <a href=\"https:\/\/i0.wp.com\/www.disposablevapeswholesale.com\/wp-content\/uploads\/2022\/08\/VAPEAK-600-Puffs-Disposable-Vape-Wholesale-Blue-Razz-Lemonade-Flavors.jpg?ssl=1\" target=\"_blank\" rel=\"noopener\"><img data-recalc-dims=\"1\" loading=\"lazy\" decoding=\"async\" class=\"alignnone size-full wp-image-4840\" title=\"VAPEAK 600 Puffs Disposable Vape Wholesale Blue Razz Lemonade Flavors\" src=\"https:\/\/i0.wp.com\/www.disposablevapeswholesale.com\/wp-content\/uploads\/2022\/08\/VAPEAK-600-Puffs-Disposable-Vape-Wholesale-Blue-Razz-Lemonade-Flavors.jpg?resize=800%2C800&#038;ssl=1\" alt=\"VAPEAK 600 Puffs Disposable Vape Wholesale Blue Razz Lemonade Flavors\" width=\"800\" height=\"800\" \/><\/a> <a href=\"https:\/\/i0.wp.com\/www.disposablevapeswholesale.com\/wp-content\/uploads\/2022\/08\/VAPEAK-600-Puffs-Disposable-Vape-Wholesale-3-Flavors.jpg?ssl=1\" target=\"_blank\" rel=\"noopener\"><img data-recalc-dims=\"1\" loading=\"lazy\" decoding=\"async\" class=\"alignnone size-full wp-image-4838\" title=\"VAPEAK 600 Puffs Disposable Vape Wholesale 3 Flavors\" src=\"https:\/\/i0.wp.com\/www.disposablevapeswholesale.com\/wp-content\/uploads\/2022\/08\/VAPEAK-600-Puffs-Disposable-Vape-Wholesale-3-Flavors.jpg?resize=800%2C800&#038;ssl=1\" alt=\"VAPEAK 600 Puffs Disposable Vape Wholesale 3 Flavors\" width=\"800\" height=\"800\" \/><\/a> <a href=\"https:\/\/i0.wp.com\/www.disposablevapeswholesale.com\/wp-content\/uploads\/2022\/08\/VAPEAK-600-Puffs-Disposable-Vape-Wholesale.jpg?ssl=1\" target=\"_blank\" rel=\"noopener\"><img data-recalc-dims=\"1\" loading=\"lazy\" decoding=\"async\" class=\"alignnone size-full wp-image-4860\" title=\"VAPEAK 600 Puffs Disposable Vape Wholesale\" src=\"https:\/\/i0.wp.com\/www.disposablevapeswholesale.com\/wp-content\/uploads\/2022\/08\/VAPEAK-600-Puffs-Disposable-Vape-Wholesale.jpg?resize=800%2C728&#038;ssl=1\" alt=\"VAPEAK 600 Puffs Disposable Vape Wholesale\" width=\"800\" height=\"728\" \/><\/a> <a href=\"https:\/\/i0.wp.com\/www.disposablevapeswholesale.com\/wp-content\/uploads\/2022\/08\/VAPEAK-600-Puffs-Disposable-Vape-Wholesale-Flavors.jpg?ssl=1\" target=\"_blank\" rel=\"noopener\"><img data-recalc-dims=\"1\" loading=\"lazy\" decoding=\"async\" class=\"alignnone size-full wp-image-4845\" title=\"VAPEAK 600 Puffs Disposable Vape Wholesale Flavors\" src=\"https:\/\/i0.wp.com\/www.disposablevapeswholesale.com\/wp-content\/uploads\/2022\/08\/VAPEAK-600-Puffs-Disposable-Vape-Wholesale-Flavors.jpg?resize=800%2C723&#038;ssl=1\" alt=\"VAPEAK 600 Puffs Disposable Vape Wholesale Flavors\" width=\"800\" height=\"723\" \/><\/a><\/p>\n<p><a href=\"https:\/\/i0.wp.com\/www.disposablevapeswholesale.com\/wp-content\/uploads\/2022\/08\/VAPEAK-600-Puffs-Disposable-Vape-Wholesale-Watermelon-Ice.jpg?ssl=1\" target=\"_blank\" rel=\"noopener\"><img data-recalc-dims=\"1\" loading=\"lazy\" decoding=\"async\" class=\"alignnone size-full wp-image-4859\" title=\"VAPEAK 600 Puffs Disposable Vape Wholesale Watermelon Ice\" src=\"https:\/\/i0.wp.com\/www.disposablevapeswholesale.com\/wp-content\/uploads\/2022\/08\/VAPEAK-600-Puffs-Disposable-Vape-Wholesale-Watermelon-Ice.jpg?resize=800%2C800&#038;ssl=1\" alt=\"VAPEAK 600 Puffs Disposable Vape Wholesale Watermelon Ice\" width=\"800\" height=\"800\" \/><\/a> <a href=\"https:\/\/i0.wp.com\/www.disposablevapeswholesale.com\/wp-content\/uploads\/2022\/08\/VAPEAK-600-Puffs-Disposable-Vape-Wholesale-Strawberry-Kiwi.jpg?ssl=1\" target=\"_blank\" rel=\"noopener\"><img data-recalc-dims=\"1\" loading=\"lazy\" decoding=\"async\" class=\"alignnone size-full wp-image-4857\" title=\"VAPEAK 600 Puffs Disposable Vape Wholesale Strawberry Kiwi\" src=\"https:\/\/i0.wp.com\/www.disposablevapeswholesale.com\/wp-content\/uploads\/2022\/08\/VAPEAK-600-Puffs-Disposable-Vape-Wholesale-Strawberry-Kiwi.jpg?resize=800%2C800&#038;ssl=1\" alt=\"VAPEAK 600 Puffs Disposable Vape Wholesale Strawberry Kiwi\" width=\"800\" height=\"800\" \/><\/a> <a href=\"https:\/\/i0.wp.com\/www.disposablevapeswholesale.com\/wp-content\/uploads\/2022\/08\/VAPEAK-600-Puffs-Disposable-Vape-Wholesale-Strawberry-Ice-Cream.jpg?ssl=1\" target=\"_blank\" rel=\"noopener\"><img data-recalc-dims=\"1\" loading=\"lazy\" decoding=\"async\" class=\"alignnone size-full wp-image-4856\" title=\"VAPEAK 600 Puffs Disposable Vape Wholesale Strawberry Ice Cream\" src=\"https:\/\/i0.wp.com\/www.disposablevapeswholesale.com\/wp-content\/uploads\/2022\/08\/VAPEAK-600-Puffs-Disposable-Vape-Wholesale-Strawberry-Ice-Cream.jpg?resize=800%2C800&#038;ssl=1\" alt=\"VAPEAK 600 Puffs Disposable Vape Wholesale Strawberry Ice Cream\" width=\"800\" height=\"800\" \/><\/a> <a href=\"https:\/\/i0.wp.com\/www.disposablevapeswholesale.com\/wp-content\/uploads\/2022\/08\/VAPEAK-600-Puffs-Disposable-Vape-Wholesale-Pink-Lemonade.jpg?ssl=1\" target=\"_blank\" rel=\"noopener\"><img data-recalc-dims=\"1\" loading=\"lazy\" decoding=\"async\" class=\"alignnone size-full wp-image-4855\" title=\"VAPEAK 600 Puffs Disposable Vape Wholesale Pink Lemonade\" src=\"https:\/\/i0.wp.com\/www.disposablevapeswholesale.com\/wp-content\/uploads\/2022\/08\/VAPEAK-600-Puffs-Disposable-Vape-Wholesale-Pink-Lemonade.jpg?resize=800%2C800&#038;ssl=1\" alt=\"VAPEAK 600 Puffs Disposable Vape Wholesale Pink Lemonade\" width=\"800\" height=\"800\" \/><\/a> <a href=\"https:\/\/i0.wp.com\/www.disposablevapeswholesale.com\/wp-content\/uploads\/2022\/08\/VAPEAK-600-Puffs-Disposable-Vape-Wholesale-Pineapple-Peach-Mango.jpg?ssl=1\" target=\"_blank\" rel=\"noopener\"><img data-recalc-dims=\"1\" loading=\"lazy\" decoding=\"async\" class=\"alignnone size-full wp-image-4854\" title=\"VAPEAK 600 Puffs Disposable Vape Wholesale Pineapple Peach Mango\" src=\"https:\/\/i0.wp.com\/www.disposablevapeswholesale.com\/wp-content\/uploads\/2022\/08\/VAPEAK-600-Puffs-Disposable-Vape-Wholesale-Pineapple-Peach-Mango.jpg?resize=800%2C800&#038;ssl=1\" alt=\"VAPEAK 600 Puffs Disposable Vape Wholesale Pineapple Peach Mango\" width=\"800\" height=\"800\" \/><\/a> <a href=\"https:\/\/i0.wp.com\/www.disposablevapeswholesale.com\/wp-content\/uploads\/2022\/08\/VAPEAK-600-Puffs-Disposable-Vape-Wholesale-Mixed-Berry.jpg?ssl=1\" target=\"_blank\" rel=\"noopener\"><img data-recalc-dims=\"1\" loading=\"lazy\" decoding=\"async\" class=\"alignnone size-full wp-image-4852\" title=\"VAPEAK 600 Puffs Disposable Vape Wholesale Mixed Berry\" src=\"https:\/\/i0.wp.com\/www.disposablevapeswholesale.com\/wp-content\/uploads\/2022\/08\/VAPEAK-600-Puffs-Disposable-Vape-Wholesale-Mixed-Berry.jpg?resize=800%2C800&#038;ssl=1\" alt=\"VAPEAK 600 Puffs Disposable Vape Wholesale Mixed Berry\" width=\"800\" height=\"800\" \/><\/a> <a href=\"https:\/\/i0.wp.com\/www.disposablevapeswholesale.com\/wp-content\/uploads\/2022\/08\/VAPEAK-600-Puffs-Disposable-Vape-Wholesale-Mango-Ice.jpg?ssl=1\" target=\"_blank\" rel=\"noopener\"><img data-recalc-dims=\"1\" loading=\"lazy\" decoding=\"async\" class=\"alignnone size-full wp-image-4849\" title=\"VAPEAK 600 Puffs Disposable Vape Wholesale Mango Ice\" src=\"https:\/\/i0.wp.com\/www.disposablevapeswholesale.com\/wp-content\/uploads\/2022\/08\/VAPEAK-600-Puffs-Disposable-Vape-Wholesale-Mango-Ice.jpg?resize=800%2C800&#038;ssl=1\" alt=\"VAPEAK 600 Puffs Disposable Vape Wholesale Mango Ice\" width=\"800\" height=\"800\" \/><\/a> <a href=\"https:\/\/i0.wp.com\/www.disposablevapeswholesale.com\/wp-content\/uploads\/2022\/08\/VAPEAK-600-Puffs-Disposable-Vape-Wholesale-Grape-Ice.jpg?ssl=1\" target=\"_blank\" rel=\"noopener\"><img data-recalc-dims=\"1\" loading=\"lazy\" decoding=\"async\" class=\"alignnone size-full wp-image-4847\" title=\"VAPEAK 600 Puffs Disposable Vape Wholesale Grape Ice\" src=\"https:\/\/i0.wp.com\/www.disposablevapeswholesale.com\/wp-content\/uploads\/2022\/08\/VAPEAK-600-Puffs-Disposable-Vape-Wholesale-Grape-Ice.jpg?resize=800%2C800&#038;ssl=1\" alt=\"VAPEAK 600 Puffs Disposable Vape Wholesale Grape Ice\" width=\"800\" height=\"800\" \/><\/a> <a href=\"https:\/\/i0.wp.com\/www.disposablevapeswholesale.com\/wp-content\/uploads\/2022\/08\/VAPEAK-600-Puffs-Disposable-Vape-Wholesale-Blueberry-Sour-Raspberry.jpg?ssl=1\" target=\"_blank\" rel=\"noopener\"><img data-recalc-dims=\"1\" loading=\"lazy\" decoding=\"async\" class=\"alignnone size-full wp-image-4843\" title=\"VAPEAK 600 Puffs Disposable Vape Wholesale Blueberry Sour Raspberry\" src=\"https:\/\/i0.wp.com\/www.disposablevapeswholesale.com\/wp-content\/uploads\/2022\/08\/VAPEAK-600-Puffs-Disposable-Vape-Wholesale-Blueberry-Sour-Raspberry.jpg?resize=800%2C800&#038;ssl=1\" alt=\"VAPEAK 600 Puffs Disposable Vape Wholesale Blueberry Sour Raspberry\" width=\"800\" height=\"800\" \/><\/a> <a href=\"https:\/\/i0.wp.com\/www.disposablevapeswholesale.com\/wp-content\/uploads\/2022\/08\/VAPEAK-600-Puffs-Disposable-Vape-Wholesale-Blue-Razz-Lemonade.jpg?ssl=1\" target=\"_blank\" rel=\"noopener\"><img data-recalc-dims=\"1\" loading=\"lazy\" decoding=\"async\" class=\"alignnone size-full wp-image-4841\" title=\"VAPEAK 600 Puffs Disposable Vape Wholesale Blue Razz Lemonade\" src=\"https:\/\/i0.wp.com\/www.disposablevapeswholesale.com\/wp-content\/uploads\/2022\/08\/VAPEAK-600-Puffs-Disposable-Vape-Wholesale-Blue-Razz-Lemonade.jpg?resize=800%2C800&#038;ssl=1\" alt=\"VAPEAK 600 Puffs Disposable Vape Wholesale Blue Razz Lemonade\" width=\"800\" height=\"800\" \/><\/a><\/p>","protected":false},"excerpt":{"rendered":"<p>VAPEAK 600 Puffs Disposable Vape Wholesale features a compact design, smooth throat hits, and hassle-free operation, making it perfect for quick and easy vaping.<\/p>","protected":false},"featured_media":1378,"comment_status":"closed","ping_status":"closed","template":"","meta":[],"product_brand":[],"product_cat":[22],"product_tag":[283,51,284,256],"class_list":{"0":"post-1194","1":"product","2":"type-product","3":"status-publish","4":"has-post-thumbnail","6":"product_cat-disposable-vape-sticks","7":"product_tag-600-puffs","8":"product_tag-disposable-vape","9":"product_tag-vapeak","10":"product_tag-wholesale","12":"first","13":"instock","14":"shipping-taxable","15":"purchasable","16":"product-type-simple"},"jetpack_sharing_enabled":true,"tiered_pricing_type":"fixed","tiered_pricing_fixed_rules":{"5000":8,"10000":7,"50000":6},"tiered_pricing_product_settings":{"layout":"default","base_unit_name":{"singular":null,"plural":null},"default_variation":null},"tiered_pricing_minimum_quantity":60,"tiered_pricing_roles_data":[],"tiered_pricing_percentage_rules":[],"tiered_pricing_maximum_quantity":null,"tiered_pricing_quantity_step":null,"_links":{"self":[{"href":"https:\/\/cloudsupplyvapes.com\/fr\/wp-json\/wp\/v2\/product\/1194","targetHints":{"allow":["GET"]}}],"collection":[{"href":"https:\/\/cloudsupplyvapes.com\/fr\/wp-json\/wp\/v2\/product"}],"about":[{"href":"https:\/\/cloudsupplyvapes.com\/fr\/wp-json\/wp\/v2\/types\/product"}],"replies":[{"embeddable":true,"href":"https:\/\/cloudsupplyvapes.com\/fr\/wp-json\/wp\/v2\/comments?post=1194"}],"wp:featuredmedia":[{"embeddable":true,"href":"https:\/\/cloudsupplyvapes.com\/fr\/wp-json\/wp\/v2\/media\/1378"}],"wp:attachment":[{"href":"https:\/\/cloudsupplyvapes.com\/fr\/wp-json\/wp\/v2\/media?parent=1194"}],"wp:term":[{"taxonomy":"product_brand","embeddable":true,"href":"https:\/\/cloudsupplyvapes.com\/fr\/wp-json\/wp\/v2\/product_brand?post=1194"},{"taxonomy":"product_cat","embeddable":true,"href":"https:\/\/cloudsupplyvapes.com\/fr\/wp-json\/wp\/v2\/product_cat?post=1194"},{"taxonomy":"product_tag","embeddable":true,"href":"https:\/\/cloudsupplyvapes.com\/fr\/wp-json\/wp\/v2\/product_tag?post=1194"}],"curies":[{"name":"wp","href":"https:\/\/api.w.org\/{rel}","templated":true}]}}