{"id":1195,"date":"2024-10-19T02:18:23","date_gmt":"2024-10-19T02:18:23","guid":{"rendered":"https:\/\/cloudsupplyvapes.com\/?post_type=product&#038;p=1195"},"modified":"2024-11-26T08:39:20","modified_gmt":"2024-11-26T08:39:20","slug":"-49","status":"publish","type":"product","link":"https:\/\/cloudsupplyvapes.com\/fr\/product\/vapeak-grand-5000-puffs-disposable-vape-wholesale\/","title":{"rendered":"VAPEAK GRAND 5000 bouff\u00e9es Vape jetable en gros Vape de longue dur\u00e9e et de grande capacit\u00e9"},"content":{"rendered":"<p>VAPEAK GRAND 5000 est une vape jetable rechargeable au design unique avec une batterie int\u00e9gr\u00e9e de 850 mAh, une capacit\u00e9 de 15 ml d'e-liquide, une bobine en maille avec un profil plat, favorisant un chauffage uniforme et aidant \u00e0 pr\u00e9venir les br\u00fblures, peut fumer 5000 bouff\u00e9es, doux et facile \u00e0 utiliser, avec une vari\u00e9t\u00e9 d'ar\u00f4mes \u00e0 choisir.<\/p>\n<p>&nbsp;<\/p>\n<h2>VAPEAK GRAND 5000 Vape jetable Sp\u00e9cifications :<\/h2>\n<p>Marque : VAPEAK<\/p>\n<p>Bouff\u00e9es : 5000 bouff\u00e9es sont disponibles par appareil.<\/p>\n<p>Nicotine:5%<\/p>\n<p>Capacit\u00e9 de l'e-juice : 15ML<\/p>\n<p>Batterie : 850mAh<\/p>\n<p>Port de charge : Type C<\/p>\n<p>&nbsp;<\/p>\n<h2>Saveurs<\/h2>\n<p>Alo\u00e8s raisin<\/p>\n<p>Cassis Menthol<\/p>\n<p>Chewing-gum \u00e0 la myrtille<\/p>\n<p>Bleu Razz<\/p>\n<p>Cr\u00e8me glac\u00e9e au melon de miel<\/p>\n<p>Glace \u00e0 la mangue<\/p>\n<p>Th\u00e9 glac\u00e9 \u00e0 la p\u00eache et \u00e0 la menthe<\/p>\n<p>Limonade rose<\/p>\n<p>Litchi rose<\/p>\n<p>Fraise Kiwi Grenade<\/p>\n<p>Yogourt \u00e0 la fraise<\/p>\n<p>Glace \u00e0 la past\u00e8que<\/p>\n<p>&nbsp;<\/p>\n<h2>Emballage et poids<\/h2>\n<p>0,086KG\/PCS, une seule pi\u00e8ce dans un petit emballage, 6 pi\u00e8ces dans une bo\u00eete moyenne.<\/p>\n<p>174PCS en carton, 14.9KG.<\/p>\n<p><a href=\"https:\/\/i0.wp.com\/www.disposablevapeswholesale.com\/wp-content\/uploads\/2022\/08\/VAPEAK-GRAND-5000-Puffs-Disposable-Vape-Wholesale-Watermelon-IceRose-Lychee-Flavors.jpg?ssl=1\" target=\"_blank\" rel=\"noopener\"><img data-recalc-dims=\"1\" loading=\"lazy\" decoding=\"async\" class=\"alignnone size-full wp-image-4820\" title=\"VAPEAK GRAND 5000 bouff\u00e9es Vape jetable en gros Past\u00e8que IceRose Lychee Flavors\" src=\"https:\/\/i0.wp.com\/www.disposablevapeswholesale.com\/wp-content\/uploads\/2022\/08\/VAPEAK-GRAND-5000-Puffs-Disposable-Vape-Wholesale-Watermelon-IceRose-Lychee-Flavors.jpg?resize=800%2C450&#038;ssl=1\" alt=\"VAPEAK GRAND 5000 bouff\u00e9es Vape jetable en gros Past\u00e8que IceRose Lychee Flavors\" width=\"800\" height=\"450\" \/><\/a> <a href=\"https:\/\/i0.wp.com\/www.disposablevapeswholesale.com\/wp-content\/uploads\/2022\/08\/VAPEAK-GRAND-5000-Puffs-Disposable-Vape-Wholesale-Rose-Lychee-Battery.jpg?ssl=1\" target=\"_blank\" rel=\"noopener\"><img data-recalc-dims=\"1\" loading=\"lazy\" decoding=\"async\" class=\"alignnone size-full wp-image-4814\" title=\"VAPEAK GRAND 5000 bouff\u00e9es Vape jetable en gros Rose Lychee Batterie\" src=\"https:\/\/i0.wp.com\/www.disposablevapeswholesale.com\/wp-content\/uploads\/2022\/08\/VAPEAK-GRAND-5000-Puffs-Disposable-Vape-Wholesale-Rose-Lychee-Battery.jpg?resize=800%2C449&#038;ssl=1\" alt=\"VAPEAK GRAND 5000 bouff\u00e9es Vape jetable en gros Rose Lychee Batterie\" width=\"800\" height=\"449\" \/><\/a> <a href=\"https:\/\/i0.wp.com\/www.disposablevapeswholesale.com\/wp-content\/uploads\/2022\/08\/VAPEAK-GRAND-5000-Puffs-Disposable-Vape-Wholesale-Mango-Ice-Mesh-Coli.jpg?ssl=1\" target=\"_blank\" rel=\"noopener\"><img data-recalc-dims=\"1\" loading=\"lazy\" decoding=\"async\" class=\"alignnone size-full wp-image-4810\" title=\"VAPEAK GRAND 5000 bouff\u00e9es Vape jetable en gros Mangue Ice Mesh Coli\" src=\"https:\/\/i0.wp.com\/www.disposablevapeswholesale.com\/wp-content\/uploads\/2022\/08\/VAPEAK-GRAND-5000-Puffs-Disposable-Vape-Wholesale-Mango-Ice-Mesh-Coli.jpg?resize=800%2C448&#038;ssl=1\" alt=\"VAPEAK GRAND 5000 bouff\u00e9es Vape jetable en gros Mangue Ice Mesh Coli\" width=\"800\" height=\"448\" \/><\/a> <a href=\"https:\/\/i0.wp.com\/www.disposablevapeswholesale.com\/wp-content\/uploads\/2022\/08\/VAPEAK-GRAND-5000-Puffs-Disposable-Vape-Wholesale-Mango-Ice-Describe.jpg?ssl=1\" target=\"_blank\" rel=\"noopener\"><img data-recalc-dims=\"1\" loading=\"lazy\" decoding=\"async\" class=\"alignnone size-full wp-image-4808\" title=\"VAPEAK GRAND 5000 bouff\u00e9es Vape jetable en gros Mango Ice Describe\" src=\"https:\/\/i0.wp.com\/www.disposablevapeswholesale.com\/wp-content\/uploads\/2022\/08\/VAPEAK-GRAND-5000-Puffs-Disposable-Vape-Wholesale-Mango-Ice-Describe.jpg?resize=800%2C449&#038;ssl=1\" alt=\"VAPEAK GRAND 5000 bouff\u00e9es Vape jetable en gros Mango Ice Describe\" width=\"800\" height=\"449\" \/><\/a> <a href=\"https:\/\/i0.wp.com\/www.disposablevapeswholesale.com\/wp-content\/uploads\/2022\/08\/VAPEAK-GRAND-5000-Puffs-Disposable-Vape-Wholesale-Describe.jpg?ssl=1\" target=\"_blank\" rel=\"noopener\"><img data-recalc-dims=\"1\" loading=\"lazy\" decoding=\"async\" class=\"alignnone size-full wp-image-4804\" title=\"VAPEAK GRAND 5000 bouff\u00e9es Vape jetable D\u00e9crire en gros\" src=\"https:\/\/i0.wp.com\/www.disposablevapeswholesale.com\/wp-content\/uploads\/2022\/08\/VAPEAK-GRAND-5000-Puffs-Disposable-Vape-Wholesale-Describe.jpg?resize=800%2C450&#038;ssl=1\" alt=\"VAPEAK GRAND 5000 bouff\u00e9es Vape jetable D\u00e9crire en gros\" width=\"800\" height=\"450\" \/><\/a> <a href=\"https:\/\/i0.wp.com\/www.disposablevapeswholesale.com\/wp-content\/uploads\/2022\/08\/VAPEAK-GRAND-5000-Puffs-Disposable-Vape-Wholesale-4-Flavors.jpg?ssl=1\" target=\"_blank\" rel=\"noopener\"><img data-recalc-dims=\"1\" loading=\"lazy\" decoding=\"async\" class=\"alignnone size-full wp-image-4799\" title=\"VAPEAK GRAND 5000 bouff\u00e9es Vape jetable en gros 4 saveurs\" src=\"https:\/\/i0.wp.com\/www.disposablevapeswholesale.com\/wp-content\/uploads\/2022\/08\/VAPEAK-GRAND-5000-Puffs-Disposable-Vape-Wholesale-4-Flavors.jpg?resize=800%2C800&#038;ssl=1\" alt=\"VAPEAK GRAND 5000 bouff\u00e9es Vape jetable en gros 4 saveurs\" width=\"800\" height=\"800\" \/><\/a> <a href=\"https:\/\/i0.wp.com\/www.disposablevapeswholesale.com\/wp-content\/uploads\/2022\/08\/VAPEAK-GRAND-5000-Puffs-Disposable-Vape-Wholesale-3-Flavors.jpg?ssl=1\" target=\"_blank\" rel=\"noopener\"><img data-recalc-dims=\"1\" loading=\"lazy\" decoding=\"async\" class=\"alignnone size-full wp-image-4798\" title=\"VAPEAK GRAND 5000 bouff\u00e9es Vape jetable en gros 3 saveurs\" src=\"https:\/\/i0.wp.com\/www.disposablevapeswholesale.com\/wp-content\/uploads\/2022\/08\/VAPEAK-GRAND-5000-Puffs-Disposable-Vape-Wholesale-3-Flavors.jpg?resize=800%2C450&#038;ssl=1\" alt=\"VAPEAK GRAND 5000 bouff\u00e9es Vape jetable en gros 3 saveurs\" width=\"800\" height=\"450\" \/><\/a> <a href=\"https:\/\/i0.wp.com\/www.disposablevapeswholesale.com\/wp-content\/uploads\/2022\/08\/VAPEAK-GRAND-5000-Puffs-Disposable-Vape-Wholesale-2-Flavors.jpg?ssl=1\" target=\"_blank\" rel=\"noopener\"><img data-recalc-dims=\"1\" loading=\"lazy\" decoding=\"async\" class=\"alignnone size-full wp-image-4797\" title=\"VAPEAK GRAND 5000 bouff\u00e9es Vape jetable en gros 2 saveurs\" src=\"https:\/\/i0.wp.com\/www.disposablevapeswholesale.com\/wp-content\/uploads\/2022\/08\/VAPEAK-GRAND-5000-Puffs-Disposable-Vape-Wholesale-2-Flavors.jpg?resize=800%2C449&#038;ssl=1\" alt=\"VAPEAK GRAND 5000 bouff\u00e9es Vape jetable en gros 2 saveurs\" width=\"800\" height=\"449\" \/><\/a> <a href=\"https:\/\/i0.wp.com\/www.disposablevapeswholesale.com\/wp-content\/uploads\/2022\/08\/VAPEAK-GRAND-5000-Puffs-Disposable-Vape-Wholesale-Honeydew-Ice-Cream-Pakage.jpg?ssl=1\" target=\"_blank\" rel=\"noopener\"><img data-recalc-dims=\"1\" loading=\"lazy\" decoding=\"async\" class=\"alignnone size-full wp-image-4806\" title=\"VAPEAK GRAND 5000 bouff\u00e9es Vape jetable en gros Honeydew Ice Cream Pakage\" src=\"https:\/\/i0.wp.com\/www.disposablevapeswholesale.com\/wp-content\/uploads\/2022\/08\/VAPEAK-GRAND-5000-Puffs-Disposable-Vape-Wholesale-Honeydew-Ice-Cream-Pakage.jpg?resize=800%2C449&#038;ssl=1\" alt=\"VAPEAK GRAND 5000 bouff\u00e9es Vape jetable en gros Honeydew Ice Cream Pakage\" width=\"800\" height=\"449\" \/><\/a> <a href=\"https:\/\/i0.wp.com\/www.disposablevapeswholesale.com\/wp-content\/uploads\/2022\/08\/VAPEAK-GRAND-5000-Puffs-Disposable-Vape-Wholesale-Watermelon-IceRose-Lychee.jpg?ssl=1\" target=\"_blank\" rel=\"noopener\"><img data-recalc-dims=\"1\" loading=\"lazy\" decoding=\"async\" class=\"alignnone size-full wp-image-4821\" title=\"VAPEAK GRAND 5000 bouff\u00e9es Vape jetable en gros Past\u00e8que IceRose Lychee\" src=\"https:\/\/i0.wp.com\/www.disposablevapeswholesale.com\/wp-content\/uploads\/2022\/08\/VAPEAK-GRAND-5000-Puffs-Disposable-Vape-Wholesale-Watermelon-IceRose-Lychee.jpg?resize=800%2C800&#038;ssl=1\" alt=\"VAPEAK GRAND 5000 bouff\u00e9es Vape jetable en gros Past\u00e8que IceRose Lychee\" width=\"800\" height=\"800\" \/><\/a> <a href=\"https:\/\/i0.wp.com\/www.disposablevapeswholesale.com\/wp-content\/uploads\/2022\/08\/VAPEAK-GRAND-5000-Puffs-Disposable-Vape-Wholesale-Rose-Lychee-Flavors.jpg?ssl=1\" target=\"_blank\" rel=\"noopener\"><img data-recalc-dims=\"1\" loading=\"lazy\" decoding=\"async\" class=\"alignnone size-full wp-image-4816\" title=\"VAPEAK GRAND 5000 bouff\u00e9es Vape jetable en gros Rose Lychee Flavors\" src=\"https:\/\/i0.wp.com\/www.disposablevapeswholesale.com\/wp-content\/uploads\/2022\/08\/VAPEAK-GRAND-5000-Puffs-Disposable-Vape-Wholesale-Rose-Lychee-Flavors.jpg?resize=800%2C800&#038;ssl=1\" alt=\"VAPEAK GRAND 5000 bouff\u00e9es Vape jetable en gros Rose Lychee Flavors\" width=\"800\" height=\"800\" \/><\/a> <a href=\"https:\/\/i0.wp.com\/www.disposablevapeswholesale.com\/wp-content\/uploads\/2022\/08\/VAPEAK-GRAND-5000-Puffs-Disposable-Vape-Wholesale-Rose-Lychee-Describe.jpg?ssl=1\" target=\"_blank\" rel=\"noopener\"><img data-recalc-dims=\"1\" loading=\"lazy\" decoding=\"async\" class=\"alignnone size-full wp-image-4815\" title=\"VAPEAK GRAND 5000 bouff\u00e9es Vape jetable en gros Rose Lychee D\u00e9crire\" src=\"https:\/\/i0.wp.com\/www.disposablevapeswholesale.com\/wp-content\/uploads\/2022\/08\/VAPEAK-GRAND-5000-Puffs-Disposable-Vape-Wholesale-Rose-Lychee-Describe.jpg?resize=800%2C800&#038;ssl=1\" alt=\"VAPEAK GRAND 5000 bouff\u00e9es Vape jetable en gros Rose Lychee D\u00e9crire\" width=\"800\" height=\"800\" \/><\/a> <a href=\"https:\/\/i0.wp.com\/www.disposablevapeswholesale.com\/wp-content\/uploads\/2022\/08\/VAPEAK-GRAND-5000-Puffs-Disposable-Vape-Wholesale-Mango-Ice-Flavors.jpg?ssl=1\" target=\"_blank\" rel=\"noopener\"><img data-recalc-dims=\"1\" loading=\"lazy\" decoding=\"async\" class=\"alignnone size-full wp-image-4809\" title=\"VAPEAK GRAND 5000 bouff\u00e9es Vape jetable en gros Ar\u00f4mes Mangue Glace\" src=\"https:\/\/i0.wp.com\/www.disposablevapeswholesale.com\/wp-content\/uploads\/2022\/08\/VAPEAK-GRAND-5000-Puffs-Disposable-Vape-Wholesale-Mango-Ice-Flavors.jpg?resize=800%2C800&#038;ssl=1\" alt=\"VAPEAK GRAND 5000 bouff\u00e9es Vape jetable en gros Ar\u00f4mes Mangue Glace\" width=\"800\" height=\"800\" \/><\/a> <a href=\"https:\/\/i0.wp.com\/www.disposablevapeswholesale.com\/wp-content\/uploads\/2022\/08\/VAPEAK-GRAND-5000-Puffs-Disposable-Vape-Wholesale-Flavors.jpg?ssl=1\" target=\"_blank\" rel=\"noopener\"><img data-recalc-dims=\"1\" loading=\"lazy\" decoding=\"async\" class=\"alignnone size-full wp-image-4805\" title=\"VAPEAK GRAND 5000 bouff\u00e9es Vape jetable Wholesale Flavors\" src=\"https:\/\/i0.wp.com\/www.disposablevapeswholesale.com\/wp-content\/uploads\/2022\/08\/VAPEAK-GRAND-5000-Puffs-Disposable-Vape-Wholesale-Flavors.jpg?resize=800%2C852&#038;ssl=1\" alt=\"VAPEAK GRAND 5000 bouff\u00e9es Vape jetable Wholesale Flavors\" width=\"800\" height=\"852\" \/><\/a> <a href=\"https:\/\/i0.wp.com\/www.disposablevapeswholesale.com\/wp-content\/uploads\/2022\/08\/VAPEAK-GRAND-5000-Puffs-Disposable-Vape-Wholesale.jpg?ssl=1\" target=\"_blank\" rel=\"noopener\"><img data-recalc-dims=\"1\" loading=\"lazy\" decoding=\"async\" class=\"alignnone size-full wp-image-4823\" title=\"VAPEAK GRAND 5000 bouff\u00e9es Vape jetable en gros\" src=\"https:\/\/i0.wp.com\/www.disposablevapeswholesale.com\/wp-content\/uploads\/2022\/08\/VAPEAK-GRAND-5000-Puffs-Disposable-Vape-Wholesale.jpg?resize=800%2C849&#038;ssl=1\" alt=\"VAPEAK GRAND 5000 bouff\u00e9es Vape jetable en gros\" width=\"800\" height=\"849\" \/><\/a><\/p>\n<p><a href=\"https:\/\/i0.wp.com\/www.disposablevapeswholesale.com\/wp-content\/uploads\/2022\/08\/VAPEAK-GRAND-5000-Puffs-Disposable-Vape-Wholesale-Watermelon-Ice.jpg?ssl=1\" target=\"_blank\" rel=\"noopener\"><img data-recalc-dims=\"1\" loading=\"lazy\" decoding=\"async\" class=\"alignnone size-full wp-image-4822\" title=\"VAPEAK GRAND 5000 bouff\u00e9es Vape jetable en gros Watermelon Ice\" src=\"https:\/\/i0.wp.com\/www.disposablevapeswholesale.com\/wp-content\/uploads\/2022\/08\/VAPEAK-GRAND-5000-Puffs-Disposable-Vape-Wholesale-Watermelon-Ice.jpg?resize=800%2C800&#038;ssl=1\" alt=\"VAPEAK GRAND 5000 bouff\u00e9es Vape jetable en gros Watermelon Ice\" width=\"800\" height=\"800\" \/><\/a> <a href=\"https:\/\/i0.wp.com\/www.disposablevapeswholesale.com\/wp-content\/uploads\/2022\/08\/VAPEAK-GRAND-5000-Puffs-Disposable-Vape-Wholesale-Strawberry-Yogurt.jpg?ssl=1\" target=\"_blank\" rel=\"noopener\"><img data-recalc-dims=\"1\" loading=\"lazy\" decoding=\"async\" class=\"alignnone size-full wp-image-4819\" title=\"VAPEAK GRAND 5000 bouff\u00e9es Vape jetable en gros Yogourt \u00e0 la fraise\" src=\"https:\/\/i0.wp.com\/www.disposablevapeswholesale.com\/wp-content\/uploads\/2022\/08\/VAPEAK-GRAND-5000-Puffs-Disposable-Vape-Wholesale-Strawberry-Yogurt.jpg?resize=800%2C800&#038;ssl=1\" alt=\"VAPEAK GRAND 5000 bouff\u00e9es Vape jetable en gros Yogourt \u00e0 la fraise\" width=\"800\" height=\"800\" \/><\/a> <a href=\"https:\/\/i0.wp.com\/www.disposablevapeswholesale.com\/wp-content\/uploads\/2022\/08\/VAPEAK-GRAND-5000-Puffs-Disposable-Vape-Wholesale-Strawberry-Kiwi-Pomegranate.jpg?ssl=1\" target=\"_blank\" rel=\"noopener\"><img data-recalc-dims=\"1\" loading=\"lazy\" decoding=\"async\" class=\"alignnone size-full wp-image-4818\" title=\"VAPEAK GRAND 5000 bouff\u00e9es Vape jetable en gros Fraise Kiwi Grenade\" src=\"https:\/\/i0.wp.com\/www.disposablevapeswholesale.com\/wp-content\/uploads\/2022\/08\/VAPEAK-GRAND-5000-Puffs-Disposable-Vape-Wholesale-Strawberry-Kiwi-Pomegranate.jpg?resize=800%2C800&#038;ssl=1\" alt=\"VAPEAK GRAND 5000 bouff\u00e9es Vape jetable en gros Fraise Kiwi Grenade\" width=\"800\" height=\"800\" \/><\/a> <a href=\"https:\/\/i0.wp.com\/www.disposablevapeswholesale.com\/wp-content\/uploads\/2022\/08\/VAPEAK-GRAND-5000-Puffs-Disposable-Vape-Wholesale-Rose-Lychee.jpg?ssl=1\" target=\"_blank\" rel=\"noopener\"><img data-recalc-dims=\"1\" loading=\"lazy\" decoding=\"async\" class=\"alignnone size-full wp-image-4817\" title=\"VAPEAK GRAND 5000 bouff\u00e9es Vape jetable en gros Rose Lychee\" src=\"https:\/\/i0.wp.com\/www.disposablevapeswholesale.com\/wp-content\/uploads\/2022\/08\/VAPEAK-GRAND-5000-Puffs-Disposable-Vape-Wholesale-Rose-Lychee.jpg?resize=800%2C800&#038;ssl=1\" alt=\"VAPEAK GRAND 5000 bouff\u00e9es Vape jetable en gros Rose Lychee\" width=\"800\" height=\"800\" \/><\/a> <a href=\"https:\/\/i0.wp.com\/www.disposablevapeswholesale.com\/wp-content\/uploads\/2022\/08\/VAPEAK-GRAND-5000-Puffs-Disposable-Vape-Wholesale-Pink-Lemonade.jpg?ssl=1\" target=\"_blank\" rel=\"noopener\"><img data-recalc-dims=\"1\" loading=\"lazy\" decoding=\"async\" class=\"alignnone size-full wp-image-4813\" title=\"VAPEAK GRAND 5000 bouff\u00e9es Vape jetable en gros Pink Lemonade\" src=\"https:\/\/i0.wp.com\/www.disposablevapeswholesale.com\/wp-content\/uploads\/2022\/08\/VAPEAK-GRAND-5000-Puffs-Disposable-Vape-Wholesale-Pink-Lemonade.jpg?resize=800%2C800&#038;ssl=1\" alt=\"VAPEAK GRAND 5000 bouff\u00e9es Vape jetable en gros Pink Lemonade\" width=\"800\" height=\"800\" \/><\/a> <a href=\"https:\/\/i0.wp.com\/www.disposablevapeswholesale.com\/wp-content\/uploads\/2022\/08\/VAPEAK-GRAND-5000-Puffs-Disposable-Vape-Wholesale-Peach-Mint-Iced-Tea.jpg?ssl=1\" target=\"_blank\" rel=\"noopener\"><img data-recalc-dims=\"1\" loading=\"lazy\" decoding=\"async\" class=\"alignnone size-full wp-image-4812\" title=\"VAPEAK GRAND 5000 bouff\u00e9es Vape jetable en gros Th\u00e9 glac\u00e9 \u00e0 la p\u00eache et \u00e0 la menthe\" src=\"https:\/\/i0.wp.com\/www.disposablevapeswholesale.com\/wp-content\/uploads\/2022\/08\/VAPEAK-GRAND-5000-Puffs-Disposable-Vape-Wholesale-Peach-Mint-Iced-Tea.jpg?resize=800%2C800&#038;ssl=1\" alt=\"VAPEAK GRAND 5000 bouff\u00e9es Vape jetable en gros Th\u00e9 glac\u00e9 \u00e0 la p\u00eache et \u00e0 la menthe\" width=\"800\" height=\"800\" \/><\/a> <a href=\"https:\/\/i0.wp.com\/www.disposablevapeswholesale.com\/wp-content\/uploads\/2022\/08\/VAPEAK-GRAND-5000-Puffs-Disposable-Vape-Wholesale-Mango-Ice.jpg?ssl=1\" target=\"_blank\" rel=\"noopener\"><img data-recalc-dims=\"1\" loading=\"lazy\" decoding=\"async\" class=\"alignnone size-full wp-image-4811\" title=\"VAPEAK GRAND 5000 bouff\u00e9es Vape jetable en gros Mango Ice\" src=\"https:\/\/i0.wp.com\/www.disposablevapeswholesale.com\/wp-content\/uploads\/2022\/08\/VAPEAK-GRAND-5000-Puffs-Disposable-Vape-Wholesale-Mango-Ice.jpg?resize=800%2C800&#038;ssl=1\" alt=\"VAPEAK GRAND 5000 bouff\u00e9es Vape jetable en gros Mango Ice\" width=\"800\" height=\"800\" \/><\/a> <a href=\"https:\/\/i0.wp.com\/www.disposablevapeswholesale.com\/wp-content\/uploads\/2022\/08\/VAPEAK-GRAND-5000-Puffs-Disposable-Vape-Wholesale-Honeydew-Ice-Cream.jpg?ssl=1\" target=\"_blank\" rel=\"noopener\"><img data-recalc-dims=\"1\" loading=\"lazy\" decoding=\"async\" class=\"alignnone size-full wp-image-4807\" title=\"VAPEAK GRAND 5000 bouff\u00e9es jetables Vape en gros Honeydew Ice Cream\" src=\"https:\/\/i0.wp.com\/www.disposablevapeswholesale.com\/wp-content\/uploads\/2022\/08\/VAPEAK-GRAND-5000-Puffs-Disposable-Vape-Wholesale-Honeydew-Ice-Cream.jpg?resize=800%2C800&#038;ssl=1\" alt=\"VAPEAK GRAND 5000 bouff\u00e9es jetables Vape en gros Honeydew Ice Cream\" width=\"800\" height=\"800\" \/><\/a> <a href=\"https:\/\/i0.wp.com\/www.disposablevapeswholesale.com\/wp-content\/uploads\/2022\/08\/VAPEAK-GRAND-5000-Puffs-Disposable-Vape-Wholesale-Blueberry-Bubble-Gum.jpg?ssl=1\" target=\"_blank\" rel=\"noopener\"><img data-recalc-dims=\"1\" loading=\"lazy\" decoding=\"async\" class=\"alignnone size-full wp-image-4803\" title=\"VAPEAK GRAND 5000 bouff\u00e9es Vape jetable en gros Blueberry Bubble Gum\" src=\"https:\/\/i0.wp.com\/www.disposablevapeswholesale.com\/wp-content\/uploads\/2022\/08\/VAPEAK-GRAND-5000-Puffs-Disposable-Vape-Wholesale-Blueberry-Bubble-Gum.jpg?resize=800%2C800&#038;ssl=1\" alt=\"VAPEAK GRAND 5000 bouff\u00e9es Vape jetable en gros Blueberry Bubble Gum\" width=\"800\" height=\"800\" \/><\/a> <a href=\"https:\/\/i0.wp.com\/www.disposablevapeswholesale.com\/wp-content\/uploads\/2022\/08\/VAPEAK-GRAND-5000-Puffs-Disposable-Vape-Wholesale-Blue-Razz.jpg?ssl=1\" target=\"_blank\" rel=\"noopener\"><img data-recalc-dims=\"1\" loading=\"lazy\" decoding=\"async\" class=\"alignnone size-full wp-image-4802\" title=\"VAPEAK GRAND 5000 bouff\u00e9es Vape jetable en gros Blue Razz\" src=\"https:\/\/i0.wp.com\/www.disposablevapeswholesale.com\/wp-content\/uploads\/2022\/08\/VAPEAK-GRAND-5000-Puffs-Disposable-Vape-Wholesale-Blue-Razz.jpg?resize=800%2C800&#038;ssl=1\" alt=\"VAPEAK GRAND 5000 bouff\u00e9es Vape jetable en gros Blue Razz\" width=\"800\" height=\"800\" \/><\/a> <a href=\"https:\/\/i0.wp.com\/www.disposablevapeswholesale.com\/wp-content\/uploads\/2022\/08\/VAPEAK-GRAND-5000-Puffs-Disposable-Vape-Wholesale-Blackcurrant-Menthol.jpg?ssl=1\" target=\"_blank\" rel=\"noopener\"><img data-recalc-dims=\"1\" loading=\"lazy\" decoding=\"async\" class=\"alignnone size-full wp-image-4801\" title=\"VAPEAK GRAND 5000 bouff\u00e9es Vape jetable en gros Cassis Menthol\" src=\"https:\/\/i0.wp.com\/www.disposablevapeswholesale.com\/wp-content\/uploads\/2022\/08\/VAPEAK-GRAND-5000-Puffs-Disposable-Vape-Wholesale-Blackcurrant-Menthol.jpg?resize=800%2C800&#038;ssl=1\" alt=\"VAPEAK GRAND 5000 bouff\u00e9es Vape jetable en gros Cassis Menthol\" width=\"800\" height=\"800\" \/><\/a> <a href=\"https:\/\/i0.wp.com\/www.disposablevapeswholesale.com\/wp-content\/uploads\/2022\/08\/VAPEAK-GRAND-5000-Puffs-Disposable-Vape-Wholesale-Aloe-Grape.jpg?ssl=1\" target=\"_blank\" rel=\"noopener\"><img data-recalc-dims=\"1\" loading=\"lazy\" decoding=\"async\" class=\"alignnone size-full wp-image-4800\" title=\"VAPEAK GRAND 5000 bouff\u00e9es Vape jetable en gros Aloe Grape\" src=\"https:\/\/i0.wp.com\/www.disposablevapeswholesale.com\/wp-content\/uploads\/2022\/08\/VAPEAK-GRAND-5000-Puffs-Disposable-Vape-Wholesale-Aloe-Grape.jpg?resize=800%2C800&#038;ssl=1\" alt=\"VAPEAK GRAND 5000 bouff\u00e9es Vape jetable en gros Aloe Grape\" width=\"800\" height=\"800\" \/><\/a><\/p>","protected":false},"excerpt":{"rendered":"<p>VAPEAK GRAND 5000 Puffs Vape jetable en gros offre une batterie de grande capacit\u00e9, une production de vapeur r\u00e9guli\u00e8re et un design \u00e9l\u00e9gant pour des sessions de vapotage prolong\u00e9es et de qualit\u00e9.<\/p>","protected":false},"featured_media":1387,"comment_status":"closed","ping_status":"closed","template":"","meta":[],"product_brand":[],"product_cat":[22],"product_tag":[263,60,285,256],"class_list":{"0":"post-1195","1":"product","2":"type-product","3":"status-publish","4":"has-post-thumbnail","6":"product_cat-disposable-vape-sticks","7":"product_tag-5000-puffs","8":"product_tag-disposable-vapes","9":"product_tag-vapeak-grand","10":"product_tag-wholesale","12":"first","13":"instock","14":"shipping-taxable","15":"purchasable","16":"product-type-simple"},"jetpack_sharing_enabled":true,"tiered_pricing_type":"fixed","tiered_pricing_fixed_rules":{"5000":11,"10000":8,"50000":7},"tiered_pricing_product_settings":{"layout":"default","base_unit_name":{"singular":null,"plural":null},"default_variation":null},"tiered_pricing_minimum_quantity":60,"tiered_pricing_roles_data":[],"tiered_pricing_percentage_rules":[],"tiered_pricing_maximum_quantity":null,"tiered_pricing_quantity_step":null,"_links":{"self":[{"href":"https:\/\/cloudsupplyvapes.com\/fr\/wp-json\/wp\/v2\/product\/1195","targetHints":{"allow":["GET"]}}],"collection":[{"href":"https:\/\/cloudsupplyvapes.com\/fr\/wp-json\/wp\/v2\/product"}],"about":[{"href":"https:\/\/cloudsupplyvapes.com\/fr\/wp-json\/wp\/v2\/types\/product"}],"replies":[{"embeddable":true,"href":"https:\/\/cloudsupplyvapes.com\/fr\/wp-json\/wp\/v2\/comments?post=1195"}],"wp:featuredmedia":[{"embeddable":true,"href":"https:\/\/cloudsupplyvapes.com\/fr\/wp-json\/wp\/v2\/media\/1387"}],"wp:attachment":[{"href":"https:\/\/cloudsupplyvapes.com\/fr\/wp-json\/wp\/v2\/media?parent=1195"}],"wp:term":[{"taxonomy":"product_brand","embeddable":true,"href":"https:\/\/cloudsupplyvapes.com\/fr\/wp-json\/wp\/v2\/product_brand?post=1195"},{"taxonomy":"product_cat","embeddable":true,"href":"https:\/\/cloudsupplyvapes.com\/fr\/wp-json\/wp\/v2\/product_cat?post=1195"},{"taxonomy":"product_tag","embeddable":true,"href":"https:\/\/cloudsupplyvapes.com\/fr\/wp-json\/wp\/v2\/product_tag?post=1195"}],"curies":[{"name":"wp","href":"https:\/\/api.w.org\/{rel}","templated":true}]}}