{"id":1263,"date":"2024-10-19T02:18:48","date_gmt":"2024-10-19T02:18:48","guid":{"rendered":"https:\/\/cloudsupplyvapes.com\/?post_type=product&#038;p=1263"},"modified":"2024-11-26T08:38:12","modified_gmt":"2024-11-26T08:38:12","slug":"-51","status":"publish","type":"product","link":"https:\/\/cloudsupplyvapes.com\/fr\/product\/super21-6000-puffs-disposable-vape-wholesale\/","title":{"rendered":"Super21+ 6000 bouff\u00e9es Vape jetable en gros Haute capacit\u00e9 Design compact"},"content":{"rendered":"<p>Super21+ 6000 est une vape jetable rechargeable au design unique, dot\u00e9e d'une batterie int\u00e9gr\u00e9e de 400 mAh et d'une capacit\u00e9 de 13 ML d'e-liquide permettant de fumer 6000 bouff\u00e9es. Riche en saveurs et magnifiquement emball\u00e9, il est populaire aupr\u00e8s de tous.<\/p>\n<p>&nbsp;<\/p>\n<h2>Super21+ 6000 Vape jetable Sp\u00e9cifications :<\/h2>\n<p>Marque : Super21+<\/p>\n<p>Bouff\u00e9es : 6000 bouff\u00e9es sont disponibles par appareil.<\/p>\n<p>Nicotine : 5%<\/p>\n<p>Capacit\u00e9 E-juice : 13ML<\/p>\n<p>Batterie : 400mAh<\/p>\n<p>&nbsp;<\/p>\n<h2>Saveurs<\/h2>\n<p>Raisin Plus<\/p>\n<p>Mangue<\/p>\n<p>Cr\u00e8me glac\u00e9e \u00e0 la fraise<\/p>\n<p>Taureau de l'\u00e9nergie<\/p>\n<p>Past\u00e8que<\/p>\n<p>Melon miel<\/p>\n<p>Glace \u00e0 la fraise<\/p>\n<p>Myrtille Plus<\/p>\n<p>Kiwi Goyave<\/p>\n<p>Chair de litchi<\/p>\n<p>&nbsp;<\/p>\n<h2>Emballage et poids<\/h2>\n<p>0.06KG\/PCS, une seule pi\u00e8ce dans un petit emballage, 10 pi\u00e8ces dans une bo\u00eete moyenne.<\/p>\n<p>200PCS en carton, 12KG.<\/p>\n<p><a href=\"https:\/\/i0.wp.com\/www.disposablevapeswholesale.com\/wp-content\/uploads\/2022\/07\/Super21-6000-Puffs-Disposable-Vape-Wholesale.jpg?ssl=1\" target=\"_blank\" rel=\"noopener\"><img data-recalc-dims=\"1\" loading=\"lazy\" decoding=\"async\" class=\"alignnone size-full wp-image-4293\" title=\"Super21 6000 Puffs Vape jetable Wholesale\" src=\"https:\/\/i0.wp.com\/www.disposablevapeswholesale.com\/wp-content\/uploads\/2022\/07\/Super21-6000-Puffs-Disposable-Vape-Wholesale.jpg?resize=800%2C509&#038;ssl=1\" alt=\"Super21 6000 Puffs Vape jetable Wholesale\" width=\"800\" height=\"509\" \/><\/a><\/p>\n<p><a href=\"https:\/\/i0.wp.com\/www.disposablevapeswholesale.com\/wp-content\/uploads\/2022\/07\/Super21-6000-Puffs-Disposable-Vape-Wholesale-All-Flavors.jpg?ssl=1\" target=\"_blank\" rel=\"noopener\"><img data-recalc-dims=\"1\" loading=\"lazy\" decoding=\"async\" class=\"alignnone size-full wp-image-4272\" title=\"Super21 6000 Puffs Vape jetable Wholesale All Flavors\" src=\"https:\/\/i0.wp.com\/www.disposablevapeswholesale.com\/wp-content\/uploads\/2022\/07\/Super21-6000-Puffs-Disposable-Vape-Wholesale-All-Flavors.jpg?resize=800%2C1238&#038;ssl=1\" alt=\"Super21 6000 Puffs Vape jetable Wholesale All Flavors\" width=\"800\" height=\"1238\" \/><\/a> <a href=\"https:\/\/i0.wp.com\/www.disposablevapeswholesale.com\/wp-content\/uploads\/2022\/07\/Super21-6000-Puffs-Disposable-Vape-Wholesale-Watermelon.jpg?ssl=1\" target=\"_blank\" rel=\"noopener\"><img data-recalc-dims=\"1\" loading=\"lazy\" decoding=\"async\" class=\"alignnone size-full wp-image-4292\" title=\"Super21 6000 bouff\u00e9es Vape jetable en gros Past\u00e8que\" src=\"https:\/\/i0.wp.com\/www.disposablevapeswholesale.com\/wp-content\/uploads\/2022\/07\/Super21-6000-Puffs-Disposable-Vape-Wholesale-Watermelon.jpg?resize=800%2C800&#038;ssl=1\" alt=\"Super21 6000 bouff\u00e9es Vape jetable en gros Past\u00e8que\" width=\"800\" height=\"800\" \/><\/a> <a href=\"https:\/\/i0.wp.com\/www.disposablevapeswholesale.com\/wp-content\/uploads\/2022\/07\/Super21-6000-Puffs-Disposable-Vape-Wholesale-Strawberry-Ice.jpg?ssl=1\" target=\"_blank\" rel=\"noopener\"><img data-recalc-dims=\"1\" loading=\"lazy\" decoding=\"async\" class=\"alignnone size-full wp-image-4290\" title=\"Super21 6000 bouff\u00e9es Vape jetable en gros Fraise glac\u00e9e\" src=\"https:\/\/i0.wp.com\/www.disposablevapeswholesale.com\/wp-content\/uploads\/2022\/07\/Super21-6000-Puffs-Disposable-Vape-Wholesale-Strawberry-Ice.jpg?resize=800%2C800&#038;ssl=1\" alt=\"Super21 6000 bouff\u00e9es Vape jetable en gros Fraise glac\u00e9e\" width=\"800\" height=\"800\" \/><\/a> <a href=\"https:\/\/i0.wp.com\/www.disposablevapeswholesale.com\/wp-content\/uploads\/2022\/07\/Super21-6000-Puffs-Disposable-Vape-Wholesale-Mango.jpg?ssl=1\" target=\"_blank\" rel=\"noopener\"><img data-recalc-dims=\"1\" loading=\"lazy\" decoding=\"async\" class=\"alignnone size-full wp-image-4286\" title=\"Super21 6000 bouff\u00e9es jetables Vape en gros Mangue\" src=\"https:\/\/i0.wp.com\/www.disposablevapeswholesale.com\/wp-content\/uploads\/2022\/07\/Super21-6000-Puffs-Disposable-Vape-Wholesale-Mango.jpg?resize=800%2C800&#038;ssl=1\" alt=\"Super21 6000 bouff\u00e9es jetables Vape en gros Mangue\" width=\"800\" height=\"800\" \/><\/a> <a href=\"https:\/\/i0.wp.com\/www.disposablevapeswholesale.com\/wp-content\/uploads\/2022\/07\/Super21-6000-Puffs-Disposable-Vape-Wholesale-Kiwi-Guava.jpg?ssl=1\" target=\"_blank\" rel=\"noopener\"><img data-recalc-dims=\"1\" loading=\"lazy\" decoding=\"async\" class=\"alignnone size-full wp-image-4284\" title=\"Super21 6000 bouff\u00e9es Vape jetable en gros Kiwi Guava\" src=\"https:\/\/i0.wp.com\/www.disposablevapeswholesale.com\/wp-content\/uploads\/2022\/07\/Super21-6000-Puffs-Disposable-Vape-Wholesale-Kiwi-Guava.jpg?resize=800%2C800&#038;ssl=1\" alt=\"Super21 6000 bouff\u00e9es Vape jetable en gros Kiwi Guava\" width=\"800\" height=\"800\" \/><\/a> <a href=\"https:\/\/i0.wp.com\/www.disposablevapeswholesale.com\/wp-content\/uploads\/2022\/07\/Super21-6000-Puffs-Disposable-Vape-Wholesale-Honeydew-Melon.jpg?ssl=1\" target=\"_blank\" rel=\"noopener\"><img data-recalc-dims=\"1\" loading=\"lazy\" decoding=\"async\" class=\"alignnone size-full wp-image-4282\" title=\"Super21 6000 bouff\u00e9es Vape jetable en gros Honeydew Melon\" src=\"https:\/\/i0.wp.com\/www.disposablevapeswholesale.com\/wp-content\/uploads\/2022\/07\/Super21-6000-Puffs-Disposable-Vape-Wholesale-Honeydew-Melon.jpg?resize=800%2C800&#038;ssl=1\" alt=\"Super21 6000 bouff\u00e9es Vape jetable en gros Honeydew Melon\" width=\"800\" height=\"800\" \/><\/a> <a href=\"https:\/\/i0.wp.com\/www.disposablevapeswholesale.com\/wp-content\/uploads\/2022\/07\/Super21-6000-Puffs-Disposable-Vape-Wholesale-Grape-Plus.jpg?ssl=1\" target=\"_blank\" rel=\"noopener\"><img data-recalc-dims=\"1\" loading=\"lazy\" decoding=\"async\" class=\"alignnone size-full wp-image-4280\" title=\"Super21 6000 bouff\u00e9es Vape jetable en gros Raisin Plus\" src=\"https:\/\/i0.wp.com\/www.disposablevapeswholesale.com\/wp-content\/uploads\/2022\/07\/Super21-6000-Puffs-Disposable-Vape-Wholesale-Grape-Plus.jpg?resize=800%2C800&#038;ssl=1\" alt=\"Super21 6000 bouff\u00e9es Vape jetable en gros Raisin Plus\" width=\"800\" height=\"800\" \/><\/a> <a href=\"https:\/\/i0.wp.com\/www.disposablevapeswholesale.com\/wp-content\/uploads\/2022\/07\/Super21-6000-Puffs-Disposable-Vape-Wholesale-Flesh-Lychee.jpg?ssl=1\" target=\"_blank\" rel=\"noopener\"><img data-recalc-dims=\"1\" loading=\"lazy\" decoding=\"async\" class=\"alignnone size-full wp-image-4278\" title=\"Super21 6000 bouff\u00e9es jetables Vape en gros Chair de litchi\" src=\"https:\/\/i0.wp.com\/www.disposablevapeswholesale.com\/wp-content\/uploads\/2022\/07\/Super21-6000-Puffs-Disposable-Vape-Wholesale-Flesh-Lychee.jpg?resize=800%2C800&#038;ssl=1\" alt=\"Super21 6000 bouff\u00e9es jetables Vape en gros Chair de litchi\" width=\"800\" height=\"800\" \/><\/a> <a href=\"https:\/\/i0.wp.com\/www.disposablevapeswholesale.com\/wp-content\/uploads\/2022\/07\/Super21-6000-Puffs-Disposable-Vape-Wholesale-Energy-Bull.jpg?ssl=1\" target=\"_blank\" rel=\"noopener\"><img data-recalc-dims=\"1\" loading=\"lazy\" decoding=\"async\" class=\"alignnone size-full wp-image-4276\" title=\"Super21 6000 bouff\u00e9es Vape jetable Bulle d&#039;\u00e9nergie en gros\" src=\"https:\/\/i0.wp.com\/www.disposablevapeswholesale.com\/wp-content\/uploads\/2022\/07\/Super21-6000-Puffs-Disposable-Vape-Wholesale-Energy-Bull.jpg?resize=800%2C800&#038;ssl=1\" alt=\"Super21 6000 bouff\u00e9es Vape jetable Bulle d&#039;\u00e9nergie en gros\" width=\"800\" height=\"800\" \/><\/a><\/p>\n<p><a href=\"https:\/\/i0.wp.com\/www.disposablevapeswholesale.com\/wp-content\/uploads\/2022\/07\/Super21-6000-Puffs-Disposable-Vape-Wholesale-Strawberry-Ice-Cream.jpg?ssl=1\" target=\"_blank\" rel=\"noopener\"><img data-recalc-dims=\"1\" loading=\"lazy\" decoding=\"async\" class=\"alignnone size-full wp-image-4288\" title=\"Super21 6000 bouff\u00e9es Vape jetable en gros Cr\u00e8me glac\u00e9e \u00e0 la fraise\" src=\"https:\/\/i0.wp.com\/www.disposablevapeswholesale.com\/wp-content\/uploads\/2022\/07\/Super21-6000-Puffs-Disposable-Vape-Wholesale-Strawberry-Ice-Cream.jpg?resize=800%2C800&#038;ssl=1\" alt=\"Super21 6000 bouff\u00e9es Vape jetable en gros Cr\u00e8me glac\u00e9e \u00e0 la fraise\" width=\"800\" height=\"800\" \/><\/a> <a href=\"https:\/\/i0.wp.com\/www.disposablevapeswholesale.com\/wp-content\/uploads\/2022\/07\/Super21-6000-Puffs-Disposable-Vape-Wholesale-Blueberry-Plus.jpg?ssl=1\" target=\"_blank\" rel=\"noopener\"><img data-recalc-dims=\"1\" loading=\"lazy\" decoding=\"async\" class=\"alignnone size-full wp-image-4274\" title=\"Super21 6000 bouff\u00e9es Vape jetable en gros Blueberry Plus\" src=\"https:\/\/i0.wp.com\/www.disposablevapeswholesale.com\/wp-content\/uploads\/2022\/07\/Super21-6000-Puffs-Disposable-Vape-Wholesale-Blueberry-Plus.jpg?resize=800%2C800&#038;ssl=1\" alt=\"Super21 6000 bouff\u00e9es Vape jetable en gros Blueberry Plus\" width=\"800\" height=\"800\" \/><\/a> <a href=\"https:\/\/i0.wp.com\/www.disposablevapeswholesale.com\/wp-content\/uploads\/2022\/07\/Super21-6000-Puffs-Disposable-Vape-Wholesale-Blueberry-Plus-Flavors.jpg?ssl=1\" target=\"_blank\" rel=\"noopener\"><img data-recalc-dims=\"1\" loading=\"lazy\" decoding=\"async\" class=\"alignnone size-full wp-image-4273\" title=\"Super21 6000 Puffs Vape jetable en gros Blueberry Plus Flavors\" src=\"https:\/\/i0.wp.com\/www.disposablevapeswholesale.com\/wp-content\/uploads\/2022\/07\/Super21-6000-Puffs-Disposable-Vape-Wholesale-Blueberry-Plus-Flavors.jpg?resize=800%2C1000&#038;ssl=1\" alt=\"Super21 6000 Puffs Vape jetable en gros Blueberry Plus Flavors\" width=\"800\" height=\"1000\" \/><\/a> <a href=\"https:\/\/i0.wp.com\/www.disposablevapeswholesale.com\/wp-content\/uploads\/2022\/07\/Super21-6000-Puffs-Disposable-Vape-Wholesale-Energy-Bull-Flavors.jpg?ssl=1\" target=\"_blank\" rel=\"noopener\"><img data-recalc-dims=\"1\" loading=\"lazy\" decoding=\"async\" class=\"alignnone size-full wp-image-4275\" title=\"Super21 6000 bouff\u00e9es Vape jetable en gros Energy Bull Flavors\" src=\"https:\/\/i0.wp.com\/www.disposablevapeswholesale.com\/wp-content\/uploads\/2022\/07\/Super21-6000-Puffs-Disposable-Vape-Wholesale-Energy-Bull-Flavors.jpg?resize=800%2C1000&#038;ssl=1\" alt=\"Super21 6000 bouff\u00e9es Vape jetable en gros Energy Bull Flavors\" width=\"800\" height=\"1000\" \/><\/a> <a href=\"https:\/\/i0.wp.com\/www.disposablevapeswholesale.com\/wp-content\/uploads\/2022\/07\/Super21-6000-Puffs-Disposable-Vape-Wholesale-Flesh-Lychee-Flavors.jpg?ssl=1\" target=\"_blank\" rel=\"noopener\"><img data-recalc-dims=\"1\" loading=\"lazy\" decoding=\"async\" class=\"alignnone size-full wp-image-4277\" title=\"Super21 6000 Puffs Vape jetable Wholesale Flesh Lychee Flavors\" src=\"https:\/\/i0.wp.com\/www.disposablevapeswholesale.com\/wp-content\/uploads\/2022\/07\/Super21-6000-Puffs-Disposable-Vape-Wholesale-Flesh-Lychee-Flavors.jpg?resize=800%2C1000&#038;ssl=1\" alt=\"Super21 6000 Puffs Vape jetable Wholesale Flesh Lychee Flavors\" width=\"800\" height=\"1000\" \/><\/a> <a href=\"https:\/\/i0.wp.com\/www.disposablevapeswholesale.com\/wp-content\/uploads\/2022\/07\/Super21-6000-Puffs-Disposable-Vape-Wholesale-Grape-Plus-Flavors.jpg?ssl=1\" target=\"_blank\" rel=\"noopener\"><img data-recalc-dims=\"1\" loading=\"lazy\" decoding=\"async\" class=\"alignnone size-full wp-image-4279\" title=\"Super21 6000 Puffs Vape Jetable Grossiste Raisin Plus Saveurs\" src=\"https:\/\/i0.wp.com\/www.disposablevapeswholesale.com\/wp-content\/uploads\/2022\/07\/Super21-6000-Puffs-Disposable-Vape-Wholesale-Grape-Plus-Flavors.jpg?resize=800%2C1000&#038;ssl=1\" alt=\"Super21 6000 Puffs Vape Jetable Grossiste Raisin Plus Saveurs\" width=\"800\" height=\"1000\" \/><\/a> <a href=\"https:\/\/i0.wp.com\/www.disposablevapeswholesale.com\/wp-content\/uploads\/2022\/07\/Super21-6000-Puffs-Disposable-Vape-Wholesale-Honeydew-Melon-Flavors.jpg?ssl=1\" target=\"_blank\" rel=\"noopener\"><img data-recalc-dims=\"1\" loading=\"lazy\" decoding=\"async\" class=\"alignnone size-full wp-image-4281\" title=\"Super21 6000 Puffs Disposable Vape Wholesale Honeydew Melon Flavors\" src=\"https:\/\/i0.wp.com\/www.disposablevapeswholesale.com\/wp-content\/uploads\/2022\/07\/Super21-6000-Puffs-Disposable-Vape-Wholesale-Honeydew-Melon-Flavors.jpg?resize=800%2C1000&#038;ssl=1\" alt=\"Super21 6000 Puffs Disposable Vape Wholesale Honeydew Melon Flavors\" width=\"800\" height=\"1000\" \/><\/a> <a href=\"https:\/\/i0.wp.com\/www.disposablevapeswholesale.com\/wp-content\/uploads\/2022\/07\/Super21-6000-Puffs-Disposable-Vape-Wholesale-Kiwi-Guava-Flavors.jpg?ssl=1\" target=\"_blank\" rel=\"noopener\"><img data-recalc-dims=\"1\" loading=\"lazy\" decoding=\"async\" class=\"alignnone size-full wp-image-4283\" title=\"Super21 6000 Puffs Vape jetable Wholesale Kiwi Guava Flavors\" src=\"https:\/\/i0.wp.com\/www.disposablevapeswholesale.com\/wp-content\/uploads\/2022\/07\/Super21-6000-Puffs-Disposable-Vape-Wholesale-Kiwi-Guava-Flavors.jpg?resize=800%2C1000&#038;ssl=1\" alt=\"Super21 6000 Puffs Vape jetable Wholesale Kiwi Guava Flavors\" width=\"800\" height=\"1000\" \/><\/a> <a href=\"https:\/\/i0.wp.com\/www.disposablevapeswholesale.com\/wp-content\/uploads\/2022\/07\/Super21-6000-Puffs-Disposable-Vape-Wholesale-Mango-Flavors.jpg?ssl=1\" target=\"_blank\" rel=\"noopener\"><img data-recalc-dims=\"1\" loading=\"lazy\" decoding=\"async\" class=\"alignnone size-full wp-image-4285\" title=\"Super21 6000 bouff\u00e9es Vape jetable en gros Ar\u00f4mes de Mangue\" src=\"https:\/\/i0.wp.com\/www.disposablevapeswholesale.com\/wp-content\/uploads\/2022\/07\/Super21-6000-Puffs-Disposable-Vape-Wholesale-Mango-Flavors.jpg?resize=800%2C1000&#038;ssl=1\" alt=\"Super21 6000 bouff\u00e9es Vape jetable en gros Ar\u00f4mes de Mangue\" width=\"800\" height=\"1000\" \/><\/a> <a href=\"https:\/\/i0.wp.com\/www.disposablevapeswholesale.com\/wp-content\/uploads\/2022\/07\/Super21-6000-Puffs-Disposable-Vape-Wholesale-Watermelon-Flavors.jpg?ssl=1\" target=\"_blank\" rel=\"noopener\"><img data-recalc-dims=\"1\" loading=\"lazy\" decoding=\"async\" class=\"alignnone size-full wp-image-4291\" title=\"Super21 6000 Puffs Disposable Vape Wholesale Watermelon Flavors\" src=\"https:\/\/i0.wp.com\/www.disposablevapeswholesale.com\/wp-content\/uploads\/2022\/07\/Super21-6000-Puffs-Disposable-Vape-Wholesale-Watermelon-Flavors.jpg?resize=800%2C1000&#038;ssl=1\" alt=\"Super21 6000 Puffs Disposable Vape Wholesale Watermelon Flavors\" width=\"800\" height=\"1000\" \/><\/a> <a href=\"https:\/\/i0.wp.com\/www.disposablevapeswholesale.com\/wp-content\/uploads\/2022\/07\/Super21-6000-Puffs-Disposable-Vape-Wholesale-Strawberry-Ice-Flavors.jpg?ssl=1\" target=\"_blank\" rel=\"noopener\"><img data-recalc-dims=\"1\" loading=\"lazy\" decoding=\"async\" class=\"alignnone size-full wp-image-4289\" title=\"Super21 6000 Puffs Vape jetable Wholesale Strawberry Ice Flavors\" src=\"https:\/\/i0.wp.com\/www.disposablevapeswholesale.com\/wp-content\/uploads\/2022\/07\/Super21-6000-Puffs-Disposable-Vape-Wholesale-Strawberry-Ice-Flavors.jpg?resize=800%2C1000&#038;ssl=1\" alt=\"Super21 6000 Puffs Vape jetable Wholesale Strawberry Ice Flavors\" width=\"800\" height=\"1000\" \/><\/a> <a href=\"https:\/\/i0.wp.com\/www.disposablevapeswholesale.com\/wp-content\/uploads\/2022\/07\/Super21-6000-Puffs-Disposable-Vape-Wholesale-Strawberry-Ice-Cream-Flavors.jpg?ssl=1\" target=\"_blank\" rel=\"noopener\"><img data-recalc-dims=\"1\" loading=\"lazy\" decoding=\"async\" class=\"alignnone size-full wp-image-4287\" title=\"Super21 6000 bouff\u00e9es Vape jetable en gros Parfums de cr\u00e8me glac\u00e9e \u00e0 la fraise\" src=\"https:\/\/i0.wp.com\/www.disposablevapeswholesale.com\/wp-content\/uploads\/2022\/07\/Super21-6000-Puffs-Disposable-Vape-Wholesale-Strawberry-Ice-Cream-Flavors.jpg?resize=800%2C1000&#038;ssl=1\" alt=\"Super21 6000 bouff\u00e9es Vape jetable en gros Parfums de cr\u00e8me glac\u00e9e \u00e0 la fraise\" width=\"800\" height=\"1000\" \/><\/a><\/p>","protected":false},"excerpt":{"rendered":"<p>Super21+ 6000 Puffs Disposable Vape Wholesale combine une grande capacit\u00e9, une construction compacte et une production de vapeur douce pour des exp\u00e9riences de vapotage prolong\u00e9es et agr\u00e9ables.<\/p>","protected":false},"featured_media":1502,"comment_status":"closed","ping_status":"closed","template":"","meta":[],"product_brand":[],"product_cat":[22],"product_tag":[278,60,299,256],"class_list":{"0":"post-1263","1":"product","2":"type-product","3":"status-publish","4":"has-post-thumbnail","6":"product_cat-disposable-vape-sticks","7":"product_tag-6000-puffs","8":"product_tag-disposable-vapes","9":"product_tag-super21","10":"product_tag-wholesale","12":"first","13":"instock","14":"shipping-taxable","15":"purchasable","16":"product-type-simple"},"jetpack_sharing_enabled":true,"tiered_pricing_type":"fixed","tiered_pricing_fixed_rules":{"5000":5,"10000":4,"50000":3},"tiered_pricing_product_settings":{"layout":"default","base_unit_name":{"singular":null,"plural":null},"default_variation":null},"tiered_pricing_minimum_quantity":60,"tiered_pricing_roles_data":[],"tiered_pricing_percentage_rules":[],"tiered_pricing_maximum_quantity":null,"tiered_pricing_quantity_step":null,"_links":{"self":[{"href":"https:\/\/cloudsupplyvapes.com\/fr\/wp-json\/wp\/v2\/product\/1263","targetHints":{"allow":["GET"]}}],"collection":[{"href":"https:\/\/cloudsupplyvapes.com\/fr\/wp-json\/wp\/v2\/product"}],"about":[{"href":"https:\/\/cloudsupplyvapes.com\/fr\/wp-json\/wp\/v2\/types\/product"}],"replies":[{"embeddable":true,"href":"https:\/\/cloudsupplyvapes.com\/fr\/wp-json\/wp\/v2\/comments?post=1263"}],"wp:featuredmedia":[{"embeddable":true,"href":"https:\/\/cloudsupplyvapes.com\/fr\/wp-json\/wp\/v2\/media\/1502"}],"wp:attachment":[{"href":"https:\/\/cloudsupplyvapes.com\/fr\/wp-json\/wp\/v2\/media?parent=1263"}],"wp:term":[{"taxonomy":"product_brand","embeddable":true,"href":"https:\/\/cloudsupplyvapes.com\/fr\/wp-json\/wp\/v2\/product_brand?post=1263"},{"taxonomy":"product_cat","embeddable":true,"href":"https:\/\/cloudsupplyvapes.com\/fr\/wp-json\/wp\/v2\/product_cat?post=1263"},{"taxonomy":"product_tag","embeddable":true,"href":"https:\/\/cloudsupplyvapes.com\/fr\/wp-json\/wp\/v2\/product_tag?post=1263"}],"curies":[{"name":"wp","href":"https:\/\/api.w.org\/{rel}","templated":true}]}}