{"id":1264,"date":"2024-10-19T02:18:49","date_gmt":"2024-10-19T02:18:49","guid":{"rendered":"https:\/\/cloudsupplyvapes.com\/?post_type=product&#038;p=1264"},"modified":"2024-11-26T08:37:05","modified_gmt":"2024-11-26T08:37:05","slug":"-52","status":"publish","type":"product","link":"https:\/\/cloudsupplyvapes.com\/fr\/product\/breze-stiik-max-1800-puffs-disposable-vape-wholesale\/","title":{"rendered":"Breze Stiik Max 1800 Puffs Vape jetable en gros Vape portable pour d\u00e9butants"},"content":{"rendered":"<p>Breze Stiik Max est un dispositif de vape jetable livr\u00e9 avec 6ml d'e-juice salt nic pr\u00e9-rempli et une batterie int\u00e9gr\u00e9e de 950mAh fournissant environ 1800 bouff\u00e9es.<\/p>\n<p>&nbsp;<\/p>\n<h2>Breze Stiik Max Disposable Vape Sp\u00e9cifications :<\/h2>\n<p>Marque : Breze Stiik<\/p>\n<p>Bouff\u00e9es : 1800 bouff\u00e9es sont disponibles par appareil.<\/p>\n<p>Nicotine : 5%<\/p>\n<p>Capacit\u00e9 E-juice : 6ML<\/p>\n<p>Batterie : 950mAh<\/p>\n<p>&nbsp;<\/p>\n<h2>Saveurs<\/h2>\n<p>Glace \u00e0 l'ananas<\/p>\n<p>Glace \u00e0 la mangue<\/p>\n<p>Glace aux myrtilles<\/p>\n<p>Glace \u00e0 la gomme \u00e0 bulles<\/p>\n<p>Banane glac\u00e9e<\/p>\n<p>Glace de raisin<\/p>\n<p>Glace \u00e0 la grenade<\/p>\n<p>Glace \u00e0 la past\u00e8que<\/p>\n<p>&nbsp;<\/p>\n<h2>Emballage et poids<\/h2>\n<p>0.06KG\/PCS, une seule pi\u00e8ce dans un petit emballage, 5 pi\u00e8ces dans une bo\u00eete moyenne.<\/p>\n<p>150PCS en carton, 10KG.<\/p>\n<p><a href=\"https:\/\/i0.wp.com\/www.disposablevapeswholesale.com\/wp-content\/uploads\/2022\/07\/Breze-Stiik-Max-1800-Puffs-Disposable-Vape-Wholesale.jpg?ssl=1\" target=\"_blank\" rel=\"noopener\"><img data-recalc-dims=\"1\" loading=\"lazy\" decoding=\"async\" class=\"alignnone size-full wp-image-4250\" title=\"Breze Stiik Max 1800 Puffs Jetable Vape Wholesale\" src=\"https:\/\/i0.wp.com\/www.disposablevapeswholesale.com\/wp-content\/uploads\/2022\/07\/Breze-Stiik-Max-1800-Puffs-Disposable-Vape-Wholesale.jpg?resize=800%2C361&#038;ssl=1\" alt=\"Breze Stiik Max 1800 Puffs Jetable Vape Wholesale\" width=\"800\" height=\"361\" \/><\/a> <a href=\"https:\/\/i0.wp.com\/www.disposablevapeswholesale.com\/wp-content\/uploads\/2022\/07\/Breze-Stiik-Max-1800-Puffs-Disposable-Vape-Wholesale-Watermelon-Ice.jpg?ssl=1\" target=\"_blank\" rel=\"noopener\"><img data-recalc-dims=\"1\" loading=\"lazy\" decoding=\"async\" class=\"alignnone size-full wp-image-4249\" title=\"Breze Stiik Max 1800 bouff\u00e9es Vape jetable en gros Watermelon Ice\" src=\"https:\/\/i0.wp.com\/www.disposablevapeswholesale.com\/wp-content\/uploads\/2022\/07\/Breze-Stiik-Max-1800-Puffs-Disposable-Vape-Wholesale-Watermelon-Ice.jpg?resize=800%2C800&#038;ssl=1\" alt=\"Breze Stiik Max 1800 bouff\u00e9es Vape jetable en gros Watermelon Ice\" width=\"800\" height=\"800\" \/><\/a> <a href=\"https:\/\/i0.wp.com\/www.disposablevapeswholesale.com\/wp-content\/uploads\/2022\/07\/Breze-Stiik-Max-1800-Puffs-Disposable-Vape-Wholesale-Pomegranate-Ice.jpg?ssl=1\" target=\"_blank\" rel=\"noopener\"><img data-recalc-dims=\"1\" loading=\"lazy\" decoding=\"async\" class=\"alignnone size-full wp-image-4248\" title=\"Breze Stiik Max 1800 bouff\u00e9es Vape jetable en gros Grenade Ice\" src=\"https:\/\/i0.wp.com\/www.disposablevapeswholesale.com\/wp-content\/uploads\/2022\/07\/Breze-Stiik-Max-1800-Puffs-Disposable-Vape-Wholesale-Pomegranate-Ice.jpg?resize=800%2C800&#038;ssl=1\" alt=\"Breze Stiik Max 1800 bouff\u00e9es Vape jetable en gros Grenade Ice\" width=\"800\" height=\"800\" \/><\/a> <a href=\"https:\/\/i0.wp.com\/www.disposablevapeswholesale.com\/wp-content\/uploads\/2022\/07\/Breze-Stiik-Max-1800-Puffs-Disposable-Vape-Wholesale-Pineapple-Ice.jpg?ssl=1\" target=\"_blank\" rel=\"noopener\"><img data-recalc-dims=\"1\" loading=\"lazy\" decoding=\"async\" class=\"alignnone size-full wp-image-4247\" title=\"Breze Stiik Max 1800 bouff\u00e9es Vape jetable en gros Ananas Ice\" src=\"https:\/\/i0.wp.com\/www.disposablevapeswholesale.com\/wp-content\/uploads\/2022\/07\/Breze-Stiik-Max-1800-Puffs-Disposable-Vape-Wholesale-Pineapple-Ice.jpg?resize=800%2C800&#038;ssl=1\" alt=\"Breze Stiik Max 1800 bouff\u00e9es Vape jetable en gros Ananas Ice\" width=\"800\" height=\"800\" \/><\/a> <a href=\"https:\/\/i0.wp.com\/www.disposablevapeswholesale.com\/wp-content\/uploads\/2022\/07\/Breze-Stiik-Max-1800-Puffs-Disposable-Vape-Wholesale-Mango-Ice.jpg?ssl=1\" target=\"_blank\" rel=\"noopener\"><img data-recalc-dims=\"1\" loading=\"lazy\" decoding=\"async\" class=\"alignnone size-full wp-image-4246\" title=\"Breze Stiik Max 1800 bouff\u00e9es Vape jetable en gros Mango Ice\" src=\"https:\/\/i0.wp.com\/www.disposablevapeswholesale.com\/wp-content\/uploads\/2022\/07\/Breze-Stiik-Max-1800-Puffs-Disposable-Vape-Wholesale-Mango-Ice.jpg?resize=800%2C800&#038;ssl=1\" alt=\"Breze Stiik Max 1800 bouff\u00e9es Vape jetable en gros Mango Ice\" width=\"800\" height=\"800\" \/><\/a> <a href=\"https:\/\/i0.wp.com\/www.disposablevapeswholesale.com\/wp-content\/uploads\/2022\/07\/Breze-Stiik-Max-1800-Puffs-Disposable-Vape-Wholesale-Grape-Ice.jpg?ssl=1\" target=\"_blank\" rel=\"noopener\"><img data-recalc-dims=\"1\" loading=\"lazy\" decoding=\"async\" class=\"alignnone size-full wp-image-4245\" title=\"Breze Stiik Max 1800 bouff\u00e9es Vape jetable en gros Grape Ice\" src=\"https:\/\/i0.wp.com\/www.disposablevapeswholesale.com\/wp-content\/uploads\/2022\/07\/Breze-Stiik-Max-1800-Puffs-Disposable-Vape-Wholesale-Grape-Ice.jpg?resize=800%2C800&#038;ssl=1\" alt=\"Breze Stiik Max 1800 bouff\u00e9es Vape jetable en gros Grape Ice\" width=\"800\" height=\"800\" \/><\/a> <a href=\"https:\/\/i0.wp.com\/www.disposablevapeswholesale.com\/wp-content\/uploads\/2022\/07\/Breze-Stiik-Max-1800-Puffs-Disposable-Vape-Wholesale-Bubble-Gum-Ice.jpg?ssl=1\" target=\"_blank\" rel=\"noopener\"><img data-recalc-dims=\"1\" loading=\"lazy\" decoding=\"async\" class=\"alignnone size-full wp-image-4244\" title=\"Breze Stiik Max 1800 bouff\u00e9es Vape jetable en gros Bubble Gum Ice\" src=\"https:\/\/i0.wp.com\/www.disposablevapeswholesale.com\/wp-content\/uploads\/2022\/07\/Breze-Stiik-Max-1800-Puffs-Disposable-Vape-Wholesale-Bubble-Gum-Ice.jpg?resize=800%2C800&#038;ssl=1\" alt=\"Breze Stiik Max 1800 bouff\u00e9es Vape jetable en gros Bubble Gum Ice\" width=\"800\" height=\"800\" \/><\/a> <a href=\"https:\/\/i0.wp.com\/www.disposablevapeswholesale.com\/wp-content\/uploads\/2022\/07\/Breze-Stiik-Max-1800-Puffs-Disposable-Vape-Wholesale-Blueberry-Ice.jpg?ssl=1\" target=\"_blank\" rel=\"noopener\"><img data-recalc-dims=\"1\" loading=\"lazy\" decoding=\"async\" class=\"alignnone size-full wp-image-4243\" title=\"Breze Stiik Max 1800 bouff\u00e9es Vape jetable en gros Blueberry Ice\" src=\"https:\/\/i0.wp.com\/www.disposablevapeswholesale.com\/wp-content\/uploads\/2022\/07\/Breze-Stiik-Max-1800-Puffs-Disposable-Vape-Wholesale-Blueberry-Ice.jpg?resize=800%2C800&#038;ssl=1\" alt=\"Breze Stiik Max 1800 bouff\u00e9es Vape jetable en gros Blueberry Ice\" width=\"800\" height=\"800\" \/><\/a> <a href=\"https:\/\/i0.wp.com\/www.disposablevapeswholesale.com\/wp-content\/uploads\/2022\/07\/Breze-Stiik-Max-1800-Puffs-Disposable-Vape-Wholesale-Banana-Ice.jpg?ssl=1\" target=\"_blank\" rel=\"noopener\"><img data-recalc-dims=\"1\" loading=\"lazy\" decoding=\"async\" class=\"alignnone size-full wp-image-4242\" title=\"Breze Stiik Max 1800 bouff\u00e9es Vape jetable en gros Banana Ice\" src=\"https:\/\/i0.wp.com\/www.disposablevapeswholesale.com\/wp-content\/uploads\/2022\/07\/Breze-Stiik-Max-1800-Puffs-Disposable-Vape-Wholesale-Banana-Ice.jpg?resize=800%2C800&#038;ssl=1\" alt=\"Breze Stiik Max 1800 bouff\u00e9es Vape jetable en gros Banana Ice\" width=\"800\" height=\"800\" \/><\/a><\/p>","protected":false},"excerpt":{"rendered":"<p>Breze Stiik Max 1800 Puffs Disposable Vape Wholesale offre une conception portable et conviviale pour les d\u00e9butants, avec des sensations de gorge douces et un d\u00e9bit de vapeur constant pour un vapotage sans probl\u00e8me.<\/p>","protected":false},"featured_media":1512,"comment_status":"closed","ping_status":"closed","template":"","meta":[],"product_brand":[],"product_cat":[22],"product_tag":[300,301,60,256],"class_list":{"0":"post-1264","1":"product","2":"type-product","3":"status-publish","4":"has-post-thumbnail","6":"product_cat-disposable-vape-sticks","7":"product_tag-1800-puffs","8":"product_tag-breze-stiik-max","9":"product_tag-disposable-vapes","10":"product_tag-wholesale","12":"first","13":"instock","14":"shipping-taxable","15":"purchasable","16":"product-type-simple"},"jetpack_sharing_enabled":true,"tiered_pricing_type":"fixed","tiered_pricing_fixed_rules":{"5000":11,"10000":9,"50000":8},"tiered_pricing_product_settings":{"layout":"default","base_unit_name":{"singular":null,"plural":null},"default_variation":null},"tiered_pricing_minimum_quantity":60,"tiered_pricing_roles_data":[],"tiered_pricing_percentage_rules":[],"tiered_pricing_maximum_quantity":null,"tiered_pricing_quantity_step":null,"_links":{"self":[{"href":"https:\/\/cloudsupplyvapes.com\/fr\/wp-json\/wp\/v2\/product\/1264","targetHints":{"allow":["GET"]}}],"collection":[{"href":"https:\/\/cloudsupplyvapes.com\/fr\/wp-json\/wp\/v2\/product"}],"about":[{"href":"https:\/\/cloudsupplyvapes.com\/fr\/wp-json\/wp\/v2\/types\/product"}],"replies":[{"embeddable":true,"href":"https:\/\/cloudsupplyvapes.com\/fr\/wp-json\/wp\/v2\/comments?post=1264"}],"wp:featuredmedia":[{"embeddable":true,"href":"https:\/\/cloudsupplyvapes.com\/fr\/wp-json\/wp\/v2\/media\/1512"}],"wp:attachment":[{"href":"https:\/\/cloudsupplyvapes.com\/fr\/wp-json\/wp\/v2\/media?parent=1264"}],"wp:term":[{"taxonomy":"product_brand","embeddable":true,"href":"https:\/\/cloudsupplyvapes.com\/fr\/wp-json\/wp\/v2\/product_brand?post=1264"},{"taxonomy":"product_cat","embeddable":true,"href":"https:\/\/cloudsupplyvapes.com\/fr\/wp-json\/wp\/v2\/product_cat?post=1264"},{"taxonomy":"product_tag","embeddable":true,"href":"https:\/\/cloudsupplyvapes.com\/fr\/wp-json\/wp\/v2\/product_tag?post=1264"}],"curies":[{"name":"wp","href":"https:\/\/api.w.org\/{rel}","templated":true}]}}