{"id":1265,"date":"2024-10-19T02:18:49","date_gmt":"2024-10-19T02:18:49","guid":{"rendered":"https:\/\/cloudsupplyvapes.com\/?post_type=product&#038;p=1265"},"modified":"2024-11-26T08:37:21","modified_gmt":"2024-11-26T08:37:21","slug":"-53","status":"publish","type":"product","link":"https:\/\/cloudsupplyvapes.com\/fr\/product\/breze-stiik-2-in-1-2000-puffs-disposable-vape-wholesale\/","title":{"rendered":"Breze Stiik 2 en 1 2000 bouff\u00e9es Vape jetable en gros Dual Flavor Compact Design"},"content":{"rendered":"<p>Ce nouveau Breze Stiik jetable propose deux saveurs, toutes deux dans le m\u00eame appareil.Facile \u00e0 utiliser gr\u00e2ce au switch situ\u00e9 en bas de l'appareil.L'appareil compact est livr\u00e9 avec 3ml d'e-juice salt nic pr\u00e9-rempli et une batterie rechargeable int\u00e9gr\u00e9e de 850mAh, qui peut durer jusqu'\u00e0 2000 bouff\u00e9es.<\/p>\n<p>&nbsp;<\/p>\n<h2>Breze Stiik 2 in 1 Disposable Vape Sp\u00e9cifications :<\/h2>\n<p>Marque : Breze Stiik<\/p>\n<p>Bouff\u00e9es : 2000 bouff\u00e9es sont disponibles par appareil.<\/p>\n<p>Nicotine : 5%<\/p>\n<p>Capacit\u00e9 E-juice : 3ML<\/p>\n<p>Batterie : 850mAh<\/p>\n<p>&nbsp;<\/p>\n<h2>Saveurs<\/h2>\n<p>Glace au litchi et glace aux myrtilles<\/p>\n<p>Gel de raisin &amp; Pomme verte<\/p>\n<p>Bleu Raz&amp;Cool Mint<\/p>\n<p>Soda \u00e0 la past\u00e8que et \u00e0 l'orange<\/p>\n<p>Melon&amp;Cola Ice<\/p>\n<p>Ananas&amp;Limonade rose<\/p>\n<p>Glace \u00e0 la p\u00eache et glace \u00e0 la mangue<\/p>\n<p>Glace \u00e0 la fraise et \u00e0 la banane<\/p>\n<p>&nbsp;<\/p>\n<h2>Emballage et poids<\/h2>\n<p>0,054KG\/PCS, une seule pi\u00e8ce dans un petit emballage, 10 pi\u00e8ces dans une bo\u00eete moyenne.<\/p>\n<p>300PCS en carton, 16KG.<\/p>\n<p><a href=\"https:\/\/i0.wp.com\/www.disposablevapeswholesale.com\/wp-content\/uploads\/2022\/07\/Breze-Stiik-2-in-1-2000-Puffs-Disposable-Vape-Wholesale-WatermelonOrange-Soda.jpg?ssl=1\" target=\"_blank\" rel=\"noopener\"><img data-recalc-dims=\"1\" loading=\"lazy\" decoding=\"async\" class=\"alignnone size-full wp-image-4230\" title=\"Breze Stiik 2 en 1 2000 bouff\u00e9es Vape jetable en gros Past\u00e8queOrange Soda\" src=\"https:\/\/i0.wp.com\/www.disposablevapeswholesale.com\/wp-content\/uploads\/2022\/07\/Breze-Stiik-2-in-1-2000-Puffs-Disposable-Vape-Wholesale-WatermelonOrange-Soda.jpg?resize=800%2C800&#038;ssl=1\" alt=\"Breze Stiik 2 en 1 2000 bouff\u00e9es Vape jetable en gros Past\u00e8queOrange Soda\" width=\"800\" height=\"800\" \/><\/a> <a href=\"https:\/\/i0.wp.com\/www.disposablevapeswholesale.com\/wp-content\/uploads\/2022\/07\/Breze-Stiik-2-in-1-2000-Puffs-Disposable-Vape-Wholesale-Strawberry-IceBanana-Freeze.jpg?ssl=1\" target=\"_blank\" rel=\"noopener\"><img data-recalc-dims=\"1\" loading=\"lazy\" decoding=\"async\" class=\"alignnone size-full wp-image-4229\" title=\"Breze Stiik 2 en 1 2000 bouff\u00e9es jetables Vape en gros Fraise IceBanane Freeze\" src=\"https:\/\/i0.wp.com\/www.disposablevapeswholesale.com\/wp-content\/uploads\/2022\/07\/Breze-Stiik-2-in-1-2000-Puffs-Disposable-Vape-Wholesale-Strawberry-IceBanana-Freeze.jpg?resize=800%2C800&#038;ssl=1\" alt=\"Breze Stiik 2 en 1 2000 bouff\u00e9es jetables Vape en gros Fraise IceBanane Freeze\" width=\"800\" height=\"800\" \/><\/a> <a href=\"https:\/\/i0.wp.com\/www.disposablevapeswholesale.com\/wp-content\/uploads\/2022\/07\/Breze-Stiik-2-in-1-2000-Puffs-Disposable-Vape-Wholesale-PineapplePink-Lemonade.jpg?ssl=1\" target=\"_blank\" rel=\"noopener\"><img data-recalc-dims=\"1\" loading=\"lazy\" decoding=\"async\" class=\"alignnone size-full wp-image-4228\" title=\"Breze Stiik 2 en 1 2000 bouff\u00e9es Vape jetable en gros ananas rose limonade\" src=\"https:\/\/i0.wp.com\/www.disposablevapeswholesale.com\/wp-content\/uploads\/2022\/07\/Breze-Stiik-2-in-1-2000-Puffs-Disposable-Vape-Wholesale-PineapplePink-Lemonade.jpg?resize=800%2C800&#038;ssl=1\" alt=\"Breze Stiik 2 en 1 2000 bouff\u00e9es Vape jetable en gros ananas rose limonade\" width=\"800\" height=\"800\" \/><\/a> <a href=\"https:\/\/i0.wp.com\/www.disposablevapeswholesale.com\/wp-content\/uploads\/2022\/07\/Breze-Stiik-2-in-1-2000-Puffs-Disposable-Vape-Wholesale-Peach-IceMango-Ice.jpg?ssl=1\" target=\"_blank\" rel=\"noopener\"><img data-recalc-dims=\"1\" loading=\"lazy\" decoding=\"async\" class=\"alignnone size-full wp-image-4227\" title=\"Breze Stiik 2 en 1 2000 bouff\u00e9es Vape jetable en gros Peach IceMango Ice\" src=\"https:\/\/i0.wp.com\/www.disposablevapeswholesale.com\/wp-content\/uploads\/2022\/07\/Breze-Stiik-2-in-1-2000-Puffs-Disposable-Vape-Wholesale-Peach-IceMango-Ice.jpg?resize=800%2C800&#038;ssl=1\" alt=\"Breze Stiik 2 en 1 2000 bouff\u00e9es Vape jetable en gros Peach IceMango Ice\" width=\"800\" height=\"800\" \/><\/a> <a href=\"https:\/\/i0.wp.com\/www.disposablevapeswholesale.com\/wp-content\/uploads\/2022\/07\/Breze-Stiik-2-in-1-2000-Puffs-Disposable-Vape-Wholesale-MelonCola-Ice.jpg?ssl=1\" target=\"_blank\" rel=\"noopener\"><img data-recalc-dims=\"1\" loading=\"lazy\" decoding=\"async\" class=\"alignnone size-full wp-image-4225\" title=\"Breze Stiik 2 en 1 2000 bouff\u00e9es Vape jetable en gros MelonCola Ice\" src=\"https:\/\/i0.wp.com\/www.disposablevapeswholesale.com\/wp-content\/uploads\/2022\/07\/Breze-Stiik-2-in-1-2000-Puffs-Disposable-Vape-Wholesale-MelonCola-Ice.jpg?resize=800%2C800&#038;ssl=1\" alt=\"Breze Stiik 2 en 1 2000 bouff\u00e9es Vape jetable en gros MelonCola Ice\" width=\"800\" height=\"800\" \/><\/a> <a href=\"https:\/\/i0.wp.com\/www.disposablevapeswholesale.com\/wp-content\/uploads\/2022\/07\/Breze-Stiik-2-in-1-2000-Puffs-Disposable-Vape-Wholesale-Lychee-IceBlueberry-Ice.jpg?ssl=1\" target=\"_blank\" rel=\"noopener\"><img data-recalc-dims=\"1\" loading=\"lazy\" decoding=\"async\" class=\"alignnone size-full wp-image-4224\" title=\"Breze Stiik 2 en 1 2000 bouff\u00e9es Vape jetable en gros Lychee IceBlueberry Ice\" src=\"https:\/\/i0.wp.com\/www.disposablevapeswholesale.com\/wp-content\/uploads\/2022\/07\/Breze-Stiik-2-in-1-2000-Puffs-Disposable-Vape-Wholesale-Lychee-IceBlueberry-Ice.jpg?resize=800%2C800&#038;ssl=1\" alt=\"Breze Stiik 2 en 1 2000 bouff\u00e9es Vape jetable en gros Lychee IceBlueberry Ice\" width=\"800\" height=\"800\" \/><\/a> <a href=\"https:\/\/i0.wp.com\/www.disposablevapeswholesale.com\/wp-content\/uploads\/2022\/07\/Breze-Stiik-2-in-1-2000-Puffs-Disposable-Vape-Wholesale-Grape-FreezeGreen-Apple.jpg?ssl=1\" target=\"_blank\" rel=\"noopener\"><img data-recalc-dims=\"1\" loading=\"lazy\" decoding=\"async\" class=\"alignnone size-full wp-image-4223\" title=\"Breze Stiik 2 en 1 2000 bouff\u00e9es Vape jetable en gros Raisin gel\u00e9Pomme verte\" src=\"https:\/\/i0.wp.com\/www.disposablevapeswholesale.com\/wp-content\/uploads\/2022\/07\/Breze-Stiik-2-in-1-2000-Puffs-Disposable-Vape-Wholesale-Grape-FreezeGreen-Apple.jpg?resize=800%2C800&#038;ssl=1\" alt=\"Breze Stiik 2 en 1 2000 bouff\u00e9es Vape jetable en gros Raisin gel\u00e9Pomme verte\" width=\"800\" height=\"800\" \/><\/a> <a href=\"https:\/\/i0.wp.com\/www.disposablevapeswholesale.com\/wp-content\/uploads\/2022\/07\/Breze-Stiik-2-in-1-2000-Puffs-Disposable-Vape-Wholesale-Blue-RazCool-Mint.jpg?ssl=1\" target=\"_blank\" rel=\"noopener\"><img data-recalc-dims=\"1\" loading=\"lazy\" decoding=\"async\" class=\"alignnone size-full wp-image-4221\" title=\"Breze Stiik 2 en 1 2000 bouff\u00e9es jetables Vape en gros Bleu RazCool Mint\" src=\"https:\/\/i0.wp.com\/www.disposablevapeswholesale.com\/wp-content\/uploads\/2022\/07\/Breze-Stiik-2-in-1-2000-Puffs-Disposable-Vape-Wholesale-Blue-RazCool-Mint.jpg?resize=800%2C800&#038;ssl=1\" alt=\"Breze Stiik 2 en 1 2000 bouff\u00e9es jetables Vape en gros Bleu RazCool Mint\" width=\"800\" height=\"800\" \/><\/a> <a href=\"https:\/\/i0.wp.com\/www.disposablevapeswholesale.com\/wp-content\/uploads\/2022\/07\/Breze-Stiik-2-in-1-2000-Puffs-Disposable-Vape-Wholesale-Flavors.jpg?ssl=1\" target=\"_blank\" rel=\"noopener\"><img data-recalc-dims=\"1\" loading=\"lazy\" decoding=\"async\" class=\"alignnone size-full wp-image-4222\" title=\"Breze Stiik 2 en 1 2000 bouff\u00e9es Vape jetable Wholesale Flavors\" src=\"https:\/\/i0.wp.com\/www.disposablevapeswholesale.com\/wp-content\/uploads\/2022\/07\/Breze-Stiik-2-in-1-2000-Puffs-Disposable-Vape-Wholesale-Flavors.jpg?resize=800%2C800&#038;ssl=1\" alt=\"Breze Stiik 2 en 1 2000 bouff\u00e9es Vape jetable Wholesale Flavors\" width=\"800\" height=\"800\" \/><\/a> <a href=\"https:\/\/i0.wp.com\/www.disposablevapeswholesale.com\/wp-content\/uploads\/2022\/07\/Breze-Stiik-2-in-1-2000-Puffs-Disposable-Vape-Wholesale-Pakage.jpg?ssl=1\" target=\"_blank\" rel=\"noopener\"><img data-recalc-dims=\"1\" loading=\"lazy\" decoding=\"async\" class=\"alignnone size-full wp-image-4226\" title=\"Breze Stiik 2 en 1 2000 bouff\u00e9es Vape jetable Wholesale Pakage\" src=\"https:\/\/i0.wp.com\/www.disposablevapeswholesale.com\/wp-content\/uploads\/2022\/07\/Breze-Stiik-2-in-1-2000-Puffs-Disposable-Vape-Wholesale-Pakage.jpg?resize=800%2C800&#038;ssl=1\" alt=\"Breze Stiik 2 en 1 2000 bouff\u00e9es Vape jetable Wholesale Pakage\" width=\"800\" height=\"800\" \/><\/a> <a href=\"https:\/\/i0.wp.com\/www.disposablevapeswholesale.com\/wp-content\/uploads\/2022\/07\/Breze-Stiik-2-in-1-2000-Puffs-Disposable-Vape-Wholesale-8-Flavors.jpg?ssl=1\" target=\"_blank\" rel=\"noopener\"><img data-recalc-dims=\"1\" loading=\"lazy\" decoding=\"async\" class=\"alignnone size-full wp-image-4219\" title=\"Breze Stiik 2 en 1 2000 bouff\u00e9es Vape jetable en gros 8 saveurs\" src=\"https:\/\/i0.wp.com\/www.disposablevapeswholesale.com\/wp-content\/uploads\/2022\/07\/Breze-Stiik-2-in-1-2000-Puffs-Disposable-Vape-Wholesale-8-Flavors.jpg?resize=800%2C800&#038;ssl=1\" alt=\"Breze Stiik 2 en 1 2000 bouff\u00e9es Vape jetable en gros 8 saveurs\" width=\"800\" height=\"800\" \/><\/a> <a href=\"https:\/\/i0.wp.com\/www.disposablevapeswholesale.com\/wp-content\/uploads\/2022\/07\/Breze-Stiik-2-in-1-2000-Puffs-Disposable-Vape-Wholesale-All-Flavors.jpg?ssl=1\" target=\"_blank\" rel=\"noopener\"><img data-recalc-dims=\"1\" loading=\"lazy\" decoding=\"async\" class=\"alignnone size-full wp-image-4220\" title=\"Breze Stiik 2 in 1 2000 Puffs Vape jetable Wholesale All Flavors\" src=\"https:\/\/i0.wp.com\/www.disposablevapeswholesale.com\/wp-content\/uploads\/2022\/07\/Breze-Stiik-2-in-1-2000-Puffs-Disposable-Vape-Wholesale-All-Flavors.jpg?resize=800%2C800&#038;ssl=1\" alt=\"Breze Stiik 2 in 1 2000 Puffs Vape jetable Wholesale All Flavors\" width=\"800\" height=\"800\" \/><\/a> <a href=\"https:\/\/i0.wp.com\/www.disposablevapeswholesale.com\/wp-content\/uploads\/2022\/07\/Breze-Stiik-2-in-1-2000-Puffs-Disposable-Vape-Wholesale.jpg?ssl=1\" target=\"_blank\" rel=\"noopener\"><img data-recalc-dims=\"1\" loading=\"lazy\" decoding=\"async\" class=\"alignnone size-full wp-image-4231\" title=\"Breze Stiik 2 en 1 2000 bouff\u00e9es jetables Vape en gros\" src=\"https:\/\/i0.wp.com\/www.disposablevapeswholesale.com\/wp-content\/uploads\/2022\/07\/Breze-Stiik-2-in-1-2000-Puffs-Disposable-Vape-Wholesale.jpg?resize=800%2C800&#038;ssl=1\" alt=\"Breze Stiik 2 en 1 2000 bouff\u00e9es jetables Vape en gros\" width=\"800\" height=\"800\" \/><\/a><\/p>","protected":false},"excerpt":{"rendered":"<p>Breze Stiik 2 in 1 2000 Puffs Disposable Vape Wholesale propose des options de double ar\u00f4me, un design compact et une performance de vapeur douce pour une exp\u00e9rience de vapotage polyvalente et agr\u00e9able.<\/p>","protected":false},"featured_media":1528,"comment_status":"closed","ping_status":"closed","template":"","meta":[],"product_brand":[],"product_cat":[22],"product_tag":[302,303,60,256],"class_list":{"0":"post-1265","1":"product","2":"type-product","3":"status-publish","4":"has-post-thumbnail","6":"product_cat-disposable-vape-sticks","7":"product_tag-2000-puffs","8":"product_tag-breze-stiik-2-in-1","9":"product_tag-disposable-vapes","10":"product_tag-wholesale","12":"first","13":"instock","14":"shipping-taxable","15":"purchasable","16":"product-type-simple"},"jetpack_sharing_enabled":true,"tiered_pricing_type":"fixed","tiered_pricing_fixed_rules":{"5000":9,"10000":8,"50000":7},"tiered_pricing_product_settings":{"layout":"default","base_unit_name":{"singular":null,"plural":null},"default_variation":null},"tiered_pricing_minimum_quantity":60,"tiered_pricing_roles_data":[],"tiered_pricing_percentage_rules":[],"tiered_pricing_maximum_quantity":null,"tiered_pricing_quantity_step":null,"_links":{"self":[{"href":"https:\/\/cloudsupplyvapes.com\/fr\/wp-json\/wp\/v2\/product\/1265","targetHints":{"allow":["GET"]}}],"collection":[{"href":"https:\/\/cloudsupplyvapes.com\/fr\/wp-json\/wp\/v2\/product"}],"about":[{"href":"https:\/\/cloudsupplyvapes.com\/fr\/wp-json\/wp\/v2\/types\/product"}],"replies":[{"embeddable":true,"href":"https:\/\/cloudsupplyvapes.com\/fr\/wp-json\/wp\/v2\/comments?post=1265"}],"wp:featuredmedia":[{"embeddable":true,"href":"https:\/\/cloudsupplyvapes.com\/fr\/wp-json\/wp\/v2\/media\/1528"}],"wp:attachment":[{"href":"https:\/\/cloudsupplyvapes.com\/fr\/wp-json\/wp\/v2\/media?parent=1265"}],"wp:term":[{"taxonomy":"product_brand","embeddable":true,"href":"https:\/\/cloudsupplyvapes.com\/fr\/wp-json\/wp\/v2\/product_brand?post=1265"},{"taxonomy":"product_cat","embeddable":true,"href":"https:\/\/cloudsupplyvapes.com\/fr\/wp-json\/wp\/v2\/product_cat?post=1265"},{"taxonomy":"product_tag","embeddable":true,"href":"https:\/\/cloudsupplyvapes.com\/fr\/wp-json\/wp\/v2\/product_tag?post=1265"}],"curies":[{"name":"wp","href":"https:\/\/api.w.org\/{rel}","templated":true}]}}