{"id":1266,"date":"2024-10-19T02:18:49","date_gmt":"2024-10-19T02:18:49","guid":{"rendered":"https:\/\/cloudsupplyvapes.com\/?post_type=product&#038;p=1266"},"modified":"2024-11-26T08:37:39","modified_gmt":"2024-11-26T08:37:39","slug":"-54","status":"publish","type":"product","link":"https:\/\/cloudsupplyvapes.com\/fr\/product\/breze-stiik-box-pro-5000-puffs-disposable-vape-wholesale\/","title":{"rendered":"Breze Stiik BOX Pro 5000 Puffs Vape jetable en gros Long-Lasting Adjustable Design"},"content":{"rendered":"<p>Breze Stiik BOX Pro est un pod de vape jetable am\u00e9lior\u00e9 avec une bobine en maille et un flux d'air r\u00e9glable. L'appareil compact est livr\u00e9 avec 12ml d'e-juice salt nic pr\u00e9-rempli et une batterie rechargeable int\u00e9gr\u00e9e de 850mAh, qui peut durer jusqu'\u00e0 5000 bouff\u00e9es.<\/p>\n<p>&nbsp;<\/p>\n<h2>Breze Stiik BOX Pro 5000 Vape jetable Sp\u00e9cifications :<\/h2>\n<p>Marque : Breze Stiik<\/p>\n<p>Bouff\u00e9es : 5000 bouff\u00e9es sont disponibles par appareil.<\/p>\n<p>Nicotine : 2%<\/p>\n<p>Capacit\u00e9 E-juice : 12ML<\/p>\n<p>Batterie : 850mAh<\/p>\n<p>R\u00e9sistance : 1.2\u03a9Mesh<\/p>\n<p>&nbsp;<\/p>\n<h2>Saveurs<\/h2>\n<p>Banane glac\u00e9e<\/p>\n<p>Razz aux myrtilles<\/p>\n<p>Glace de raisin<\/p>\n<p>Glace \u00e0 la menthe<\/p>\n<p>P\u00eache Mangue<\/p>\n<p>Limonade rose<\/p>\n<p>Cr\u00e8me glac\u00e9e \u00e0 la fraise<\/p>\n<p>Glace \u00e0 la past\u00e8que<\/p>\n<p>&nbsp;<\/p>\n<h2>Emballage et poids<\/h2>\n<p>0.070KG\/PCS, une seule pi\u00e8ce dans un petit emballage, 5 pi\u00e8ces dans une bo\u00eete moyenne.<\/p>\n<p>200PCS en carton, 14KG.<\/p>\n<p><a href=\"https:\/\/i0.wp.com\/www.disposablevapeswholesale.com\/wp-content\/uploads\/2022\/07\/Breze-Stiik-BOX-Pro-5000-Puffs-Disposable-Vape-Wholesale.jpg?ssl=1\" target=\"_blank\" rel=\"noopener\"><img data-recalc-dims=\"1\" loading=\"lazy\" decoding=\"async\" class=\"alignnone size-full wp-image-4208\" title=\"Breze Stiik BOX Pro 5000 Puffs Vape jetable Wholesale\" src=\"https:\/\/i0.wp.com\/www.disposablevapeswholesale.com\/wp-content\/uploads\/2022\/07\/Breze-Stiik-BOX-Pro-5000-Puffs-Disposable-Vape-Wholesale.jpg?resize=800%2C800&#038;ssl=1\" alt=\"Breze Stiik BOX Pro 5000 Puffs Vape jetable Wholesale\" width=\"800\" height=\"800\" \/><\/a> <a href=\"https:\/\/i0.wp.com\/www.disposablevapeswholesale.com\/wp-content\/uploads\/2022\/07\/Breze-Stiik-BOX-Pro-5000-Puffs-Disposable-Vape-Wholesale-All-Flavors.jpg?ssl=1\" target=\"_blank\" rel=\"noopener\"><img data-recalc-dims=\"1\" loading=\"lazy\" decoding=\"async\" class=\"alignnone size-full wp-image-4190\" title=\"Breze Stiik BOX Pro 5000 Puffs Vape jetable Wholesale All Flavors\" src=\"https:\/\/i0.wp.com\/www.disposablevapeswholesale.com\/wp-content\/uploads\/2022\/07\/Breze-Stiik-BOX-Pro-5000-Puffs-Disposable-Vape-Wholesale-All-Flavors.jpg?resize=800%2C800&#038;ssl=1\" alt=\"Breze Stiik BOX Pro 5000 Puffs Vape jetable Wholesale All Flavors\" width=\"800\" height=\"800\" \/><\/a> <a href=\"https:\/\/i0.wp.com\/www.disposablevapeswholesale.com\/wp-content\/uploads\/2022\/07\/Breze-Stiik-BOX-Pro-5000-Puffs-Disposable-Vape-Wholesale-8-Flavors.jpg?ssl=1\" target=\"_blank\" rel=\"noopener\"><img data-recalc-dims=\"1\" loading=\"lazy\" decoding=\"async\" class=\"alignnone size-full wp-image-4189\" title=\"Breze Stiik BOX Pro 5000 Puffs Disposable Vape Wholesale 8 Flavors\" src=\"https:\/\/i0.wp.com\/www.disposablevapeswholesale.com\/wp-content\/uploads\/2022\/07\/Breze-Stiik-BOX-Pro-5000-Puffs-Disposable-Vape-Wholesale-8-Flavors.jpg?resize=800%2C800&#038;ssl=1\" alt=\"Breze Stiik BOX Pro 5000 Puffs Disposable Vape Wholesale 8 Flavors\" width=\"800\" height=\"800\" \/><\/a> <a href=\"https:\/\/i0.wp.com\/www.disposablevapeswholesale.com\/wp-content\/uploads\/2022\/07\/Breze-Stiik-BOX-Pro-5000-Puffs-Disposable-Vape-Wholesale-Pakage.jpg?ssl=1\" target=\"_blank\" rel=\"noopener\"><img data-recalc-dims=\"1\" loading=\"lazy\" decoding=\"async\" class=\"alignnone size-full wp-image-4199\" title=\"Breze Stiik BOX Pro 5000 bouff\u00e9es Vape jetable Wholesale Pakage\" src=\"https:\/\/i0.wp.com\/www.disposablevapeswholesale.com\/wp-content\/uploads\/2022\/07\/Breze-Stiik-BOX-Pro-5000-Puffs-Disposable-Vape-Wholesale-Pakage.jpg?resize=800%2C800&#038;ssl=1\" alt=\"Breze Stiik BOX Pro 5000 bouff\u00e9es Vape jetable Wholesale Pakage\" width=\"800\" height=\"800\" \/><\/a> <a href=\"https:\/\/i0.wp.com\/www.disposablevapeswholesale.com\/wp-content\/uploads\/2022\/07\/Breze-Stiik-BOX-Pro-5000-Puffs-Disposable-Vape-Wholesale-Watermelon-Ice.jpg?ssl=1\" target=\"_blank\" rel=\"noopener\"><img data-recalc-dims=\"1\" loading=\"lazy\" decoding=\"async\" class=\"alignnone size-full wp-image-4207\" title=\"Breze Stiik BOX Pro 5000 bouff\u00e9es Vape jetable en gros Watermelon Ice\" src=\"https:\/\/i0.wp.com\/www.disposablevapeswholesale.com\/wp-content\/uploads\/2022\/07\/Breze-Stiik-BOX-Pro-5000-Puffs-Disposable-Vape-Wholesale-Watermelon-Ice.jpg?resize=800%2C800&#038;ssl=1\" alt=\"Breze Stiik BOX Pro 5000 bouff\u00e9es Vape jetable en gros Watermelon Ice\" width=\"800\" height=\"800\" \/><\/a> <a href=\"https:\/\/i0.wp.com\/www.disposablevapeswholesale.com\/wp-content\/uploads\/2022\/07\/Breze-Stiik-BOX-Pro-5000-Puffs-Disposable-Vape-Wholesale-Strawberry-Ice-Cream.jpg?ssl=1\" target=\"_blank\" rel=\"noopener\"><img data-recalc-dims=\"1\" loading=\"lazy\" decoding=\"async\" class=\"alignnone size-full wp-image-4205\" title=\"Breze Stiik BOX Pro 5000 Bouff\u00e9es Jetables Vape en Gros Fraise Glac\u00e9e\" src=\"https:\/\/i0.wp.com\/www.disposablevapeswholesale.com\/wp-content\/uploads\/2022\/07\/Breze-Stiik-BOX-Pro-5000-Puffs-Disposable-Vape-Wholesale-Strawberry-Ice-Cream.jpg?resize=800%2C800&#038;ssl=1\" alt=\"Breze Stiik BOX Pro 5000 Bouff\u00e9es Jetables Vape en Gros Fraise Glac\u00e9e\" width=\"800\" height=\"800\" \/><\/a> <a href=\"https:\/\/i0.wp.com\/www.disposablevapeswholesale.com\/wp-content\/uploads\/2022\/07\/Breze-Stiik-BOX-Pro-5000-Puffs-Disposable-Vape-Wholesale-Pink-Lemonade.jpg?ssl=1\" target=\"_blank\" rel=\"noopener\"><img data-recalc-dims=\"1\" loading=\"lazy\" decoding=\"async\" class=\"alignnone size-full wp-image-4203\" title=\"Breze Stiik BOX Pro 5000 bouff\u00e9es Vape jetable en gros Pink Lemonade\" src=\"https:\/\/i0.wp.com\/www.disposablevapeswholesale.com\/wp-content\/uploads\/2022\/07\/Breze-Stiik-BOX-Pro-5000-Puffs-Disposable-Vape-Wholesale-Pink-Lemonade.jpg?resize=800%2C800&#038;ssl=1\" alt=\"Breze Stiik BOX Pro 5000 bouff\u00e9es Vape jetable en gros Pink Lemonade\" width=\"800\" height=\"800\" \/><\/a> <a href=\"https:\/\/i0.wp.com\/www.disposablevapeswholesale.com\/wp-content\/uploads\/2022\/07\/Breze-Stiik-BOX-Pro-5000-Puffs-Disposable-Vape-Wholesale-Peach-Mango.jpg?ssl=1\" target=\"_blank\" rel=\"noopener\"><img data-recalc-dims=\"1\" loading=\"lazy\" decoding=\"async\" class=\"alignnone size-full wp-image-4201\" title=\"Breze Stiik BOX Pro 5000 bouff\u00e9es Vape jetable en gros Peach Mango\" src=\"https:\/\/i0.wp.com\/www.disposablevapeswholesale.com\/wp-content\/uploads\/2022\/07\/Breze-Stiik-BOX-Pro-5000-Puffs-Disposable-Vape-Wholesale-Peach-Mango.jpg?resize=800%2C800&#038;ssl=1\" alt=\"Breze Stiik BOX Pro 5000 bouff\u00e9es Vape jetable en gros Peach Mango\" width=\"800\" height=\"800\" \/><\/a> <a href=\"https:\/\/i0.wp.com\/www.disposablevapeswholesale.com\/wp-content\/uploads\/2022\/07\/Breze-Stiik-BOX-Pro-5000-Puffs-Disposable-Vape-Wholesale-Mint-Ice.jpg?ssl=1\" target=\"_blank\" rel=\"noopener\"><img data-recalc-dims=\"1\" loading=\"lazy\" decoding=\"async\" class=\"alignnone size-full wp-image-4198\" title=\"Breze Stiik BOX Pro 5000 bouff\u00e9es Vape jetable en gros Menthe Glace\" src=\"https:\/\/i0.wp.com\/www.disposablevapeswholesale.com\/wp-content\/uploads\/2022\/07\/Breze-Stiik-BOX-Pro-5000-Puffs-Disposable-Vape-Wholesale-Mint-Ice.jpg?resize=800%2C800&#038;ssl=1\" alt=\"Breze Stiik BOX Pro 5000 bouff\u00e9es Vape jetable en gros Menthe Glace\" width=\"800\" height=\"800\" \/><\/a> <a href=\"https:\/\/i0.wp.com\/www.disposablevapeswholesale.com\/wp-content\/uploads\/2022\/07\/Breze-Stiik-BOX-Pro-5000-Puffs-Disposable-Vape-Wholesale-Grape-Ice.jpg?ssl=1\" target=\"_blank\" rel=\"noopener\"><img data-recalc-dims=\"1\" loading=\"lazy\" decoding=\"async\" class=\"alignnone size-full wp-image-4196\" title=\"Breze Stiik BOX Pro 5000 bouff\u00e9es Vape jetable en gros Grape Ice\" src=\"https:\/\/i0.wp.com\/www.disposablevapeswholesale.com\/wp-content\/uploads\/2022\/07\/Breze-Stiik-BOX-Pro-5000-Puffs-Disposable-Vape-Wholesale-Grape-Ice.jpg?resize=800%2C800&#038;ssl=1\" alt=\"Breze Stiik BOX Pro 5000 bouff\u00e9es Vape jetable en gros Grape Ice\" width=\"800\" height=\"800\" \/><\/a> <a href=\"https:\/\/i0.wp.com\/www.disposablevapeswholesale.com\/wp-content\/uploads\/2022\/07\/Breze-Stiik-BOX-Pro-5000-Puffs-Disposable-Vape-Wholesale-Blueberry-Razz.jpg?ssl=1\" target=\"_blank\" rel=\"noopener\"><img data-recalc-dims=\"1\" loading=\"lazy\" decoding=\"async\" class=\"alignnone size-full wp-image-4194\" title=\"Breze Stiik BOX Pro 5000 bouff\u00e9es Vape jetable en gros Blueberry Razz\" src=\"https:\/\/i0.wp.com\/www.disposablevapeswholesale.com\/wp-content\/uploads\/2022\/07\/Breze-Stiik-BOX-Pro-5000-Puffs-Disposable-Vape-Wholesale-Blueberry-Razz.jpg?resize=800%2C800&#038;ssl=1\" alt=\"Breze Stiik BOX Pro 5000 bouff\u00e9es Vape jetable en gros Blueberry Razz\" width=\"800\" height=\"800\" \/><\/a> <a href=\"https:\/\/i0.wp.com\/www.disposablevapeswholesale.com\/wp-content\/uploads\/2022\/07\/Breze-Stiik-BOX-Pro-5000-Puffs-Disposable-Vape-Wholesale-Banana-Ice.jpg?ssl=1\" target=\"_blank\" rel=\"noopener\"><img data-recalc-dims=\"1\" loading=\"lazy\" decoding=\"async\" class=\"alignnone size-full wp-image-4192\" title=\"Breze Stiik BOX Pro 5000 bouff\u00e9es Vape jetable en gros Banana Ice\" src=\"https:\/\/i0.wp.com\/www.disposablevapeswholesale.com\/wp-content\/uploads\/2022\/07\/Breze-Stiik-BOX-Pro-5000-Puffs-Disposable-Vape-Wholesale-Banana-Ice.jpg?resize=800%2C800&#038;ssl=1\" alt=\"Breze Stiik BOX Pro 5000 bouff\u00e9es Vape jetable en gros Banana Ice\" width=\"800\" height=\"800\" \/><\/a> <a href=\"https:\/\/i0.wp.com\/www.disposablevapeswholesale.com\/wp-content\/uploads\/2022\/07\/Breze-Stiik-BOX-Pro-5000-Puffs-Disposable-Vape-Wholesale-Banana-Ice-Flavors.jpg?ssl=1\" target=\"_blank\" rel=\"noopener\"><img data-recalc-dims=\"1\" loading=\"lazy\" decoding=\"async\" class=\"alignnone size-full wp-image-4191\" title=\"Breze Stiik BOX Pro 5000 bouff\u00e9es Vape jetable en gros Banana Ice Flavors\" src=\"https:\/\/i0.wp.com\/www.disposablevapeswholesale.com\/wp-content\/uploads\/2022\/07\/Breze-Stiik-BOX-Pro-5000-Puffs-Disposable-Vape-Wholesale-Banana-Ice-Flavors.jpg?resize=800%2C800&#038;ssl=1\" alt=\"Breze Stiik BOX Pro 5000 bouff\u00e9es Vape jetable en gros Banana Ice Flavors\" width=\"800\" height=\"800\" \/><\/a> <a href=\"https:\/\/i0.wp.com\/www.disposablevapeswholesale.com\/wp-content\/uploads\/2022\/07\/Breze-Stiik-BOX-Pro-5000-Puffs-Disposable-Vape-Wholesale-Blueberry-Razz-Flavors.jpg?ssl=1\" target=\"_blank\" rel=\"noopener\"><img data-recalc-dims=\"1\" loading=\"lazy\" decoding=\"async\" class=\"alignnone size-full wp-image-4193\" title=\"Breze Stiik BOX Pro 5000 Puffs Vape jetable en gros Blueberry Razz Flavors\" src=\"https:\/\/i0.wp.com\/www.disposablevapeswholesale.com\/wp-content\/uploads\/2022\/07\/Breze-Stiik-BOX-Pro-5000-Puffs-Disposable-Vape-Wholesale-Blueberry-Razz-Flavors.jpg?resize=800%2C800&#038;ssl=1\" alt=\"Breze Stiik BOX Pro 5000 Puffs Vape jetable en gros Blueberry Razz Flavors\" width=\"800\" height=\"800\" \/><\/a> <a href=\"https:\/\/i0.wp.com\/www.disposablevapeswholesale.com\/wp-content\/uploads\/2022\/07\/Breze-Stiik-BOX-Pro-5000-Puffs-Disposable-Vape-Wholesale-Grape-Ice-Flavors.jpg?ssl=1\" target=\"_blank\" rel=\"noopener\"><img data-recalc-dims=\"1\" loading=\"lazy\" decoding=\"async\" class=\"alignnone size-full wp-image-4195\" title=\"Breze Stiik BOX Pro 5000 bouff\u00e9es Vape jetable en gros Saveurs de glace de raisin\" src=\"https:\/\/i0.wp.com\/www.disposablevapeswholesale.com\/wp-content\/uploads\/2022\/07\/Breze-Stiik-BOX-Pro-5000-Puffs-Disposable-Vape-Wholesale-Grape-Ice-Flavors.jpg?resize=800%2C800&#038;ssl=1\" alt=\"Breze Stiik BOX Pro 5000 bouff\u00e9es Vape jetable en gros Saveurs de glace de raisin\" width=\"800\" height=\"800\" \/><\/a> <a href=\"https:\/\/i0.wp.com\/www.disposablevapeswholesale.com\/wp-content\/uploads\/2022\/07\/Breze-Stiik-BOX-Pro-5000-Puffs-Disposable-Vape-Wholesale-Mint-Ice-Flavors.jpg?ssl=1\" target=\"_blank\" rel=\"noopener\"><img data-recalc-dims=\"1\" loading=\"lazy\" decoding=\"async\" class=\"alignnone size-full wp-image-4197\" title=\"Breze Stiik BOX Pro 5000 bouff\u00e9es Vape jetable en gros Saveurs Menthe Glace\" src=\"https:\/\/i0.wp.com\/www.disposablevapeswholesale.com\/wp-content\/uploads\/2022\/07\/Breze-Stiik-BOX-Pro-5000-Puffs-Disposable-Vape-Wholesale-Mint-Ice-Flavors.jpg?resize=800%2C800&#038;ssl=1\" alt=\"Breze Stiik BOX Pro 5000 bouff\u00e9es Vape jetable en gros Saveurs Menthe Glace\" width=\"800\" height=\"800\" \/><\/a> <a href=\"https:\/\/i0.wp.com\/www.disposablevapeswholesale.com\/wp-content\/uploads\/2022\/07\/Breze-Stiik-BOX-Pro-5000-Puffs-Disposable-Vape-Wholesale-Peach-Mango-Flavors.jpg?ssl=1\" target=\"_blank\" rel=\"noopener\"><img data-recalc-dims=\"1\" loading=\"lazy\" decoding=\"async\" class=\"alignnone size-full wp-image-4200\" title=\"Breze Stiik BOX Pro 5000 bouff\u00e9es Vape jetable en gros Ar\u00f4mes de p\u00eache et de mangue\" src=\"https:\/\/i0.wp.com\/www.disposablevapeswholesale.com\/wp-content\/uploads\/2022\/07\/Breze-Stiik-BOX-Pro-5000-Puffs-Disposable-Vape-Wholesale-Peach-Mango-Flavors.jpg?resize=800%2C800&#038;ssl=1\" alt=\"Breze Stiik BOX Pro 5000 bouff\u00e9es Vape jetable en gros Ar\u00f4mes de p\u00eache et de mangue\" width=\"800\" height=\"800\" \/><\/a> <a href=\"https:\/\/i0.wp.com\/www.disposablevapeswholesale.com\/wp-content\/uploads\/2022\/07\/Breze-Stiik-BOX-Pro-5000-Puffs-Disposable-Vape-Wholesale-Watermelon-Ice-Flavors.jpg?ssl=1\" target=\"_blank\" rel=\"noopener\"><img data-recalc-dims=\"1\" loading=\"lazy\" decoding=\"async\" class=\"alignnone size-full wp-image-4206\" title=\"Breze Stiik BOX Pro 5000 bouff\u00e9es Vape jetable en gros Saveurs de glace de past\u00e8que\" src=\"https:\/\/i0.wp.com\/www.disposablevapeswholesale.com\/wp-content\/uploads\/2022\/07\/Breze-Stiik-BOX-Pro-5000-Puffs-Disposable-Vape-Wholesale-Watermelon-Ice-Flavors.jpg?resize=800%2C800&#038;ssl=1\" alt=\"Breze Stiik BOX Pro 5000 bouff\u00e9es Vape jetable en gros Saveurs de glace de past\u00e8que\" width=\"800\" height=\"800\" \/><\/a> <a href=\"https:\/\/i0.wp.com\/www.disposablevapeswholesale.com\/wp-content\/uploads\/2022\/07\/Breze-Stiik-BOX-Pro-5000-Puffs-Disposable-Vape-Wholesale-Strawberry-Ice-Cream-Flavors.jpg?ssl=1\" target=\"_blank\" rel=\"noopener\"><img data-recalc-dims=\"1\" loading=\"lazy\" decoding=\"async\" class=\"alignnone size-full wp-image-4204\" title=\"Breze Stiik BOX Pro 5000 bouff\u00e9es Vape jetable en gros Parfums de glace \u00e0 la fraise\" src=\"https:\/\/i0.wp.com\/www.disposablevapeswholesale.com\/wp-content\/uploads\/2022\/07\/Breze-Stiik-BOX-Pro-5000-Puffs-Disposable-Vape-Wholesale-Strawberry-Ice-Cream-Flavors.jpg?resize=800%2C800&#038;ssl=1\" alt=\"Breze Stiik BOX Pro 5000 bouff\u00e9es Vape jetable en gros Parfums de glace \u00e0 la fraise\" width=\"800\" height=\"800\" \/><\/a> <a href=\"https:\/\/i0.wp.com\/www.disposablevapeswholesale.com\/wp-content\/uploads\/2022\/07\/Breze-Stiik-BOX-Pro-5000-Puffs-Disposable-Vape-Wholesale-Pink-Lemonade-Flavors.jpg?ssl=1\" target=\"_blank\" rel=\"noopener\"><img data-recalc-dims=\"1\" loading=\"lazy\" decoding=\"async\" class=\"alignnone size-full wp-image-4202\" title=\"Breze Stiik BOX Pro 5000 bouff\u00e9es Vape jetable en gros Saveurs de limonade rose\" src=\"https:\/\/i0.wp.com\/www.disposablevapeswholesale.com\/wp-content\/uploads\/2022\/07\/Breze-Stiik-BOX-Pro-5000-Puffs-Disposable-Vape-Wholesale-Pink-Lemonade-Flavors.jpg?resize=800%2C800&#038;ssl=1\" alt=\"Breze Stiik BOX Pro 5000 bouff\u00e9es Vape jetable en gros Saveurs de limonade rose\" width=\"800\" height=\"800\" \/><\/a><\/p>","protected":false},"excerpt":{"rendered":"<p>Breze Stiik BOX Pro 5000 Puffs Disposable Vape Wholesale offre une batterie de longue dur\u00e9e, un flux d'air r\u00e9glable et un d\u00e9bit de vapeur constant pour des sessions de vapotage de qualit\u00e9 sup\u00e9rieure.<\/p>","protected":false},"featured_media":1537,"comment_status":"closed","ping_status":"closed","template":"","meta":[],"product_brand":[],"product_cat":[22],"product_tag":[263,304,60,256],"class_list":{"0":"post-1266","1":"product","2":"type-product","3":"status-publish","4":"has-post-thumbnail","6":"product_cat-disposable-vape-sticks","7":"product_tag-5000-puffs","8":"product_tag-breze-stiik-box-pro","9":"product_tag-disposable-vapes","10":"product_tag-wholesale","12":"first","13":"instock","14":"shipping-taxable","15":"purchasable","16":"product-type-simple"},"jetpack_sharing_enabled":true,"tiered_pricing_type":"fixed","tiered_pricing_fixed_rules":{"5000":7,"10000":6,"50000":5},"tiered_pricing_product_settings":{"layout":"default","base_unit_name":{"singular":null,"plural":null},"default_variation":null},"tiered_pricing_minimum_quantity":60,"tiered_pricing_roles_data":[],"tiered_pricing_percentage_rules":[],"tiered_pricing_maximum_quantity":null,"tiered_pricing_quantity_step":null,"_links":{"self":[{"href":"https:\/\/cloudsupplyvapes.com\/fr\/wp-json\/wp\/v2\/product\/1266","targetHints":{"allow":["GET"]}}],"collection":[{"href":"https:\/\/cloudsupplyvapes.com\/fr\/wp-json\/wp\/v2\/product"}],"about":[{"href":"https:\/\/cloudsupplyvapes.com\/fr\/wp-json\/wp\/v2\/types\/product"}],"replies":[{"embeddable":true,"href":"https:\/\/cloudsupplyvapes.com\/fr\/wp-json\/wp\/v2\/comments?post=1266"}],"wp:featuredmedia":[{"embeddable":true,"href":"https:\/\/cloudsupplyvapes.com\/fr\/wp-json\/wp\/v2\/media\/1537"}],"wp:attachment":[{"href":"https:\/\/cloudsupplyvapes.com\/fr\/wp-json\/wp\/v2\/media?parent=1266"}],"wp:term":[{"taxonomy":"product_brand","embeddable":true,"href":"https:\/\/cloudsupplyvapes.com\/fr\/wp-json\/wp\/v2\/product_brand?post=1266"},{"taxonomy":"product_cat","embeddable":true,"href":"https:\/\/cloudsupplyvapes.com\/fr\/wp-json\/wp\/v2\/product_cat?post=1266"},{"taxonomy":"product_tag","embeddable":true,"href":"https:\/\/cloudsupplyvapes.com\/fr\/wp-json\/wp\/v2\/product_tag?post=1266"}],"curies":[{"name":"wp","href":"https:\/\/api.w.org\/{rel}","templated":true}]}}