{"id":1267,"date":"2024-10-19T02:18:49","date_gmt":"2024-10-19T02:18:49","guid":{"rendered":"https:\/\/cloudsupplyvapes.com\/?post_type=product&#038;p=1267"},"modified":"2024-11-26T08:37:52","modified_gmt":"2024-11-26T08:37:52","slug":"-55","status":"publish","type":"product","link":"https:\/\/cloudsupplyvapes.com\/fr\/product\/breze-stiik-box-3500-puffs-disposable-vape-wholesale\/","title":{"rendered":"Breze Stiik BOX 3500 Puffs Vape jetable Wholesale Lightweight Durable Vape"},"content":{"rendered":"<p>Breze Stiik BOX is a disposable vape device comes with pre-filled 12ml salt nic e-juice and a built-in 1500mAh battery provides approximately 3500 puffs.The device\u2019s unique design and rich flavors are loved by the crowd.<\/p>\n<p>&nbsp;<\/p>\n<h2>Breze Stiik BOX 3500 Disposable Vape Specifications:<\/h2>\n<p>Marque : Breze Stiik<\/p>\n<p>Puffs: 3500 Puffs are available per device.<\/p>\n<p>Nicotine: 2%\/5%<\/p>\n<p>Capacit\u00e9 E-juice : 12ML<\/p>\n<p>Battery: 1500mAh<\/p>\n<p>&nbsp;<\/p>\n<h2>Saveurs<\/h2>\n<p>Glace de raisin<\/p>\n<p>Bleu Razz<\/p>\n<p>Glace \u00e0 la menthe<\/p>\n<p>Glace luxuriante<\/p>\n<p>Glace \u00e0 la fraise<\/p>\n<p>Banane glac\u00e9e<\/p>\n<p>&nbsp;<\/p>\n<h2>Emballage et poids<\/h2>\n<p>0.070KG\/PCS, une seule pi\u00e8ce dans un petit emballage, 5 pi\u00e8ces dans une bo\u00eete moyenne.<\/p>\n<p>200PCS en carton, 14KG.<\/p>\n<p><a href=\"https:\/\/i0.wp.com\/www.disposablevapeswholesale.com\/wp-content\/uploads\/2022\/07\/Breze-Stiik-BOX-3500-Puffs-Disposable-Vape-Wholesale-Strawberry-Ice.jpg?ssl=1\" target=\"_blank\" rel=\"noopener\"><img data-recalc-dims=\"1\" loading=\"lazy\" decoding=\"async\" class=\"alignnone size-full wp-image-4177\" title=\"Breze Stiik BOX 3500 Puffs Disposable Vape Wholesale Strawberry Ice\" src=\"https:\/\/i0.wp.com\/www.disposablevapeswholesale.com\/wp-content\/uploads\/2022\/07\/Breze-Stiik-BOX-3500-Puffs-Disposable-Vape-Wholesale-Strawberry-Ice.jpg?resize=800%2C800&#038;ssl=1\" alt=\"Breze Stiik BOX 3500 Puffs Disposable Vape Wholesale Strawberry Ice\" width=\"800\" height=\"800\" \/><\/a> <a href=\"https:\/\/i0.wp.com\/www.disposablevapeswholesale.com\/wp-content\/uploads\/2022\/07\/Breze-Stiik-BOX-3500-Puffs-Disposable-Vape-Wholesale-Mint-Ice.jpg?ssl=1\" target=\"_blank\" rel=\"noopener\"><img data-recalc-dims=\"1\" loading=\"lazy\" decoding=\"async\" class=\"alignnone size-full wp-image-4176\" title=\"Breze Stiik BOX 3500 Puffs Disposable Vape Wholesale Mint Ice\" src=\"https:\/\/i0.wp.com\/www.disposablevapeswholesale.com\/wp-content\/uploads\/2022\/07\/Breze-Stiik-BOX-3500-Puffs-Disposable-Vape-Wholesale-Mint-Ice.jpg?resize=800%2C800&#038;ssl=1\" alt=\"Breze Stiik BOX 3500 Puffs Disposable Vape Wholesale Mint Ice\" width=\"800\" height=\"800\" \/><\/a> <a href=\"https:\/\/i0.wp.com\/www.disposablevapeswholesale.com\/wp-content\/uploads\/2022\/07\/Breze-Stiik-BOX-3500-Puffs-Disposable-Vape-Wholesale-Lush-Ice.jpg?ssl=1\" target=\"_blank\" rel=\"noopener\"><img data-recalc-dims=\"1\" loading=\"lazy\" decoding=\"async\" class=\"alignnone size-full wp-image-4175\" title=\"Breze Stiik BOX 3500 Puffs Disposable Vape Wholesale Lush Ice\" src=\"https:\/\/i0.wp.com\/www.disposablevapeswholesale.com\/wp-content\/uploads\/2022\/07\/Breze-Stiik-BOX-3500-Puffs-Disposable-Vape-Wholesale-Lush-Ice.jpg?resize=800%2C800&#038;ssl=1\" alt=\"Breze Stiik BOX 3500 Puffs Disposable Vape Wholesale Lush Ice\" width=\"800\" height=\"800\" \/><\/a> <a href=\"https:\/\/i0.wp.com\/www.disposablevapeswholesale.com\/wp-content\/uploads\/2022\/07\/Breze-Stiik-BOX-3500-Puffs-Disposable-Vape-Wholesale-Grape-Ice.jpg?ssl=1\" target=\"_blank\" rel=\"noopener\"><img data-recalc-dims=\"1\" loading=\"lazy\" decoding=\"async\" class=\"alignnone size-full wp-image-4174\" title=\"Breze Stiik BOX 3500 Puffs Disposable Vape Wholesale Grape Ice\" src=\"https:\/\/i0.wp.com\/www.disposablevapeswholesale.com\/wp-content\/uploads\/2022\/07\/Breze-Stiik-BOX-3500-Puffs-Disposable-Vape-Wholesale-Grape-Ice.jpg?resize=800%2C800&#038;ssl=1\" alt=\"Breze Stiik BOX 3500 Puffs Disposable Vape Wholesale Grape Ice\" width=\"800\" height=\"800\" \/><\/a> <a href=\"https:\/\/i0.wp.com\/www.disposablevapeswholesale.com\/wp-content\/uploads\/2022\/07\/Breze-Stiik-BOX-3500-Puffs-Disposable-Vape-Wholesale-Blue-Razz.jpg?ssl=1\" target=\"_blank\" rel=\"noopener\"><img data-recalc-dims=\"1\" loading=\"lazy\" decoding=\"async\" class=\"alignnone size-full wp-image-4173\" title=\"Breze Stiik BOX 3500 Puffs Disposable Vape Wholesale Blue Razz\" src=\"https:\/\/i0.wp.com\/www.disposablevapeswholesale.com\/wp-content\/uploads\/2022\/07\/Breze-Stiik-BOX-3500-Puffs-Disposable-Vape-Wholesale-Blue-Razz.jpg?resize=800%2C800&#038;ssl=1\" alt=\"Breze Stiik BOX 3500 Puffs Disposable Vape Wholesale Blue Razz\" width=\"800\" height=\"800\" \/><\/a> <a href=\"https:\/\/i0.wp.com\/www.disposablevapeswholesale.com\/wp-content\/uploads\/2022\/07\/Breze-Stiik-BOX-3500-Puffs-Disposable-Vape-Wholesale-Banana-Ice.jpg?ssl=1\" target=\"_blank\" rel=\"noopener\"><img data-recalc-dims=\"1\" loading=\"lazy\" decoding=\"async\" class=\"alignnone size-full wp-image-4172\" title=\"Breze Stiik BOX 3500 Puffs Disposable Vape Wholesale Banana Ice\" src=\"https:\/\/i0.wp.com\/www.disposablevapeswholesale.com\/wp-content\/uploads\/2022\/07\/Breze-Stiik-BOX-3500-Puffs-Disposable-Vape-Wholesale-Banana-Ice.jpg?resize=800%2C800&#038;ssl=1\" alt=\"Breze Stiik BOX 3500 Puffs Disposable Vape Wholesale Banana Ice\" width=\"800\" height=\"800\" \/><\/a><\/p>","protected":false},"excerpt":{"rendered":"<p>Breze Stiik BOX 3500 Puffs Disposable Vape Wholesale features a lightweight design, durable construction, and smooth vapor delivery, making it perfect for portable and reliable vaping.<\/p>","protected":false},"featured_media":1547,"comment_status":"closed","ping_status":"closed","template":"","meta":[],"product_brand":[],"product_cat":[22],"product_tag":[305,306,60,256],"class_list":{"0":"post-1267","1":"product","2":"type-product","3":"status-publish","4":"has-post-thumbnail","6":"product_cat-disposable-vape-sticks","7":"product_tag-3500-puff","8":"product_tag-breze-stiik-box","9":"product_tag-disposable-vapes","10":"product_tag-wholesale","12":"first","13":"instock","14":"shipping-taxable","15":"purchasable","16":"product-type-simple"},"jetpack_sharing_enabled":true,"tiered_pricing_type":"fixed","tiered_pricing_fixed_rules":{"5000":8,"10000":7,"50000":6},"tiered_pricing_product_settings":{"layout":"default","base_unit_name":{"singular":null,"plural":null},"default_variation":null},"tiered_pricing_minimum_quantity":60,"tiered_pricing_roles_data":[],"tiered_pricing_percentage_rules":[],"tiered_pricing_maximum_quantity":null,"tiered_pricing_quantity_step":null,"_links":{"self":[{"href":"https:\/\/cloudsupplyvapes.com\/fr\/wp-json\/wp\/v2\/product\/1267","targetHints":{"allow":["GET"]}}],"collection":[{"href":"https:\/\/cloudsupplyvapes.com\/fr\/wp-json\/wp\/v2\/product"}],"about":[{"href":"https:\/\/cloudsupplyvapes.com\/fr\/wp-json\/wp\/v2\/types\/product"}],"replies":[{"embeddable":true,"href":"https:\/\/cloudsupplyvapes.com\/fr\/wp-json\/wp\/v2\/comments?post=1267"}],"wp:featuredmedia":[{"embeddable":true,"href":"https:\/\/cloudsupplyvapes.com\/fr\/wp-json\/wp\/v2\/media\/1547"}],"wp:attachment":[{"href":"https:\/\/cloudsupplyvapes.com\/fr\/wp-json\/wp\/v2\/media?parent=1267"}],"wp:term":[{"taxonomy":"product_brand","embeddable":true,"href":"https:\/\/cloudsupplyvapes.com\/fr\/wp-json\/wp\/v2\/product_brand?post=1267"},{"taxonomy":"product_cat","embeddable":true,"href":"https:\/\/cloudsupplyvapes.com\/fr\/wp-json\/wp\/v2\/product_cat?post=1267"},{"taxonomy":"product_tag","embeddable":true,"href":"https:\/\/cloudsupplyvapes.com\/fr\/wp-json\/wp\/v2\/product_tag?post=1267"}],"curies":[{"name":"wp","href":"https:\/\/api.w.org\/{rel}","templated":true}]}}