{"id":129,"date":"2024-10-10T07:17:19","date_gmt":"2024-10-10T07:17:19","guid":{"rendered":"https:\/\/cloudsupplyvapes.com\/?post_type=product&#038;p=129"},"modified":"2024-11-26T09:38:42","modified_gmt":"2024-11-26T09:38:42","slug":"bang-shisha-15000-puff-disposable-vape-wholesale","status":"publish","type":"product","link":"https:\/\/cloudsupplyvapes.com\/fr\/product\/bang-shisha-15000-puff-disposable-vape-wholesale\/","title":{"rendered":"Bang Shisha 15000 bouff\u00e9es Vape jetable Wholesale Versatile Long-Lasting Performance"},"content":{"rendered":"<h3 class=\"second-title\">Caract\u00e9ristiques<\/h3>\n<ul>\n<li>Batterie int\u00e9gr\u00e9e de 600mAh<\/li>\n<li>Rechargeable<\/li>\n<li>Une alimentation \u00e9lectrique efficace et coh\u00e9rente<\/li>\n<li>23ml E-juice pr\u00e9-rempli<\/li>\n<li>0% 2% 3% 5% Taux de nicotine<\/li>\n<li>Satisfaire pr\u00e8s de 15000 bouff\u00e9es<\/li>\n<li>Bobine de maille<\/li>\n<li>Protection : Surchauffe, court-circuit<\/li>\n<\/ul>\n<h3>Liste des ar\u00f4mes<\/h3>\n<p>1,Glace aux myrtilles<br \/>\n2,Blue Razz Ice<br \/>\n3,Past\u00e8que \u00e0 la cerise<br \/>\n4,Pomme surgel\u00e9e<br \/>\n5,Gum Mint<br \/>\n6,Mangue Banane<br \/>\n7,M\u00e9lange de glace aux baies<br \/>\n8,Ananas noix de coco<br \/>\n9,Slush aux baies rouges<br \/>\n10,Kiwi Fruit de la passion Goyave<br \/>\n11,Canneberge raisin<br \/>\n12,Glace \u00e0 la fraise<br \/>\n13,Kiwi fraise<br \/>\n14,Bonbons \u00e0 la fraise et \u00e0 la framboise<br \/>\n15,Glace \u00e0 la past\u00e8que<br \/>\n16,P\u00eaches juteuses<br \/>\n17,Love 66<br \/>\n18,P\u00eache mangue<br \/>\n19,Red Bull<br \/>\n20,Past\u00e8que Fraise Bubblegum<\/p>","protected":false},"excerpt":{"rendered":"<p>Bang Shisha 15000 Puffs Disposable Vape Wholesale combine un design polyvalent, une production de vapeur douce et des performances durables pour une exp\u00e9rience de vapotage de premi\u00e8re qualit\u00e9.<\/p>","protected":false},"featured_media":127,"comment_status":"open","ping_status":"closed","template":"","meta":[],"product_brand":[],"product_cat":[16],"product_tag":[],"class_list":{"0":"post-129","1":"product","2":"type-product","3":"status-publish","4":"has-post-thumbnail","6":"product_cat-disposable-vapes-for-wholesale","8":"first","9":"instock","10":"shipping-taxable","11":"purchasable","12":"product-type-simple"},"jetpack_sharing_enabled":true,"tiered_pricing_type":"fixed","tiered_pricing_fixed_rules":{"100":9.9000000000000003552713678800500929355621337890625,"500":8.9000000000000003552713678800500929355621337890625},"tiered_pricing_product_settings":{"layout":"default","base_unit_name":{"singular":null,"plural":null},"default_variation":null},"tiered_pricing_minimum_quantity":10,"tiered_pricing_roles_data":[],"tiered_pricing_percentage_rules":[],"tiered_pricing_maximum_quantity":null,"tiered_pricing_quantity_step":"10","_links":{"self":[{"href":"https:\/\/cloudsupplyvapes.com\/fr\/wp-json\/wp\/v2\/product\/129","targetHints":{"allow":["GET"]}}],"collection":[{"href":"https:\/\/cloudsupplyvapes.com\/fr\/wp-json\/wp\/v2\/product"}],"about":[{"href":"https:\/\/cloudsupplyvapes.com\/fr\/wp-json\/wp\/v2\/types\/product"}],"replies":[{"embeddable":true,"href":"https:\/\/cloudsupplyvapes.com\/fr\/wp-json\/wp\/v2\/comments?post=129"}],"wp:featuredmedia":[{"embeddable":true,"href":"https:\/\/cloudsupplyvapes.com\/fr\/wp-json\/wp\/v2\/media\/127"}],"wp:attachment":[{"href":"https:\/\/cloudsupplyvapes.com\/fr\/wp-json\/wp\/v2\/media?parent=129"}],"wp:term":[{"taxonomy":"product_brand","embeddable":true,"href":"https:\/\/cloudsupplyvapes.com\/fr\/wp-json\/wp\/v2\/product_brand?post=129"},{"taxonomy":"product_cat","embeddable":true,"href":"https:\/\/cloudsupplyvapes.com\/fr\/wp-json\/wp\/v2\/product_cat?post=129"},{"taxonomy":"product_tag","embeddable":true,"href":"https:\/\/cloudsupplyvapes.com\/fr\/wp-json\/wp\/v2\/product_tag?post=129"}],"curies":[{"name":"wp","href":"https:\/\/api.w.org\/{rel}","templated":true}]}}