{"id":1527,"date":"2024-10-19T02:20:08","date_gmt":"2024-10-19T02:20:08","guid":{"rendered":"https:\/\/cloudsupplyvapes.com\/?post_type=product&#038;p=1527"},"modified":"2024-11-26T08:36:49","modified_gmt":"2024-11-26T08:36:49","slug":"-56","status":"publish","type":"product","link":"https:\/\/cloudsupplyvapes.com\/fr\/product\/randm-max-pro-3600-puffs-disposable-vape-wholesale\/","title":{"rendered":"RandM Max Pro 3600 Puffs Vape jetable Wholesale Compact Durable Build"},"content":{"rendered":"<p>RandM Max Pro est un dispositif de vape rechargeable jetable, utilisant les cartouches de vape jetables de dessin anim\u00e9, tr\u00e8s mignonnes et \u00e9l\u00e9gantes. Le design de l'animation avec la lumi\u00e8re LED clignotante sur le bouton en fait l'appareil jetable le plus cool, et il est \u00e9quip\u00e9 d'un port USB rechargeable sur le fond de l'appareil, ce qui vous garantit de finir jusqu'\u00e0 la derni\u00e8re goutte d'e-liquide.<\/p>\n<p>&nbsp;<\/p>\n<h2>RandM Max Pro Dispositif \u00e0 usage unique Caract\u00e9ristiques :<\/h2>\n<p>??% Sel de nicotine.<\/p>\n<p>? 0ML de E-liquide.<\/p>\n<p>? 600 bouff\u00e9es par appareil.<\/p>\n<p>\u2611Cartoon Design.<\/p>\n<p>\u2611USB Charging Port.<\/p>\n<p>Batterie int\u00e9gr\u00e9e de 1100mAh.<\/p>\n<p>? ? Saveurs disponibles.<\/p>\n<p>\u2611Dispositif jetable (non rechargeable et non rechargeable)<\/p>\n<p>&nbsp;<\/p>\n<h2>Saveurs<\/h2>\n<p>Glace \u00e0 l'ananas<\/p>\n<p>Limonade rose<\/p>\n<p>Glace \u00e0 la mangue<\/p>\n<p>Glace Blue Razz<\/p>\n<p>Alo\u00e8s raisin<\/p>\n<p>Fraise et banane<\/p>\n<p>Baies m\u00e9lang\u00e9es<\/p>\n<p>Glace luxuriante<\/p>\n<p>&nbsp;<\/p>\n<h2>Emballage et poids<\/h2>\n<p>0,046KG\/PCS, une seule pi\u00e8ce dans un petit emballage, 10 pi\u00e8ces dans une bo\u00eete moyenne.<\/p>\n<p>280PCS en carton, 13KG.<\/p>\n<p>&nbsp;<\/p>\n<h2>OEM<\/h2>\n<p>Quantit\u00e9 minimale de commande pour OEM : 1000 PCS m\u00eame parfum.<\/p>\n<p><a href=\"https:\/\/i0.wp.com\/www.disposablevapeswholesale.com\/wp-content\/uploads\/2022\/03\/RandM-Max-Pro-3600-Puffs-Disposable-Vape-Wholesale.jpg?ssl=1\" target=\"_blank\" rel=\"noopener\"><img data-recalc-dims=\"1\" loading=\"lazy\" decoding=\"async\" class=\"alignnone size-full wp-image-2204\" title=\"RandM Max Pro 3600 Puffs Disposable Vape Wholesale\" src=\"https:\/\/i0.wp.com\/www.disposablevapeswholesale.com\/wp-content\/uploads\/2022\/03\/RandM-Max-Pro-3600-Puffs-Disposable-Vape-Wholesale.jpg?resize=800%2C800&#038;ssl=1\" alt=\"RandM Max Pro 3600 Puffs Disposable Vape Wholesale\" width=\"800\" height=\"800\" \/><\/a> <a href=\"https:\/\/i0.wp.com\/www.disposablevapeswholesale.com\/wp-content\/uploads\/2022\/03\/RandM-Max-Pro-3600-Puffs-Disposable-Vape-Wholesale-Aloe-Grape-Flavors.jpg?ssl=1\" target=\"_blank\" rel=\"noopener\"><img data-recalc-dims=\"1\" loading=\"lazy\" decoding=\"async\" class=\"alignnone size-full wp-image-2195\" title=\"RandM Max Pro 3600 bouff\u00e9es Vape jetable en gros Aloe Grape Flavors\" src=\"https:\/\/i0.wp.com\/www.disposablevapeswholesale.com\/wp-content\/uploads\/2022\/03\/RandM-Max-Pro-3600-Puffs-Disposable-Vape-Wholesale-Aloe-Grape-Flavors.jpg?resize=800%2C800&#038;ssl=1\" alt=\"RandM Max Pro 3600 bouff\u00e9es Vape jetable en gros Aloe Grape Flavors\" width=\"800\" height=\"800\" \/><\/a> <a href=\"https:\/\/i0.wp.com\/www.disposablevapeswholesale.com\/wp-content\/uploads\/2022\/03\/RandM-Max-Pro-3600-Puffs-Disposable-Vape-Wholesale-Strawberry-Banana.jpg?ssl=1\" target=\"_blank\" rel=\"noopener\"><img data-recalc-dims=\"1\" loading=\"lazy\" decoding=\"async\" class=\"alignnone size-full wp-image-2203\" title=\"RandM Max Pro 3600 Puffs Vape jetable en gros Fraise Banane\" src=\"https:\/\/i0.wp.com\/www.disposablevapeswholesale.com\/wp-content\/uploads\/2022\/03\/RandM-Max-Pro-3600-Puffs-Disposable-Vape-Wholesale-Strawberry-Banana.jpg?resize=800%2C800&#038;ssl=1\" alt=\"RandM Max Pro 3600 Puffs Vape jetable en gros Fraise Banane\" width=\"800\" height=\"800\" \/><\/a> <a href=\"https:\/\/i0.wp.com\/www.disposablevapeswholesale.com\/wp-content\/uploads\/2022\/03\/RandM-Max-Pro-3600-Puffs-Disposable-Vape-Wholesale-Pink-lemonade.jpg?ssl=1\" target=\"_blank\" rel=\"noopener\"><img data-recalc-dims=\"1\" loading=\"lazy\" decoding=\"async\" class=\"alignnone size-full wp-image-2202\" title=\"RandM Max Pro 3600 bouff\u00e9es Vape jetable en gros Limonade rose\" src=\"https:\/\/i0.wp.com\/www.disposablevapeswholesale.com\/wp-content\/uploads\/2022\/03\/RandM-Max-Pro-3600-Puffs-Disposable-Vape-Wholesale-Pink-lemonade.jpg?resize=800%2C800&#038;ssl=1\" alt=\"RandM Max Pro 3600 bouff\u00e9es Vape jetable en gros Limonade rose\" width=\"800\" height=\"800\" \/><\/a> <a href=\"https:\/\/i0.wp.com\/www.disposablevapeswholesale.com\/wp-content\/uploads\/2022\/03\/RandM-Max-Pro-3600-Puffs-Disposable-Vape-Wholesale-Pineapple-Ice.jpg?ssl=1\" target=\"_blank\" rel=\"noopener\"><img data-recalc-dims=\"1\" loading=\"lazy\" decoding=\"async\" class=\"alignnone size-full wp-image-2201\" title=\"RandM Max Pro 3600 Puffs Vape jetable en gros Ananas Ice\" src=\"https:\/\/i0.wp.com\/www.disposablevapeswholesale.com\/wp-content\/uploads\/2022\/03\/RandM-Max-Pro-3600-Puffs-Disposable-Vape-Wholesale-Pineapple-Ice.jpg?resize=800%2C800&#038;ssl=1\" alt=\"RandM Max Pro 3600 Puffs Vape jetable en gros Ananas Ice\" width=\"800\" height=\"800\" \/><\/a> <a href=\"https:\/\/i0.wp.com\/www.disposablevapeswholesale.com\/wp-content\/uploads\/2022\/03\/RandM-Max-Pro-3600-Puffs-Disposable-Vape-Wholesale-Mixed-Berries.jpg?ssl=1\" target=\"_blank\" rel=\"noopener\"><img data-recalc-dims=\"1\" loading=\"lazy\" decoding=\"async\" class=\"alignnone size-full wp-image-2200\" title=\"RandM Max Pro 3600 bouff\u00e9es Vape jetable en gros Mixed Berries\" src=\"https:\/\/i0.wp.com\/www.disposablevapeswholesale.com\/wp-content\/uploads\/2022\/03\/RandM-Max-Pro-3600-Puffs-Disposable-Vape-Wholesale-Mixed-Berries.jpg?resize=800%2C800&#038;ssl=1\" alt=\"RandM Max Pro 3600 bouff\u00e9es Vape jetable en gros Mixed Berries\" width=\"800\" height=\"800\" \/><\/a> <a href=\"https:\/\/i0.wp.com\/www.disposablevapeswholesale.com\/wp-content\/uploads\/2022\/03\/RandM-Max-Pro-3600-Puffs-Disposable-Vape-Wholesale-Mango-Ice.jpg?ssl=1\" target=\"_blank\" rel=\"noopener\"><img data-recalc-dims=\"1\" loading=\"lazy\" decoding=\"async\" class=\"alignnone size-full wp-image-2199\" title=\"RandM Max Pro 3600 bouff\u00e9es Vape jetable en gros Mango Ice\" src=\"https:\/\/i0.wp.com\/www.disposablevapeswholesale.com\/wp-content\/uploads\/2022\/03\/RandM-Max-Pro-3600-Puffs-Disposable-Vape-Wholesale-Mango-Ice.jpg?resize=800%2C800&#038;ssl=1\" alt=\"RandM Max Pro 3600 bouff\u00e9es Vape jetable en gros Mango Ice\" width=\"800\" height=\"800\" \/><\/a> <a href=\"https:\/\/i0.wp.com\/www.disposablevapeswholesale.com\/wp-content\/uploads\/2022\/03\/RandM-Max-Pro-3600-Puffs-Disposable-Vape-Wholesale-Lush-Ice.jpg?ssl=1\" target=\"_blank\" rel=\"noopener\"><img data-recalc-dims=\"1\" loading=\"lazy\" decoding=\"async\" class=\"alignnone size-full wp-image-2198\" title=\"RandM Max Pro 3600 bouff\u00e9es Vape jetable en gros Lush Ice\" src=\"https:\/\/i0.wp.com\/www.disposablevapeswholesale.com\/wp-content\/uploads\/2022\/03\/RandM-Max-Pro-3600-Puffs-Disposable-Vape-Wholesale-Lush-Ice.jpg?resize=800%2C800&#038;ssl=1\" alt=\"RandM Max Pro 3600 bouff\u00e9es Vape jetable en gros Lush Ice\" width=\"800\" height=\"800\" \/><\/a> <a href=\"https:\/\/i0.wp.com\/www.disposablevapeswholesale.com\/wp-content\/uploads\/2022\/03\/RandM-Max-Pro-3600-Puffs-Disposable-Vape-Wholesale-Blue-Razz-Ice.jpg?ssl=1\" target=\"_blank\" rel=\"noopener\"><img data-recalc-dims=\"1\" loading=\"lazy\" decoding=\"async\" class=\"alignnone size-full wp-image-2197\" title=\"RandM Max Pro 3600 Puffs Vape jetable en gros Blue Razz Ice\" src=\"https:\/\/i0.wp.com\/www.disposablevapeswholesale.com\/wp-content\/uploads\/2022\/03\/RandM-Max-Pro-3600-Puffs-Disposable-Vape-Wholesale-Blue-Razz-Ice.jpg?resize=800%2C800&#038;ssl=1\" alt=\"RandM Max Pro 3600 Puffs Vape jetable en gros Blue Razz Ice\" width=\"800\" height=\"800\" \/><\/a> <a href=\"https:\/\/i0.wp.com\/www.disposablevapeswholesale.com\/wp-content\/uploads\/2022\/03\/RandM-Max-Pro-3600-Puffs-Disposable-Vape-Wholesale-Aloe-Grape.jpg?ssl=1\" target=\"_blank\" rel=\"noopener\"><img data-recalc-dims=\"1\" loading=\"lazy\" decoding=\"async\" class=\"alignnone size-full wp-image-2196\" title=\"RandM Max Pro 3600 bouff\u00e9es Vape jetable en gros Aloe Grape\" src=\"https:\/\/i0.wp.com\/www.disposablevapeswholesale.com\/wp-content\/uploads\/2022\/03\/RandM-Max-Pro-3600-Puffs-Disposable-Vape-Wholesale-Aloe-Grape.jpg?resize=800%2C800&#038;ssl=1\" alt=\"RandM Max Pro 3600 bouff\u00e9es Vape jetable en gros Aloe Grape\" width=\"800\" height=\"800\" \/><\/a><\/p>","protected":false},"excerpt":{"rendered":"<p>RandM Max Pro 3600 Puffs Disposable Vape Wholesale combine un design compact, une construction durable et un d\u00e9bit de vapeur r\u00e9gulier pour des sessions de vapotage fiables et satisfaisantes.<\/p>","protected":false},"featured_media":1814,"comment_status":"closed","ping_status":"closed","template":"","meta":[],"product_brand":[],"product_cat":[22],"product_tag":[329,60,331,256],"class_list":{"0":"post-1527","1":"product","2":"type-product","3":"status-publish","4":"has-post-thumbnail","6":"product_cat-disposable-vape-sticks","7":"product_tag-3600-puffs","8":"product_tag-disposable-vapes","9":"product_tag-randm-max-pro","10":"product_tag-wholesale","12":"first","13":"instock","14":"shipping-taxable","15":"purchasable","16":"product-type-simple"},"jetpack_sharing_enabled":true,"tiered_pricing_type":"fixed","tiered_pricing_fixed_rules":{"5000":6,"10000":5,"50000":4},"tiered_pricing_product_settings":{"layout":"default","base_unit_name":{"singular":null,"plural":null},"default_variation":null},"tiered_pricing_minimum_quantity":60,"tiered_pricing_roles_data":[],"tiered_pricing_percentage_rules":[],"tiered_pricing_maximum_quantity":null,"tiered_pricing_quantity_step":null,"_links":{"self":[{"href":"https:\/\/cloudsupplyvapes.com\/fr\/wp-json\/wp\/v2\/product\/1527","targetHints":{"allow":["GET"]}}],"collection":[{"href":"https:\/\/cloudsupplyvapes.com\/fr\/wp-json\/wp\/v2\/product"}],"about":[{"href":"https:\/\/cloudsupplyvapes.com\/fr\/wp-json\/wp\/v2\/types\/product"}],"replies":[{"embeddable":true,"href":"https:\/\/cloudsupplyvapes.com\/fr\/wp-json\/wp\/v2\/comments?post=1527"}],"wp:featuredmedia":[{"embeddable":true,"href":"https:\/\/cloudsupplyvapes.com\/fr\/wp-json\/wp\/v2\/media\/1814"}],"wp:attachment":[{"href":"https:\/\/cloudsupplyvapes.com\/fr\/wp-json\/wp\/v2\/media?parent=1527"}],"wp:term":[{"taxonomy":"product_brand","embeddable":true,"href":"https:\/\/cloudsupplyvapes.com\/fr\/wp-json\/wp\/v2\/product_brand?post=1527"},{"taxonomy":"product_cat","embeddable":true,"href":"https:\/\/cloudsupplyvapes.com\/fr\/wp-json\/wp\/v2\/product_cat?post=1527"},{"taxonomy":"product_tag","embeddable":true,"href":"https:\/\/cloudsupplyvapes.com\/fr\/wp-json\/wp\/v2\/product_tag?post=1527"}],"curies":[{"name":"wp","href":"https:\/\/api.w.org\/{rel}","templated":true}]}}