{"id":1608,"date":"2024-10-19T02:20:32","date_gmt":"2024-10-19T02:20:32","guid":{"rendered":"https:\/\/cloudsupplyvapes.com\/?post_type=product&#038;p=1608"},"modified":"2024-11-26T07:50:17","modified_gmt":"2024-11-26T07:50:17","slug":"-59","status":"publish","type":"product","link":"https:\/\/cloudsupplyvapes.com\/fr\/product\/randm-twins-2in1-6000-puffs-led-light-disposable-vape-wholesale\/","title":{"rendered":"RANDM TWINS 2IN1 6000 bouff\u00e9es LED Light Vape jetable Wholesale Dual Flavor Durable Build"},"content":{"rendered":"<p>RandM Twins est un dispositif de vapotage 2 en 1 rechargeable de type C avec lumi\u00e8re LED, batterie haute capacit\u00e9 int\u00e9gr\u00e9e de 550 mAh, capacit\u00e9 de 14 ml d'huile e-liquide, jusqu'\u00e0 6000 bouff\u00e9es et 8 saveurs au choix.Vous pouvez changer de saveur \u00e0 tout moment et il est \u00e9quip\u00e9 d'un port rechargeable de type C situ\u00e9 au bas de l'appareil, ce qui vous garantit de pouvoir utiliser jusqu'\u00e0 la derni\u00e8re goutte de e-liquide dans le r\u00e9servoir. La lumi\u00e8re LED color\u00e9e rend cet appareil plus attrayant pendant la vaporisation.<\/p>\n<p>&nbsp;<\/p>\n<h2>Caract\u00e9ristiques du dispositif jetable RandM Twins 2 en 1 :<\/h2>\n<p>\u26115% Sel de nicotine.<\/p>\n<p>\u26114 ml de e-liquide.<\/p>\n<p>\u2611Saveur 2 en 1.<\/p>\n<p>\u2611Bobine maill\u00e9e.<\/p>\n<p>\u2611 Couleurs Lumi\u00e8re RVB<\/p>\n<p>\u2611Batterie rechargeable de type C<\/p>\n<p>\u2611Batterie int\u00e9gr\u00e9e de 550 mAh.<\/p>\n<p>\u2611 Saveurs disponibles.<\/p>\n<p>\u2611300 pi\u00e8ces dans une bo\u00eete pr\u00e9sentoir.<\/p>\n<p>\u261140 pi\u00e8ces par carton.<\/p>\n<p>&nbsp;<\/p>\n<h2>Saveurs<\/h2>\n<p>Glace \u00e0 la fraise + fruits m\u00e9lang\u00e9s<\/p>\n<p>Glace \u00e0 la p\u00eache + Skittles<\/p>\n<p>Glace \u00e0 l'ananas + lait de coco<\/p>\n<p>Menthe fra\u00eeche + oursons g\u00e9lifi\u00e9s<\/p>\n<p>Glace bleue \u00e0 la framboise + citron rose<\/p>\n<p>Glace luxuriante + Glace \u00e0 la banane<\/p>\n<p>Boisson \u00e9nergisante + Glace \u00e0 la goyave<\/p>\n<p>Glace \u00e0 la mangue + Bubble Gum<\/p>\n<p>&nbsp;<\/p>\n<h2>Emballage et poids<\/h2>\n<p>0,07 kg\/pi\u00e8ce, \u00e0 l'unit\u00e9 dans un petit emballage, 10 pi\u00e8ces dans une bo\u00eete moyenne.<\/p>\n<p>300 pi\u00e8ces dans un carton principal, 21 kg.<\/p>\n<p>&nbsp;<\/p>\n<h2>OEM<\/h2>\n<p>Quantit\u00e9 minimale de commande pour OEM : 1000 PCS m\u00eame parfum.<\/p>\n<p><a href=\"https:\/\/i0.wp.com\/www.disposablevapeswholesale.com\/wp-content\/uploads\/2022\/03\/RANDM-TWINS-2IN1-6000-Puffs-LED-Light-Disposable-Vape-Wholesale.jpg?ssl=1\" target=\"_blank\" rel=\"noopener\"><img data-recalc-dims=\"1\" loading=\"lazy\" decoding=\"async\" class=\"alignnone size-full wp-image-2091\" title=\"RANDM TWINS 2IN1 6000 bouff\u00e9es LED lumineux jetable Vape en gros\" src=\"https:\/\/i0.wp.com\/www.disposablevapeswholesale.com\/wp-content\/uploads\/2022\/03\/RANDM-TWINS-2IN1-6000-Puffs-LED-Light-Disposable-Vape-Wholesale.jpg?resize=800%2C800&#038;ssl=1\" alt=\"RANDM TWINS 2IN1 6000 bouff\u00e9es LED lumineux jetable Vape en gros\" width=\"800\" height=\"800\" \/><\/a> <a href=\"https:\/\/i0.wp.com\/www.disposablevapeswholesale.com\/wp-content\/uploads\/2022\/03\/RANDM-TWINS-2IN1-6000-Puffs-LED-Light-Disposable-Vape-Wholesale-Flavors.jpg?ssl=1\" target=\"_blank\" rel=\"noopener\"><img data-recalc-dims=\"1\" loading=\"lazy\" decoding=\"async\" class=\"alignnone size-full wp-image-2085\" title=\"RANDM TWINS 2IN1 6000 bouff\u00e9es LED lumineux jetable Vape en gros saveurs\" src=\"https:\/\/i0.wp.com\/www.disposablevapeswholesale.com\/wp-content\/uploads\/2022\/03\/RANDM-TWINS-2IN1-6000-Puffs-LED-Light-Disposable-Vape-Wholesale-Flavors.jpg?resize=800%2C800&#038;ssl=1\" alt=\"RANDM TWINS 2IN1 6000 bouff\u00e9es LED lumineux jetable Vape en gros saveurs\" width=\"800\" height=\"800\" \/><\/a> <a href=\"https:\/\/i0.wp.com\/www.disposablevapeswholesale.com\/wp-content\/uploads\/2022\/03\/RANDM-TWINS-2IN1-6000-Puffs-LED-Light-Disposable-Vape-Wholesale-8-Flavors.jpg?ssl=1\" target=\"_blank\" rel=\"noopener\"><img data-recalc-dims=\"1\" loading=\"lazy\" decoding=\"async\" class=\"alignnone size-full wp-image-2081\" title=\"RANDM TWINS 2IN1 6000 bouff\u00e9es LED lumineux jetable Vape en gros 8 saveurs\" src=\"https:\/\/i0.wp.com\/www.disposablevapeswholesale.com\/wp-content\/uploads\/2022\/03\/RANDM-TWINS-2IN1-6000-Puffs-LED-Light-Disposable-Vape-Wholesale-8-Flavors.jpg?resize=800%2C800&#038;ssl=1\" alt=\"RANDM TWINS 2IN1 6000 bouff\u00e9es LED lumineux jetable Vape en gros 8 saveurs\" width=\"800\" height=\"800\" \/><\/a> <a href=\"https:\/\/i0.wp.com\/www.disposablevapeswholesale.com\/wp-content\/uploads\/2022\/03\/RANDM-TWINS-2IN1-6000-Puffs-LED-Light-Disposable-Vape-Wholesale-Strawberry-Ice-Mixed-Fruit.jpg?ssl=1\" target=\"_blank\" rel=\"noopener\"><img data-recalc-dims=\"1\" loading=\"lazy\" decoding=\"async\" class=\"alignnone size-full wp-image-2090\" title=\"RANDM TWINS 2IN1 6000 bouff\u00e9es LED lumineux jetable Vape en gros Fraise glac\u00e9e Fruits m\u00e9lang\u00e9s\" src=\"https:\/\/i0.wp.com\/www.disposablevapeswholesale.com\/wp-content\/uploads\/2022\/03\/RANDM-TWINS-2IN1-6000-Puffs-LED-Light-Disposable-Vape-Wholesale-Strawberry-Ice-Mixed-Fruit.jpg?resize=800%2C800&#038;ssl=1\" alt=\"RANDM TWINS 2IN1 6000 bouff\u00e9es LED lumineux jetable Vape en gros Fraise glac\u00e9e Fruits m\u00e9lang\u00e9s\" width=\"800\" height=\"800\" \/><\/a> <a href=\"https:\/\/i0.wp.com\/www.disposablevapeswholesale.com\/wp-content\/uploads\/2022\/03\/RANDM-TWINS-2IN1-6000-Puffs-LED-Light-Disposable-Vape-Wholesale-Pineapple-Ice-Coconut-Milk.jpg?ssl=1\" target=\"_blank\" rel=\"noopener\"><img data-recalc-dims=\"1\" loading=\"lazy\" decoding=\"async\" class=\"alignnone size-full wp-image-2089\" title=\"RANDM TWINS 2IN1 6000 bouff\u00e9es LED lumineux jetable Vape en gros Ananas glac\u00e9 Lait de coco\" src=\"https:\/\/i0.wp.com\/www.disposablevapeswholesale.com\/wp-content\/uploads\/2022\/03\/RANDM-TWINS-2IN1-6000-Puffs-LED-Light-Disposable-Vape-Wholesale-Pineapple-Ice-Coconut-Milk.jpg?resize=800%2C800&#038;ssl=1\" alt=\"RANDM TWINS 2IN1 6000 bouff\u00e9es LED lumineux jetable Vape en gros Ananas glac\u00e9 Lait de coco\" width=\"800\" height=\"800\" \/><\/a> <a href=\"https:\/\/i0.wp.com\/www.disposablevapeswholesale.com\/wp-content\/uploads\/2022\/03\/RANDM-TWINS-2IN1-6000-Puffs-LED-Light-Disposable-Vape-Wholesale-Peach-Ice-Skittles.jpg?ssl=1\" target=\"_blank\" rel=\"noopener\"><img data-recalc-dims=\"1\" loading=\"lazy\" decoding=\"async\" class=\"alignnone size-full wp-image-2088\" title=\"RANDM TWINS 2IN1 6000 bouff\u00e9es LED lumineux jetable Vape en gros Peach Ice Skittles\" src=\"https:\/\/i0.wp.com\/www.disposablevapeswholesale.com\/wp-content\/uploads\/2022\/03\/RANDM-TWINS-2IN1-6000-Puffs-LED-Light-Disposable-Vape-Wholesale-Peach-Ice-Skittles.jpg?resize=800%2C800&#038;ssl=1\" alt=\"RANDM TWINS 2IN1 6000 bouff\u00e9es LED lumineux jetable Vape en gros Peach Ice Skittles\" width=\"800\" height=\"800\" \/><\/a> <a href=\"https:\/\/i0.wp.com\/www.disposablevapeswholesale.com\/wp-content\/uploads\/2022\/03\/RANDM-TWINS-2IN1-6000-Puffs-LED-Light-Disposable-Vape-Wholesale-Mango-Ice-Bubble-Gum.jpg?ssl=1\" target=\"_blank\" rel=\"noopener\"><img data-recalc-dims=\"1\" loading=\"lazy\" decoding=\"async\" class=\"alignnone size-full wp-image-2087\" title=\"RANDM TWINS 2IN1 6000 bouff\u00e9es LED lumineux jetable Vape en gros Mangue glac\u00e9e Bubble Gum\" src=\"https:\/\/i0.wp.com\/www.disposablevapeswholesale.com\/wp-content\/uploads\/2022\/03\/RANDM-TWINS-2IN1-6000-Puffs-LED-Light-Disposable-Vape-Wholesale-Mango-Ice-Bubble-Gum.jpg?resize=800%2C800&#038;ssl=1\" alt=\"RANDM TWINS 2IN1 6000 bouff\u00e9es LED lumineux jetable Vape en gros Mangue glac\u00e9e Bubble Gum\" width=\"800\" height=\"800\" \/><\/a> <a href=\"https:\/\/i0.wp.com\/www.disposablevapeswholesale.com\/wp-content\/uploads\/2022\/03\/RANDM-TWINS-2IN1-6000-Puffs-LED-Light-Disposable-Vape-Wholesale-Lush-Ice-Banana-Ice.jpg?ssl=1\" target=\"_blank\" rel=\"noopener\"><img data-recalc-dims=\"1\" loading=\"lazy\" decoding=\"async\" class=\"alignnone size-full wp-image-2086\" title=\"RANDM TWINS 2IN1 6000 bouff\u00e9es LED lumineux jetable Vape en gros Lush Ice Banana Ice\" src=\"https:\/\/i0.wp.com\/www.disposablevapeswholesale.com\/wp-content\/uploads\/2022\/03\/RANDM-TWINS-2IN1-6000-Puffs-LED-Light-Disposable-Vape-Wholesale-Lush-Ice-Banana-Ice.jpg?resize=800%2C800&#038;ssl=1\" alt=\"RANDM TWINS 2IN1 6000 bouff\u00e9es LED lumineux jetable Vape en gros Lush Ice Banana Ice\" width=\"800\" height=\"800\" \/><\/a> <a href=\"https:\/\/i0.wp.com\/www.disposablevapeswholesale.com\/wp-content\/uploads\/2022\/03\/RANDM-TWINS-2IN1-6000-Puffs-LED-Light-Disposable-Vape-Wholesale-Energy-Drink-Guava-Ice.jpg?ssl=1\" target=\"_blank\" rel=\"noopener\"><img data-recalc-dims=\"1\" loading=\"lazy\" decoding=\"async\" class=\"alignnone size-full wp-image-2084\" title=\"RANDM TWINS 2IN1 6000 bouff\u00e9es LED lumineux jetable Vape en gros Boisson \u00e9nergisante Goyave glac\u00e9e\" src=\"https:\/\/i0.wp.com\/www.disposablevapeswholesale.com\/wp-content\/uploads\/2022\/03\/RANDM-TWINS-2IN1-6000-Puffs-LED-Light-Disposable-Vape-Wholesale-Energy-Drink-Guava-Ice.jpg?resize=800%2C800&#038;ssl=1\" alt=\"RANDM TWINS 2IN1 6000 bouff\u00e9es LED lumineux jetable Vape en gros Boisson \u00e9nergisante Goyave glac\u00e9e\" width=\"800\" height=\"800\" \/><\/a> <a href=\"https:\/\/i0.wp.com\/www.disposablevapeswholesale.com\/wp-content\/uploads\/2022\/03\/RANDM-TWINS-2IN1-6000-Puffs-LED-Light-Disposable-Vape-Wholesale-Cool-Mint-Gummy-Bear.jpg?ssl=1\" target=\"_blank\" rel=\"noopener\"><img data-recalc-dims=\"1\" loading=\"lazy\" decoding=\"async\" class=\"alignnone size-full wp-image-2083\" title=\"RANDM TWINS 2IN1 6000 bouff\u00e9es LED lumineux jetable Vape en gros Cool Mint Gummy Bear\" src=\"https:\/\/i0.wp.com\/www.disposablevapeswholesale.com\/wp-content\/uploads\/2022\/03\/RANDM-TWINS-2IN1-6000-Puffs-LED-Light-Disposable-Vape-Wholesale-Cool-Mint-Gummy-Bear.jpg?resize=800%2C800&#038;ssl=1\" alt=\"RANDM TWINS 2IN1 6000 bouff\u00e9es LED lumineux jetable Vape en gros Cool Mint Gummy Bear\" width=\"800\" height=\"800\" \/><\/a> <a href=\"https:\/\/i0.wp.com\/www.disposablevapeswholesale.com\/wp-content\/uploads\/2022\/03\/RANDM-TWINS-2IN1-6000-Puffs-LED-Light-Disposable-Vape-Wholesale-Blue-Razz-Ice-Pink-Lemon.jpg?ssl=1\" target=\"_blank\" rel=\"noopener\"><img data-recalc-dims=\"1\" loading=\"lazy\" decoding=\"async\" class=\"alignnone size-full wp-image-2082\" title=\"RANDM TWINS 2IN1 6000 bouff\u00e9es Vape jetable \u00e0 lumi\u00e8re LED en gros Bleu Razz Ice Rose Citron\" src=\"https:\/\/i0.wp.com\/www.disposablevapeswholesale.com\/wp-content\/uploads\/2022\/03\/RANDM-TWINS-2IN1-6000-Puffs-LED-Light-Disposable-Vape-Wholesale-Blue-Razz-Ice-Pink-Lemon.jpg?resize=800%2C800&#038;ssl=1\" alt=\"RANDM TWINS 2IN1 6000 bouff\u00e9es Vape jetable \u00e0 lumi\u00e8re LED en gros Bleu Razz Ice Rose Citron\" width=\"800\" height=\"800\" \/><\/a><\/p>","protected":false},"excerpt":{"rendered":"<p>RANDM TWINS 2IN1 6000 bouff\u00e9es LED Light Disposable Vape Wholesale combine deux options de saveurs, un \u00e9clairage LED et une conception durable pour une exp\u00e9rience de vapotage polyvalente et agr\u00e9able.<\/p>","protected":false},"featured_media":1842,"comment_status":"closed","ping_status":"closed","template":"","meta":[],"product_brand":[],"product_cat":[22],"product_tag":[278,60,336,256],"class_list":{"0":"post-1608","1":"product","2":"type-product","3":"status-publish","4":"has-post-thumbnail","6":"product_cat-disposable-vape-sticks","7":"product_tag-6000-puffs","8":"product_tag-disposable-vapes","9":"product_tag-randm-twins-2in1","10":"product_tag-wholesale","12":"first","13":"instock","14":"shipping-taxable","15":"purchasable","16":"product-type-simple"},"jetpack_sharing_enabled":true,"tiered_pricing_type":"fixed","tiered_pricing_fixed_rules":{"5000":6,"10000":5,"50000":4},"tiered_pricing_product_settings":{"layout":"default","base_unit_name":{"singular":null,"plural":null},"default_variation":null},"tiered_pricing_minimum_quantity":60,"tiered_pricing_roles_data":[],"tiered_pricing_percentage_rules":[],"tiered_pricing_maximum_quantity":null,"tiered_pricing_quantity_step":null,"_links":{"self":[{"href":"https:\/\/cloudsupplyvapes.com\/fr\/wp-json\/wp\/v2\/product\/1608","targetHints":{"allow":["GET"]}}],"collection":[{"href":"https:\/\/cloudsupplyvapes.com\/fr\/wp-json\/wp\/v2\/product"}],"about":[{"href":"https:\/\/cloudsupplyvapes.com\/fr\/wp-json\/wp\/v2\/types\/product"}],"replies":[{"embeddable":true,"href":"https:\/\/cloudsupplyvapes.com\/fr\/wp-json\/wp\/v2\/comments?post=1608"}],"wp:featuredmedia":[{"embeddable":true,"href":"https:\/\/cloudsupplyvapes.com\/fr\/wp-json\/wp\/v2\/media\/1842"}],"wp:attachment":[{"href":"https:\/\/cloudsupplyvapes.com\/fr\/wp-json\/wp\/v2\/media?parent=1608"}],"wp:term":[{"taxonomy":"product_brand","embeddable":true,"href":"https:\/\/cloudsupplyvapes.com\/fr\/wp-json\/wp\/v2\/product_brand?post=1608"},{"taxonomy":"product_cat","embeddable":true,"href":"https:\/\/cloudsupplyvapes.com\/fr\/wp-json\/wp\/v2\/product_cat?post=1608"},{"taxonomy":"product_tag","embeddable":true,"href":"https:\/\/cloudsupplyvapes.com\/fr\/wp-json\/wp\/v2\/product_tag?post=1608"}],"curies":[{"name":"wp","href":"https:\/\/api.w.org\/{rel}","templated":true}]}}