{"id":1609,"date":"2024-10-19T02:20:32","date_gmt":"2024-10-19T02:20:32","guid":{"rendered":"https:\/\/cloudsupplyvapes.com\/?post_type=product&#038;p=1609"},"modified":"2024-11-26T07:50:37","modified_gmt":"2024-11-26T07:50:37","slug":"-60","status":"publish","type":"product","link":"https:\/\/cloudsupplyvapes.com\/fr\/product\/randm-dazzle-king-3000-puffs-led-light-glowing-disposable-vape-wholesale\/","title":{"rendered":"RandM Dazzle King 3000 Puffs LED Light Glowing Vape jetable Wholesale Compact Stylish Design"},"content":{"rendered":"<p>Le RandM Dazzle King est un dispositif de vape jetable avec un r\u00e9servoir clair populaire et des lumi\u00e8res RGB color\u00e9es. Il contient 8 ml d'e-liquide 0\/2\/3\/5% \u00e0 base de sels de nicotine, une batterie haute capacit\u00e9 de 1000 mAh, et jusqu'\u00e0 3000 bouff\u00e9es. La lumi\u00e8re RGB en fait l'appareil jetable le plus cool, et il est \u00e9quip\u00e9 d'un port USB rechargeable sur le fond de l'appareil, ce qui vous garantit de finir la derni\u00e8re goutte d'e-liquide dans le r\u00e9servoir et d'avoir une lumi\u00e8re qui brille tout le temps.<\/p>\n<p>&nbsp;<\/p>\n<h2>RandM Dazzle King Dispositif \u00e0 usage unique Caract\u00e9ristiques :<\/h2>\n<p>??\/2\/3\/5% Sel de nicotine.<\/p>\n<p>? ML de E-liquide.<\/p>\n<p>? 000 bouff\u00e9es par appareil.<\/p>\n<p>? ? Couleurs RGB Light<\/p>\n<p>Batterie rechargeable<\/p>\n<p>\u2611Non rechargeable<\/p>\n<p>Batterie int\u00e9gr\u00e9e de 1000mAh.<\/p>\n<p>? 2 saveurs disponibles.<\/p>\n<p>? 0pcs dans une bo\u00eete de pr\u00e9sentation.<\/p>\n<p>??00pcs dans un carton.<\/p>\n<p>&nbsp;<\/p>\n<h2>Saveurs<\/h2>\n<p>Fraise Kiwi<\/p>\n<p>Glace Blue Razz<\/p>\n<p>Glace de raisin<\/p>\n<p>Mighty Mint<\/p>\n<p>Yogourt \u00e0 la fraise<\/p>\n<p>Cr\u00e8me glac\u00e9e \u00e0 la banane et \u00e0 la vanille<\/p>\n<p>Kiwi Berry<\/p>\n<p>Glace luxuriante<\/p>\n<p>Ours en gomme<\/p>\n<p>Baies m\u00e9lang\u00e9es<\/p>\n<p>Pomme verte Citron<\/p>\n<p>Boisson \u00e9nerg\u00e9tique<\/p>\n<h2><\/h2>\n<h2>Emballage et poids<\/h2>\n<p>0.05KG\/PCS, une seule pi\u00e8ce dans un petit emballage, 10 pi\u00e8ces dans une bo\u00eete moyenne.<\/p>\n<p>400PCS en carton, 21KG.<\/p>\n<p>&nbsp;<\/p>\n<h2>OEM<\/h2>\n<p>Quantit\u00e9 minimale de commande pour OEM : 1000 PCS m\u00eame parfum.<\/p>\n<p><a href=\"https:\/\/i0.wp.com\/www.disposablevapeswholesale.com\/wp-content\/uploads\/2022\/03\/RandM-Dazzle-King-3000-Puffs-Led-Light-Glowing-Disposable-Vape-Wholesale.jpg?ssl=1\" target=\"_blank\" rel=\"noopener\"><img data-recalc-dims=\"1\" loading=\"lazy\" decoding=\"async\" class=\"alignnone size-full wp-image-2060\" title=\"RandM Dazzle King 3000 Puffs Led Light Glowing Disposable Vape Wholesale\" src=\"https:\/\/i0.wp.com\/www.disposablevapeswholesale.com\/wp-content\/uploads\/2022\/03\/RandM-Dazzle-King-3000-Puffs-Led-Light-Glowing-Disposable-Vape-Wholesale.jpg?resize=800%2C800&#038;ssl=1\" alt=\"RandM Dazzle King 3000 Puffs Led Light Glowing Disposable Vape Wholesale\" width=\"800\" height=\"800\" \/><\/a> <a href=\"https:\/\/i0.wp.com\/www.disposablevapeswholesale.com\/wp-content\/uploads\/2022\/03\/RandM-Dazzle-King-3000-Puffs-Led-Light-Glowing-Disposable-Vape-Wholesale-Flavors.jpg?ssl=1\" target=\"_blank\" rel=\"noopener\"><img data-recalc-dims=\"1\" loading=\"lazy\" decoding=\"async\" class=\"alignnone size-full wp-image-2051\" title=\"RandM Dazzle King 3000 Puffs Led Light Glowing Disposable Vape Wholesale Flavors\" src=\"https:\/\/i0.wp.com\/www.disposablevapeswholesale.com\/wp-content\/uploads\/2022\/03\/RandM-Dazzle-King-3000-Puffs-Led-Light-Glowing-Disposable-Vape-Wholesale-Flavors.jpg?resize=800%2C800&#038;ssl=1\" alt=\"RandM Dazzle King 3000 Puffs Led Light Glowing Disposable Vape Wholesale Flavors\" width=\"800\" height=\"800\" \/><\/a> <a href=\"https:\/\/i0.wp.com\/www.disposablevapeswholesale.com\/wp-content\/uploads\/2022\/03\/RandM-Dazzle-King-3000-Puffs-Led-Light-Glowing-Disposable-Vape-Wholesale-Energy-Drink-Flavors.jpg?ssl=1\" target=\"_blank\" rel=\"noopener\"><img data-recalc-dims=\"1\" loading=\"lazy\" decoding=\"async\" class=\"alignnone size-full wp-image-2049\" title=\"RandM Dazzle King 3000 Puffs Led Light Glowing Disposable Vape Wholesale Energy Drink Flavors\" src=\"https:\/\/i0.wp.com\/www.disposablevapeswholesale.com\/wp-content\/uploads\/2022\/03\/RandM-Dazzle-King-3000-Puffs-Led-Light-Glowing-Disposable-Vape-Wholesale-Energy-Drink-Flavors.jpg?resize=800%2C800&#038;ssl=1\" alt=\"RandM Dazzle King 3000 Puffs Led Light Glowing Disposable Vape Wholesale Energy Drink Flavors\" width=\"800\" height=\"800\" \/><\/a> <a href=\"https:\/\/i0.wp.com\/www.disposablevapeswholesale.com\/wp-content\/uploads\/2022\/03\/RandM-Dazzle-King-3000-Puffs-Led-Light-Glowing-Disposable-Vape-Wholesale-Strawberry-Yogurt.jpg?ssl=1\" target=\"_blank\" rel=\"noopener\"><img data-recalc-dims=\"1\" loading=\"lazy\" decoding=\"async\" class=\"alignnone size-full wp-image-2059\" title=\"RandM Dazzle King 3000 Puffs Led Light Glowing Disposable Vape Wholesale Strawberry Yogurt\" src=\"https:\/\/i0.wp.com\/www.disposablevapeswholesale.com\/wp-content\/uploads\/2022\/03\/RandM-Dazzle-King-3000-Puffs-Led-Light-Glowing-Disposable-Vape-Wholesale-Strawberry-Yogurt.jpg?resize=800%2C800&#038;ssl=1\" alt=\"RandM Dazzle King 3000 Puffs Led Light Glowing Disposable Vape Wholesale Strawberry Yogurt\" width=\"800\" height=\"800\" \/><\/a> <a href=\"https:\/\/i0.wp.com\/www.disposablevapeswholesale.com\/wp-content\/uploads\/2022\/03\/RandM-Dazzle-King-3000-Puffs-Led-Light-Glowing-Disposable-Vape-Wholesale-Strawberry-Kiwi.jpg?ssl=1\" target=\"_blank\" rel=\"noopener\"><img data-recalc-dims=\"1\" loading=\"lazy\" decoding=\"async\" class=\"alignnone size-full wp-image-2058\" title=\"RandM Dazzle King 3000 Puffs Led Light Glowing Disposable Vape Wholesale Strawberry Kiwi\" src=\"https:\/\/i0.wp.com\/www.disposablevapeswholesale.com\/wp-content\/uploads\/2022\/03\/RandM-Dazzle-King-3000-Puffs-Led-Light-Glowing-Disposable-Vape-Wholesale-Strawberry-Kiwi.jpg?resize=800%2C800&#038;ssl=1\" alt=\"RandM Dazzle King 3000 Puffs Led Light Glowing Disposable Vape Wholesale Strawberry Kiwi\" width=\"800\" height=\"800\" \/><\/a> <a href=\"https:\/\/i0.wp.com\/www.disposablevapeswholesale.com\/wp-content\/uploads\/2022\/03\/RandM-Dazzle-King-3000-Puffs-Led-Light-Glowing-Disposable-Vape-Wholesale-Mixed-Berries.jpg?ssl=1\" target=\"_blank\" rel=\"noopener\"><img data-recalc-dims=\"1\" loading=\"lazy\" decoding=\"async\" class=\"alignnone size-full wp-image-2057\" title=\"RandM Dazzle King 3000 Puffs Led Light Glowing Disposable Vape Wholesale Mixed Berries\" src=\"https:\/\/i0.wp.com\/www.disposablevapeswholesale.com\/wp-content\/uploads\/2022\/03\/RandM-Dazzle-King-3000-Puffs-Led-Light-Glowing-Disposable-Vape-Wholesale-Mixed-Berries.jpg?resize=800%2C800&#038;ssl=1\" alt=\"RandM Dazzle King 3000 Puffs Led Light Glowing Disposable Vape Wholesale Mixed Berries\" width=\"800\" height=\"800\" \/><\/a> <a href=\"https:\/\/i0.wp.com\/www.disposablevapeswholesale.com\/wp-content\/uploads\/2022\/03\/RandM-Dazzle-King-3000-Puffs-Led-Light-Glowing-Disposable-Vape-Wholesale-Mighty-Mint.jpg?ssl=1\" target=\"_blank\" rel=\"noopener\"><img data-recalc-dims=\"1\" loading=\"lazy\" decoding=\"async\" class=\"alignnone size-full wp-image-2056\" title=\"RandM Dazzle King 3000 Puffs Led Light Glowing Disposable Vape Wholesale Mighty Mint\" src=\"https:\/\/i0.wp.com\/www.disposablevapeswholesale.com\/wp-content\/uploads\/2022\/03\/RandM-Dazzle-King-3000-Puffs-Led-Light-Glowing-Disposable-Vape-Wholesale-Mighty-Mint.jpg?resize=800%2C800&#038;ssl=1\" alt=\"RandM Dazzle King 3000 Puffs Led Light Glowing Disposable Vape Wholesale Mighty Mint\" width=\"800\" height=\"800\" \/><\/a> <a href=\"https:\/\/i0.wp.com\/www.disposablevapeswholesale.com\/wp-content\/uploads\/2022\/03\/RandM-Dazzle-King-3000-Puffs-Led-Light-Glowing-Disposable-Vape-Wholesale-Lush-Ice.jpg?ssl=1\" target=\"_blank\" rel=\"noopener\"><img data-recalc-dims=\"1\" loading=\"lazy\" decoding=\"async\" class=\"alignnone size-full wp-image-2055\" title=\"RandM Dazzle King 3000 Puffs Led Light Glowing Disposable Vape Wholesale Lush Ice\" src=\"https:\/\/i0.wp.com\/www.disposablevapeswholesale.com\/wp-content\/uploads\/2022\/03\/RandM-Dazzle-King-3000-Puffs-Led-Light-Glowing-Disposable-Vape-Wholesale-Lush-Ice.jpg?resize=800%2C800&#038;ssl=1\" alt=\"RandM Dazzle King 3000 Puffs Led Light Glowing Disposable Vape Wholesale Lush Ice\" width=\"800\" height=\"800\" \/><\/a> <a href=\"https:\/\/i0.wp.com\/www.disposablevapeswholesale.com\/wp-content\/uploads\/2022\/03\/RandM-Dazzle-King-3000-Puffs-Led-Light-Glowing-Disposable-Vape-Wholesale-Gummy-Bear.jpg?ssl=1\" target=\"_blank\" rel=\"noopener\"><img data-recalc-dims=\"1\" loading=\"lazy\" decoding=\"async\" class=\"alignnone size-full wp-image-2054\" title=\"RandM Dazzle King 3000 Puffs Led Light Glowing Disposable Vape Wholesale Gummy Bear\" src=\"https:\/\/i0.wp.com\/www.disposablevapeswholesale.com\/wp-content\/uploads\/2022\/03\/RandM-Dazzle-King-3000-Puffs-Led-Light-Glowing-Disposable-Vape-Wholesale-Gummy-Bear.jpg?resize=800%2C800&#038;ssl=1\" alt=\"RandM Dazzle King 3000 Puffs Led Light Glowing Disposable Vape Wholesale Gummy Bear\" width=\"800\" height=\"800\" \/><\/a><\/p>","protected":false},"excerpt":{"rendered":"<p>RandM Dazzle King 3000 Puffs LED Light Glowing Disposable Vape Wholesale offre un design compact et \u00e9l\u00e9gant, des effets LED lumineux et une vapeur douce pour un vapotage portable et amusant.<\/p>","protected":false},"featured_media":1849,"comment_status":"closed","ping_status":"closed","template":"","meta":[],"product_brand":[],"product_cat":[22],"product_tag":[79,60,337,256],"class_list":{"0":"post-1609","1":"product","2":"type-product","3":"status-publish","4":"has-post-thumbnail","6":"product_cat-disposable-vape-sticks","7":"product_tag-3000-puffs","8":"product_tag-disposable-vapes","9":"product_tag-randm-dazzle-king","10":"product_tag-wholesale","12":"first","13":"instock","14":"shipping-taxable","15":"purchasable","16":"product-type-simple"},"jetpack_sharing_enabled":true,"tiered_pricing_type":"fixed","tiered_pricing_fixed_rules":{"5000":8,"10000":7,"50000":6},"tiered_pricing_product_settings":{"layout":"default","base_unit_name":{"singular":null,"plural":null},"default_variation":null},"tiered_pricing_minimum_quantity":60,"tiered_pricing_roles_data":[],"tiered_pricing_percentage_rules":[],"tiered_pricing_maximum_quantity":null,"tiered_pricing_quantity_step":null,"_links":{"self":[{"href":"https:\/\/cloudsupplyvapes.com\/fr\/wp-json\/wp\/v2\/product\/1609","targetHints":{"allow":["GET"]}}],"collection":[{"href":"https:\/\/cloudsupplyvapes.com\/fr\/wp-json\/wp\/v2\/product"}],"about":[{"href":"https:\/\/cloudsupplyvapes.com\/fr\/wp-json\/wp\/v2\/types\/product"}],"replies":[{"embeddable":true,"href":"https:\/\/cloudsupplyvapes.com\/fr\/wp-json\/wp\/v2\/comments?post=1609"}],"wp:featuredmedia":[{"embeddable":true,"href":"https:\/\/cloudsupplyvapes.com\/fr\/wp-json\/wp\/v2\/media\/1849"}],"wp:attachment":[{"href":"https:\/\/cloudsupplyvapes.com\/fr\/wp-json\/wp\/v2\/media?parent=1609"}],"wp:term":[{"taxonomy":"product_brand","embeddable":true,"href":"https:\/\/cloudsupplyvapes.com\/fr\/wp-json\/wp\/v2\/product_brand?post=1609"},{"taxonomy":"product_cat","embeddable":true,"href":"https:\/\/cloudsupplyvapes.com\/fr\/wp-json\/wp\/v2\/product_cat?post=1609"},{"taxonomy":"product_tag","embeddable":true,"href":"https:\/\/cloudsupplyvapes.com\/fr\/wp-json\/wp\/v2\/product_tag?post=1609"}],"curies":[{"name":"wp","href":"https:\/\/api.w.org\/{rel}","templated":true}]}}