{"id":1610,"date":"2024-10-19T02:20:32","date_gmt":"2024-10-19T02:20:32","guid":{"rendered":"https:\/\/cloudsupplyvapes.com\/?post_type=product&#038;p=1610"},"modified":"2024-11-26T07:50:52","modified_gmt":"2024-11-26T07:50:52","slug":"-61","status":"publish","type":"product","link":"https:\/\/cloudsupplyvapes.com\/fr\/product\/randm-dazzle-5000-puffs-rgb-light-glowing-disposable-vape-wholesale\/","title":{"rendered":"RandM Dazzle 5000 Puffs RGB Light Glowing Vape jetable Wholesale Long-Lasting Sleek Design"},"content":{"rendered":"<p>The RandM Dazzle 5000 is a disposable vape device with the popular clear tank, colored RGB lights, and refillable. It contains 10ml of 0\/2\/3\/5% nicotine salt e-liquid oil and has a built-in 1000 mAh high capacity battery for up to 5000 puffs.The RGB light makes it the coolest disposable device plus it comes with a rechargeable usb port at the buttom of the device, which gurantte you finish the last drop of the ejuice in the tank and light glowing all the time.<\/p>\n<p>&nbsp;<\/p>\n<h2>RandM Dazzle 5000 Disposable Device Features:<\/h2>\n<p>??\/2\/3\/5% Sel de nicotine.<\/p>\n<p>? 0ML de E-liquide.<\/p>\n<p>? 000 bouff\u00e9es par appareil.<\/p>\n<p>? ? Couleurs RGB Light<\/p>\n<p>Batterie rechargeable<\/p>\n<p>\u2611Tank Refillale<\/p>\n<p>Batterie int\u00e9gr\u00e9e de 1000mAh.<\/p>\n<p>? 2 saveurs disponibles.<\/p>\n<p>? 0pcs dans une bo\u00eete de pr\u00e9sentation.<\/p>\n<p>??00pcs dans un carton.<\/p>\n<p>&nbsp;<\/p>\n<h2>Saveurs<\/h2>\n<p>Glace luxuriante<\/p>\n<p>Banane glac\u00e9e<\/p>\n<p>Ours en gomme<\/p>\n<p>Strawberry Yougurt<\/p>\n<p>Soda \u00e0 l'orange<\/p>\n<p>Glace Blue Razz<\/p>\n<p>Stawberry Watermelon<\/p>\n<p>Cotton Pears<\/p>\n<p>Grenade<\/p>\n<p>Peach Ice Cream<\/p>\n<p>Red Apple Melon Ice<\/p>\n<p>Baies m\u00e9lang\u00e9es<\/p>\n<p>&nbsp;<\/p>\n<h2>Emballage et poids<\/h2>\n<p>0.075KG\/PCS, une seule pi\u00e8ce dans un petit emballage, 10 pi\u00e8ces dans une bo\u00eete moyenne.<\/p>\n<p>240PCS en carton, 18KG.<\/p>\n<p>&nbsp;<\/p>\n<h2>OEM<\/h2>\n<p>Quantit\u00e9 minimale de commande pour OEM : 1000 PCS m\u00eame parfum.<a href=\"https:\/\/i0.wp.com\/www.disposablevapeswholesale.com\/wp-content\/uploads\/2022\/03\/RandM-Dazzle-5000-Puffs-RGB-Light-Glowing-Disposable-Vape-Wholesale.jpg?ssl=1\" target=\"_blank\" rel=\"noopener\"><img data-recalc-dims=\"1\" loading=\"lazy\" decoding=\"async\" class=\"alignnone size-full wp-image-2032\" title=\"RandM Dazzle 5000 Puffs RGB Light Glowing Disposable Vape Wholesale\" src=\"https:\/\/i0.wp.com\/www.disposablevapeswholesale.com\/wp-content\/uploads\/2022\/03\/RandM-Dazzle-5000-Puffs-RGB-Light-Glowing-Disposable-Vape-Wholesale.jpg?resize=800%2C800&#038;ssl=1\" alt=\"RandM Dazzle 5000 Puffs RGB Light Glowing Disposable Vape Wholesale\" width=\"800\" height=\"800\" \/><\/a> <a href=\"https:\/\/i0.wp.com\/www.disposablevapeswholesale.com\/wp-content\/uploads\/2022\/03\/RandM-Dazzle-5000-Puffs-RGB-Light-Glowing-Disposable-Vape-Wholesale-5-Flavors.jpg?ssl=1\" target=\"_blank\" rel=\"noopener\"><img data-recalc-dims=\"1\" loading=\"lazy\" decoding=\"async\" class=\"alignnone size-full wp-image-2018\" title=\"RandM Dazzle 5000 Puffs RGB Light Glowing Disposable Vape Wholesale 5 Flavors\" src=\"https:\/\/i0.wp.com\/www.disposablevapeswholesale.com\/wp-content\/uploads\/2022\/03\/RandM-Dazzle-5000-Puffs-RGB-Light-Glowing-Disposable-Vape-Wholesale-5-Flavors.jpg?resize=800%2C800&#038;ssl=1\" alt=\"RandM Dazzle 5000 Puffs RGB Light Glowing Disposable Vape Wholesale 5 Flavors\" width=\"800\" height=\"800\" \/><\/a> <a href=\"https:\/\/i0.wp.com\/www.disposablevapeswholesale.com\/wp-content\/uploads\/2022\/03\/RandM-Dazzle-5000-Puffs-RGB-Light-Glowing-Disposable-Vape-Wholesale-Flavors.jpg?ssl=1\" target=\"_blank\" rel=\"noopener\"><img data-recalc-dims=\"1\" loading=\"lazy\" decoding=\"async\" class=\"alignnone size-full wp-image-2022\" title=\"RandM Dazzle 5000 Puffs RGB Light Glowing Disposable Vape Wholesale Flavors\" src=\"https:\/\/i0.wp.com\/www.disposablevapeswholesale.com\/wp-content\/uploads\/2022\/03\/RandM-Dazzle-5000-Puffs-RGB-Light-Glowing-Disposable-Vape-Wholesale-Flavors.jpg?resize=800%2C800&#038;ssl=1\" alt=\"RandM Dazzle 5000 Puffs RGB Light Glowing Disposable Vape Wholesale Flavors\" width=\"800\" height=\"800\" \/><\/a> <a href=\"https:\/\/i0.wp.com\/www.disposablevapeswholesale.com\/wp-content\/uploads\/2022\/03\/RandM-Dazzle-5000-Puffs-RGB-Light-Glowing-Disposable-Vape-Wholesale-Strawberry-Yougurt.jpg?ssl=1\" target=\"_blank\" rel=\"noopener\"><img data-recalc-dims=\"1\" loading=\"lazy\" decoding=\"async\" class=\"alignnone size-full wp-image-2031\" title=\"RandM Dazzle 5000 Puffs RGB Light Glowing Disposable Vape Wholesale Strawberry Yougurt\" src=\"https:\/\/i0.wp.com\/www.disposablevapeswholesale.com\/wp-content\/uploads\/2022\/03\/RandM-Dazzle-5000-Puffs-RGB-Light-Glowing-Disposable-Vape-Wholesale-Strawberry-Yougurt.jpg?resize=800%2C800&#038;ssl=1\" alt=\"RandM Dazzle 5000 Puffs RGB Light Glowing Disposable Vape Wholesale Strawberry Yougurt\" width=\"800\" height=\"800\" \/><\/a> <a href=\"https:\/\/i0.wp.com\/www.disposablevapeswholesale.com\/wp-content\/uploads\/2022\/03\/RandM-Dazzle-5000-Puffs-RGB-Light-Glowing-Disposable-Vape-Wholesale-Lush-Ice.jpg?ssl=1\" target=\"_blank\" rel=\"noopener\"><img data-recalc-dims=\"1\" loading=\"lazy\" decoding=\"async\" class=\"alignnone size-full wp-image-2024\" title=\"RandM Dazzle 5000 Puffs RGB Light Glowing Disposable Vape Wholesale Lush Ice\" src=\"https:\/\/i0.wp.com\/www.disposablevapeswholesale.com\/wp-content\/uploads\/2022\/03\/RandM-Dazzle-5000-Puffs-RGB-Light-Glowing-Disposable-Vape-Wholesale-Lush-Ice.jpg?resize=800%2C800&#038;ssl=1\" alt=\"RandM Dazzle 5000 Puffs RGB Light Glowing Disposable Vape Wholesale Lush Ice\" width=\"800\" height=\"800\" \/><\/a> <a href=\"https:\/\/i0.wp.com\/www.disposablevapeswholesale.com\/wp-content\/uploads\/2022\/03\/RandM-Dazzle-5000-Puffs-RGB-Light-Glowing-Disposable-Vape-Wholesale-Gummy-Bear.jpg?ssl=1\" target=\"_blank\" rel=\"noopener\"><img data-recalc-dims=\"1\" loading=\"lazy\" decoding=\"async\" class=\"alignnone size-full wp-image-2023\" title=\"RandM Dazzle 5000 Puffs RGB Light Glowing Disposable Vape Wholesale Gummy Bear\" src=\"https:\/\/i0.wp.com\/www.disposablevapeswholesale.com\/wp-content\/uploads\/2022\/03\/RandM-Dazzle-5000-Puffs-RGB-Light-Glowing-Disposable-Vape-Wholesale-Gummy-Bear.jpg?resize=800%2C800&#038;ssl=1\" alt=\"RandM Dazzle 5000 Puffs RGB Light Glowing Disposable Vape Wholesale Gummy Bear\" width=\"800\" height=\"800\" \/><\/a> <a href=\"https:\/\/i0.wp.com\/www.disposablevapeswholesale.com\/wp-content\/uploads\/2022\/03\/RandM-Dazzle-5000-Puffs-RGB-Light-Glowing-Disposable-Vape-Wholesale-Orange-Soda.jpg?ssl=1\" target=\"_blank\" rel=\"noopener\"><img data-recalc-dims=\"1\" loading=\"lazy\" decoding=\"async\" class=\"alignnone size-full wp-image-2026\" title=\"RandM Dazzle 5000 Puffs RGB Light Glowing Disposable Vape Wholesale Orange Soda\" src=\"https:\/\/i0.wp.com\/www.disposablevapeswholesale.com\/wp-content\/uploads\/2022\/03\/RandM-Dazzle-5000-Puffs-RGB-Light-Glowing-Disposable-Vape-Wholesale-Orange-Soda.jpg?resize=800%2C800&#038;ssl=1\" alt=\"RandM Dazzle 5000 Puffs RGB Light Glowing Disposable Vape Wholesale Orange Soda\" width=\"800\" height=\"800\" \/><\/a> <a href=\"https:\/\/i0.wp.com\/www.disposablevapeswholesale.com\/wp-content\/uploads\/2022\/03\/RandM-Dazzle-5000-Puffs-RGB-Light-Glowing-Disposable-Vape-Wholesale-Blue-Razz-Ice.jpg?ssl=1\" target=\"_blank\" rel=\"noopener\"><img data-recalc-dims=\"1\" loading=\"lazy\" decoding=\"async\" class=\"alignnone size-full wp-image-2020\" title=\"RandM Dazzle 5000 Puffs RGB Light Glowing Disposable Vape Wholesale Blue Razz Ice\" src=\"https:\/\/i0.wp.com\/www.disposablevapeswholesale.com\/wp-content\/uploads\/2022\/03\/RandM-Dazzle-5000-Puffs-RGB-Light-Glowing-Disposable-Vape-Wholesale-Blue-Razz-Ice.jpg?resize=800%2C800&#038;ssl=1\" alt=\"RandM Dazzle 5000 Puffs RGB Light Glowing Disposable Vape Wholesale Blue Razz Ice\" width=\"800\" height=\"800\" \/><\/a> <a href=\"https:\/\/i0.wp.com\/www.disposablevapeswholesale.com\/wp-content\/uploads\/2022\/03\/RandM-Dazzle-5000-Puffs-RGB-Light-Glowing-Disposable-Vape-Wholesale-Banana-Ice.jpg?ssl=1\" target=\"_blank\" rel=\"noopener\"><img data-recalc-dims=\"1\" loading=\"lazy\" decoding=\"async\" class=\"alignnone size-full wp-image-2019\" title=\"RandM Dazzle 5000 Puffs RGB Light Glowing Disposable Vape Wholesale Banana Ice\" src=\"https:\/\/i0.wp.com\/www.disposablevapeswholesale.com\/wp-content\/uploads\/2022\/03\/RandM-Dazzle-5000-Puffs-RGB-Light-Glowing-Disposable-Vape-Wholesale-Banana-Ice.jpg?resize=800%2C800&#038;ssl=1\" alt=\"RandM Dazzle 5000 Puffs RGB Light Glowing Disposable Vape Wholesale Banana Ice\" width=\"800\" height=\"800\" \/><\/a> <a href=\"https:\/\/i0.wp.com\/www.disposablevapeswholesale.com\/wp-content\/uploads\/2022\/03\/RandM-Dazzle-5000-Puffs-RGB-Light-Glowing-Disposable-Vape-Wholesale-Cotton-Pears.jpg?ssl=1\" target=\"_blank\" rel=\"noopener\"><img data-recalc-dims=\"1\" loading=\"lazy\" decoding=\"async\" class=\"alignnone size-full wp-image-2021\" title=\"RandM Dazzle 5000 Puffs RGB Light Glowing Disposable Vape Wholesale Cotton Pears\" src=\"https:\/\/i0.wp.com\/www.disposablevapeswholesale.com\/wp-content\/uploads\/2022\/03\/RandM-Dazzle-5000-Puffs-RGB-Light-Glowing-Disposable-Vape-Wholesale-Cotton-Pears.jpg?resize=800%2C800&#038;ssl=1\" alt=\"RandM Dazzle 5000 Puffs RGB Light Glowing Disposable Vape Wholesale Cotton Pears\" width=\"800\" height=\"800\" \/><\/a> <a href=\"https:\/\/i0.wp.com\/www.disposablevapeswholesale.com\/wp-content\/uploads\/2022\/03\/RandM-Dazzle-5000-Puffs-RGB-Light-Glowing-Disposable-Vape-Wholesale-Peach-Ice-Cream.jpg?ssl=1\" target=\"_blank\" rel=\"noopener\"><img data-recalc-dims=\"1\" loading=\"lazy\" decoding=\"async\" class=\"alignnone size-full wp-image-2027\" title=\"RandM Dazzle 5000 Puffs RGB Light Glowing Disposable Vape Wholesale Peach Ice Cream\" src=\"https:\/\/i0.wp.com\/www.disposablevapeswholesale.com\/wp-content\/uploads\/2022\/03\/RandM-Dazzle-5000-Puffs-RGB-Light-Glowing-Disposable-Vape-Wholesale-Peach-Ice-Cream.jpg?resize=800%2C800&#038;ssl=1\" alt=\"RandM Dazzle 5000 Puffs RGB Light Glowing Disposable Vape Wholesale Peach Ice Cream\" width=\"800\" height=\"800\" \/><\/a><\/p>\n<p>&nbsp;<\/p>","protected":false},"excerpt":{"rendered":"<p>RandM Dazzle 5000 Puffs RGB Light Glowing Disposable Vape Wholesale delivers a long-lasting battery, sleek design, and vibrant LED effects for a unique and enjoyable vaping experience.<\/p>","protected":false},"featured_media":1855,"comment_status":"closed","ping_status":"closed","template":"","meta":[],"product_brand":[],"product_cat":[22],"product_tag":[60,338,256],"class_list":{"0":"post-1610","1":"product","2":"type-product","3":"status-publish","4":"has-post-thumbnail","6":"product_cat-disposable-vape-sticks","7":"product_tag-disposable-vapes","8":"product_tag-randm-dazzle-5000","9":"product_tag-wholesale","11":"first","12":"instock","13":"shipping-taxable","14":"purchasable","15":"product-type-simple"},"jetpack_sharing_enabled":true,"tiered_pricing_type":"fixed","tiered_pricing_fixed_rules":{"5000":10,"10000":8,"50000":6},"tiered_pricing_product_settings":{"layout":"default","base_unit_name":{"singular":null,"plural":null},"default_variation":null},"tiered_pricing_minimum_quantity":60,"tiered_pricing_roles_data":[],"tiered_pricing_percentage_rules":[],"tiered_pricing_maximum_quantity":null,"tiered_pricing_quantity_step":null,"_links":{"self":[{"href":"https:\/\/cloudsupplyvapes.com\/fr\/wp-json\/wp\/v2\/product\/1610","targetHints":{"allow":["GET"]}}],"collection":[{"href":"https:\/\/cloudsupplyvapes.com\/fr\/wp-json\/wp\/v2\/product"}],"about":[{"href":"https:\/\/cloudsupplyvapes.com\/fr\/wp-json\/wp\/v2\/types\/product"}],"replies":[{"embeddable":true,"href":"https:\/\/cloudsupplyvapes.com\/fr\/wp-json\/wp\/v2\/comments?post=1610"}],"wp:featuredmedia":[{"embeddable":true,"href":"https:\/\/cloudsupplyvapes.com\/fr\/wp-json\/wp\/v2\/media\/1855"}],"wp:attachment":[{"href":"https:\/\/cloudsupplyvapes.com\/fr\/wp-json\/wp\/v2\/media?parent=1610"}],"wp:term":[{"taxonomy":"product_brand","embeddable":true,"href":"https:\/\/cloudsupplyvapes.com\/fr\/wp-json\/wp\/v2\/product_brand?post=1610"},{"taxonomy":"product_cat","embeddable":true,"href":"https:\/\/cloudsupplyvapes.com\/fr\/wp-json\/wp\/v2\/product_cat?post=1610"},{"taxonomy":"product_tag","embeddable":true,"href":"https:\/\/cloudsupplyvapes.com\/fr\/wp-json\/wp\/v2\/product_tag?post=1610"}],"curies":[{"name":"wp","href":"https:\/\/api.w.org\/{rel}","templated":true}]}}