{"id":1612,"date":"2024-10-19T02:20:32","date_gmt":"2024-10-19T02:20:32","guid":{"rendered":"https:\/\/cloudsupplyvapes.com\/?post_type=product&#038;p=1612"},"modified":"2024-11-26T07:51:21","modified_gmt":"2024-11-26T07:51:21","slug":"-63","status":"publish","type":"product","link":"https:\/\/cloudsupplyvapes.com\/fr\/product\/randm-squid-box-5200-puffs-disposable-vape-wholesale\/","title":{"rendered":"RandM Squid Box 5200 Puffs Disposable Vape Wholesale Compact High Capacity Vape"},"content":{"rendered":"<p>RandM Squid Box est un dispositif de vape jetable au design cool qui peut \u00eatre recharg\u00e9, vous pouvez fumer jusqu'\u00e0 5200 bouff\u00e9es, une batterie int\u00e9gr\u00e9e de haute capacit\u00e9 de 1000 mAh, la capacit\u00e9 de 12 ml d'e-liquide, il y a 10 saveurs \u00e0 choisir.Le port Type-C rechargeable \u00e0 l'arri\u00e8re de l'appareil vous garantit de finir la derni\u00e8re goutte d'e-liquide dans le r\u00e9servoir tout le temps.<\/p>\n<p>&nbsp;<\/p>\n<h2>RandM Squid Box Disposable Device Caract\u00e9ristiques :<\/h2>\n<p>??% Sel de nicotine.<\/p>\n<p>? 2ML de E-liquide.<\/p>\n<p>\u2611Mesh Coil<\/p>\n<p>Batterie rechargeable<\/p>\n<p>Batterie int\u00e9gr\u00e9e de 1000mAh.<\/p>\n<p>? 0 Saveurs disponibles.<\/p>\n<p>? 0pcs dans une bo\u00eete de pr\u00e9sentation.<\/p>\n<p>? 40 pi\u00e8ces par carton.<\/p>\n<p>&nbsp;<\/p>\n<h2>Saveurs<\/h2>\n<p>Fraise Kiwi<\/p>\n<p>Glace aux myrtilles<\/p>\n<p>Glace luxuriante<\/p>\n<p>Barbe \u00e0 papa<\/p>\n<p>Baies m\u00e9lang\u00e9es<\/p>\n<p>Banane glac\u00e9e<\/p>\n<p>Lychee \u00e0 la fraise<\/p>\n<p>Menthe<\/p>\n<p>Alo\u00e8s raisin<\/p>\n<p>P\u00eache Mangue<\/p>\n<p>&nbsp;<\/p>\n<h2>Emballage et poids<\/h2>\n<p>0.075KG\/PCS, une seule pi\u00e8ce dans un petit emballage, 10 pi\u00e8ces dans une bo\u00eete moyenne.<\/p>\n<p>240PCS en carton, 18KG.<\/p>\n<p>&nbsp;<\/p>\n<h2>OEM<\/h2>\n<p>Quantit\u00e9 minimale de commande pour OEM : 1000 PCS m\u00eame parfum.<\/p>\n<p><a href=\"https:\/\/i0.wp.com\/www.disposablevapeswholesale.com\/wp-content\/uploads\/2022\/03\/RandM-Squid-Box-5200-Puffs-Disposable-Vape-Wholesale.jpg?ssl=1\" target=\"_blank\" rel=\"noopener\"><img data-recalc-dims=\"1\" loading=\"lazy\" decoding=\"async\" class=\"alignnone size-full wp-image-1974\" title=\"RandM Squid Box 5200 Puffs Disposable Vape Wholesale\" src=\"https:\/\/i0.wp.com\/www.disposablevapeswholesale.com\/wp-content\/uploads\/2022\/03\/RandM-Squid-Box-5200-Puffs-Disposable-Vape-Wholesale.jpg?resize=800%2C800&#038;ssl=1\" alt=\"RandM Squid Box 5200 Puffs Disposable Vape Wholesale\" width=\"800\" height=\"800\" \/><\/a> <a href=\"https:\/\/i0.wp.com\/www.disposablevapeswholesale.com\/wp-content\/uploads\/2022\/03\/RandM-Squid-Box-5200-Puffs-Disposable-Vape-Wholesale-10-Flavors.jpg?ssl=1\" target=\"_blank\" rel=\"noopener\"><img data-recalc-dims=\"1\" loading=\"lazy\" decoding=\"async\" class=\"alignnone size-full wp-image-1962\" title=\"RandM Squid Box 5200 Puffs Disposable Vape Wholesale 10 Flavors\" src=\"https:\/\/i0.wp.com\/www.disposablevapeswholesale.com\/wp-content\/uploads\/2022\/03\/RandM-Squid-Box-5200-Puffs-Disposable-Vape-Wholesale-10-Flavors.jpg?resize=800%2C800&#038;ssl=1\" alt=\"RandM Squid Box 5200 Puffs Disposable Vape Wholesale 10 Flavors\" width=\"800\" height=\"800\" \/><\/a> <a href=\"https:\/\/i0.wp.com\/www.disposablevapeswholesale.com\/wp-content\/uploads\/2022\/03\/RandM-Squid-Box-5200-Puffs-Disposable-Vape-Wholesale-Flavors.jpg?ssl=1\" target=\"_blank\" rel=\"noopener\"><img data-recalc-dims=\"1\" loading=\"lazy\" decoding=\"async\" class=\"alignnone size-full wp-image-1967\" title=\"RandM Squid Box 5200 Puffs Jetable Vape Wholesale Flavors\" src=\"https:\/\/i0.wp.com\/www.disposablevapeswholesale.com\/wp-content\/uploads\/2022\/03\/RandM-Squid-Box-5200-Puffs-Disposable-Vape-Wholesale-Flavors.jpg?resize=800%2C800&#038;ssl=1\" alt=\"RandM Squid Box 5200 Puffs Jetable Vape Wholesale Flavors\" width=\"800\" height=\"800\" \/><\/a> <a href=\"https:\/\/i0.wp.com\/www.disposablevapeswholesale.com\/wp-content\/uploads\/2022\/03\/RandM-Squid-Box-5200-Puffs-Disposable-Vape-Wholesale-Strawberry-Lychee.jpg?ssl=1\" target=\"_blank\" rel=\"noopener\"><img data-recalc-dims=\"1\" loading=\"lazy\" decoding=\"async\" class=\"alignnone size-full wp-image-1973\" title=\"RandM Squid Box 5200 Puffs Vape jetable en gros Fraise Lychee\" src=\"https:\/\/i0.wp.com\/www.disposablevapeswholesale.com\/wp-content\/uploads\/2022\/03\/RandM-Squid-Box-5200-Puffs-Disposable-Vape-Wholesale-Strawberry-Lychee.jpg?resize=800%2C800&#038;ssl=1\" alt=\"RandM Squid Box 5200 Puffs Vape jetable en gros Fraise Lychee\" width=\"800\" height=\"800\" \/><\/a> <a href=\"https:\/\/i0.wp.com\/www.disposablevapeswholesale.com\/wp-content\/uploads\/2022\/03\/RandM-Squid-Box-5200-Puffs-Disposable-Vape-Wholesale-Strawberry-Kiwi.jpg?ssl=1\" target=\"_blank\" rel=\"noopener\"><img data-recalc-dims=\"1\" loading=\"lazy\" decoding=\"async\" class=\"alignnone size-full wp-image-1972\" title=\"RandM Squid Box 5200 Puffs Vape jetable en gros Fraise Kiwi\" src=\"https:\/\/i0.wp.com\/www.disposablevapeswholesale.com\/wp-content\/uploads\/2022\/03\/RandM-Squid-Box-5200-Puffs-Disposable-Vape-Wholesale-Strawberry-Kiwi.jpg?resize=800%2C800&#038;ssl=1\" alt=\"RandM Squid Box 5200 Puffs Vape jetable en gros Fraise Kiwi\" width=\"800\" height=\"800\" \/><\/a> <a href=\"https:\/\/i0.wp.com\/www.disposablevapeswholesale.com\/wp-content\/uploads\/2022\/03\/RandM-Squid-Box-5200-Puffs-Disposable-Vape-Wholesale-Peach-Mango.jpg?ssl=1\" target=\"_blank\" rel=\"noopener\"><img data-recalc-dims=\"1\" loading=\"lazy\" decoding=\"async\" class=\"alignnone size-full wp-image-1971\" title=\"RandM Squid Box 5200 Puffs Vape jetable en gros Peach Mango\" src=\"https:\/\/i0.wp.com\/www.disposablevapeswholesale.com\/wp-content\/uploads\/2022\/03\/RandM-Squid-Box-5200-Puffs-Disposable-Vape-Wholesale-Peach-Mango.jpg?resize=800%2C800&#038;ssl=1\" alt=\"RandM Squid Box 5200 Puffs Vape jetable en gros Peach Mango\" width=\"800\" height=\"800\" \/><\/a> <a href=\"https:\/\/i0.wp.com\/www.disposablevapeswholesale.com\/wp-content\/uploads\/2022\/03\/RandM-Squid-Box-5200-Puffs-Disposable-Vape-Wholesale-Mixed-Berries.jpg?ssl=1\" target=\"_blank\" rel=\"noopener\"><img data-recalc-dims=\"1\" loading=\"lazy\" decoding=\"async\" class=\"alignnone size-full wp-image-1970\" title=\"RandM Squid Box 5200 Puffs Vape jetable en gros Mixed Berries\" src=\"https:\/\/i0.wp.com\/www.disposablevapeswholesale.com\/wp-content\/uploads\/2022\/03\/RandM-Squid-Box-5200-Puffs-Disposable-Vape-Wholesale-Mixed-Berries.jpg?resize=800%2C800&#038;ssl=1\" alt=\"RandM Squid Box 5200 Puffs Vape jetable en gros Mixed Berries\" width=\"800\" height=\"800\" \/><\/a> <a href=\"https:\/\/i0.wp.com\/www.disposablevapeswholesale.com\/wp-content\/uploads\/2022\/03\/RandM-Squid-Box-5200-Puffs-Disposable-Vape-Wholesale-Mint.jpg?ssl=1\" target=\"_blank\" rel=\"noopener\"><img data-recalc-dims=\"1\" loading=\"lazy\" decoding=\"async\" class=\"alignnone size-full wp-image-1969\" title=\"RandM Squid Box 5200 Puffs Vape jetable Wholesale Mint\" src=\"https:\/\/i0.wp.com\/www.disposablevapeswholesale.com\/wp-content\/uploads\/2022\/03\/RandM-Squid-Box-5200-Puffs-Disposable-Vape-Wholesale-Mint.jpg?resize=800%2C800&#038;ssl=1\" alt=\"RandM Squid Box 5200 Puffs Vape jetable Wholesale Mint\" width=\"800\" height=\"800\" \/><\/a> <a href=\"https:\/\/i0.wp.com\/www.disposablevapeswholesale.com\/wp-content\/uploads\/2022\/03\/RandM-Squid-Box-5200-Puffs-Disposable-Vape-Wholesale-Lush-Ice.jpg?ssl=1\" target=\"_blank\" rel=\"noopener\"><img data-recalc-dims=\"1\" loading=\"lazy\" decoding=\"async\" class=\"alignnone size-full wp-image-1968\" title=\"RandM Squid Box 5200 Puffs Disposable Vape Wholesale Lush Ice\" src=\"https:\/\/i0.wp.com\/www.disposablevapeswholesale.com\/wp-content\/uploads\/2022\/03\/RandM-Squid-Box-5200-Puffs-Disposable-Vape-Wholesale-Lush-Ice.jpg?resize=800%2C800&#038;ssl=1\" alt=\"RandM Squid Box 5200 Puffs Disposable Vape Wholesale Lush Ice\" width=\"800\" height=\"800\" \/><\/a><\/p>","protected":false},"excerpt":{"rendered":"<p>RandM Squid Box 5200 Puffs Disposable Vape Wholesale offre un design compact, une grande capacit\u00e9 et une production de vapeur fluide, parfait pour un vapotage sans souci et portable.<\/p>","protected":false},"featured_media":1869,"comment_status":"closed","ping_status":"closed","template":"","meta":[],"product_brand":[],"product_cat":[22],"product_tag":[316,60,340,256],"class_list":{"0":"post-1612","1":"product","2":"type-product","3":"status-publish","4":"has-post-thumbnail","6":"product_cat-disposable-vape-sticks","7":"product_tag-5200-puffs","8":"product_tag-disposable-vapes","9":"product_tag-randm-squid-box","10":"product_tag-wholesale","12":"first","13":"instock","14":"shipping-taxable","15":"purchasable","16":"product-type-simple"},"jetpack_sharing_enabled":true,"tiered_pricing_type":"fixed","tiered_pricing_fixed_rules":{"5000":12,"10000":11,"50000":8},"tiered_pricing_product_settings":{"layout":"default","base_unit_name":{"singular":null,"plural":null},"default_variation":null},"tiered_pricing_minimum_quantity":60,"tiered_pricing_roles_data":[],"tiered_pricing_percentage_rules":[],"tiered_pricing_maximum_quantity":null,"tiered_pricing_quantity_step":null,"_links":{"self":[{"href":"https:\/\/cloudsupplyvapes.com\/fr\/wp-json\/wp\/v2\/product\/1612","targetHints":{"allow":["GET"]}}],"collection":[{"href":"https:\/\/cloudsupplyvapes.com\/fr\/wp-json\/wp\/v2\/product"}],"about":[{"href":"https:\/\/cloudsupplyvapes.com\/fr\/wp-json\/wp\/v2\/types\/product"}],"replies":[{"embeddable":true,"href":"https:\/\/cloudsupplyvapes.com\/fr\/wp-json\/wp\/v2\/comments?post=1612"}],"wp:featuredmedia":[{"embeddable":true,"href":"https:\/\/cloudsupplyvapes.com\/fr\/wp-json\/wp\/v2\/media\/1869"}],"wp:attachment":[{"href":"https:\/\/cloudsupplyvapes.com\/fr\/wp-json\/wp\/v2\/media?parent=1612"}],"wp:term":[{"taxonomy":"product_brand","embeddable":true,"href":"https:\/\/cloudsupplyvapes.com\/fr\/wp-json\/wp\/v2\/product_brand?post=1612"},{"taxonomy":"product_cat","embeddable":true,"href":"https:\/\/cloudsupplyvapes.com\/fr\/wp-json\/wp\/v2\/product_cat?post=1612"},{"taxonomy":"product_tag","embeddable":true,"href":"https:\/\/cloudsupplyvapes.com\/fr\/wp-json\/wp\/v2\/product_tag?post=1612"}],"curies":[{"name":"wp","href":"https:\/\/api.w.org\/{rel}","templated":true}]}}