{"id":1613,"date":"2024-10-19T02:20:32","date_gmt":"2024-10-19T02:20:32","guid":{"rendered":"https:\/\/cloudsupplyvapes.com\/?post_type=product&#038;p=1613"},"modified":"2024-11-26T07:51:38","modified_gmt":"2024-11-26T07:51:38","slug":"-64","status":"publish","type":"product","link":"https:\/\/cloudsupplyvapes.com\/fr\/product\/randm-tornado-8000-puffs-airflow-control-disposable-vape-wholesale\/","title":{"rendered":"RANDM TORNADO 8000 Puffs Airflow Control Vape jetable en gros Long-Lasting Adjustable Design"},"content":{"rendered":"<p>RandM Tornado 8000 is a disposable vape device with airflow control and it is rechargable.Built-in 1000 mAh high-capacity battery and 16 ml of e-liquid capacity.The airflow control let you choose the best spot suit yourself plus it comes with a rechargeable Type-C port at the buttom of the device, which gurantte you finish the last drop of the ejuice in the tank all the time. There are 20 kinds of flavors to choose from, which are liked by many people.<\/p>\n<p>&nbsp;<\/p>\n<h2>RandM Tornado Disposable Device Features:<\/h2>\n<p>??% Sel de nicotine.<\/p>\n<p>??6ML of E-liquid.<\/p>\n<p>\u2611Airflow Control<\/p>\n<p>\u2611Mesh Coil<\/p>\n<p>Batterie rechargeable<\/p>\n<p>Batterie int\u00e9gr\u00e9e de 1000mAh.<\/p>\n<p>? 0 Saveurs disponibles.<\/p>\n<p>? 0pcs dans une bo\u00eete de pr\u00e9sentation.<\/p>\n<p>? 40 pi\u00e8ces par carton.<\/p>\n<p>&nbsp;<\/p>\n<h2>Saveurs<\/h2>\n<p>Glace luxuriante<\/p>\n<p>Glace Blue Razz<\/p>\n<p>Past\u00e8que \u00e0 la fraise<\/p>\n<p>Strawberry Lemonade<\/p>\n<p>Pomme acide<\/p>\n<p>Cotton Pear<\/p>\n<p>Skittles Candy<\/p>\n<p>Gummy Bears<\/p>\n<p>Grape Orange<\/p>\n<p>Glace \u00e0 l'ananas<\/p>\n<p>Glace au melon<\/p>\n<p>Red Apple Melon<\/p>\n<p>Glace \u00e0 la grenade<\/p>\n<p>Banane glac\u00e9e<\/p>\n<p>Glace aux myrtilles<\/p>\n<p>Menthe fra\u00eeche<\/p>\n<p>Fraise Kiwi<\/p>\n<p>P\u00eache Mangue<\/p>\n<p>Pina Colada<\/p>\n<p>Cherry Lychee<\/p>\n<p>&nbsp;<\/p>\n<h2>Emballage et poids<\/h2>\n<p>0.075KG\/PCS, une seule pi\u00e8ce dans un petit emballage, 10 pi\u00e8ces dans une bo\u00eete moyenne.<\/p>\n<p>240PCS en carton, 18KG.<\/p>\n<p>&nbsp;<\/p>\n<h2>OEM<\/h2>\n<p>Quantit\u00e9 minimale de commande pour OEM : 1000 PCS m\u00eame parfum.<\/p>\n<p><a href=\"https:\/\/i0.wp.com\/www.disposablevapeswholesale.com\/wp-content\/uploads\/2022\/03\/RANDM-TORNADO-8000-Puffs-Airflow-Control-Disposable-Vape-Wholesale.jpg?ssl=1\" target=\"_blank\" rel=\"noopener\"><img data-recalc-dims=\"1\" loading=\"lazy\" decoding=\"async\" class=\"alignnone size-full wp-image-1940\" title=\"RANDM TORNADO 8000 Puffs Airflow Control Disposable Vape Wholesale\" src=\"https:\/\/i0.wp.com\/www.disposablevapeswholesale.com\/wp-content\/uploads\/2022\/03\/RANDM-TORNADO-8000-Puffs-Airflow-Control-Disposable-Vape-Wholesale.jpg?resize=800%2C800&#038;ssl=1\" alt=\"RANDM TORNADO 8000 Puffs Airflow Control Disposable Vape Wholesale\" width=\"800\" height=\"800\" \/><\/a> <a href=\"https:\/\/i0.wp.com\/www.disposablevapeswholesale.com\/wp-content\/uploads\/2022\/03\/RANDM-TORNADO-8000-Puffs-Airflow-Control-Disposable-Vape-Wholesale-10-Flavors.jpg?ssl=1\" target=\"_blank\" rel=\"noopener\"><img data-recalc-dims=\"1\" loading=\"lazy\" decoding=\"async\" class=\"alignnone size-full wp-image-1919\" title=\"RANDM TORNADO 8000 Puffs Airflow Control Disposable Vape Wholesale 10 Flavors\" src=\"https:\/\/i0.wp.com\/www.disposablevapeswholesale.com\/wp-content\/uploads\/2022\/03\/RANDM-TORNADO-8000-Puffs-Airflow-Control-Disposable-Vape-Wholesale-10-Flavors.jpg?resize=800%2C800&#038;ssl=1\" alt=\"RANDM TORNADO 8000 Puffs Airflow Control Disposable Vape Wholesale 10 Flavors\" width=\"800\" height=\"800\" \/><\/a> <a href=\"https:\/\/i0.wp.com\/www.disposablevapeswholesale.com\/wp-content\/uploads\/2022\/03\/RANDM-TORNADO-8000-Puffs-Airflow-Control-Disposable-Vape-Wholesale-5-Flavors.jpg?ssl=1\" target=\"_blank\" rel=\"noopener\"><img data-recalc-dims=\"1\" loading=\"lazy\" decoding=\"async\" class=\"alignnone size-full wp-image-1918\" title=\"RANDM TORNADO 8000 Puffs Airflow Control Disposable Vape Wholesale 5 Flavors\" src=\"https:\/\/i0.wp.com\/www.disposablevapeswholesale.com\/wp-content\/uploads\/2022\/03\/RANDM-TORNADO-8000-Puffs-Airflow-Control-Disposable-Vape-Wholesale-5-Flavors.jpg?resize=800%2C800&#038;ssl=1\" alt=\"RANDM TORNADO 8000 Puffs Airflow Control Disposable Vape Wholesale 5 Flavors\" width=\"800\" height=\"800\" \/><\/a> <a href=\"https:\/\/i0.wp.com\/www.disposablevapeswholesale.com\/wp-content\/uploads\/2022\/03\/RANDM-TORNADO-8000-Puffs-Airflow-Control-Disposable-Vape-Wholesale-Strawberry-Watermelon.jpg?ssl=1\" target=\"_blank\" rel=\"noopener\"><img data-recalc-dims=\"1\" loading=\"lazy\" decoding=\"async\" class=\"alignnone size-full wp-image-1939\" title=\"RANDM TORNADO 8000 Puffs Airflow Control Disposable Vape Wholesale Strawberry Watermelon\" src=\"https:\/\/i0.wp.com\/www.disposablevapeswholesale.com\/wp-content\/uploads\/2022\/03\/RANDM-TORNADO-8000-Puffs-Airflow-Control-Disposable-Vape-Wholesale-Strawberry-Watermelon.jpg?resize=800%2C800&#038;ssl=1\" alt=\"RANDM TORNADO 8000 Puffs Airflow Control Disposable Vape Wholesale Strawberry Watermelon\" width=\"800\" height=\"800\" \/><\/a> <a href=\"https:\/\/i0.wp.com\/www.disposablevapeswholesale.com\/wp-content\/uploads\/2022\/03\/RANDM-TORNADO-8000-Puffs-Airflow-Control-Disposable-Vape-Wholesale-Strawberry-Lemonade.jpg?ssl=1\" target=\"_blank\" rel=\"noopener\"><img data-recalc-dims=\"1\" loading=\"lazy\" decoding=\"async\" class=\"alignnone size-full wp-image-1938\" title=\"RANDM TORNADO 8000 Puffs Airflow Control Disposable Vape Wholesale Strawberry Lemonade\" src=\"https:\/\/i0.wp.com\/www.disposablevapeswholesale.com\/wp-content\/uploads\/2022\/03\/RANDM-TORNADO-8000-Puffs-Airflow-Control-Disposable-Vape-Wholesale-Strawberry-Lemonade.jpg?resize=800%2C800&#038;ssl=1\" alt=\"RANDM TORNADO 8000 Puffs Airflow Control Disposable Vape Wholesale Strawberry Lemonade\" width=\"800\" height=\"800\" \/><\/a> <a href=\"https:\/\/i0.wp.com\/www.disposablevapeswholesale.com\/wp-content\/uploads\/2022\/03\/RANDM-TORNADO-8000-Puffs-Airflow-Control-Disposable-Vape-Wholesale-Strawberry-Kiwi.jpg?ssl=1\" target=\"_blank\" rel=\"noopener\"><img data-recalc-dims=\"1\" loading=\"lazy\" decoding=\"async\" class=\"alignnone size-full wp-image-1937\" title=\"RANDM TORNADO 8000 Puffs Airflow Control Disposable Vape Wholesale Strawberry Kiwi\" src=\"https:\/\/i0.wp.com\/www.disposablevapeswholesale.com\/wp-content\/uploads\/2022\/03\/RANDM-TORNADO-8000-Puffs-Airflow-Control-Disposable-Vape-Wholesale-Strawberry-Kiwi.jpg?resize=800%2C800&#038;ssl=1\" alt=\"RANDM TORNADO 8000 Puffs Airflow Control Disposable Vape Wholesale Strawberry Kiwi\" width=\"800\" height=\"800\" \/><\/a> <a href=\"https:\/\/i0.wp.com\/www.disposablevapeswholesale.com\/wp-content\/uploads\/2022\/03\/RANDM-TORNADO-8000-Puffs-Airflow-Control-Disposable-Vape-Wholesale-Sour-Apple.jpg?ssl=1\" target=\"_blank\" rel=\"noopener\"><img data-recalc-dims=\"1\" loading=\"lazy\" decoding=\"async\" class=\"alignnone size-full wp-image-1936\" title=\"RANDM TORNADO 8000 Puffs Airflow Control Disposable Vape Wholesale Sour Apple\" src=\"https:\/\/i0.wp.com\/www.disposablevapeswholesale.com\/wp-content\/uploads\/2022\/03\/RANDM-TORNADO-8000-Puffs-Airflow-Control-Disposable-Vape-Wholesale-Sour-Apple.jpg?resize=800%2C800&#038;ssl=1\" alt=\"RANDM TORNADO 8000 Puffs Airflow Control Disposable Vape Wholesale Sour Apple\" width=\"800\" height=\"800\" \/><\/a> <a href=\"https:\/\/i0.wp.com\/www.disposablevapeswholesale.com\/wp-content\/uploads\/2022\/03\/RANDM-TORNADO-8000-Puffs-Airflow-Control-Disposable-Vape-Wholesale-Skittles-Candy.jpg?ssl=1\" target=\"_blank\" rel=\"noopener\"><img data-recalc-dims=\"1\" loading=\"lazy\" decoding=\"async\" class=\"alignnone size-full wp-image-1935\" title=\"RANDM TORNADO 8000 Puffs Airflow Control Disposable Vape Wholesale Skittles Candy\" src=\"https:\/\/i0.wp.com\/www.disposablevapeswholesale.com\/wp-content\/uploads\/2022\/03\/RANDM-TORNADO-8000-Puffs-Airflow-Control-Disposable-Vape-Wholesale-Skittles-Candy.jpg?resize=800%2C800&#038;ssl=1\" alt=\"RANDM TORNADO 8000 Puffs Airflow Control Disposable Vape Wholesale Skittles Candy\" width=\"800\" height=\"800\" \/><\/a> <a href=\"https:\/\/i0.wp.com\/www.disposablevapeswholesale.com\/wp-content\/uploads\/2022\/03\/RANDM-TORNADO-8000-Puffs-Airflow-Control-Disposable-Vape-Wholesale-Red-Apple-Melon.jpg?ssl=1\" target=\"_blank\" rel=\"noopener\"><img data-recalc-dims=\"1\" loading=\"lazy\" decoding=\"async\" class=\"alignnone size-full wp-image-1934\" title=\"RANDM TORNADO 8000 Puffs Airflow Control Disposable Vape Wholesale Red Apple Melon\" src=\"https:\/\/i0.wp.com\/www.disposablevapeswholesale.com\/wp-content\/uploads\/2022\/03\/RANDM-TORNADO-8000-Puffs-Airflow-Control-Disposable-Vape-Wholesale-Red-Apple-Melon.jpg?resize=800%2C800&#038;ssl=1\" alt=\"RANDM TORNADO 8000 Puffs Airflow Control Disposable Vape Wholesale Red Apple Melon\" width=\"800\" height=\"800\" \/><\/a> <a href=\"https:\/\/i0.wp.com\/www.disposablevapeswholesale.com\/wp-content\/uploads\/2022\/03\/RANDM-TORNADO-8000-Puffs-Airflow-Control-Disposable-Vape-Wholesale-Pomegranate-Ice.jpg?ssl=1\" target=\"_blank\" rel=\"noopener\"><img data-recalc-dims=\"1\" loading=\"lazy\" decoding=\"async\" class=\"alignnone size-full wp-image-1933\" title=\"RANDM TORNADO 8000 Puffs Airflow Control Disposable Vape Wholesale Pomegranate Ice\" src=\"https:\/\/i0.wp.com\/www.disposablevapeswholesale.com\/wp-content\/uploads\/2022\/03\/RANDM-TORNADO-8000-Puffs-Airflow-Control-Disposable-Vape-Wholesale-Pomegranate-Ice.jpg?resize=800%2C800&#038;ssl=1\" alt=\"RANDM TORNADO 8000 Puffs Airflow Control Disposable Vape Wholesale Pomegranate Ice\" width=\"800\" height=\"800\" \/><\/a><\/p>","protected":false},"excerpt":{"rendered":"<p>RANDM TORNADO 8000 Puffs Airflow Control Disposable Vape Wholesale combines adjustable airflow, long-lasting battery, and consistent vapor delivery for premium vaping sessions.<\/p>","protected":false},"featured_media":1887,"comment_status":"closed","ping_status":"closed","template":"","meta":[],"product_brand":[],"product_cat":[22],"product_tag":[60,341,256],"class_list":{"0":"post-1613","1":"product","2":"type-product","3":"status-publish","4":"has-post-thumbnail","6":"product_cat-disposable-vape-sticks","7":"product_tag-disposable-vapes","8":"product_tag-randm-tornado-8000","9":"product_tag-wholesale","11":"first","12":"instock","13":"shipping-taxable","14":"purchasable","15":"product-type-simple"},"jetpack_sharing_enabled":true,"tiered_pricing_type":"fixed","tiered_pricing_fixed_rules":{"5000":8,"10000":7,"50000":6},"tiered_pricing_product_settings":{"layout":"default","base_unit_name":{"singular":null,"plural":null},"default_variation":null},"tiered_pricing_minimum_quantity":60,"tiered_pricing_roles_data":[],"tiered_pricing_percentage_rules":[],"tiered_pricing_maximum_quantity":null,"tiered_pricing_quantity_step":null,"_links":{"self":[{"href":"https:\/\/cloudsupplyvapes.com\/fr\/wp-json\/wp\/v2\/product\/1613","targetHints":{"allow":["GET"]}}],"collection":[{"href":"https:\/\/cloudsupplyvapes.com\/fr\/wp-json\/wp\/v2\/product"}],"about":[{"href":"https:\/\/cloudsupplyvapes.com\/fr\/wp-json\/wp\/v2\/types\/product"}],"replies":[{"embeddable":true,"href":"https:\/\/cloudsupplyvapes.com\/fr\/wp-json\/wp\/v2\/comments?post=1613"}],"wp:featuredmedia":[{"embeddable":true,"href":"https:\/\/cloudsupplyvapes.com\/fr\/wp-json\/wp\/v2\/media\/1887"}],"wp:attachment":[{"href":"https:\/\/cloudsupplyvapes.com\/fr\/wp-json\/wp\/v2\/media?parent=1613"}],"wp:term":[{"taxonomy":"product_brand","embeddable":true,"href":"https:\/\/cloudsupplyvapes.com\/fr\/wp-json\/wp\/v2\/product_brand?post=1613"},{"taxonomy":"product_cat","embeddable":true,"href":"https:\/\/cloudsupplyvapes.com\/fr\/wp-json\/wp\/v2\/product_cat?post=1613"},{"taxonomy":"product_tag","embeddable":true,"href":"https:\/\/cloudsupplyvapes.com\/fr\/wp-json\/wp\/v2\/product_tag?post=1613"}],"curies":[{"name":"wp","href":"https:\/\/api.w.org\/{rel}","templated":true}]}}