{"id":162,"date":"2024-10-10T08:54:18","date_gmt":"2024-10-10T08:54:18","guid":{"rendered":"https:\/\/cloudsupplyvapes.com\/?post_type=product&#038;p=162"},"modified":"2024-11-26T09:37:25","modified_gmt":"2024-11-26T09:37:25","slug":"breze-stiik-bs6500-puff-vape-wholesale","status":"publish","type":"product","link":"https:\/\/cloudsupplyvapes.com\/fr\/product\/breze-stiik-bs6500-puff-vape-wholesale\/","title":{"rendered":"Breze Stiik BS6500 Puffs Vape jetable | Wholesale Premium Compact Design"},"content":{"rendered":"<p>Le Breze Stiik Bs 6500 Disposable Vape Kit est con\u00e7u pour am\u00e9liorer l'exp\u00e9rience et la satisfaction totales du client, depuis les performances de l'appareil jusqu'\u00e0 l'apparence qu'il affiche, en passant par la durabilit\u00e9 et le confort d'utilisation et la diversit\u00e9 de la s\u00e9lection des ar\u00f4mes. Breze Stiik Bs 6500 contient une batterie de 650mAh. Pour vaper plus souvent, il fournit un port Type-C, adoptant le syst\u00e8me de charge rapide, pour assurer la durance du Breze, et la r\u00e9sistance de la bobine est de 1,4ohm qui satisfait le vaping DL. De plus, une impressionnante capacit\u00e9 de 12ml de jus de vape incluant 0% 2% 5% salt nic strength qui permet en moyenne 6500 bouff\u00e9es par unit\u00e9, vous permet d'avoir une session d'exp\u00e9rience plus longue.<\/p>\n<div><span style=\"font-size: 18px;\"><strong>BREZE STIIK BS6500<\/strong><strong>\u00a0<\/strong><strong>Sp\u00e9cifications<\/strong><\/span><strong style=\"font-size: 18px;\">:<\/strong><\/div>\n<div>PUFFS : 6000<\/div>\n<div>MAT\u00c9RIAU : acier inoxydable<\/div>\n<div>CAPACIT\u00c9 D'HUILE :12 ML<\/div>\n<div>CAPACIT\u00c9 DE LA BATTERIE : 400MAH<\/div>\n<div>CHARGE : Type-C<\/div>\n<div>RESISTANCE : 1.2ohm<\/div>\n<div>NIC : 2%\/5%<\/div>\n<div>NOYAU CHAUFFANT : Bobine de maille<\/div>\n<div>Taille : 93*44*23mm<\/div>\n<div><\/div>\n<div>\n<div><strong style=\"font-size: 18px;\">BREZE STIIK BS6500 Ar\u00f4mes :<\/strong><\/div>\n<div>1. Myrtille framboise acidul\u00e9e<\/div>\n<div>2. Soda au raisin<\/div>\n<div>3. Citron cerise<\/div>\n<div>4. P\u00eache juteuse glac\u00e9e<\/div>\n<div>5. Ours en gomme<\/div>\n<div>6. Pomme Honeycrisp<\/div>\n<div>7. Sundae \u00e0 la fraise<\/div>\n<div>8. Sorbet Yakult<\/div>\n<div>9. Glace \u00e0 la past\u00e8que<\/div>\n<div>10. Tire sur la banane<\/div>\n<div>11. Menthe poivr\u00e9e<\/div>\n<div>12. Coucher de soleil \u00e0 Hawa\u00ef<\/div>\n<\/div>\n<div><img data-recalc-dims=\"1\" loading=\"lazy\" decoding=\"async\" class=\"alignnone size-medium wp-image-83\" src=\"https:\/\/i0.wp.com\/cloudsupplyvapes.com\/wp-content\/uploads\/2024\/10\/4.jpg?resize=300%2C300&#038;ssl=1\" alt=\"\" width=\"300\" height=\"300\" title=\"\" srcset=\"https:\/\/i0.wp.com\/cloudsupplyvapes.com\/wp-content\/uploads\/2024\/10\/4.jpg?resize=300%2C300&amp;ssl=1 300w, https:\/\/i0.wp.com\/cloudsupplyvapes.com\/wp-content\/uploads\/2024\/10\/4.jpg?resize=150%2C150&amp;ssl=1 150w, https:\/\/i0.wp.com\/cloudsupplyvapes.com\/wp-content\/uploads\/2024\/10\/4.jpg?resize=510%2C510&amp;ssl=1 510w, https:\/\/i0.wp.com\/cloudsupplyvapes.com\/wp-content\/uploads\/2024\/10\/4.jpg?resize=100%2C100&amp;ssl=1 100w, https:\/\/i0.wp.com\/cloudsupplyvapes.com\/wp-content\/uploads\/2024\/10\/4.jpg?w=700&amp;ssl=1 700w\" sizes=\"auto, (max-width: 300px) 100vw, 300px\" \/><img data-recalc-dims=\"1\" loading=\"lazy\" decoding=\"async\" class=\"alignnone size-medium wp-image-82\" src=\"https:\/\/i0.wp.com\/cloudsupplyvapes.com\/wp-content\/uploads\/2024\/10\/3.jpg?resize=300%2C300&#038;ssl=1\" alt=\"\" width=\"300\" height=\"300\" title=\"\" srcset=\"https:\/\/i0.wp.com\/cloudsupplyvapes.com\/wp-content\/uploads\/2024\/10\/3.jpg?resize=300%2C300&amp;ssl=1 300w, https:\/\/i0.wp.com\/cloudsupplyvapes.com\/wp-content\/uploads\/2024\/10\/3.jpg?resize=150%2C150&amp;ssl=1 150w, https:\/\/i0.wp.com\/cloudsupplyvapes.com\/wp-content\/uploads\/2024\/10\/3.jpg?resize=510%2C510&amp;ssl=1 510w, https:\/\/i0.wp.com\/cloudsupplyvapes.com\/wp-content\/uploads\/2024\/10\/3.jpg?resize=100%2C100&amp;ssl=1 100w, https:\/\/i0.wp.com\/cloudsupplyvapes.com\/wp-content\/uploads\/2024\/10\/3.jpg?w=700&amp;ssl=1 700w\" sizes=\"auto, (max-width: 300px) 100vw, 300px\" \/><img data-recalc-dims=\"1\" loading=\"lazy\" decoding=\"async\" class=\"alignnone size-medium wp-image-80\" src=\"https:\/\/i0.wp.com\/cloudsupplyvapes.com\/wp-content\/uploads\/2024\/10\/1.jpg?resize=300%2C300&#038;ssl=1\" alt=\"\" width=\"300\" height=\"300\" title=\"\" srcset=\"https:\/\/i0.wp.com\/cloudsupplyvapes.com\/wp-content\/uploads\/2024\/10\/1.jpg?resize=300%2C300&amp;ssl=1 300w, https:\/\/i0.wp.com\/cloudsupplyvapes.com\/wp-content\/uploads\/2024\/10\/1.jpg?resize=150%2C150&amp;ssl=1 150w, https:\/\/i0.wp.com\/cloudsupplyvapes.com\/wp-content\/uploads\/2024\/10\/1.jpg?resize=510%2C510&amp;ssl=1 510w, https:\/\/i0.wp.com\/cloudsupplyvapes.com\/wp-content\/uploads\/2024\/10\/1.jpg?resize=100%2C100&amp;ssl=1 100w, https:\/\/i0.wp.com\/cloudsupplyvapes.com\/wp-content\/uploads\/2024\/10\/1.jpg?w=700&amp;ssl=1 700w\" sizes=\"auto, (max-width: 300px) 100vw, 300px\" \/><\/div>","protected":false},"excerpt":{"rendered":"<p>Breze Stiik BS6500 Puffs Disposable Vape Wholesale offre une qualit\u00e9 de construction sup\u00e9rieure, un d\u00e9bit de vapeur r\u00e9gulier et un design portable pour des exp\u00e9riences de vapotage satisfaisantes.<\/p>","protected":false},"featured_media":143,"comment_status":"open","ping_status":"closed","template":"","meta":[],"product_brand":[],"product_cat":[16],"product_tag":[],"class_list":{"0":"post-162","1":"product","2":"type-product","3":"status-publish","4":"has-post-thumbnail","6":"product_cat-disposable-vapes-for-wholesale","8":"first","9":"instock","10":"shipping-taxable","11":"product-type-variable","12":"has-default-attributes"},"jetpack_sharing_enabled":true,"tiered_pricing_type":"fixed","tiered_pricing_fixed_rules":[],"tiered_pricing_product_settings":{"layout":"default","base_unit_name":{"singular":null,"plural":null},"default_variation":null},"tiered_pricing_minimum_quantity":null,"tiered_pricing_roles_data":[],"tiered_pricing_percentage_rules":[],"tiered_pricing_maximum_quantity":null,"tiered_pricing_quantity_step":null,"_links":{"self":[{"href":"https:\/\/cloudsupplyvapes.com\/fr\/wp-json\/wp\/v2\/product\/162","targetHints":{"allow":["GET"]}}],"collection":[{"href":"https:\/\/cloudsupplyvapes.com\/fr\/wp-json\/wp\/v2\/product"}],"about":[{"href":"https:\/\/cloudsupplyvapes.com\/fr\/wp-json\/wp\/v2\/types\/product"}],"replies":[{"embeddable":true,"href":"https:\/\/cloudsupplyvapes.com\/fr\/wp-json\/wp\/v2\/comments?post=162"}],"wp:featuredmedia":[{"embeddable":true,"href":"https:\/\/cloudsupplyvapes.com\/fr\/wp-json\/wp\/v2\/media\/143"}],"wp:attachment":[{"href":"https:\/\/cloudsupplyvapes.com\/fr\/wp-json\/wp\/v2\/media?parent=162"}],"wp:term":[{"taxonomy":"product_brand","embeddable":true,"href":"https:\/\/cloudsupplyvapes.com\/fr\/wp-json\/wp\/v2\/product_brand?post=162"},{"taxonomy":"product_cat","embeddable":true,"href":"https:\/\/cloudsupplyvapes.com\/fr\/wp-json\/wp\/v2\/product_cat?post=162"},{"taxonomy":"product_tag","embeddable":true,"href":"https:\/\/cloudsupplyvapes.com\/fr\/wp-json\/wp\/v2\/product_tag?post=162"}],"curies":[{"name":"wp","href":"https:\/\/api.w.org\/{rel}","templated":true}]}}