{"id":1760,"date":"2024-10-19T02:21:25","date_gmt":"2024-10-19T02:21:25","guid":{"rendered":"https:\/\/cloudsupplyvapes.com\/?post_type=product&#038;p=1760"},"modified":"2024-11-26T07:34:33","modified_gmt":"2024-11-26T07:34:33","slug":"-66","status":"publish","type":"product","link":"https:\/\/cloudsupplyvapes.com\/fr\/product\/aokit-box-4000-puffs-disposable-vape-wholesale\/","title":{"rendered":"Aokit Box 4000 Puffs Disposable Vape Wholesale High Capacity Sleek Design"},"content":{"rendered":"<p>Aokit Box est une vape jetable de forme unique, avec une batterie int\u00e9gr\u00e9e de 1500mAh, 4000 bouff\u00e9es, une capacit\u00e9 de 10ml d'e-liquide, et un design \u00e9tanche.<\/p>\n<p>&nbsp;<\/p>\n<h2>Saveurs<\/h2>\n<p>Lance menthe<\/p>\n<p>Alo\u00e8s raisin<\/p>\n<p>Fraise Mangue<\/p>\n<p>Bleu Razz<\/p>\n<p>Glace \u00e0 la goyave<\/p>\n<p>Boisson \u00e9nerg\u00e9tique<\/p>\n<p>Triple baies<\/p>\n<p>Banane glac\u00e9e<\/p>\n<p>Glace luxuriante<\/p>\n<p>Fraise et banane<\/p>\n<p>Bonbons arc-en-ciel<\/p>\n<p>Limonade rose<\/p>\n<p>&nbsp;<\/p>\n<h2>Emballage et poids<\/h2>\n<p>0.0725KG\/PC, simple avec petit emballage,<\/p>\n<p>200PCS en carton, 14.5KG.<\/p>\n<p>&nbsp;<\/p>\n<h2>OEM<\/h2>\n<p>Quantit\u00e9 minimale de commande pour OEM : 1000 PCS m\u00eame parfum.<\/p>\n<p><a href=\"https:\/\/i0.wp.com\/www.disposablevapeswholesale.com\/wp-content\/uploads\/2021\/12\/Aokit-Box-4000-Puffs-Disposable-Vape-Wholesale.jpg?ssl=1\" target=\"_blank\" rel=\"noopener\"><img data-recalc-dims=\"1\" loading=\"lazy\" decoding=\"async\" class=\"alignnone size-full wp-image-1373\" title=\"Aokit Box 4000 Puffs Disposable Vape Wholesale\" src=\"https:\/\/i0.wp.com\/www.disposablevapeswholesale.com\/wp-content\/uploads\/2021\/12\/Aokit-Box-4000-Puffs-Disposable-Vape-Wholesale.jpg?resize=800%2C800&#038;ssl=1\" alt=\"Aokit Box 4000 Puffs Disposable Vape Wholesale\" width=\"800\" height=\"800\" \/><\/a> <a href=\"https:\/\/i0.wp.com\/www.disposablevapeswholesale.com\/wp-content\/uploads\/2021\/12\/Aokit-Box-4000-Puffs-Disposable-Vape-Wholesale-5Flavors.jpg?ssl=1\" target=\"_blank\" rel=\"noopener\"><img data-recalc-dims=\"1\" loading=\"lazy\" decoding=\"async\" class=\"alignnone size-full wp-image-1351\" title=\"Aokit Box 4000 Puffs Disposable Vape Wholesale 5Flavors\" src=\"https:\/\/i0.wp.com\/www.disposablevapeswholesale.com\/wp-content\/uploads\/2021\/12\/Aokit-Box-4000-Puffs-Disposable-Vape-Wholesale-5Flavors.jpg?resize=800%2C800&#038;ssl=1\" alt=\"Aokit Box 4000 Puffs Disposable Vape Wholesale 5Flavors\" width=\"800\" height=\"800\" \/><\/a> <a href=\"https:\/\/i0.wp.com\/www.disposablevapeswholesale.com\/wp-content\/uploads\/2021\/12\/Aokit-Box-4000-Puffs-Disposable-Vape-Wholesale-Triple-Berries-Flavors.jpg?ssl=1\" target=\"_blank\" rel=\"noopener\"><img data-recalc-dims=\"1\" loading=\"lazy\" decoding=\"async\" class=\"alignnone size-full wp-image-1370\" title=\"Aokit Box 4000 Puffs Disposable Vape Wholesale Triple Berries Flavors\" src=\"https:\/\/i0.wp.com\/www.disposablevapeswholesale.com\/wp-content\/uploads\/2021\/12\/Aokit-Box-4000-Puffs-Disposable-Vape-Wholesale-Triple-Berries-Flavors.jpg?resize=800%2C800&#038;ssl=1\" alt=\"Aokit Box 4000 Puffs Disposable Vape Wholesale Triple Berries Flavors\" width=\"800\" height=\"800\" \/><\/a> <a href=\"https:\/\/i0.wp.com\/www.disposablevapeswholesale.com\/wp-content\/uploads\/2021\/12\/Aokit-Box-4000-Puffs-Disposable-Vape-Wholesale-Rainbow-Candy-Flavors.jpg?ssl=1\" target=\"_blank\" rel=\"noopener\"><img data-recalc-dims=\"1\" loading=\"lazy\" decoding=\"async\" class=\"alignnone size-full wp-image-1365\" title=\"Aokit Box 4000 Puffs Disposable Vape Wholesale Rainbow Candy Flavors\" src=\"https:\/\/i0.wp.com\/www.disposablevapeswholesale.com\/wp-content\/uploads\/2021\/12\/Aokit-Box-4000-Puffs-Disposable-Vape-Wholesale-Rainbow-Candy-Flavors.jpg?resize=800%2C800&#038;ssl=1\" alt=\"Aokit Box 4000 Puffs Disposable Vape Wholesale Rainbow Candy Flavors\" width=\"800\" height=\"800\" \/><\/a> <a href=\"https:\/\/i0.wp.com\/www.disposablevapeswholesale.com\/wp-content\/uploads\/2021\/12\/Aokit-Box-4000-Puffs-Disposable-Vape-Wholesale-Pink-Lemonade.jpg?ssl=1\" target=\"_blank\" rel=\"noopener\"><img data-recalc-dims=\"1\" loading=\"lazy\" decoding=\"async\" class=\"alignnone size-full wp-image-1364\" title=\"Aokit Box 4000 Puffs Disposable Vape Wholesale Pink Lemonade\" src=\"https:\/\/i0.wp.com\/www.disposablevapeswholesale.com\/wp-content\/uploads\/2021\/12\/Aokit-Box-4000-Puffs-Disposable-Vape-Wholesale-Pink-Lemonade.jpg?resize=800%2C800&#038;ssl=1\" alt=\"Aokit Box 4000 Puffs Disposable Vape Wholesale Pink Lemonade\" width=\"800\" height=\"800\" \/><\/a> <a href=\"https:\/\/i0.wp.com\/www.disposablevapeswholesale.com\/wp-content\/uploads\/2021\/12\/Aokit-Box-4000-Puffs-Disposable-Vape-Wholesale-Guava-Ice-Flavors.jpg?ssl=1\" target=\"_blank\" rel=\"noopener\"><img data-recalc-dims=\"1\" loading=\"lazy\" decoding=\"async\" class=\"alignnone size-full wp-image-1359\" title=\"Aokit Box 4000 Puffs Disposable Vape Wholesale Guava Ice Flavors\" src=\"https:\/\/i0.wp.com\/www.disposablevapeswholesale.com\/wp-content\/uploads\/2021\/12\/Aokit-Box-4000-Puffs-Disposable-Vape-Wholesale-Guava-Ice-Flavors.jpg?resize=800%2C800&#038;ssl=1\" alt=\"Aokit Box 4000 Puffs Disposable Vape Wholesale Guava Ice Flavors\" width=\"800\" height=\"800\" \/><\/a> <a href=\"https:\/\/i0.wp.com\/www.disposablevapeswholesale.com\/wp-content\/uploads\/2021\/12\/Aokit-Box-4000-Puffs-Disposable-Vape-Wholesale-Blue-Razz-Flavors.jpg?ssl=1\" target=\"_blank\" rel=\"noopener\"><img data-recalc-dims=\"1\" loading=\"lazy\" decoding=\"async\" class=\"alignnone size-full wp-image-1356\" title=\"Aokit Box 4000 Puffs Disposable Vape Wholesale Blue Razz Flavors\" src=\"https:\/\/i0.wp.com\/www.disposablevapeswholesale.com\/wp-content\/uploads\/2021\/12\/Aokit-Box-4000-Puffs-Disposable-Vape-Wholesale-Blue-Razz-Flavors.jpg?resize=800%2C800&#038;ssl=1\" alt=\"Aokit Box 4000 Puffs Disposable Vape Wholesale Blue Razz Flavors\" width=\"800\" height=\"800\" \/><\/a> <a href=\"https:\/\/i0.wp.com\/www.disposablevapeswholesale.com\/wp-content\/uploads\/2021\/12\/Aokit-Box-4000-Puffs-Disposable-Vape-Wholesale-Aloe-Grape-Flavors.jpg?ssl=1\" target=\"_blank\" rel=\"noopener\"><img data-recalc-dims=\"1\" loading=\"lazy\" decoding=\"async\" class=\"alignnone size-full wp-image-1352\" title=\"Aokit Box 4000 Puffs Disposable Vape Wholesale Aloe Grape Flavors\" src=\"https:\/\/i0.wp.com\/www.disposablevapeswholesale.com\/wp-content\/uploads\/2021\/12\/Aokit-Box-4000-Puffs-Disposable-Vape-Wholesale-Aloe-Grape-Flavors.jpg?resize=800%2C800&#038;ssl=1\" alt=\"Aokit Box 4000 Puffs Disposable Vape Wholesale Aloe Grape Flavors\" width=\"800\" height=\"800\" \/><\/a> <a href=\"https:\/\/i0.wp.com\/www.disposablevapeswholesale.com\/wp-content\/uploads\/2021\/12\/Aokit-Box-4000-Puffs-Disposable-Vape-Wholesale-Triple-Berries-good-Flavors.jpg?ssl=1\" target=\"_blank\" rel=\"noopener\"><img data-recalc-dims=\"1\" loading=\"lazy\" decoding=\"async\" class=\"alignnone size-full wp-image-1371\" title=\"Aokit Box 4000 Puffs Vape jetable Wholesale Triple Berries good Flavors\" src=\"https:\/\/i0.wp.com\/www.disposablevapeswholesale.com\/wp-content\/uploads\/2021\/12\/Aokit-Box-4000-Puffs-Disposable-Vape-Wholesale-Triple-Berries-good-Flavors.jpg?resize=800%2C800&#038;ssl=1\" alt=\"Aokit Box 4000 Puffs Vape jetable Wholesale Triple Berries good Flavors\" width=\"800\" height=\"800\" \/><\/a><\/p>","protected":false},"excerpt":{"rendered":"<p>Aokit Box 4000 Puffs Disposable Vape Wholesale est dot\u00e9 d'une batterie de grande capacit\u00e9, d'un design \u00e9l\u00e9gant et d'un syst\u00e8me de vaporisation fluide, garantissant une exp\u00e9rience de vapotage fiable et agr\u00e9able.<\/p>","protected":false},"featured_media":2009,"comment_status":"closed","ping_status":"closed","template":"","meta":[],"product_brand":[],"product_cat":[22],"product_tag":[287,348,60,256],"class_list":{"0":"post-1760","1":"product","2":"type-product","3":"status-publish","4":"has-post-thumbnail","6":"product_cat-disposable-vape-sticks","7":"product_tag-4000-puffs","8":"product_tag-aokit-box","9":"product_tag-disposable-vapes","10":"product_tag-wholesale","12":"first","13":"instock","14":"shipping-taxable","15":"purchasable","16":"product-type-simple"},"jetpack_sharing_enabled":true,"tiered_pricing_type":"fixed","tiered_pricing_fixed_rules":{"5000":4,"10000":3,"50000":2},"tiered_pricing_product_settings":{"layout":"default","base_unit_name":{"singular":null,"plural":null},"default_variation":null},"tiered_pricing_minimum_quantity":60,"tiered_pricing_roles_data":[],"tiered_pricing_percentage_rules":[],"tiered_pricing_maximum_quantity":null,"tiered_pricing_quantity_step":null,"_links":{"self":[{"href":"https:\/\/cloudsupplyvapes.com\/fr\/wp-json\/wp\/v2\/product\/1760","targetHints":{"allow":["GET"]}}],"collection":[{"href":"https:\/\/cloudsupplyvapes.com\/fr\/wp-json\/wp\/v2\/product"}],"about":[{"href":"https:\/\/cloudsupplyvapes.com\/fr\/wp-json\/wp\/v2\/types\/product"}],"replies":[{"embeddable":true,"href":"https:\/\/cloudsupplyvapes.com\/fr\/wp-json\/wp\/v2\/comments?post=1760"}],"wp:featuredmedia":[{"embeddable":true,"href":"https:\/\/cloudsupplyvapes.com\/fr\/wp-json\/wp\/v2\/media\/2009"}],"wp:attachment":[{"href":"https:\/\/cloudsupplyvapes.com\/fr\/wp-json\/wp\/v2\/media?parent=1760"}],"wp:term":[{"taxonomy":"product_brand","embeddable":true,"href":"https:\/\/cloudsupplyvapes.com\/fr\/wp-json\/wp\/v2\/product_brand?post=1760"},{"taxonomy":"product_cat","embeddable":true,"href":"https:\/\/cloudsupplyvapes.com\/fr\/wp-json\/wp\/v2\/product_cat?post=1760"},{"taxonomy":"product_tag","embeddable":true,"href":"https:\/\/cloudsupplyvapes.com\/fr\/wp-json\/wp\/v2\/product_tag?post=1760"}],"curies":[{"name":"wp","href":"https:\/\/api.w.org\/{rel}","templated":true}]}}