{"id":1761,"date":"2024-10-19T02:21:25","date_gmt":"2024-10-19T02:21:25","guid":{"rendered":"https:\/\/cloudsupplyvapes.com\/?post_type=product&#038;p=1761"},"modified":"2024-11-26T07:34:47","modified_gmt":"2024-11-26T07:34:47","slug":"-67","status":"publish","type":"product","link":"https:\/\/cloudsupplyvapes.com\/fr\/product\/aokit-nano-3000-puffs-disposable-vape-wholesale\/","title":{"rendered":"Aokit NANO 3000 Puffs Vape jetable Wholesale Compact Long-Lasting Design"},"content":{"rendered":"<p>Aokit NANO est une vape jetable qui peut fumer 3000 bouff\u00e9es, avec une batterie int\u00e9gr\u00e9e de 1100mAh, une capacit\u00e9 de 8ML d'e-liquide, un design nouveau et unique, et est appr\u00e9ci\u00e9e par de nombreux clients.<\/p>\n<p>&nbsp;<\/p>\n<h2>Saveurs<\/h2>\n<p>Fraise Mangue<\/p>\n<p>Limonade rose<\/p>\n<p>Ananas Coco<\/p>\n<p>Baies m\u00e9lang\u00e9es<\/p>\n<p>Menthe fra\u00eeche<\/p>\n<p>Alo\u00e8s raisin<\/p>\n<p>\u00c9nergie rouge<\/p>\n<p>Cr\u00e8me glac\u00e9e \u00e0 la fraise<\/p>\n<p>Glace Blue Razz<\/p>\n<p>Fraise et banane<\/p>\n<p>Glace luxuriante<\/p>\n<p>&nbsp;<\/p>\n<h2>Emballage et poids<\/h2>\n<p>0.0725KG\/PC, simple avec petit emballage,<\/p>\n<p>200PCS en carton, 14.5KG.<\/p>\n<p>&nbsp;<\/p>\n<h2>OEM<\/h2>\n<p>Quantit\u00e9 minimale de commande pour OEM : 1000 PCS m\u00eame parfum.<\/p>\n<p><a href=\"https:\/\/i0.wp.com\/www.disposablevapeswholesale.com\/wp-content\/uploads\/2021\/12\/Aokit-NANO-3000-Puffs-Disposable-Vape-Wholesale-6-Flavors.jpg?ssl=1\" target=\"_blank\" rel=\"noopener\"><img data-recalc-dims=\"1\" loading=\"lazy\" decoding=\"async\" class=\"alignnone size-full wp-image-1264\" title=\"Aokit NANO 3000 Puffs Disposable Vape Wholesale 6 Flavors\" src=\"https:\/\/i0.wp.com\/www.disposablevapeswholesale.com\/wp-content\/uploads\/2021\/12\/Aokit-NANO-3000-Puffs-Disposable-Vape-Wholesale-6-Flavors.jpg?resize=800%2C800&#038;ssl=1\" alt=\"Aokit NANO 3000 Puffs Disposable Vape Wholesale 6 Flavors\" width=\"800\" height=\"800\" \/><\/a> <a href=\"https:\/\/i0.wp.com\/www.disposablevapeswholesale.com\/wp-content\/uploads\/2021\/12\/Aokit-NANO-3000-Puffs-Disposable-Vape-Wholesale-5-Flavors.jpg?ssl=1\" target=\"_blank\" rel=\"noopener\"><img data-recalc-dims=\"1\" loading=\"lazy\" decoding=\"async\" class=\"alignnone size-full wp-image-1263\" title=\"Aokit NANO 3000 Puffs Vape jetable Wholesale 5 Flavors\" src=\"https:\/\/i0.wp.com\/www.disposablevapeswholesale.com\/wp-content\/uploads\/2021\/12\/Aokit-NANO-3000-Puffs-Disposable-Vape-Wholesale-5-Flavors.jpg?resize=800%2C800&#038;ssl=1\" alt=\"Aokit NANO 3000 Puffs Vape jetable Wholesale 5 Flavors\" width=\"800\" height=\"800\" \/><\/a> <a href=\"https:\/\/i0.wp.com\/www.disposablevapeswholesale.com\/wp-content\/uploads\/2021\/12\/Aokit-NANO-3000-Puffs-Disposable-Vape-Wholesale-10-Flavors.jpg?ssl=1\" target=\"_blank\" rel=\"noopener\"><img data-recalc-dims=\"1\" loading=\"lazy\" decoding=\"async\" class=\"alignnone size-full wp-image-1265\" title=\"Aokit NANO 3000 Puffs Disposable Vape Wholesale 10 Flavors\" src=\"https:\/\/i0.wp.com\/www.disposablevapeswholesale.com\/wp-content\/uploads\/2021\/12\/Aokit-NANO-3000-Puffs-Disposable-Vape-Wholesale-10-Flavors.jpg?resize=800%2C1131&#038;ssl=1\" alt=\"Aokit NANO 3000 Puffs Disposable Vape Wholesale 10 Flavors\" width=\"800\" height=\"1131\" \/><\/a> <a href=\"https:\/\/i0.wp.com\/www.disposablevapeswholesale.com\/wp-content\/uploads\/2021\/12\/Aokit-NANO-3000-Puffs-Disposable-Vape-Wholesale-Strawberry-Ice-Cream-good-flavors.jpg?ssl=1\" target=\"_blank\" rel=\"noopener\"><img data-recalc-dims=\"1\" loading=\"lazy\" decoding=\"async\" class=\"alignnone size-full wp-image-1285\" title=\"Aokit NANO 3000 Puffs Vape jetable en gros Cr\u00e8me glac\u00e9e \u00e0 la fraise bons go\u00fbts\" src=\"https:\/\/i0.wp.com\/www.disposablevapeswholesale.com\/wp-content\/uploads\/2021\/12\/Aokit-NANO-3000-Puffs-Disposable-Vape-Wholesale-Strawberry-Ice-Cream-good-flavors.jpg?resize=800%2C533&#038;ssl=1\" alt=\"Aokit NANO 3000 Puffs Vape jetable en gros Cr\u00e8me glac\u00e9e \u00e0 la fraise bons go\u00fbts\" width=\"800\" height=\"533\" \/><\/a> <a href=\"https:\/\/i0.wp.com\/www.disposablevapeswholesale.com\/wp-content\/uploads\/2021\/12\/Aokit-NANO-3000-Puffs-Disposable-Vape-Wholesale-Strawberry-Banana.jpg?ssl=1\" target=\"_blank\" rel=\"noopener\"><img data-recalc-dims=\"1\" loading=\"lazy\" decoding=\"async\" class=\"alignnone size-full wp-image-1283\" title=\"Aokit NANO 3000 Puffs Vape jetable en gros Fraise Banane\" src=\"https:\/\/i0.wp.com\/www.disposablevapeswholesale.com\/wp-content\/uploads\/2021\/12\/Aokit-NANO-3000-Puffs-Disposable-Vape-Wholesale-Strawberry-Banana.jpg?resize=800%2C533&#038;ssl=1\" alt=\"Aokit NANO 3000 Puffs Vape jetable en gros Fraise Banane\" width=\"800\" height=\"533\" \/><\/a> <a href=\"https:\/\/i0.wp.com\/www.disposablevapeswholesale.com\/wp-content\/uploads\/2021\/12\/Aokit-NANO-3000-Puffs-Disposable-Vape-Wholesale-Red-Energy-Flavors.jpg?ssl=1\" target=\"_blank\" rel=\"noopener\"><img data-recalc-dims=\"1\" loading=\"lazy\" decoding=\"async\" class=\"alignnone size-full wp-image-1280\" title=\"Aokit NANO 3000 Puffs Vape jetable Wholesale Red Energy Flavors\" src=\"https:\/\/i0.wp.com\/www.disposablevapeswholesale.com\/wp-content\/uploads\/2021\/12\/Aokit-NANO-3000-Puffs-Disposable-Vape-Wholesale-Red-Energy-Flavors.jpg?resize=800%2C533&#038;ssl=1\" alt=\"Aokit NANO 3000 Puffs Vape jetable Wholesale Red Energy Flavors\" width=\"800\" height=\"533\" \/><\/a> <a href=\"https:\/\/i0.wp.com\/www.disposablevapeswholesale.com\/wp-content\/uploads\/2021\/12\/Aokit-NANO-3000-Puffs-Disposable-Vape-Wholesale-Pineapple-Coc-Flavors.jpg?ssl=1\" target=\"_blank\" rel=\"noopener\"><img data-recalc-dims=\"1\" loading=\"lazy\" decoding=\"async\" class=\"alignnone size-full wp-image-1277\" title=\"Aokit NANO 3000 Puffs Vape jetable Wholesale Ananas Coc Flavors\" src=\"https:\/\/i0.wp.com\/www.disposablevapeswholesale.com\/wp-content\/uploads\/2021\/12\/Aokit-NANO-3000-Puffs-Disposable-Vape-Wholesale-Pineapple-Coc-Flavors.jpg?resize=800%2C533&#038;ssl=1\" alt=\"Aokit NANO 3000 Puffs Vape jetable Wholesale Ananas Coc Flavors\" width=\"800\" height=\"533\" \/><\/a> <a href=\"https:\/\/i0.wp.com\/www.disposablevapeswholesale.com\/wp-content\/uploads\/2021\/12\/Aokit-NANO-3000-Puffs-Disposable-Vape-Wholesale-Lush-Ice-Flavors.jpg?ssl=1\" target=\"_blank\" rel=\"noopener\"><img data-recalc-dims=\"1\" loading=\"lazy\" decoding=\"async\" class=\"alignnone size-full wp-image-1274\" title=\"Aokit NANO 3000 Puffs Vape jetable en gros Lush Ice Flavors\" src=\"https:\/\/i0.wp.com\/www.disposablevapeswholesale.com\/wp-content\/uploads\/2021\/12\/Aokit-NANO-3000-Puffs-Disposable-Vape-Wholesale-Lush-Ice-Flavors.jpg?resize=800%2C534&#038;ssl=1\" alt=\"Aokit NANO 3000 Puffs Vape jetable en gros Lush Ice Flavors\" width=\"800\" height=\"534\" \/><\/a> <a href=\"https:\/\/i0.wp.com\/www.disposablevapeswholesale.com\/wp-content\/uploads\/2021\/12\/Aokit-NANO-3000-Puffs-Disposable-Vape-Wholesale-Cool-Mint-good-Flavors.jpg?ssl=1\" target=\"_blank\" rel=\"noopener\"><img data-recalc-dims=\"1\" loading=\"lazy\" decoding=\"async\" class=\"alignnone size-full wp-image-1270\" title=\"Aokit NANO 3000 Puffs Vape jetable Wholesale Cool Mint good Flavors\" src=\"https:\/\/i0.wp.com\/www.disposablevapeswholesale.com\/wp-content\/uploads\/2021\/12\/Aokit-NANO-3000-Puffs-Disposable-Vape-Wholesale-Cool-Mint-good-Flavors.jpg?resize=800%2C533&#038;ssl=1\" alt=\"Aokit NANO 3000 Puffs Vape jetable Wholesale Cool Mint good Flavors\" width=\"800\" height=\"533\" \/><\/a><\/p>\n<p><a href=\"https:\/\/i0.wp.com\/www.disposablevapeswholesale.com\/wp-content\/uploads\/2021\/12\/Aokit-NANO-3000-Puffs-Disposable-Vape-Wholesale-Strawberry-Ice-Cream-Flavors.jpg?ssl=1\" target=\"_blank\" rel=\"noopener\"><img data-recalc-dims=\"1\" loading=\"lazy\" decoding=\"async\" class=\"alignnone size-full wp-image-1284\" title=\"Aokit NANO 3000 Puffs Vape jetable en gros Parfums de glace \u00e0 la fraise\" src=\"https:\/\/i0.wp.com\/www.disposablevapeswholesale.com\/wp-content\/uploads\/2021\/12\/Aokit-NANO-3000-Puffs-Disposable-Vape-Wholesale-Strawberry-Ice-Cream-Flavors.jpg?resize=800%2C800&#038;ssl=1\" alt=\"Aokit NANO 3000 Puffs Vape jetable en gros Parfums de glace \u00e0 la fraise\" width=\"800\" height=\"800\" \/><\/a><\/p>","protected":false},"excerpt":{"rendered":"<p>Aokit NANO 3000 Puffs Disposable Vape Wholesale combine un design compact, une batterie longue dur\u00e9e et une performance de vapeur douce pour un vapotage fiable et portable.<\/p>","protected":false},"featured_media":2016,"comment_status":"closed","ping_status":"closed","template":"","meta":[],"product_brand":[],"product_cat":[22],"product_tag":[79,349,60,256],"class_list":{"0":"post-1761","1":"product","2":"type-product","3":"status-publish","4":"has-post-thumbnail","6":"product_cat-disposable-vape-sticks","7":"product_tag-3000-puffs","8":"product_tag-aokit-nano","9":"product_tag-disposable-vapes","10":"product_tag-wholesale","12":"first","13":"instock","14":"shipping-taxable","15":"purchasable","16":"product-type-simple"},"jetpack_sharing_enabled":true,"tiered_pricing_type":"fixed","tiered_pricing_fixed_rules":{"5000":7,"10000":6,"50000":5},"tiered_pricing_product_settings":{"layout":"default","base_unit_name":{"singular":null,"plural":null},"default_variation":null},"tiered_pricing_minimum_quantity":60,"tiered_pricing_roles_data":[],"tiered_pricing_percentage_rules":[],"tiered_pricing_maximum_quantity":null,"tiered_pricing_quantity_step":null,"_links":{"self":[{"href":"https:\/\/cloudsupplyvapes.com\/fr\/wp-json\/wp\/v2\/product\/1761","targetHints":{"allow":["GET"]}}],"collection":[{"href":"https:\/\/cloudsupplyvapes.com\/fr\/wp-json\/wp\/v2\/product"}],"about":[{"href":"https:\/\/cloudsupplyvapes.com\/fr\/wp-json\/wp\/v2\/types\/product"}],"replies":[{"embeddable":true,"href":"https:\/\/cloudsupplyvapes.com\/fr\/wp-json\/wp\/v2\/comments?post=1761"}],"wp:featuredmedia":[{"embeddable":true,"href":"https:\/\/cloudsupplyvapes.com\/fr\/wp-json\/wp\/v2\/media\/2016"}],"wp:attachment":[{"href":"https:\/\/cloudsupplyvapes.com\/fr\/wp-json\/wp\/v2\/media?parent=1761"}],"wp:term":[{"taxonomy":"product_brand","embeddable":true,"href":"https:\/\/cloudsupplyvapes.com\/fr\/wp-json\/wp\/v2\/product_brand?post=1761"},{"taxonomy":"product_cat","embeddable":true,"href":"https:\/\/cloudsupplyvapes.com\/fr\/wp-json\/wp\/v2\/product_cat?post=1761"},{"taxonomy":"product_tag","embeddable":true,"href":"https:\/\/cloudsupplyvapes.com\/fr\/wp-json\/wp\/v2\/product_tag?post=1761"}],"curies":[{"name":"wp","href":"https:\/\/api.w.org\/{rel}","templated":true}]}}