{"id":1762,"date":"2024-10-19T02:21:25","date_gmt":"2024-10-19T02:21:25","guid":{"rendered":"https:\/\/cloudsupplyvapes.com\/?post_type=product&#038;p=1762"},"modified":"2024-11-26T07:35:01","modified_gmt":"2024-11-26T07:35:01","slug":"-68","status":"publish","type":"product","link":"https:\/\/cloudsupplyvapes.com\/fr\/product\/aokit-omi-pro-3500-puffs-disposable-vape-wholesale\/","title":{"rendered":"Aokit Omi Pro 3500 Puffs Vape jetable Wholesale Durable Lightweight Vape Design"},"content":{"rendered":"<p>L'Aokit Omi Pro est une vape jetable rechargeable de 3500 bouff\u00e9es avec une batterie int\u00e9gr\u00e9e de 850mAh et une capacit\u00e9 de 10ml d'e-liquide. Design \u00e9l\u00e9gant et compact, facile \u00e0 transporter.<\/p>\n<p>&nbsp;<\/p>\n<h2>Saveurs<\/h2>\n<p>Glace \u00e0 la fraise<\/p>\n<p>Fraise et banane<\/p>\n<p>Glace luxuriante<\/p>\n<p>Limonade rose<\/p>\n<p>Banane glac\u00e9e<\/p>\n<p>Limonade \u00e0 la past\u00e8que<\/p>\n<p>Double pomme<\/p>\n<p>Glace \u00e0 l'ananas<\/p>\n<p>Boisson Engergy<\/p>\n<p>Glace au melon<\/p>\n<p>Double baie<\/p>\n<p>Glace \u00e0 la mangue<\/p>\n<p>&nbsp;<\/p>\n<h2>Emballage et poids<\/h2>\n<p>0,074KG\/PC, simple et petit,<\/p>\n<p>300PCS en carton, 22KG.<\/p>\n<p>&nbsp;<\/p>\n<h2>OEM<\/h2>\n<p>Quantit\u00e9 minimale de commande pour OEM : 1000 PCS m\u00eame parfum.<\/p>\n<p><a href=\"https:\/\/i0.wp.com\/www.disposablevapeswholesale.com\/wp-content\/uploads\/2021\/12\/Aokit-Omi-Pro-3500-Puffs-Disposable-Vape-Wholesale-Flavors.jpg?ssl=1\" target=\"_blank\" rel=\"noopener\"><img data-recalc-dims=\"1\" loading=\"lazy\" decoding=\"async\" class=\"alignnone size-full wp-image-1219\" title=\"Aokit Omi Pro 3500 Puffs Disposable Vape Wholesale Flavors (en anglais)\" src=\"https:\/\/i0.wp.com\/www.disposablevapeswholesale.com\/wp-content\/uploads\/2021\/12\/Aokit-Omi-Pro-3500-Puffs-Disposable-Vape-Wholesale-Flavors.jpg?resize=800%2C800&#038;ssl=1\" alt=\"Aokit Omi Pro 3500 Puffs Disposable Vape Wholesale Flavors (en anglais)\" width=\"800\" height=\"800\" \/><\/a> <a href=\"https:\/\/i0.wp.com\/www.disposablevapeswholesale.com\/wp-content\/uploads\/2021\/12\/Aokit-Omi-Pro-3500-Puffs-Disposable-Vape-Wholesale-5-Flavors.jpg?ssl=1\" target=\"_blank\" rel=\"noopener\"><img data-recalc-dims=\"1\" loading=\"lazy\" decoding=\"async\" class=\"alignnone size-full wp-image-1212\" title=\"Aokit Omi Pro 3500 Puffs Disposable Vape Wholesale 5 Flavors\" src=\"https:\/\/i0.wp.com\/www.disposablevapeswholesale.com\/wp-content\/uploads\/2021\/12\/Aokit-Omi-Pro-3500-Puffs-Disposable-Vape-Wholesale-5-Flavors.jpg?resize=800%2C800&#038;ssl=1\" alt=\"Aokit Omi Pro 3500 Puffs Disposable Vape Wholesale 5 Flavors\" width=\"800\" height=\"800\" \/><\/a> <a href=\"https:\/\/i0.wp.com\/www.disposablevapeswholesale.com\/wp-content\/uploads\/2021\/12\/Aokit-Omi-Pro-3500-Puffs-Disposable-Vape-Wholesale-Melon-Ice-Flavors.jpg?ssl=1\" target=\"_blank\" rel=\"noopener\"><img data-recalc-dims=\"1\" loading=\"lazy\" decoding=\"async\" class=\"alignnone size-full wp-image-1223\" title=\"Aokit Omi Pro 3500 Puffs Disposable Vape Wholesale Melon Ice Flavors\" src=\"https:\/\/i0.wp.com\/www.disposablevapeswholesale.com\/wp-content\/uploads\/2021\/12\/Aokit-Omi-Pro-3500-Puffs-Disposable-Vape-Wholesale-Melon-Ice-Flavors.jpg?resize=800%2C800&#038;ssl=1\" alt=\"Aokit Omi Pro 3500 Puffs Disposable Vape Wholesale Melon Ice Flavors\" width=\"800\" height=\"800\" \/><\/a> <a href=\"https:\/\/i0.wp.com\/www.disposablevapeswholesale.com\/wp-content\/uploads\/2021\/12\/Aokit-Omi-Pro-3500-Puffs-Disposable-Vape-Wholesale-Mango-Ice-Flavors.jpg?ssl=1\" target=\"_blank\" rel=\"noopener\"><img data-recalc-dims=\"1\" loading=\"lazy\" decoding=\"async\" class=\"alignnone size-full wp-image-1221\" title=\"Aokit Omi Pro 3500 Puffs Disposable Vape Wholesale Mango Ice Flavors\" src=\"https:\/\/i0.wp.com\/www.disposablevapeswholesale.com\/wp-content\/uploads\/2021\/12\/Aokit-Omi-Pro-3500-Puffs-Disposable-Vape-Wholesale-Mango-Ice-Flavors.jpg?resize=800%2C800&#038;ssl=1\" alt=\"Aokit Omi Pro 3500 Puffs Disposable Vape Wholesale Mango Ice Flavors\" width=\"800\" height=\"800\" \/><\/a> <a href=\"https:\/\/i0.wp.com\/www.disposablevapeswholesale.com\/wp-content\/uploads\/2021\/12\/Aokit-Omi-Pro-3500-Puffs-Disposable-Vape-Wholesale-Strawberry-Banana-Flavors.jpg?ssl=1\" target=\"_blank\" rel=\"noopener\"><img data-recalc-dims=\"1\" loading=\"lazy\" decoding=\"async\" class=\"alignnone size-full wp-image-1229\" title=\"Aokit Omi Pro 3500 Puffs Disposable Vape Wholesale Strawberry Banana Flavors\" src=\"https:\/\/i0.wp.com\/www.disposablevapeswholesale.com\/wp-content\/uploads\/2021\/12\/Aokit-Omi-Pro-3500-Puffs-Disposable-Vape-Wholesale-Strawberry-Banana-Flavors.jpg?resize=800%2C800&#038;ssl=1\" alt=\"Aokit Omi Pro 3500 Puffs Disposable Vape Wholesale Strawberry Banana Flavors\" width=\"800\" height=\"800\" \/><\/a> <a href=\"https:\/\/i0.wp.com\/www.disposablevapeswholesale.com\/wp-content\/uploads\/2021\/12\/Aokit-Omi-Pro-3500-Puffs-Disposable-Vape-Wholesale-Strawberry-Ice-Flavors.jpg?ssl=1\" target=\"_blank\" rel=\"noopener\"><img data-recalc-dims=\"1\" loading=\"lazy\" decoding=\"async\" class=\"alignnone size-full wp-image-1231\" title=\"Aokit Omi Pro 3500 Puffs Disposable Vape Wholesale Strawberry Ice Flavors\" src=\"https:\/\/i0.wp.com\/www.disposablevapeswholesale.com\/wp-content\/uploads\/2021\/12\/Aokit-Omi-Pro-3500-Puffs-Disposable-Vape-Wholesale-Strawberry-Ice-Flavors.jpg?resize=800%2C800&#038;ssl=1\" alt=\"Aokit Omi Pro 3500 Puffs Disposable Vape Wholesale Strawberry Ice Flavors\" width=\"800\" height=\"800\" \/><\/a> <a href=\"https:\/\/i0.wp.com\/www.disposablevapeswholesale.com\/wp-content\/uploads\/2021\/12\/Aokit-Omi-Pro-3500-Puffs-Disposable-Vape-Wholesale-Pink-lemonade-Flavors.jpg?ssl=1\" target=\"_blank\" rel=\"noopener\"><img data-recalc-dims=\"1\" loading=\"lazy\" decoding=\"async\" class=\"alignnone size-full wp-image-1227\" title=\"Aokit Omi Pro 3500 Puffs Disposable Vape Wholesale Pink lemonade Flavors\" src=\"https:\/\/i0.wp.com\/www.disposablevapeswholesale.com\/wp-content\/uploads\/2021\/12\/Aokit-Omi-Pro-3500-Puffs-Disposable-Vape-Wholesale-Pink-lemonade-Flavors.jpg?resize=800%2C800&#038;ssl=1\" alt=\"Aokit Omi Pro 3500 Puffs Disposable Vape Wholesale Pink lemonade Flavors\" width=\"800\" height=\"800\" \/><\/a> <a href=\"https:\/\/i0.wp.com\/www.disposablevapeswholesale.com\/wp-content\/uploads\/2021\/12\/Aokit-Omi-Pro-3500-Puffs-Disposable-Vape-Wholesale-Engergy-Drink-Flavors.jpg?ssl=1\" target=\"_blank\" rel=\"noopener\"><img data-recalc-dims=\"1\" loading=\"lazy\" decoding=\"async\" class=\"alignnone size-full wp-image-1217\" title=\"Aokit Omi Pro 3500 Puffs Disposable Vape Wholesale Engergy Drink Flavors\" src=\"https:\/\/i0.wp.com\/www.disposablevapeswholesale.com\/wp-content\/uploads\/2021\/12\/Aokit-Omi-Pro-3500-Puffs-Disposable-Vape-Wholesale-Engergy-Drink-Flavors.jpg?resize=800%2C800&#038;ssl=1\" alt=\"Aokit Omi Pro 3500 Puffs Disposable Vape Wholesale Engergy Drink Flavors\" width=\"800\" height=\"800\" \/><\/a><\/p>\n<p><a href=\"https:\/\/i0.wp.com\/www.disposablevapeswholesale.com\/wp-content\/uploads\/2021\/12\/Aokit-Omi-Pro-3500-Puffs-Disposable-Vape-Wholesale-Watermelon-Lemonade.jpg?ssl=1\" target=\"_blank\" rel=\"noopener\"><img data-recalc-dims=\"1\" loading=\"lazy\" decoding=\"async\" class=\"alignnone size-full wp-image-1233\" title=\"Aokit Omi Pro 3500 Puffs Disposable Vape Wholesale Watermelon Lemonade\" src=\"https:\/\/i0.wp.com\/www.disposablevapeswholesale.com\/wp-content\/uploads\/2021\/12\/Aokit-Omi-Pro-3500-Puffs-Disposable-Vape-Wholesale-Watermelon-Lemonade.jpg?resize=800%2C800&#038;ssl=1\" alt=\"Aokit Omi Pro 3500 Puffs Disposable Vape Wholesale Watermelon Lemonade\" width=\"800\" height=\"800\" \/><\/a> <a href=\"https:\/\/i0.wp.com\/www.disposablevapeswholesale.com\/wp-content\/uploads\/2021\/12\/Aokit-Omi-Pro-3500-Puffs-Disposable-Vape-Wholesale-Strawberry-Ice.jpg?ssl=1\" target=\"_blank\" rel=\"noopener\"><img data-recalc-dims=\"1\" loading=\"lazy\" decoding=\"async\" class=\"alignnone size-full wp-image-1232\" title=\"Aokit Omi Pro 3500 Puffs Disposable Vape Wholesale Strawberry Ice\" src=\"https:\/\/i0.wp.com\/www.disposablevapeswholesale.com\/wp-content\/uploads\/2021\/12\/Aokit-Omi-Pro-3500-Puffs-Disposable-Vape-Wholesale-Strawberry-Ice.jpg?resize=800%2C800&#038;ssl=1\" alt=\"Aokit Omi Pro 3500 Puffs Disposable Vape Wholesale Strawberry Ice\" width=\"800\" height=\"800\" \/><\/a><\/p>","protected":false},"excerpt":{"rendered":"<p>Aokit Omi Pro 3500 Puffs Disposable Vape Wholesale offre un design durable et l\u00e9ger avec une diffusion de vapeur constante et un fonctionnement sans probl\u00e8me pour des sessions de vapotage de qualit\u00e9.<\/p>","protected":false},"featured_media":2024,"comment_status":"closed","ping_status":"closed","template":"","meta":[],"product_brand":[],"product_cat":[22],"product_tag":[322,350,60,256],"class_list":{"0":"post-1762","1":"product","2":"type-product","3":"status-publish","4":"has-post-thumbnail","6":"product_cat-disposable-vape-sticks","7":"product_tag-3500-puffs","8":"product_tag-aokit-omi-pro","9":"product_tag-disposable-vapes","10":"product_tag-wholesale","12":"first","13":"instock","14":"shipping-taxable","15":"purchasable","16":"product-type-simple"},"jetpack_sharing_enabled":true,"tiered_pricing_type":"fixed","tiered_pricing_fixed_rules":{"5000":6,"10000":5,"50000":4},"tiered_pricing_product_settings":{"layout":"default","base_unit_name":{"singular":null,"plural":null},"default_variation":null},"tiered_pricing_minimum_quantity":60,"tiered_pricing_roles_data":[],"tiered_pricing_percentage_rules":[],"tiered_pricing_maximum_quantity":null,"tiered_pricing_quantity_step":null,"_links":{"self":[{"href":"https:\/\/cloudsupplyvapes.com\/fr\/wp-json\/wp\/v2\/product\/1762","targetHints":{"allow":["GET"]}}],"collection":[{"href":"https:\/\/cloudsupplyvapes.com\/fr\/wp-json\/wp\/v2\/product"}],"about":[{"href":"https:\/\/cloudsupplyvapes.com\/fr\/wp-json\/wp\/v2\/types\/product"}],"replies":[{"embeddable":true,"href":"https:\/\/cloudsupplyvapes.com\/fr\/wp-json\/wp\/v2\/comments?post=1762"}],"wp:featuredmedia":[{"embeddable":true,"href":"https:\/\/cloudsupplyvapes.com\/fr\/wp-json\/wp\/v2\/media\/2024"}],"wp:attachment":[{"href":"https:\/\/cloudsupplyvapes.com\/fr\/wp-json\/wp\/v2\/media?parent=1762"}],"wp:term":[{"taxonomy":"product_brand","embeddable":true,"href":"https:\/\/cloudsupplyvapes.com\/fr\/wp-json\/wp\/v2\/product_brand?post=1762"},{"taxonomy":"product_cat","embeddable":true,"href":"https:\/\/cloudsupplyvapes.com\/fr\/wp-json\/wp\/v2\/product_cat?post=1762"},{"taxonomy":"product_tag","embeddable":true,"href":"https:\/\/cloudsupplyvapes.com\/fr\/wp-json\/wp\/v2\/product_tag?post=1762"}],"curies":[{"name":"wp","href":"https:\/\/api.w.org\/{rel}","templated":true}]}}