{"id":1763,"date":"2024-10-19T02:21:25","date_gmt":"2024-10-19T02:21:25","guid":{"rendered":"https:\/\/cloudsupplyvapes.com\/?post_type=product&#038;p=1763"},"modified":"2024-11-26T07:36:51","modified_gmt":"2024-11-26T07:36:51","slug":"-69","status":"publish","type":"product","link":"https:\/\/cloudsupplyvapes.com\/fr\/product\/aokit-cube-3200-puffs-disposable-vape-wholesale\/","title":{"rendered":"Aokit Cube 3200 Puffs Vape jetable Wholesale Compact Durable Design"},"content":{"rendered":"<p>Aokit Cube est une vape jetable de 3200 bouff\u00e9es avec une batterie int\u00e9gr\u00e9e de 1800mAh et une capacit\u00e9 de 12ml d'e-liquide. Aokit Cube propose 9 saveurs fruit\u00e9es, chacune d'entre elles \u00e9tant tr\u00e8s savoureuse et pouvant am\u00e9liorer votre humeur.<\/p>\n<p>&nbsp;<\/p>\n<h2>Saveurs<\/h2>\n<p>Banane glac\u00e9e<\/p>\n<p>Glace luxuriante<\/p>\n<p>Fraise et banane<\/p>\n<p>Glace \u00e0 la fraise<\/p>\n<p>Glace \u00e0 la mangue<\/p>\n<p>Limonade rose<\/p>\n<p>Baies m\u00e9lang\u00e9es<\/p>\n<p>Barbe \u00e0 papa<\/p>\n<p>Boisson \u00e9nerg\u00e9tique<\/p>\n<p>&nbsp;<\/p>\n<h2>Emballage et poids<\/h2>\n<p>0,068KG\/PC, simple avec petit emballage,<\/p>\n<p>300PCS en carton, 20.4KG.<\/p>\n<p>&nbsp;<\/p>\n<h2>OEM<\/h2>\n<p>Quantit\u00e9 minimale de commande pour OEM : 1000 PCS m\u00eame parfum.<\/p>\n<p><a href=\"https:\/\/i0.wp.com\/www.disposablevapeswholesale.com\/wp-content\/uploads\/2021\/12\/Aokit-Cube-3200-Puffs-Disposable-Vape-Wholesale-9-Flavors.jpg?ssl=1\" target=\"_blank\" rel=\"noopener\"><img data-recalc-dims=\"1\" loading=\"lazy\" decoding=\"async\" class=\"alignnone size-full wp-image-1175\" title=\"Aokit Cube 3200 Puffs Disposable Vape Wholesale 9 Flavors\" src=\"https:\/\/i0.wp.com\/www.disposablevapeswholesale.com\/wp-content\/uploads\/2021\/12\/Aokit-Cube-3200-Puffs-Disposable-Vape-Wholesale-9-Flavors.jpg?resize=800%2C800&#038;ssl=1\" alt=\"Aokit Cube 3200 Puffs Disposable Vape Wholesale 9 Flavors\" width=\"800\" height=\"800\" \/><\/a> <a href=\"https:\/\/i0.wp.com\/www.disposablevapeswholesale.com\/wp-content\/uploads\/2021\/12\/Aokit-Cube-3200-Puffs-Disposable-Vape-Wholesale-Strawberry-Ice.jpg?ssl=1\" target=\"_blank\" rel=\"noopener\"><img data-recalc-dims=\"1\" loading=\"lazy\" decoding=\"async\" class=\"alignnone size-full wp-image-1191\" title=\"Aokit Cube 3200 Bouff\u00e9es Jetables Vape en Gros Fraise Glac\u00e9e\" src=\"https:\/\/i0.wp.com\/www.disposablevapeswholesale.com\/wp-content\/uploads\/2021\/12\/Aokit-Cube-3200-Puffs-Disposable-Vape-Wholesale-Strawberry-Ice.jpg?resize=800%2C800&#038;ssl=1\" alt=\"Aokit Cube 3200 Bouff\u00e9es Jetables Vape en Gros Fraise Glac\u00e9e\" width=\"800\" height=\"800\" \/><\/a> <a href=\"https:\/\/i0.wp.com\/www.disposablevapeswholesale.com\/wp-content\/uploads\/2021\/12\/Aokit-Cube-3200-Puffs-Disposable-Vape-Wholesale-Lush-Ice-Flavors.jpg?ssl=1\" target=\"_blank\" rel=\"noopener\"><img data-recalc-dims=\"1\" loading=\"lazy\" decoding=\"async\" class=\"alignnone size-full wp-image-1183\" title=\"Aokit Cube 3200 Puffs Disposable Vape Wholesale Lush Ice Flavors\" src=\"https:\/\/i0.wp.com\/www.disposablevapeswholesale.com\/wp-content\/uploads\/2021\/12\/Aokit-Cube-3200-Puffs-Disposable-Vape-Wholesale-Lush-Ice-Flavors.jpg?resize=800%2C800&#038;ssl=1\" alt=\"Aokit Cube 3200 Puffs Disposable Vape Wholesale Lush Ice Flavors\" width=\"800\" height=\"800\" \/><\/a> <a href=\"https:\/\/i0.wp.com\/www.disposablevapeswholesale.com\/wp-content\/uploads\/2021\/12\/Aokit-Cube-3200-Puffs-Disposable-Vape-Wholesale-Strawberry-Banana.jpg?ssl=1\" target=\"_blank\" rel=\"noopener\"><img data-recalc-dims=\"1\" loading=\"lazy\" decoding=\"async\" class=\"alignnone size-full wp-image-1190\" title=\"Aokit Cube 3200 bouff\u00e9es Vape jetable en gros Fraise Banane\" src=\"https:\/\/i0.wp.com\/www.disposablevapeswholesale.com\/wp-content\/uploads\/2021\/12\/Aokit-Cube-3200-Puffs-Disposable-Vape-Wholesale-Strawberry-Banana.jpg?resize=800%2C800&#038;ssl=1\" alt=\"Aokit Cube 3200 bouff\u00e9es Vape jetable en gros Fraise Banane\" width=\"800\" height=\"800\" \/><\/a> <a href=\"https:\/\/i0.wp.com\/www.disposablevapeswholesale.com\/wp-content\/uploads\/2021\/12\/Aokit-Cube-3200-Puffs-Disposable-Vape-Wholesale-Pink-lemonade.jpg?ssl=1\" target=\"_blank\" rel=\"noopener\"><img data-recalc-dims=\"1\" loading=\"lazy\" decoding=\"async\" class=\"alignnone size-full wp-image-1189\" title=\"Aokit Cube 3200 Puffs Vape jetable en gros Limonade rose\" src=\"https:\/\/i0.wp.com\/www.disposablevapeswholesale.com\/wp-content\/uploads\/2021\/12\/Aokit-Cube-3200-Puffs-Disposable-Vape-Wholesale-Pink-lemonade.jpg?resize=800%2C800&#038;ssl=1\" alt=\"Aokit Cube 3200 Puffs Vape jetable en gros Limonade rose\" width=\"800\" height=\"800\" \/><\/a> <a href=\"https:\/\/i0.wp.com\/www.disposablevapeswholesale.com\/wp-content\/uploads\/2021\/12\/Aokit-Cube-3200-Puffs-Disposable-Vape-Wholesale-Energy-Drink-Flavors.jpg?ssl=1\" target=\"_blank\" rel=\"noopener\"><img data-recalc-dims=\"1\" loading=\"lazy\" decoding=\"async\" class=\"alignnone size-full wp-image-1180\" title=\"Aokit Cube 3200 Puffs Jetable Vape en Gros Boisson Energ\u00e9tique Saveurs\" src=\"https:\/\/i0.wp.com\/www.disposablevapeswholesale.com\/wp-content\/uploads\/2021\/12\/Aokit-Cube-3200-Puffs-Disposable-Vape-Wholesale-Energy-Drink-Flavors.jpg?resize=800%2C800&#038;ssl=1\" alt=\"Aokit Cube 3200 Puffs Jetable Vape en Gros Boisson Energ\u00e9tique Saveurs\" width=\"800\" height=\"800\" \/><\/a> <a href=\"https:\/\/i0.wp.com\/www.disposablevapeswholesale.com\/wp-content\/uploads\/2021\/12\/Aokit-Cube-3200-Puffs-Disposable-Vape-Wholesale-Lush-Ice.jpg?ssl=1\" target=\"_blank\" rel=\"noopener\"><img data-recalc-dims=\"1\" loading=\"lazy\" decoding=\"async\" class=\"alignnone size-full wp-image-1184\" title=\"Aokit Cube 3200 Puffs Vape jetable Wholesale Lush Ice\" src=\"https:\/\/i0.wp.com\/www.disposablevapeswholesale.com\/wp-content\/uploads\/2021\/12\/Aokit-Cube-3200-Puffs-Disposable-Vape-Wholesale-Lush-Ice.jpg?resize=800%2C800&#038;ssl=1\" alt=\"Aokit Cube 3200 Puffs Vape jetable Wholesale Lush Ice\" width=\"800\" height=\"800\" \/><\/a> <a href=\"https:\/\/i0.wp.com\/www.disposablevapeswholesale.com\/wp-content\/uploads\/2021\/12\/Aokit-Cube-3200-Puffs-Disposable-Vape-Wholesale-Pink-lemonade-Flavors.jpg?ssl=1\" target=\"_blank\" rel=\"noopener\"><img data-recalc-dims=\"1\" loading=\"lazy\" decoding=\"async\" class=\"alignnone size-full wp-image-1188\" title=\"Aokit Cube 3200 bouff\u00e9es Vape jetable en gros Saveurs de limonade rose\" src=\"https:\/\/i0.wp.com\/www.disposablevapeswholesale.com\/wp-content\/uploads\/2021\/12\/Aokit-Cube-3200-Puffs-Disposable-Vape-Wholesale-Pink-lemonade-Flavors.jpg?resize=800%2C800&#038;ssl=1\" alt=\"Aokit Cube 3200 bouff\u00e9es Vape jetable en gros Saveurs de limonade rose\" width=\"800\" height=\"800\" \/><\/a> <a href=\"https:\/\/i0.wp.com\/www.disposablevapeswholesale.com\/wp-content\/uploads\/2021\/12\/Aokit-Cube-3200-Puffs-Disposable-Vape-Wholesale-Cotton-Candy-Flavors.jpg?ssl=1\" target=\"_blank\" rel=\"noopener\"><img data-recalc-dims=\"1\" loading=\"lazy\" decoding=\"async\" class=\"alignnone size-full wp-image-1178\" title=\"Aokit Cube 3200 Puffs Vape jetable en gros Saveurs de barbe \u00e0 papa\" src=\"https:\/\/i0.wp.com\/www.disposablevapeswholesale.com\/wp-content\/uploads\/2021\/12\/Aokit-Cube-3200-Puffs-Disposable-Vape-Wholesale-Cotton-Candy-Flavors.jpg?resize=800%2C800&#038;ssl=1\" alt=\"Aokit Cube 3200 Puffs Vape jetable en gros Saveurs de barbe \u00e0 papa\" width=\"800\" height=\"800\" \/><\/a><\/p>\n<p>&nbsp;<\/p>","protected":false},"excerpt":{"rendered":"<p>L'Aokit Cube 3200 Puffs Disposable Vape Wholesale offre un design compact et durable, une diffusion de la vapeur en douceur et un fonctionnement sans probl\u00e8me pour une exp\u00e9rience de vapotage de premi\u00e8re qualit\u00e9.<\/p>","protected":false},"featured_media":2034,"comment_status":"closed","ping_status":"closed","template":"","meta":[],"product_brand":[],"product_cat":[22],"product_tag":[351,352,60,256],"class_list":{"0":"post-1763","1":"product","2":"type-product","3":"status-publish","4":"has-post-thumbnail","6":"product_cat-disposable-vape-sticks","7":"product_tag-3200-puffs","8":"product_tag-aokit-cube","9":"product_tag-disposable-vapes","10":"product_tag-wholesale","12":"first","13":"instock","14":"shipping-taxable","15":"purchasable","16":"product-type-simple"},"jetpack_sharing_enabled":true,"tiered_pricing_type":"fixed","tiered_pricing_fixed_rules":{"5000":8,"10000":7,"50000":6},"tiered_pricing_product_settings":{"layout":"default","base_unit_name":{"singular":null,"plural":null},"default_variation":null},"tiered_pricing_minimum_quantity":60,"tiered_pricing_roles_data":[],"tiered_pricing_percentage_rules":[],"tiered_pricing_maximum_quantity":null,"tiered_pricing_quantity_step":null,"_links":{"self":[{"href":"https:\/\/cloudsupplyvapes.com\/fr\/wp-json\/wp\/v2\/product\/1763","targetHints":{"allow":["GET"]}}],"collection":[{"href":"https:\/\/cloudsupplyvapes.com\/fr\/wp-json\/wp\/v2\/product"}],"about":[{"href":"https:\/\/cloudsupplyvapes.com\/fr\/wp-json\/wp\/v2\/types\/product"}],"replies":[{"embeddable":true,"href":"https:\/\/cloudsupplyvapes.com\/fr\/wp-json\/wp\/v2\/comments?post=1763"}],"wp:featuredmedia":[{"embeddable":true,"href":"https:\/\/cloudsupplyvapes.com\/fr\/wp-json\/wp\/v2\/media\/2034"}],"wp:attachment":[{"href":"https:\/\/cloudsupplyvapes.com\/fr\/wp-json\/wp\/v2\/media?parent=1763"}],"wp:term":[{"taxonomy":"product_brand","embeddable":true,"href":"https:\/\/cloudsupplyvapes.com\/fr\/wp-json\/wp\/v2\/product_brand?post=1763"},{"taxonomy":"product_cat","embeddable":true,"href":"https:\/\/cloudsupplyvapes.com\/fr\/wp-json\/wp\/v2\/product_cat?post=1763"},{"taxonomy":"product_tag","embeddable":true,"href":"https:\/\/cloudsupplyvapes.com\/fr\/wp-json\/wp\/v2\/product_tag?post=1763"}],"curies":[{"name":"wp","href":"https:\/\/api.w.org\/{rel}","templated":true}]}}