{"id":1877,"date":"2024-10-19T02:22:14","date_gmt":"2024-10-19T02:22:14","guid":{"rendered":"https:\/\/cloudsupplyvapes.com\/?post_type=product&#038;p=1877"},"modified":"2024-11-26T07:33:48","modified_gmt":"2024-11-26T07:33:48","slug":"-70","status":"publish","type":"product","link":"https:\/\/cloudsupplyvapes.com\/fr\/product\/aokit-max-2300-puffs-disposable-vape-wholesale\/","title":{"rendered":"Aokit Max 2300 Puffs Vape jetable Wholesale Long-Lasting Portable Vape Design"},"content":{"rendered":"<p>Aokit Max est un type de Vape jetable de 2300 bouff\u00e9es, batterie int\u00e9gr\u00e9e de 1250mAh, capacit\u00e9 d'huile de vape de 6,5ml. Disponible dans une vari\u00e9t\u00e9 de saveurs, chacune d'entre elles \u00e9tant d\u00e9licieuse, vous pouvez choisir votre saveur pr\u00e9f\u00e9r\u00e9e et passer votre commande.<\/p>\n<h2>Saveurs<\/h2>\n<p>Glace \u00e0 la past\u00e8que<\/p>\n<p>Fraise et banane<\/p>\n<p>Glace aux myrtilles<\/p>\n<p>Barbe \u00e0 papa<\/p>\n<p>Menthe fra\u00eeche<\/p>\n<p>Glace \u00e0 la goyave<\/p>\n<p>Glace \u00e0 la p\u00eache<\/p>\n<p>Glace au melon de miel<\/p>\n<p>Banane glac\u00e9e<\/p>\n<p>Fraise Mangue<\/p>\n<p>&nbsp;<\/p>\n<h2>Emballage et poids<\/h2>\n<p>0.07KG\/PC, simple avec un petit emballage,<\/p>\n<p>300 PCS en carton, 21KG.<\/p>\n<p>&nbsp;<\/p>\n<h2>OEM<\/h2>\n<p>Quantit\u00e9 minimale de commande pour OEM : 1000 PCS m\u00eame parfum.<\/p>\n<p><a href=\"https:\/\/i0.wp.com\/www.disposablevapeswholesale.com\/wp-content\/uploads\/2021\/12\/Aokit-Max-2300-Puffs-Disposable-Vape-Wholesale.jpg?ssl=1\" target=\"_blank\" rel=\"noopener\"><img data-recalc-dims=\"1\" loading=\"lazy\" decoding=\"async\" class=\"alignnone size-full wp-image-897\" title=\"Aokit Max 2300 Puffs Disposable Vape Wholesale\" src=\"https:\/\/i0.wp.com\/www.disposablevapeswholesale.com\/wp-content\/uploads\/2021\/12\/Aokit-Max-2300-Puffs-Disposable-Vape-Wholesale.jpg?resize=800%2C800&#038;ssl=1\" alt=\"Aokit Max 2300 Puffs Disposable Vape Wholesale\" width=\"800\" height=\"800\" \/><\/a> <a href=\"https:\/\/i0.wp.com\/www.disposablevapeswholesale.com\/wp-content\/uploads\/2021\/12\/Aokit-Max-2300-Puffs-Disposable-Vape-Wholesale-10-flavors.jpg?ssl=1\" target=\"_blank\" rel=\"noopener\"><img data-recalc-dims=\"1\" loading=\"lazy\" decoding=\"async\" class=\"alignnone size-full wp-image-883\" title=\"Aokit Max 2300 Puffs Vape jetable en gros 10 saveurs\" src=\"https:\/\/i0.wp.com\/www.disposablevapeswholesale.com\/wp-content\/uploads\/2021\/12\/Aokit-Max-2300-Puffs-Disposable-Vape-Wholesale-10-flavors.jpg?resize=800%2C800&#038;ssl=1\" alt=\"Aokit Max 2300 Puffs Vape jetable en gros 10 saveurs\" width=\"800\" height=\"800\" \/><\/a> <a href=\"https:\/\/i0.wp.com\/www.disposablevapeswholesale.com\/wp-content\/uploads\/2021\/12\/Aokit-Max-2300-Puffs-Disposable-Vape-Wholesale-Blueberry-Ice.jpg?ssl=1\" target=\"_blank\" rel=\"noopener\"><img data-recalc-dims=\"1\" loading=\"lazy\" decoding=\"async\" class=\"alignnone size-full wp-image-887\" title=\"Aokit Max 2300 Puffs Vape jetable en gros Blueberry Ice\" src=\"https:\/\/i0.wp.com\/www.disposablevapeswholesale.com\/wp-content\/uploads\/2021\/12\/Aokit-Max-2300-Puffs-Disposable-Vape-Wholesale-Blueberry-Ice.jpg?resize=800%2C800&#038;ssl=1\" alt=\"Aokit Max 2300 Puffs Vape jetable en gros Blueberry Ice\" width=\"800\" height=\"800\" \/><\/a> <a href=\"https:\/\/i0.wp.com\/www.disposablevapeswholesale.com\/wp-content\/uploads\/2021\/12\/Aokit-Max-2300-Puffs-Disposable-Vape-Wholesale-Banana-Ice.png?ssl=1\" target=\"_blank\" rel=\"noopener\"><img data-recalc-dims=\"1\" loading=\"lazy\" decoding=\"async\" class=\"alignnone size-full wp-image-885\" title=\"Aokit Max 2300 Puffs Vape jetable en gros Banana Ice\" src=\"https:\/\/i0.wp.com\/www.disposablevapeswholesale.com\/wp-content\/uploads\/2021\/12\/Aokit-Max-2300-Puffs-Disposable-Vape-Wholesale-Banana-Ice.png?resize=800%2C800&#038;ssl=1\" alt=\"Aokit Max 2300 Puffs Vape jetable en gros Banana Ice\" width=\"800\" height=\"800\" \/><\/a> <a href=\"https:\/\/i0.wp.com\/www.disposablevapeswholesale.com\/wp-content\/uploads\/2021\/12\/Aokit-Max-2300-Puffs-Disposable-Vape-Wholesale-Cool-Mint.jpg?ssl=1\" target=\"_blank\" rel=\"noopener\"><img data-recalc-dims=\"1\" loading=\"lazy\" decoding=\"async\" class=\"alignnone size-full wp-image-888\" title=\"Aokit Max 2300 bouff\u00e9es Vape jetable en gros Cool Mint\" src=\"https:\/\/i0.wp.com\/www.disposablevapeswholesale.com\/wp-content\/uploads\/2021\/12\/Aokit-Max-2300-Puffs-Disposable-Vape-Wholesale-Cool-Mint.jpg?resize=800%2C800&#038;ssl=1\" alt=\"Aokit Max 2300 bouff\u00e9es Vape jetable en gros Cool Mint\" width=\"800\" height=\"800\" \/><\/a> <a href=\"https:\/\/i0.wp.com\/www.disposablevapeswholesale.com\/wp-content\/uploads\/2021\/12\/Aokit-Max-2300-Puffs-Disposable-Vape-Wholesale-Honeydew-Melon-Ice.jpg?ssl=1\" target=\"_blank\" rel=\"noopener\"><img data-recalc-dims=\"1\" loading=\"lazy\" decoding=\"async\" class=\"alignnone size-full wp-image-891\" title=\"Aokit Max 2300 Puffs Vape jetable en gros Honeydew Melon Ice\" src=\"https:\/\/i0.wp.com\/www.disposablevapeswholesale.com\/wp-content\/uploads\/2021\/12\/Aokit-Max-2300-Puffs-Disposable-Vape-Wholesale-Honeydew-Melon-Ice.jpg?resize=800%2C800&#038;ssl=1\" alt=\"Aokit Max 2300 Puffs Vape jetable en gros Honeydew Melon Ice\" width=\"800\" height=\"800\" \/><\/a><\/p>","protected":false},"excerpt":{"rendered":"<p>Aokit Max 2300 Puffs Disposable Vape Wholesale delivers long-lasting performance, a portable design, and smooth throat hits, perfect for convenient and reliable vaping.<\/p>","protected":false},"featured_media":2087,"comment_status":"closed","ping_status":"closed","template":"","meta":[],"product_brand":[],"product_cat":[22],"product_tag":[359,360,60,256],"class_list":{"0":"post-1877","1":"product","2":"type-product","3":"status-publish","4":"has-post-thumbnail","6":"product_cat-disposable-vape-sticks","7":"product_tag-2300-puffs","8":"product_tag-aokit-max","9":"product_tag-disposable-vapes","10":"product_tag-wholesale","12":"first","13":"instock","14":"shipping-taxable","15":"purchasable","16":"product-type-simple"},"jetpack_sharing_enabled":true,"tiered_pricing_type":"fixed","tiered_pricing_fixed_rules":{"5000":6,"10000":5,"50000":4},"tiered_pricing_product_settings":{"layout":"default","base_unit_name":{"singular":null,"plural":null},"default_variation":null},"tiered_pricing_minimum_quantity":60,"tiered_pricing_roles_data":[],"tiered_pricing_percentage_rules":[],"tiered_pricing_maximum_quantity":null,"tiered_pricing_quantity_step":null,"_links":{"self":[{"href":"https:\/\/cloudsupplyvapes.com\/fr\/wp-json\/wp\/v2\/product\/1877","targetHints":{"allow":["GET"]}}],"collection":[{"href":"https:\/\/cloudsupplyvapes.com\/fr\/wp-json\/wp\/v2\/product"}],"about":[{"href":"https:\/\/cloudsupplyvapes.com\/fr\/wp-json\/wp\/v2\/types\/product"}],"replies":[{"embeddable":true,"href":"https:\/\/cloudsupplyvapes.com\/fr\/wp-json\/wp\/v2\/comments?post=1877"}],"wp:featuredmedia":[{"embeddable":true,"href":"https:\/\/cloudsupplyvapes.com\/fr\/wp-json\/wp\/v2\/media\/2087"}],"wp:attachment":[{"href":"https:\/\/cloudsupplyvapes.com\/fr\/wp-json\/wp\/v2\/media?parent=1877"}],"wp:term":[{"taxonomy":"product_brand","embeddable":true,"href":"https:\/\/cloudsupplyvapes.com\/fr\/wp-json\/wp\/v2\/product_brand?post=1877"},{"taxonomy":"product_cat","embeddable":true,"href":"https:\/\/cloudsupplyvapes.com\/fr\/wp-json\/wp\/v2\/product_cat?post=1877"},{"taxonomy":"product_tag","embeddable":true,"href":"https:\/\/cloudsupplyvapes.com\/fr\/wp-json\/wp\/v2\/product_tag?post=1877"}],"curies":[{"name":"wp","href":"https:\/\/api.w.org\/{rel}","templated":true}]}}