{"id":1878,"date":"2024-10-19T02:22:14","date_gmt":"2024-10-19T02:22:14","guid":{"rendered":"https:\/\/cloudsupplyvapes.com\/?post_type=product&#038;p=1878"},"modified":"2024-11-26T07:34:02","modified_gmt":"2024-11-26T07:34:02","slug":"-71","status":"publish","type":"product","link":"https:\/\/cloudsupplyvapes.com\/fr\/product\/aokit-zozo-bar-4500-puffs-disposable-vape-wholesale\/","title":{"rendered":"Aokit ZOZO Bar 4500 bouff\u00e9es Vape jetable en gros, haute capacit\u00e9, construction durable"},"content":{"rendered":"<p>Aokit ZOZO Bar est un vapes jetable rechargeable de tr\u00e8s grande capacit\u00e9, la batterie de 2200 mAh peut durer environ 4500 bouff\u00e9es, l'e-liquide est de 15,8 ml avec un taux de nicotine de 5%. L'emballage est peint de fa\u00e7on unique et con\u00e7u pour r\u00e9pondre aux pr\u00e9f\u00e9rences du client.<\/p>\n<p>&nbsp;<\/p>\n<h2>Saveurs<\/h2>\n<p>Glace \u00e0 la mangue<\/p>\n<p>Glace \u00e0 la p\u00eache<\/p>\n<p>Glace \u00e0 la past\u00e8que<\/p>\n<p>Limonade rose<\/p>\n<p>Barbe \u00e0 papa<\/p>\n<p>Banane glac\u00e9e<\/p>\n<p>Limonade \u00e0 la past\u00e8que<\/p>\n<p>Fraise et banane<\/p>\n<p>Glace Blue Razz<\/p>\n<p>Alo\u00e8s raisin<\/p>\n<p>Menthe fra\u00eeche<\/p>\n<p>&nbsp;<\/p>\n<h2>Emballage et poids<\/h2>\n<p>0.08KG\/PC, simple avec un petit emballage.<\/p>\n<p>240 PCS dans un carton principal, 19.2KG.<\/p>\n<p>&nbsp;<\/p>\n<h2>OEM<\/h2>\n<p>Quantit\u00e9 minimale de commande pour OEM : 1000 PCS m\u00eame parfum.<\/p>\n<p><a href=\"https:\/\/i0.wp.com\/www.disposablevapeswholesale.com\/wp-content\/uploads\/2021\/12\/Akoit-ZOZO-Bar-4500-Puffs-Disposable-Vape-Wholesale-Multiple-flavors.jpg?ssl=1\" target=\"_blank\" rel=\"noopener\"><img data-recalc-dims=\"1\" loading=\"lazy\" decoding=\"async\" class=\"alignnone size-full wp-image-865\" title=\"Akoit ZOZO Bar 4500 bouff\u00e9es Vape jetable Wholesale Multiple flavors\" src=\"https:\/\/i0.wp.com\/www.disposablevapeswholesale.com\/wp-content\/uploads\/2021\/12\/Akoit-ZOZO-Bar-4500-Puffs-Disposable-Vape-Wholesale-Multiple-flavors.jpg?resize=800%2C800&#038;ssl=1\" alt=\"Akoit ZOZO Bar 4500 bouff\u00e9es Vape jetable Wholesale Multiple flavors\" width=\"800\" height=\"800\" \/><\/a> <a href=\"https:\/\/i0.wp.com\/www.disposablevapeswholesale.com\/wp-content\/uploads\/2021\/12\/Akoit-ZOZO-Bar-4500-Puffs-Disposable-Vape-Wholesale-Flavors.jpg?ssl=1\" target=\"_blank\" rel=\"noopener\"><img data-recalc-dims=\"1\" loading=\"lazy\" decoding=\"async\" class=\"alignnone size-full wp-image-862\" title=\"Akoit ZOZO Bar 4500 bouff\u00e9es Vape jetable Wholesale Flavors\" src=\"https:\/\/i0.wp.com\/www.disposablevapeswholesale.com\/wp-content\/uploads\/2021\/12\/Akoit-ZOZO-Bar-4500-Puffs-Disposable-Vape-Wholesale-Flavors.jpg?resize=800%2C1167&#038;ssl=1\" alt=\"Akoit ZOZO Bar 4500 bouff\u00e9es Vape jetable Wholesale Flavors\" width=\"800\" height=\"1167\" \/><\/a> <a href=\"https:\/\/i0.wp.com\/www.disposablevapeswholesale.com\/wp-content\/uploads\/2021\/12\/Akoit-ZOZO-Bar-4500-Puffs-Disposable-Vape-Wholesale-11Flavors.jpg?ssl=1\" target=\"_blank\" rel=\"noopener\"><img data-recalc-dims=\"1\" loading=\"lazy\" decoding=\"async\" class=\"alignnone size-full wp-image-855\" title=\"Akoit ZOZO Bar 4500 bouff\u00e9es Vape jetable en gros 11 saveurs\" src=\"https:\/\/i0.wp.com\/www.disposablevapeswholesale.com\/wp-content\/uploads\/2021\/12\/Akoit-ZOZO-Bar-4500-Puffs-Disposable-Vape-Wholesale-11Flavors.jpg?resize=800%2C1167&#038;ssl=1\" alt=\"Akoit ZOZO Bar 4500 bouff\u00e9es Vape jetable en gros 11 saveurs\" width=\"800\" height=\"1167\" \/><\/a> <a href=\"https:\/\/i0.wp.com\/www.disposablevapeswholesale.com\/wp-content\/uploads\/2021\/12\/Akoit-ZOZO-Bar-4500-Puffs-Disposable-Vape-Wholesale-Peach-ice.jpg?ssl=1\" target=\"_blank\" rel=\"noopener\"><img data-recalc-dims=\"1\" loading=\"lazy\" decoding=\"async\" class=\"alignnone size-full wp-image-867\" title=\"Akoit ZOZO Bar 4500 bouff\u00e9es Vape jetable Wholesale Peach ice\" src=\"https:\/\/i0.wp.com\/www.disposablevapeswholesale.com\/wp-content\/uploads\/2021\/12\/Akoit-ZOZO-Bar-4500-Puffs-Disposable-Vape-Wholesale-Peach-ice.jpg?resize=800%2C800&#038;ssl=1\" alt=\"Akoit ZOZO Bar 4500 bouff\u00e9es Vape jetable Wholesale Peach ice\" width=\"800\" height=\"800\" \/><\/a> <a href=\"https:\/\/i0.wp.com\/www.disposablevapeswholesale.com\/wp-content\/uploads\/2021\/12\/Akoit-ZOZO-Bar-4500-Puffs-Disposable-Vape-Wholesale-Cool-Mint.jpg?ssl=1\" target=\"_blank\" rel=\"noopener\"><img data-recalc-dims=\"1\" loading=\"lazy\" decoding=\"async\" class=\"alignnone size-full wp-image-859\" title=\"Akoit ZOZO Bar 4500 bouff\u00e9es Vape jetable en gros Cool Mint\" src=\"https:\/\/i0.wp.com\/www.disposablevapeswholesale.com\/wp-content\/uploads\/2021\/12\/Akoit-ZOZO-Bar-4500-Puffs-Disposable-Vape-Wholesale-Cool-Mint.jpg?resize=800%2C800&#038;ssl=1\" alt=\"Akoit ZOZO Bar 4500 bouff\u00e9es Vape jetable en gros Cool Mint\" width=\"800\" height=\"800\" \/><\/a> <a href=\"https:\/\/i0.wp.com\/www.disposablevapeswholesale.com\/wp-content\/uploads\/2021\/12\/Akoit-ZOZO-Bar-4500-Puffs-Disposable-Vape-Wholesale-Description.jpg?ssl=1\" target=\"_blank\" rel=\"noopener\"><img data-recalc-dims=\"1\" loading=\"lazy\" decoding=\"async\" class=\"alignnone size-full wp-image-861\" title=\"Akoit ZOZO Bar 4500 Puffs Disposable Vape Wholesale Description\" src=\"https:\/\/i0.wp.com\/www.disposablevapeswholesale.com\/wp-content\/uploads\/2021\/12\/Akoit-ZOZO-Bar-4500-Puffs-Disposable-Vape-Wholesale-Description.jpg?resize=800%2C800&#038;ssl=1\" alt=\"Akoit ZOZO Bar 4500 Puffs Disposable Vape Wholesale Description\" width=\"800\" height=\"800\" \/><\/a><\/p>\n<p>&nbsp;<\/p>","protected":false},"excerpt":{"rendered":"<p>Aokit ZOZO Bar 4500 Puffs Vape jetable en gros combine une grande capacit\u00e9, une construction durable et un d\u00e9bit de vapeur r\u00e9gulier pour des sessions de vapotage satisfaisantes et prolong\u00e9es.<\/p>","protected":false},"featured_media":2094,"comment_status":"closed","ping_status":"closed","template":"","meta":[],"product_brand":[],"product_cat":[22],"product_tag":[361,362,60,256],"class_list":{"0":"post-1878","1":"product","2":"type-product","3":"status-publish","4":"has-post-thumbnail","6":"product_cat-disposable-vape-sticks","7":"product_tag-4500-puffs","8":"product_tag-akoit-zozo-bar","9":"product_tag-disposable-vapes","10":"product_tag-wholesale","12":"first","13":"instock","14":"shipping-taxable","15":"purchasable","16":"product-type-simple"},"jetpack_sharing_enabled":true,"tiered_pricing_type":"fixed","tiered_pricing_fixed_rules":{"5000":7,"10000":6,"50000":5},"tiered_pricing_product_settings":{"layout":"default","base_unit_name":{"singular":null,"plural":null},"default_variation":null},"tiered_pricing_minimum_quantity":60,"tiered_pricing_roles_data":[],"tiered_pricing_percentage_rules":[],"tiered_pricing_maximum_quantity":null,"tiered_pricing_quantity_step":null,"_links":{"self":[{"href":"https:\/\/cloudsupplyvapes.com\/fr\/wp-json\/wp\/v2\/product\/1878","targetHints":{"allow":["GET"]}}],"collection":[{"href":"https:\/\/cloudsupplyvapes.com\/fr\/wp-json\/wp\/v2\/product"}],"about":[{"href":"https:\/\/cloudsupplyvapes.com\/fr\/wp-json\/wp\/v2\/types\/product"}],"replies":[{"embeddable":true,"href":"https:\/\/cloudsupplyvapes.com\/fr\/wp-json\/wp\/v2\/comments?post=1878"}],"wp:featuredmedia":[{"embeddable":true,"href":"https:\/\/cloudsupplyvapes.com\/fr\/wp-json\/wp\/v2\/media\/2094"}],"wp:attachment":[{"href":"https:\/\/cloudsupplyvapes.com\/fr\/wp-json\/wp\/v2\/media?parent=1878"}],"wp:term":[{"taxonomy":"product_brand","embeddable":true,"href":"https:\/\/cloudsupplyvapes.com\/fr\/wp-json\/wp\/v2\/product_brand?post=1878"},{"taxonomy":"product_cat","embeddable":true,"href":"https:\/\/cloudsupplyvapes.com\/fr\/wp-json\/wp\/v2\/product_cat?post=1878"},{"taxonomy":"product_tag","embeddable":true,"href":"https:\/\/cloudsupplyvapes.com\/fr\/wp-json\/wp\/v2\/product_tag?post=1878"}],"curies":[{"name":"wp","href":"https:\/\/api.w.org\/{rel}","templated":true}]}}