{"id":1879,"date":"2024-10-19T02:22:14","date_gmt":"2024-10-19T02:22:14","guid":{"rendered":"https:\/\/cloudsupplyvapes.com\/?post_type=product&#038;p=1879"},"modified":"2024-11-26T07:34:16","modified_gmt":"2024-11-26T07:34:16","slug":"-72","status":"publish","type":"product","link":"https:\/\/cloudsupplyvapes.com\/fr\/product\/aokit-cube-2-3200-puffs-disposable-vape-wholesale\/","title":{"rendered":"Aokit Cube 2 3200 Puffs Vape jetable Wholesale Lightweight Compact Design"},"content":{"rendered":"<p>Aokit Cube 2 est un type de vape jetable de 3200 bouff\u00e9es, avec une batterie int\u00e9gr\u00e9e de 1800mAh et une capacit\u00e9 de 12ml d'huile de vape. Le kit jetable Aokit Cube 2 est con\u00e7u pour r\u00e9sister aux fuites. Il a l'apparence d'un stylo \u00e0 vape simple, sans boutons ni d\u00e9corations inutiles.<\/p>\n<p>&nbsp;<\/p>\n<h2>Saveurs<\/h2>\n<p>Boisson \u00e9nerg\u00e9tique<\/p>\n<p>Glace aux myrtilles<\/p>\n<p>Past\u00e8que \u00e0 la fraise<\/p>\n<p>Barbe \u00e0 papa<\/p>\n<p>Glace \u00e0 la p\u00eache<\/p>\n<p>Glace luxuriante<\/p>\n<p>Bleu Razz<\/p>\n<p>Ananas Coco<\/p>\n<p>Glace \u00e0 la fraise<\/p>\n<p>&nbsp;<\/p>\n<h2>Emballage et poids<\/h2>\n<p>0,605KG\/PC, une seule pi\u00e8ce dans un petit emballage, 10 pi\u00e8ces dans une bo\u00eete moyenne.<\/p>\n<p>300 PCS en carton, 20.4KG.<\/p>\n<p>&nbsp;<\/p>\n<h2>OEM<\/h2>\n<p>Quantit\u00e9 minimale de commande pour OEM : 1000 PCS m\u00eame parfum.<\/p>\n<p><a href=\"https:\/\/i0.wp.com\/www.disposablevapeswholesale.com\/wp-content\/uploads\/2021\/12\/Aokit-Cube-2-3200-Puffs-Disposable-Vape-Wholesale-Variety-Of-Flavors.jpg?ssl=1\" target=\"_blank\" rel=\"noopener\"><img data-recalc-dims=\"1\" loading=\"lazy\" decoding=\"async\" class=\"alignnone size-full wp-image-802\" title=\"Aokit Cube 2 3200 Puffs Vape jetable en gros Vari\u00e9t\u00e9 d&#039;ar\u00f4mes\" src=\"https:\/\/i0.wp.com\/www.disposablevapeswholesale.com\/wp-content\/uploads\/2021\/12\/Aokit-Cube-2-3200-Puffs-Disposable-Vape-Wholesale-Variety-Of-Flavors.jpg?resize=800%2C800&#038;ssl=1\" alt=\"Aokit Cube 2 3200 Puffs Vape jetable en gros Vari\u00e9t\u00e9 d&#039;ar\u00f4mes\" width=\"800\" height=\"800\" \/><\/a> <a href=\"https:\/\/i0.wp.com\/www.disposablevapeswholesale.com\/wp-content\/uploads\/2021\/12\/Aokit-Cube-2-3200-Puffs-Disposable-Vape-Wholesale-Pineapple-Coco.jpg?ssl=1\" target=\"_blank\" rel=\"noopener\"><img data-recalc-dims=\"1\" loading=\"lazy\" decoding=\"async\" class=\"alignnone size-full wp-image-797\" title=\"Aokit Cube 2 3200 Bouff\u00e9es Jetables Vape en Gros Ananas Coco\" src=\"https:\/\/i0.wp.com\/www.disposablevapeswholesale.com\/wp-content\/uploads\/2021\/12\/Aokit-Cube-2-3200-Puffs-Disposable-Vape-Wholesale-Pineapple-Coco.jpg?resize=800%2C800&#038;ssl=1\" alt=\"Aokit Cube 2 3200 Bouff\u00e9es Jetables Vape en Gros Ananas Coco\" width=\"800\" height=\"800\" \/><\/a> <a href=\"https:\/\/i0.wp.com\/www.disposablevapeswholesale.com\/wp-content\/uploads\/2021\/12\/Aokit-Cube-2-3200-Puffs-Disposable-Vape-Wholesale-Strawberry-Watermelon-Flavors.jpg?ssl=1\" target=\"_blank\" rel=\"noopener\"><img data-recalc-dims=\"1\" loading=\"lazy\" decoding=\"async\" class=\"alignnone size-full wp-image-800\" title=\"Aokit Cube 2 3200 Puffs Disposable Vape Wholesale Strawberry Watermelon Flavors\" src=\"https:\/\/i0.wp.com\/www.disposablevapeswholesale.com\/wp-content\/uploads\/2021\/12\/Aokit-Cube-2-3200-Puffs-Disposable-Vape-Wholesale-Strawberry-Watermelon-Flavors.jpg?resize=800%2C800&#038;ssl=1\" alt=\"Aokit Cube 2 3200 Puffs Disposable Vape Wholesale Strawberry Watermelon Flavors\" width=\"800\" height=\"800\" \/><\/a> <a href=\"https:\/\/i0.wp.com\/www.disposablevapeswholesale.com\/wp-content\/uploads\/2021\/12\/Aokit-Cube-2-3200-Puffs-Disposable-Vape-Wholesale-Energy-Drink.jpg?ssl=1\" target=\"_blank\" rel=\"noopener\"><img data-recalc-dims=\"1\" loading=\"lazy\" decoding=\"async\" class=\"alignnone size-full wp-image-792\" title=\"Aokit Cube 2 3200 Puffs Vape jetable Boisson \u00e9nerg\u00e9tique en gros\" src=\"https:\/\/i0.wp.com\/www.disposablevapeswholesale.com\/wp-content\/uploads\/2021\/12\/Aokit-Cube-2-3200-Puffs-Disposable-Vape-Wholesale-Energy-Drink.jpg?resize=800%2C800&#038;ssl=1\" alt=\"Aokit Cube 2 3200 Puffs Vape jetable Boisson \u00e9nerg\u00e9tique en gros\" width=\"800\" height=\"800\" \/><\/a> <a href=\"https:\/\/i0.wp.com\/www.disposablevapeswholesale.com\/wp-content\/uploads\/2021\/12\/Aokit-Cube-2-3200-Puffs-Disposable-Vape-Wholesale-Lush-Ice.jpg?ssl=1\" target=\"_blank\" rel=\"noopener\"><img data-recalc-dims=\"1\" loading=\"lazy\" decoding=\"async\" class=\"alignnone size-full wp-image-793\" title=\"Aokit Cube 2 3200 bouff\u00e9es Vape jetable en gros Lush Ice\" src=\"https:\/\/i0.wp.com\/www.disposablevapeswholesale.com\/wp-content\/uploads\/2021\/12\/Aokit-Cube-2-3200-Puffs-Disposable-Vape-Wholesale-Lush-Ice.jpg?resize=800%2C800&#038;ssl=1\" alt=\"Aokit Cube 2 3200 bouff\u00e9es Vape jetable en gros Lush Ice\" width=\"800\" height=\"800\" \/><\/a> <a href=\"https:\/\/i0.wp.com\/www.disposablevapeswholesale.com\/wp-content\/uploads\/2021\/12\/Aokit-Cube-2-3200-Puffs-Disposable-Vape-Wholesale-Blue-Razz-Flavors.jpg?ssl=1\" target=\"_blank\" rel=\"noopener\"><img data-recalc-dims=\"1\" loading=\"lazy\" decoding=\"async\" class=\"alignnone size-full wp-image-787\" title=\"Aokit Cube 2 3200 Puffs Vape jetable en gros Blue Razz Flavors\" src=\"https:\/\/i0.wp.com\/www.disposablevapeswholesale.com\/wp-content\/uploads\/2021\/12\/Aokit-Cube-2-3200-Puffs-Disposable-Vape-Wholesale-Blue-Razz-Flavors.jpg?resize=800%2C800&#038;ssl=1\" alt=\"Aokit Cube 2 3200 Puffs Vape jetable en gros Blue Razz Flavors\" width=\"800\" height=\"800\" \/><\/a> <a href=\"https:\/\/i0.wp.com\/www.disposablevapeswholesale.com\/wp-content\/uploads\/2021\/12\/%E5%BE%AE%E4%BF%A1%E5%9B%BE%E7%89%87_20211218172901.jpg?ssl=1\" target=\"_blank\" rel=\"noopener\"><img data-recalc-dims=\"1\" loading=\"lazy\" decoding=\"async\" class=\"alignnone size-full wp-image-804\" title=\"20211218172901\" src=\"https:\/\/i0.wp.com\/www.disposablevapeswholesale.com\/wp-content\/uploads\/2021\/12\/%E5%BE%AE%E4%BF%A1%E5%9B%BE%E7%89%87_20211218172901.jpg?resize=800%2C800&#038;ssl=1\" alt=\"20211218172901\" width=\"800\" height=\"800\" \/><\/a> <a href=\"https:\/\/i0.wp.com\/www.disposablevapeswholesale.com\/wp-content\/uploads\/2021\/12\/Aokit-Cube-2-3200-Puffs-Disposable-Vape-Wholesale-Strawberry-Ice-Flavors.jpg?ssl=1\" target=\"_blank\" rel=\"noopener\"><img data-recalc-dims=\"1\" loading=\"lazy\" decoding=\"async\" class=\"alignnone size-full wp-image-798\" title=\"Aokit Cube 2 3200 bouff\u00e9es Vape jetable en gros Ar\u00f4mes de glace \u00e0 la fraise\" src=\"https:\/\/i0.wp.com\/www.disposablevapeswholesale.com\/wp-content\/uploads\/2021\/12\/Aokit-Cube-2-3200-Puffs-Disposable-Vape-Wholesale-Strawberry-Ice-Flavors.jpg?resize=800%2C800&#038;ssl=1\" alt=\"Aokit Cube 2 3200 bouff\u00e9es Vape jetable en gros Ar\u00f4mes de glace \u00e0 la fraise\" width=\"800\" height=\"800\" \/><\/a><\/p>","protected":false},"excerpt":{"rendered":"<p>Aokit Cube 2 3200 Puffs Disposable Vape Wholesale offre un design l\u00e9ger et compact avec une performance de vapeur constante et un fonctionnement sans probl\u00e8me pour le vapotage portable.<\/p>","protected":false},"featured_media":2102,"comment_status":"closed","ping_status":"closed","template":"","meta":[],"product_brand":[],"product_cat":[22],"product_tag":[351,363,60,256],"class_list":{"0":"post-1879","1":"product","2":"type-product","3":"status-publish","4":"has-post-thumbnail","6":"product_cat-disposable-vape-sticks","7":"product_tag-3200-puffs","8":"product_tag-aokit-cube-2","9":"product_tag-disposable-vapes","10":"product_tag-wholesale","12":"first","13":"instock","14":"shipping-taxable","15":"purchasable","16":"product-type-simple"},"jetpack_sharing_enabled":true,"tiered_pricing_type":"fixed","tiered_pricing_fixed_rules":{"5000":11,"10000":10,"50000":9},"tiered_pricing_product_settings":{"layout":"default","base_unit_name":{"singular":null,"plural":null},"default_variation":null},"tiered_pricing_minimum_quantity":60,"tiered_pricing_roles_data":[],"tiered_pricing_percentage_rules":[],"tiered_pricing_maximum_quantity":null,"tiered_pricing_quantity_step":null,"_links":{"self":[{"href":"https:\/\/cloudsupplyvapes.com\/fr\/wp-json\/wp\/v2\/product\/1879","targetHints":{"allow":["GET"]}}],"collection":[{"href":"https:\/\/cloudsupplyvapes.com\/fr\/wp-json\/wp\/v2\/product"}],"about":[{"href":"https:\/\/cloudsupplyvapes.com\/fr\/wp-json\/wp\/v2\/types\/product"}],"replies":[{"embeddable":true,"href":"https:\/\/cloudsupplyvapes.com\/fr\/wp-json\/wp\/v2\/comments?post=1879"}],"wp:featuredmedia":[{"embeddable":true,"href":"https:\/\/cloudsupplyvapes.com\/fr\/wp-json\/wp\/v2\/media\/2102"}],"wp:attachment":[{"href":"https:\/\/cloudsupplyvapes.com\/fr\/wp-json\/wp\/v2\/media?parent=1879"}],"wp:term":[{"taxonomy":"product_brand","embeddable":true,"href":"https:\/\/cloudsupplyvapes.com\/fr\/wp-json\/wp\/v2\/product_brand?post=1879"},{"taxonomy":"product_cat","embeddable":true,"href":"https:\/\/cloudsupplyvapes.com\/fr\/wp-json\/wp\/v2\/product_cat?post=1879"},{"taxonomy":"product_tag","embeddable":true,"href":"https:\/\/cloudsupplyvapes.com\/fr\/wp-json\/wp\/v2\/product_tag?post=1879"}],"curies":[{"name":"wp","href":"https:\/\/api.w.org\/{rel}","templated":true}]}}