{"id":2062,"date":"2024-10-19T02:23:01","date_gmt":"2024-10-19T02:23:01","guid":{"rendered":"https:\/\/cloudsupplyvapes.com\/?post_type=product&#038;p=2062"},"modified":"2024-11-26T07:31:12","modified_gmt":"2024-11-26T07:31:12","slug":"-75","status":"publish","type":"product","link":"https:\/\/cloudsupplyvapes.com\/fr\/product\/randm-tornado-10000-puffs-disposable-vape-wholesale\/","title":{"rendered":"RANDM Tornado 10000 Puffs Disposable Vape Wholesale Adjustable Airflow High Capacity (en anglais)"},"content":{"rendered":"<p><strong>RandM Tornado 10000<\/strong>?est un dispositif de vape jetable avec contr\u00f4le de l'airflow et il est rechargeable. Il contient 20ml d'e-juice au sel de nicotine 0\/2\/3\/5% et permet de vaper jusqu'\u00e0 10000 bouff\u00e9es. Vous pouvez choisir parmi 24 saveurs. Le contr\u00f4le du flux d'air vous permet de choisir l'endroit qui vous convient le mieux. De plus, il est \u00e9quip\u00e9 d'un port Type-C rechargeable situ\u00e9 sur la partie arri\u00e8re de l'appareil, ce qui vous garantit de finir la derni\u00e8re goutte d'e-juice dans le r\u00e9servoir en permanence.<\/p>\n<h2><b data-stringify-type=\"bold\">Caract\u00e9ristiques du dispositif \u00e0 usage unique RandM Tornado 10000<\/b><\/h2>\n<p>?0\/2\/3\/5% Sel de nicotine.<br \/>\n?20 ML de E-liquide.<br \/>\n?10000 bouff\u00e9es par appareil.<br \/>\n?6 couleurs de lumi\u00e8re RVB<br \/>\nBatterie rechargeable<br \/>\nNon rechargeable<br \/>\nBatterie int\u00e9gr\u00e9e de 850mAh.<br \/>\n?24 ar\u00f4mes disponibles.<br \/>\n?10 pi\u00e8ces dans une bo\u00eete de pr\u00e9sentation.<br \/>\n?200 pi\u00e8ces par carton.<\/p>\n<h2><b data-stringify-type=\"bold\">Saveurs<\/b><\/h2>\n<p>1. framboise fraise<br \/>\n2. myrtille cerise<br \/>\n3. glace aux myrtilles<br \/>\n4. baies m\u00e9lang\u00e9es<br \/>\n5. la goutte d'eau gommeuse<br \/>\n6. beignet \u00e0 la fraise<br \/>\n7. past\u00e8que \u00e0 la fraise<br \/>\n8. glace au raisin<br \/>\n9.Menthol de menthe<br \/>\n10.D\u00e9lices tropicaux<br \/>\n11. limonade \u00e0 la past\u00e8que<br \/>\n12. Bleu Razz<br \/>\n13.Dr.Vimto<br \/>\n14. le sang du tigre<br \/>\n15.Bonbons arc-en-ciel<br \/>\n16. mangue fruit de la passion<br \/>\n17. fraise kiwi<br \/>\n18.glace framboise-p\u00eache<br \/>\n19.myrtille framboise acidul\u00e9e<br \/>\n20. glace \u00e0 la pomme rouge<br \/>\n21 Cocktail orange-citron vert<br \/>\n22. Kiwi Dragon Berry<br \/>\n23. glace \u00e0 la cerise<br \/>\n24. glace \u00e0 la past\u00e8que<\/p>","protected":false},"excerpt":{"rendered":"<p>RANDM Tornado 10000 Puffs Disposable Vape Wholesale features adjustable airflow, high capacity, and smooth vapor output, making it perfect for premium vaping sessions.<\/p>","protected":false},"featured_media":2335,"comment_status":"closed","ping_status":"closed","template":"","meta":[],"product_brand":[],"product_cat":[22],"product_tag":[386,387,388],"class_list":{"0":"post-2062","1":"product","2":"type-product","3":"status-publish","4":"has-post-thumbnail","6":"product_cat-disposable-vape-sticks","7":"product_tag-randm-tornado-1000","8":"product_tag-randm-vape","9":"product_tag-randm-vape-wholesale","11":"first","12":"instock","13":"shipping-taxable","14":"purchasable","15":"product-type-simple"},"jetpack_sharing_enabled":true,"tiered_pricing_type":"fixed","tiered_pricing_fixed_rules":{"5000":15,"10000":14,"50000":13},"tiered_pricing_product_settings":{"layout":"default","base_unit_name":{"singular":null,"plural":null},"default_variation":null},"tiered_pricing_minimum_quantity":60,"tiered_pricing_roles_data":[],"tiered_pricing_percentage_rules":[],"tiered_pricing_maximum_quantity":null,"tiered_pricing_quantity_step":null,"_links":{"self":[{"href":"https:\/\/cloudsupplyvapes.com\/fr\/wp-json\/wp\/v2\/product\/2062","targetHints":{"allow":["GET"]}}],"collection":[{"href":"https:\/\/cloudsupplyvapes.com\/fr\/wp-json\/wp\/v2\/product"}],"about":[{"href":"https:\/\/cloudsupplyvapes.com\/fr\/wp-json\/wp\/v2\/types\/product"}],"replies":[{"embeddable":true,"href":"https:\/\/cloudsupplyvapes.com\/fr\/wp-json\/wp\/v2\/comments?post=2062"}],"wp:featuredmedia":[{"embeddable":true,"href":"https:\/\/cloudsupplyvapes.com\/fr\/wp-json\/wp\/v2\/media\/2335"}],"wp:attachment":[{"href":"https:\/\/cloudsupplyvapes.com\/fr\/wp-json\/wp\/v2\/media?parent=2062"}],"wp:term":[{"taxonomy":"product_brand","embeddable":true,"href":"https:\/\/cloudsupplyvapes.com\/fr\/wp-json\/wp\/v2\/product_brand?post=2062"},{"taxonomy":"product_cat","embeddable":true,"href":"https:\/\/cloudsupplyvapes.com\/fr\/wp-json\/wp\/v2\/product_cat?post=2062"},{"taxonomy":"product_tag","embeddable":true,"href":"https:\/\/cloudsupplyvapes.com\/fr\/wp-json\/wp\/v2\/product_tag?post=2062"}],"curies":[{"name":"wp","href":"https:\/\/api.w.org\/{rel}","templated":true}]}}