{"id":2063,"date":"2024-10-19T02:23:01","date_gmt":"2024-10-19T02:23:01","guid":{"rendered":"https:\/\/cloudsupplyvapes.com\/?post_type=product&#038;p=2063"},"modified":"2024-11-26T07:31:24","modified_gmt":"2024-11-26T07:31:24","slug":"-76","status":"publish","type":"product","link":"https:\/\/cloudsupplyvapes.com\/fr\/product\/randm-tornado-9000-puffs-disposable-vape-wholesale\/","title":{"rendered":"RANDM Tornado 9000 Puffs Disposable Vape Wholesale Durable High Quality Design"},"content":{"rendered":"<p>RandM Tornado 9000 est un dispositif de vape jetable avec un design cool et il est rechargeable. Vous pouvez choisir parmi 20 options. Il s'agit d'un dispositif de vapotage jetable pr\u00e9-rempli, tout-en-un, qui offre une grande capacit\u00e9 et une longue dur\u00e9e de vie de la batterie. Avec jusqu'\u00e0 9000 bouff\u00e9es par appareil, il est con\u00e7u pour offrir une exp\u00e9rience de vapotage facile \u00e0 utiliser et pratique, sans n\u00e9cessiter d'entretien ni de recharge. Dot\u00e9 d'un design \u00e9l\u00e9gant et compact, d'un flux d'air r\u00e9glable et d'une gamme d'options d\u00e9licieuses, le Tornado 9000 offre une exp\u00e9rience de vapotage exceptionnelle.<\/p>\n<p>&nbsp;<\/p>\n<h2>RandM Tornado 9000 Dispositif \u00e0 usage unique Caract\u00e9ristiques :<\/h2>\n<p>\u26110\/2\/3\/5% Sel de nicotine.<\/p>\n<p>18ML de E-liquide.<\/p>\n<p>\u2611Mesh Coil<\/p>\n<p>Batterie rechargeable<\/p>\n<p>Batterie int\u00e9gr\u00e9e de 850 mAh.<\/p>\n<p>12 saveurs disponibles.<\/p>\n<p>10 pi\u00e8ces dans une bo\u00eete de pr\u00e9sentation.<\/p>\n<p>200 pi\u00e8ces par carton.<\/p>\n<p>&nbsp;<\/p>\n<h2>Saveurs disponibles :<\/h2>\n<p>1. myrtille framboise<\/p>\n<p>2.M. Bleu<\/p>\n<p>3. past\u00e8que \u00e0 la fraise<\/p>\n<p>4. soda \u00e0 l'orange<\/p>\n<p>5. chewing-gum \u00e0 la past\u00e8que<\/p>\n<p>6. bonbons arc-en-ciel<\/p>\n<p>7. limonade rose<\/p>\n<p>8. p\u00eache, mangue, ananas<\/p>\n<p>9. banane fraise<\/p>\n<p>10. glace luxuriante<\/p>\n<p>11. dragon noir de glace<\/p>\n<p>12. alo\u00e8s raisin<\/p>\n<p>13.Blue Razz Ice<\/p>\n<p>14.kiwi fruit de la passion goyave<\/p>\n<p>15. ours en gomme<\/p>\n<p>16.Cool Mint<\/p>\n<p>17.baies m\u00e9lang\u00e9es<\/p>\n<p>18.framboise past\u00e8que<\/p>\n<p>19. limonade \u00e0 la p\u00eache<\/p>\n<p>20. glace \u00e0 la goyave<\/p>\n<p>&nbsp;<\/p>\n<h2>Emballage et poids<\/h2>\n<p>0.11KG\/PCS, une seule pi\u00e8ce dans un petit emballage, 10 pi\u00e8ces dans une bo\u00eete moyenne.<\/p>\n<p>200PCS en carton, 22KG.<\/p>","protected":false},"excerpt":{"rendered":"<p>Le RANDM Tornado 9000 Puffs Disposable Vape Wholesale offre un design durable, un d\u00e9bit de vapeur constant et une batterie longue dur\u00e9e pour une exp\u00e9rience de vapotage fiable et de qualit\u00e9 sup\u00e9rieure.<\/p>","protected":false},"featured_media":2347,"comment_status":"closed","ping_status":"closed","template":"","meta":[],"product_brand":[],"product_cat":[22],"product_tag":[389,387,388],"class_list":{"0":"post-2063","1":"product","2":"type-product","3":"status-publish","4":"has-post-thumbnail","6":"product_cat-disposable-vape-sticks","7":"product_tag-randm-tornado-9000","8":"product_tag-randm-vape","9":"product_tag-randm-vape-wholesale","11":"first","12":"instock","13":"shipping-taxable","14":"purchasable","15":"product-type-simple"},"jetpack_sharing_enabled":true,"tiered_pricing_type":"fixed","tiered_pricing_fixed_rules":{"1000":8,"10000":7,"50000":6},"tiered_pricing_product_settings":{"layout":"default","base_unit_name":{"singular":null,"plural":null},"default_variation":null},"tiered_pricing_minimum_quantity":100,"tiered_pricing_roles_data":[],"tiered_pricing_percentage_rules":[],"tiered_pricing_maximum_quantity":null,"tiered_pricing_quantity_step":null,"_links":{"self":[{"href":"https:\/\/cloudsupplyvapes.com\/fr\/wp-json\/wp\/v2\/product\/2063","targetHints":{"allow":["GET"]}}],"collection":[{"href":"https:\/\/cloudsupplyvapes.com\/fr\/wp-json\/wp\/v2\/product"}],"about":[{"href":"https:\/\/cloudsupplyvapes.com\/fr\/wp-json\/wp\/v2\/types\/product"}],"replies":[{"embeddable":true,"href":"https:\/\/cloudsupplyvapes.com\/fr\/wp-json\/wp\/v2\/comments?post=2063"}],"wp:featuredmedia":[{"embeddable":true,"href":"https:\/\/cloudsupplyvapes.com\/fr\/wp-json\/wp\/v2\/media\/2347"}],"wp:attachment":[{"href":"https:\/\/cloudsupplyvapes.com\/fr\/wp-json\/wp\/v2\/media?parent=2063"}],"wp:term":[{"taxonomy":"product_brand","embeddable":true,"href":"https:\/\/cloudsupplyvapes.com\/fr\/wp-json\/wp\/v2\/product_brand?post=2063"},{"taxonomy":"product_cat","embeddable":true,"href":"https:\/\/cloudsupplyvapes.com\/fr\/wp-json\/wp\/v2\/product_cat?post=2063"},{"taxonomy":"product_tag","embeddable":true,"href":"https:\/\/cloudsupplyvapes.com\/fr\/wp-json\/wp\/v2\/product_tag?post=2063"}],"curies":[{"name":"wp","href":"https:\/\/api.w.org\/{rel}","templated":true}]}}