{"id":2064,"date":"2024-10-19T02:23:01","date_gmt":"2024-10-19T02:23:01","guid":{"rendered":"https:\/\/cloudsupplyvapes.com\/?post_type=product&#038;p=2064"},"modified":"2024-11-26T07:31:49","modified_gmt":"2024-11-26T07:31:49","slug":"-77","status":"publish","type":"product","link":"https:\/\/cloudsupplyvapes.com\/fr\/product\/randm-tornado-8000-puffs-disposable-vape-wholesale\/","title":{"rendered":"RANDM Tornado 8000 Puffs Vape jetable Wholesale Lightweight Long-Lasting Vape"},"content":{"rendered":"<p><strong>RandM Tornado 8000<\/strong>?is a disposable vape device with airflow control and it is rechargable. It contains 16ml 0\/2\/3\/5% nicotine salt e-juice and vape up to 8000 puffs. There are 31 flavors for you to choose. The airflow control let you choose the best spot suit yourself plus it comes with a rechargeable Type-C port at the buttom of the device, which gurantte you finish the last drop of the ejuice in the tank all the time.<\/p>\n<h2><b data-stringify-type=\"bold\">RandM Tornado 8000 Disposable Device Features:<\/b><\/h2>\n<p>?0\/2\/3\/5% Sel de nicotine.<br \/>\n?16ML of E-liquid.<br \/>\n?Airflow Control<br \/>\nBobine de maille<br \/>\nBatterie rechargeable<br \/>\nBatterie int\u00e9gr\u00e9e de 850mAh.<br \/>\n?31 Flavors Available.<br \/>\n?10 pi\u00e8ces dans une bo\u00eete de pr\u00e9sentation.<br \/>\n?240 pi\u00e8ces par carton.<\/p>\n<h2><b data-stringify-type=\"bold\">RandM Tornado 8000 Flavors Available:<\/b><\/h2>\n<p>1.Lush Ice<br \/>\n2.Blue razz Ice<br \/>\n3. past\u00e8que \u00e0 la fraise<br \/>\n4.Strawberry Lemonade<br \/>\n5.Sour Apple<br \/>\n6.Cotton Pear<br \/>\n7.Skittles Candy<br \/>\n8.Gummy Bears<br \/>\n9.Grape Orange<br \/>\n10.Honeydew Ice Cream<br \/>\n11.Melon Ice<br \/>\n12.Red Apple Melon<br \/>\n13.Pomegranate Ice<br \/>\n14.Banana Ice<br \/>\n15.Blueberry Ice<br \/>\n16.Cool Mint<br \/>\n17. fraise kiwi<br \/>\n18.Peach Mango<br \/>\n19.Pina Colada<br \/>\n20.Cherry Lychee<br \/>\n21.blueberry bubble gum<br \/>\n22. Watermelon<br \/>\n23. Blueberry sour Respberry<br \/>\n24.grape ice<br \/>\n25.blueberry Pomegranate<br \/>\n26.Mr blue<br \/>\n27. blueberry Respberry<br \/>\n28.Strawberry Ice cream<br \/>\n29.cherry cola ice<br \/>\n30. Red bull<br \/>\n31. Pink lemonade<\/p>","protected":false},"excerpt":{"rendered":"<p>RANDM Tornado 8000 Puffs Disposable Vape Wholesale combines lightweight construction with long-lasting performance and smooth vapor production for hassle-free vaping.<\/p>","protected":false},"featured_media":2360,"comment_status":"closed","ping_status":"closed","template":"","meta":[],"product_brand":[],"product_cat":[22],"product_tag":[341,387,388],"class_list":{"0":"post-2064","1":"product","2":"type-product","3":"status-publish","4":"has-post-thumbnail","6":"product_cat-disposable-vape-sticks","7":"product_tag-randm-tornado-8000","8":"product_tag-randm-vape","9":"product_tag-randm-vape-wholesale","11":"first","12":"instock","13":"shipping-taxable","14":"purchasable","15":"product-type-simple"},"jetpack_sharing_enabled":true,"tiered_pricing_type":"fixed","tiered_pricing_fixed_rules":{"5000":7,"10000":6,"50000":5},"tiered_pricing_product_settings":{"layout":"default","base_unit_name":{"singular":null,"plural":null},"default_variation":null},"tiered_pricing_minimum_quantity":60,"tiered_pricing_roles_data":[],"tiered_pricing_percentage_rules":[],"tiered_pricing_maximum_quantity":null,"tiered_pricing_quantity_step":null,"_links":{"self":[{"href":"https:\/\/cloudsupplyvapes.com\/fr\/wp-json\/wp\/v2\/product\/2064","targetHints":{"allow":["GET"]}}],"collection":[{"href":"https:\/\/cloudsupplyvapes.com\/fr\/wp-json\/wp\/v2\/product"}],"about":[{"href":"https:\/\/cloudsupplyvapes.com\/fr\/wp-json\/wp\/v2\/types\/product"}],"replies":[{"embeddable":true,"href":"https:\/\/cloudsupplyvapes.com\/fr\/wp-json\/wp\/v2\/comments?post=2064"}],"wp:featuredmedia":[{"embeddable":true,"href":"https:\/\/cloudsupplyvapes.com\/fr\/wp-json\/wp\/v2\/media\/2360"}],"wp:attachment":[{"href":"https:\/\/cloudsupplyvapes.com\/fr\/wp-json\/wp\/v2\/media?parent=2064"}],"wp:term":[{"taxonomy":"product_brand","embeddable":true,"href":"https:\/\/cloudsupplyvapes.com\/fr\/wp-json\/wp\/v2\/product_brand?post=2064"},{"taxonomy":"product_cat","embeddable":true,"href":"https:\/\/cloudsupplyvapes.com\/fr\/wp-json\/wp\/v2\/product_cat?post=2064"},{"taxonomy":"product_tag","embeddable":true,"href":"https:\/\/cloudsupplyvapes.com\/fr\/wp-json\/wp\/v2\/product_tag?post=2064"}],"curies":[{"name":"wp","href":"https:\/\/api.w.org\/{rel}","templated":true}]}}