{"id":2065,"date":"2024-10-19T02:23:01","date_gmt":"2024-10-19T02:23:01","guid":{"rendered":"https:\/\/cloudsupplyvapes.com\/?post_type=product&#038;p=2065"},"modified":"2024-11-26T07:33:20","modified_gmt":"2024-11-26T07:33:20","slug":"-78","status":"publish","type":"product","link":"https:\/\/cloudsupplyvapes.com\/fr\/product\/randm-glory-4800-puffs-disposable-vape-wholesale\/","title":{"rendered":"RANDM Glory 4800 Puffs Vape jetable Wholesale Compact Durable Design"},"content":{"rendered":"<p><strong>RandM Glory 4800<\/strong>?est un dispositif de vape jetable au design soign\u00e9. Il contient 10ml d'e-juice au sel de nicotine 0\/2\/3\/5% et permet de vaper jusqu'\u00e0 4800 bouff\u00e9es. Il y a 12 saveurs \u00e0 choisir. Cet appareil contient une batterie int\u00e9gr\u00e9e de 1100 mah, qui permet de vaper jusqu'\u00e0 la derni\u00e8re goutte d'e-juice.<\/p>\n<h2><b data-stringify-type=\"bold\">Dispositif \u00e0 usage unique RandM Glory... Caract\u00e9ristiques :<\/b><\/h2>\n<p>?0% 2% 3% 5% Sel de nicotine<br \/>\n? 10ml de E-liquide.<br \/>\n? 4800 Puffs<br \/>\n? Bobine de maille<br \/>\n? Batterie 1100mAh (18400)<br \/>\n? 12 saveurs disponibles.<br \/>\n? 10 pi\u00e8ces dans une bo\u00eete de pr\u00e9sentation.<br \/>\n? 300 pi\u00e8ces par carton.<\/p>\n<h2><b data-stringify-type=\"bold\">Saveurs disponibles :<\/b><\/h2>\n<p>1. bonbons arc-en-ciel<br \/>\n2. framboise-fraise<br \/>\n3. myrtille cerise<br \/>\n4. glace aux myrtilles<br \/>\n5. baies m\u00e9lang\u00e9es<br \/>\n6. beignet \u00e0 la fraise<br \/>\n7. glace de raisin<br \/>\n8.Menthe Menthol<br \/>\n9. fruits tropicaux<br \/>\n10. Blue Razz<br \/>\n11.goyave fraise<br \/>\n12.fraise kiwi past\u00e8que<\/p>","protected":false},"excerpt":{"rendered":"<p>Le RANDM Glory 4800 Puffs Disposable Vape Wholesale offre un design compact et durable avec une production de vapeur fluide et un fonctionnement sans probl\u00e8me, ce qui le rend parfait pour les sessions de vapotage en d\u00e9placement.<\/p>","protected":false},"featured_media":2381,"comment_status":"closed","ping_status":"closed","template":"","meta":[],"product_brand":[],"product_cat":[22],"product_tag":[390,387,388],"class_list":{"0":"post-2065","1":"product","2":"type-product","3":"status-publish","4":"has-post-thumbnail","6":"product_cat-disposable-vape-sticks","7":"product_tag-randm-glory-4800","8":"product_tag-randm-vape","9":"product_tag-randm-vape-wholesale","11":"first","12":"instock","13":"shipping-taxable","14":"purchasable","15":"product-type-simple"},"jetpack_sharing_enabled":true,"tiered_pricing_type":"fixed","tiered_pricing_fixed_rules":{"5000":5,"10000":4,"50000":3.899999999999999911182158029987476766109466552734375},"tiered_pricing_product_settings":{"layout":"default","base_unit_name":{"singular":null,"plural":null},"default_variation":null},"tiered_pricing_minimum_quantity":60,"tiered_pricing_roles_data":[],"tiered_pricing_percentage_rules":[],"tiered_pricing_maximum_quantity":null,"tiered_pricing_quantity_step":null,"_links":{"self":[{"href":"https:\/\/cloudsupplyvapes.com\/fr\/wp-json\/wp\/v2\/product\/2065","targetHints":{"allow":["GET"]}}],"collection":[{"href":"https:\/\/cloudsupplyvapes.com\/fr\/wp-json\/wp\/v2\/product"}],"about":[{"href":"https:\/\/cloudsupplyvapes.com\/fr\/wp-json\/wp\/v2\/types\/product"}],"replies":[{"embeddable":true,"href":"https:\/\/cloudsupplyvapes.com\/fr\/wp-json\/wp\/v2\/comments?post=2065"}],"wp:featuredmedia":[{"embeddable":true,"href":"https:\/\/cloudsupplyvapes.com\/fr\/wp-json\/wp\/v2\/media\/2381"}],"wp:attachment":[{"href":"https:\/\/cloudsupplyvapes.com\/fr\/wp-json\/wp\/v2\/media?parent=2065"}],"wp:term":[{"taxonomy":"product_brand","embeddable":true,"href":"https:\/\/cloudsupplyvapes.com\/fr\/wp-json\/wp\/v2\/product_brand?post=2065"},{"taxonomy":"product_cat","embeddable":true,"href":"https:\/\/cloudsupplyvapes.com\/fr\/wp-json\/wp\/v2\/product_cat?post=2065"},{"taxonomy":"product_tag","embeddable":true,"href":"https:\/\/cloudsupplyvapes.com\/fr\/wp-json\/wp\/v2\/product_tag?post=2065"}],"curies":[{"name":"wp","href":"https:\/\/api.w.org\/{rel}","templated":true}]}}