{"id":2151,"date":"2024-10-19T02:23:24","date_gmt":"2024-10-19T02:23:24","guid":{"rendered":"https:\/\/cloudsupplyvapes.com\/?post_type=product&#038;p=2151"},"modified":"2024-11-26T07:30:42","modified_gmt":"2024-11-26T07:30:42","slug":"-79","status":"publish","type":"product","link":"https:\/\/cloudsupplyvapes.com\/fr\/product\/randm-crystal-4600-puffs-disposable-vape-pod-device-wholesale\/","title":{"rendered":"RandM Crystal 4600 Puffs Disposable Vape Pod Device Wholesale Compact Durable Design"},"content":{"rendered":"<p><strong>RandM Crystal<\/strong>C'est un dispositif de vape jetable avec un design cool et il est rechargeable. Il contient 10ml d'e-juice au sel de nicotine 0\/2\/3\/5% et permet de vaper jusqu'\u00e0 4600 bouff\u00e9es. Il y a 12 saveurs \u00e0 choisir. Le port de recharge situ\u00e9 \u00e0 l'arri\u00e8re de l'appareil vous garantit de finir la derni\u00e8re goutte d'e-juice dans le r\u00e9servoir tout le temps.<\/p>\n<h2><b data-stringify-type=\"bold\">Dispositif \u00e0 usage unique RandM Crystal ?<\/b><\/h2>\n<p>?0% 2% 3% 5% Sel de nicotine<br \/>\n? 10ml de E-liquide.<br \/>\n? 4600 bouff\u00e9es<br \/>\n? Bobine de maille<br \/>\n? 650mah Rechargeable<br \/>\n? 12 saveurs disponibles.<br \/>\n? 10 pi\u00e8ces dans une bo\u00eete de pr\u00e9sentation.<br \/>\n? 300 pi\u00e8ces par carton.<\/p>\n<h2><b data-stringify-type=\"bold\">Saveurs<\/b><\/h2>\n<p>1.M. bleu<br \/>\n2. myrtille grenade<br \/>\n3. myrtille framboise<br \/>\n4. myrtille bubblegum<br \/>\n5. cr\u00e8me glac\u00e9e \u00e0 la fraise<br \/>\n6. glace luxuriante<br \/>\n7. pamplemousse glac\u00e9<br \/>\n8. sang de tigre<br \/>\n9. bonbons \u00e0 la p\u00eache et \u00e0 la myrtille<br \/>\n10. p\u00eache mangue<br \/>\n11. kiwi fruit de la passion goyave<br \/>\n12.fraise past\u00e8que bubblegum<\/p>","protected":false},"excerpt":{"rendered":"<p>Le RandM Crystal 4600 Puffs Disposable Vape Pod Device Wholesale combine un design compact, une construction durable et une diffusion r\u00e9guli\u00e8re de la vapeur pour des sessions de vapotage fiables et agr\u00e9ables.<\/p>","protected":false},"featured_media":2394,"comment_status":"closed","ping_status":"closed","template":"","meta":[],"product_brand":[],"product_cat":[22],"product_tag":[391,387,388],"class_list":{"0":"post-2151","1":"product","2":"type-product","3":"status-publish","4":"has-post-thumbnail","6":"product_cat-disposable-vape-sticks","7":"product_tag-randm-crystal-4600","8":"product_tag-randm-vape","9":"product_tag-randm-vape-wholesale","11":"first","12":"instock","13":"shipping-taxable","14":"purchasable","15":"product-type-simple"},"jetpack_sharing_enabled":true,"tiered_pricing_type":"fixed","tiered_pricing_fixed_rules":{"5000":11,"10000":10,"50000":9},"tiered_pricing_product_settings":{"layout":"default","base_unit_name":{"singular":null,"plural":null},"default_variation":null},"tiered_pricing_minimum_quantity":60,"tiered_pricing_roles_data":[],"tiered_pricing_percentage_rules":[],"tiered_pricing_maximum_quantity":null,"tiered_pricing_quantity_step":null,"_links":{"self":[{"href":"https:\/\/cloudsupplyvapes.com\/fr\/wp-json\/wp\/v2\/product\/2151","targetHints":{"allow":["GET"]}}],"collection":[{"href":"https:\/\/cloudsupplyvapes.com\/fr\/wp-json\/wp\/v2\/product"}],"about":[{"href":"https:\/\/cloudsupplyvapes.com\/fr\/wp-json\/wp\/v2\/types\/product"}],"replies":[{"embeddable":true,"href":"https:\/\/cloudsupplyvapes.com\/fr\/wp-json\/wp\/v2\/comments?post=2151"}],"wp:featuredmedia":[{"embeddable":true,"href":"https:\/\/cloudsupplyvapes.com\/fr\/wp-json\/wp\/v2\/media\/2394"}],"wp:attachment":[{"href":"https:\/\/cloudsupplyvapes.com\/fr\/wp-json\/wp\/v2\/media?parent=2151"}],"wp:term":[{"taxonomy":"product_brand","embeddable":true,"href":"https:\/\/cloudsupplyvapes.com\/fr\/wp-json\/wp\/v2\/product_brand?post=2151"},{"taxonomy":"product_cat","embeddable":true,"href":"https:\/\/cloudsupplyvapes.com\/fr\/wp-json\/wp\/v2\/product_cat?post=2151"},{"taxonomy":"product_tag","embeddable":true,"href":"https:\/\/cloudsupplyvapes.com\/fr\/wp-json\/wp\/v2\/product_tag?post=2151"}],"curies":[{"name":"wp","href":"https:\/\/api.w.org\/{rel}","templated":true}]}}