{"id":2152,"date":"2024-10-19T02:23:25","date_gmt":"2024-10-19T02:23:25","guid":{"rendered":"https:\/\/cloudsupplyvapes.com\/?post_type=product&#038;p=2152"},"modified":"2024-11-26T07:27:34","modified_gmt":"2024-11-26T07:27:34","slug":"-80","status":"publish","type":"product","link":"https:\/\/cloudsupplyvapes.com\/fr\/product\/randm-tornado-7000-puffs-disposable-vape-wholesale\/","title":{"rendered":"RandM Tornado 7000 Puffs Vape jetable en gros Airflow r\u00e9glable Design durable"},"content":{"rendered":"<p>Le RandM Tornado 7000 est un dispositif de vape jetable rechargeable avec contr\u00f4le du flux d'air, avec un port Type-C rechargeable sur le bas de l'appareil qui peut fumer 7000 bouff\u00e9es, une batterie int\u00e9gr\u00e9e de 850 mAh \u00e0 haute capacit\u00e9 et 14 ml de e-liquide de capacit\u00e9 5% sel de nicotine huile de e-cigarette, avec une vari\u00e9t\u00e9 d'ar\u00f4mes pour vous de choisir.<\/p>\n<p>&nbsp;<\/p>\n<h2>Saveurs<\/h2>\n<p>Glace luxuriante<\/p>\n<p>Menthe fra\u00eeche<\/p>\n<p>Donut \u00e0 la fraise<\/p>\n<p>Glace \u00e0 la mandarine<\/p>\n<p>Ours en gomme<\/p>\n<p>Mangue sur glace<\/p>\n<p>Myrtille sur glace<\/p>\n<p>Glace \u00e0 la p\u00eache<\/p>\n<p>Banane glac\u00e9e<\/p>\n<p>Limonade rose<\/p>\n<p>Glace de raisin<\/p>\n<p>Rhum Pina Colada<\/p>\n<p>Baies m\u00e9lang\u00e9es<\/p>\n<p>Past\u00e8que \u00e0 la fraise<\/p>\n<p>Glace \u00e0 l'ananas<\/p>\n<p>Milkshake \u00e0 la banane<\/p>\n<p>Pomme rouge Citron<\/p>\n<p>Fraise et banane<\/p>\n<p>Glace \u00e0 la fraise<\/p>\n<p>Barbe \u00e0 papa<\/p>\n<p>&nbsp;<\/p>\n<h2>Emballage et poids<\/h2>\n<p>0.08KG\/PCS, une seule pi\u00e8ce dans un petit emballage, 10 pi\u00e8ces dans une bo\u00eete moyenne.<\/p>\n<p>240PCS en carton, 17KG.<\/p>","protected":false},"excerpt":{"rendered":"<p>RandM Tornado 7000 Puffs Disposable Vape Wholesale features adjustable airflow, a durable build, and rich vapor output for customizable and satisfying vaping sessions.<\/p>","protected":false},"featured_media":2406,"comment_status":"closed","ping_status":"closed","template":"","meta":[],"product_brand":[],"product_cat":[22],"product_tag":[342,388,392],"class_list":{"0":"post-2152","1":"product","2":"type-product","3":"status-publish","4":"has-post-thumbnail","6":"product_cat-disposable-vape-sticks","7":"product_tag-randm-tornado-7000","8":"product_tag-randm-vape-wholesale","9":"product_tag-tornado-7000","11":"first","12":"instock","13":"shipping-taxable","14":"purchasable","15":"product-type-simple"},"jetpack_sharing_enabled":true,"tiered_pricing_type":"fixed","tiered_pricing_fixed_rules":{"1000":7,"10000":6,"50000":5},"tiered_pricing_product_settings":{"layout":"default","base_unit_name":{"singular":null,"plural":null},"default_variation":null},"tiered_pricing_minimum_quantity":500,"tiered_pricing_roles_data":[],"tiered_pricing_percentage_rules":[],"tiered_pricing_maximum_quantity":null,"tiered_pricing_quantity_step":null,"_links":{"self":[{"href":"https:\/\/cloudsupplyvapes.com\/fr\/wp-json\/wp\/v2\/product\/2152","targetHints":{"allow":["GET"]}}],"collection":[{"href":"https:\/\/cloudsupplyvapes.com\/fr\/wp-json\/wp\/v2\/product"}],"about":[{"href":"https:\/\/cloudsupplyvapes.com\/fr\/wp-json\/wp\/v2\/types\/product"}],"replies":[{"embeddable":true,"href":"https:\/\/cloudsupplyvapes.com\/fr\/wp-json\/wp\/v2\/comments?post=2152"}],"wp:featuredmedia":[{"embeddable":true,"href":"https:\/\/cloudsupplyvapes.com\/fr\/wp-json\/wp\/v2\/media\/2406"}],"wp:attachment":[{"href":"https:\/\/cloudsupplyvapes.com\/fr\/wp-json\/wp\/v2\/media?parent=2152"}],"wp:term":[{"taxonomy":"product_brand","embeddable":true,"href":"https:\/\/cloudsupplyvapes.com\/fr\/wp-json\/wp\/v2\/product_brand?post=2152"},{"taxonomy":"product_cat","embeddable":true,"href":"https:\/\/cloudsupplyvapes.com\/fr\/wp-json\/wp\/v2\/product_cat?post=2152"},{"taxonomy":"product_tag","embeddable":true,"href":"https:\/\/cloudsupplyvapes.com\/fr\/wp-json\/wp\/v2\/product_tag?post=2152"}],"curies":[{"name":"wp","href":"https:\/\/api.w.org\/{rel}","templated":true}]}}