{"id":2153,"date":"2024-10-19T02:23:25","date_gmt":"2024-10-19T02:23:25","guid":{"rendered":"https:\/\/cloudsupplyvapes.com\/?post_type=product&#038;p=2153"},"modified":"2024-11-26T07:27:51","modified_gmt":"2024-11-26T07:27:51","slug":"-81","status":"publish","type":"product","link":"https:\/\/cloudsupplyvapes.com\/fr\/product\/randm-dazzle-5000-puffs-disposable-vape-wholesale\/","title":{"rendered":"RANDM Dazzle 5000 Puffs Vape jetable Wholesale Lightweight Hassle-Free Vape"},"content":{"rendered":"<p><strong>RandM Dazzle 5000<\/strong>?is a disposable vape device with popular clear tank, colorful RGB light and it is refillable. It contains 10ml?0\/2\/3\/5%?nicotine salt e-juice and vape up to 5000 puffs. There are 20 flavors for you to choose. The RGB light makes it the coolest disposable device plus it comes with a rechargeable usb port at the buttom of the device, which gurantte you finish the last drop of the ejuice in the tank and light glowing all the time.<\/p>\n<h2><b data-stringify-type=\"bold\">RandM Dazzle 5000 Disposable Device?Features:<\/b><\/h2>\n<p>?0\/2\/3\/5%?sel de nicotine.<br \/>\n?10ML of E-liquid.<br \/>\n?5000 Puffs per Device.<br \/>\n?6 couleurs de lumi\u00e8re RVB<br \/>\nBatterie rechargeable<br \/>\n?Tank Refillale<br \/>\n?Integrated 1000mAh Battery.<br \/>\n?12 Flavors Available.<br \/>\n?10 pi\u00e8ces dans une bo\u00eete de pr\u00e9sentation.<br \/>\n?300pcs in a carton.<\/p>\n<h2><b data-stringify-type=\"bold\">Saveurs<\/b><\/h2>\n<p>1.Lush ICE<br \/>\n2.Strawberry yougurt<br \/>\n3.Banana ice<br \/>\n4.Blue Razz Ice<br \/>\n5.Orange Soda<br \/>\n6.Gummy Bear<br \/>\n7.Stawberry watermelon<br \/>\n8.Cotton pears<br \/>\n9.Pomegranate<br \/>\n10.Peach Icecream<br \/>\n11.Red apple Melon ice<br \/>\n12.Mix berries<br \/>\n13.Watermelon cheesecake<br \/>\n14.Grape ice<br \/>\n15 Mango Guava<br \/>\n16 Tabacco<br \/>\n17 Kiwi Berry<br \/>\n18 Cool Mint<br \/>\n19 Strawberry Lychee<br \/>\n20 Aloe Grape<\/p>","protected":false},"excerpt":{"rendered":"<p>RANDM Dazzle 5000 Puffs Disposable Vape Wholesale offers a lightweight and hassle-free design, delivering smooth vapor and consistent performance for a premium vaping experience.<\/p>","protected":false},"featured_media":2427,"comment_status":"closed","ping_status":"closed","template":"","meta":[],"product_brand":[],"product_cat":[22],"product_tag":[338,387,388],"class_list":{"0":"post-2153","1":"product","2":"type-product","3":"status-publish","4":"has-post-thumbnail","6":"product_cat-disposable-vape-sticks","7":"product_tag-randm-dazzle-5000","8":"product_tag-randm-vape","9":"product_tag-randm-vape-wholesale","11":"first","12":"instock","13":"virtual","14":"purchasable","15":"product-type-simple"},"jetpack_sharing_enabled":true,"tiered_pricing_type":"fixed","tiered_pricing_fixed_rules":{"5000":11,"10000":10,"50000":9},"tiered_pricing_product_settings":{"layout":"default","base_unit_name":{"singular":null,"plural":null},"default_variation":null},"tiered_pricing_minimum_quantity":60,"tiered_pricing_roles_data":[],"tiered_pricing_percentage_rules":[],"tiered_pricing_maximum_quantity":null,"tiered_pricing_quantity_step":null,"_links":{"self":[{"href":"https:\/\/cloudsupplyvapes.com\/fr\/wp-json\/wp\/v2\/product\/2153","targetHints":{"allow":["GET"]}}],"collection":[{"href":"https:\/\/cloudsupplyvapes.com\/fr\/wp-json\/wp\/v2\/product"}],"about":[{"href":"https:\/\/cloudsupplyvapes.com\/fr\/wp-json\/wp\/v2\/types\/product"}],"replies":[{"embeddable":true,"href":"https:\/\/cloudsupplyvapes.com\/fr\/wp-json\/wp\/v2\/comments?post=2153"}],"wp:featuredmedia":[{"embeddable":true,"href":"https:\/\/cloudsupplyvapes.com\/fr\/wp-json\/wp\/v2\/media\/2427"}],"wp:attachment":[{"href":"https:\/\/cloudsupplyvapes.com\/fr\/wp-json\/wp\/v2\/media?parent=2153"}],"wp:term":[{"taxonomy":"product_brand","embeddable":true,"href":"https:\/\/cloudsupplyvapes.com\/fr\/wp-json\/wp\/v2\/product_brand?post=2153"},{"taxonomy":"product_cat","embeddable":true,"href":"https:\/\/cloudsupplyvapes.com\/fr\/wp-json\/wp\/v2\/product_cat?post=2153"},{"taxonomy":"product_tag","embeddable":true,"href":"https:\/\/cloudsupplyvapes.com\/fr\/wp-json\/wp\/v2\/product_tag?post=2153"}],"curies":[{"name":"wp","href":"https:\/\/api.w.org\/{rel}","templated":true}]}}