{"id":2154,"date":"2024-10-19T02:23:25","date_gmt":"2024-10-19T02:23:25","guid":{"rendered":"https:\/\/cloudsupplyvapes.com\/?post_type=product&#038;p=2154"},"modified":"2024-11-26T07:29:32","modified_gmt":"2024-11-26T07:29:32","slug":"-82","status":"publish","type":"product","link":"https:\/\/cloudsupplyvapes.com\/fr\/product\/randm-tornado-6000-puffs-disposable-vape-wholesale\/","title":{"rendered":"RANDM Tornado 6000 Puffs Vape jetable Wholesale Compact Durable Design"},"content":{"rendered":"<p><strong>RandM Tornade<\/strong> 6000 est un dispositif de vape jetable avec contr\u00f4le de l'airflow et rechargeable. Il contient 12ml d'e-juice au sel de nicotine 0\/2\/3\/5% et permet de vaper jusqu'\u00e0 6000 bouff\u00e9es. Vous pouvez choisir parmi 30 saveurs. Le contr\u00f4le de l'airflow vous permet de choisir l'endroit qui vous convient le mieux. De plus, il est \u00e9quip\u00e9 d'un port Type-C rechargeable situ\u00e9 \u00e0 l'arri\u00e8re de l'appareil, ce qui vous garantit de finir la derni\u00e8re goutte d'e-juice dans le r\u00e9servoir \u00e0 tout moment.<\/p>\n<h2><b data-stringify-type=\"bold\">RandM Tornado 6000 Dispositif \u00e0 usage unique Caract\u00e9ristiques :<\/b><\/h2>\n<p>?0\/2\/3\/5% Sel de nicotine<br \/>\n?12ML de E-liquide<br \/>\n?6000 bouff\u00e9es par appareil<br \/>\nContr\u00f4le du d\u00e9bit d'air<br \/>\n?Type-C Recgarge<br \/>\nBatterie rechargeable<br \/>\nBatterie int\u00e9gr\u00e9e de 850mAh<br \/>\n?30 parfums disponibles<br \/>\n?10pcs dans une bo\u00eete de pr\u00e9sentation<br \/>\n?240pcs dans un carton \/ 17KG<\/p>\n<h2><b data-stringify-type=\"bold\">RandM Tornado 6000 Saveurs disponibles :<\/b><\/h2>\n<p>1 citron \"pomme rouge<br \/>\n2 rhum Pina Colada<br \/>\n3 Ours gommeux<br \/>\n4 Cool?Mint<br \/>\n5 Boissons \u00e9nerg\u00e9tiques<br \/>\n6 Grape ICE<br \/>\n7 Donut \u00e0 la fraise<br \/>\n8 Fusion de fruits<br \/>\n9 Soda \u00e0 l'orange<br \/>\n10 Banane?lait<br \/>\n11 Glace mangue-fraise<br \/>\n12. glace luxuriante<br \/>\n13.baies m\u00e9lang\u00e9es<br \/>\n14. past\u00e8que \u00e0 la fraise<br \/>\n15.Blue Razz Ice<br \/>\n16. les quilles<br \/>\n17. cr\u00e8me glac\u00e9e \u00e0 la fraise<br \/>\n18. barbe \u00e0 papa<br \/>\n19.cr\u00e8me glac\u00e9e \u00e0 la banane et \u00e0 la vanille<br \/>\n20.Double Pomme<br \/>\n21. ananas citron menthe<br \/>\n22.myrtille framboise<br \/>\n23.Framboise bleue acidul\u00e9e<br \/>\n24.M. bleu<br \/>\n25. milk-shake de licorne<br \/>\n26.myrtille grenade<br \/>\n27.fraise past\u00e8que bubblegum<br \/>\n28.kiwi fruit de la passion goyave<br \/>\n29. limonade aux baies<br \/>\n30. Vimto<\/p>\n<p><a href=\"https:\/\/i0.wp.com\/www.vape4wholesale.com\/wp-content\/uploads\/2022\/07\/RANDM-Tornado-6000-Puffs-Disposable-Vape-Wholesale-Banana-Milk.jpg?ssl=1\" target=\"_blank\" rel=\"noopener\"><img data-recalc-dims=\"1\" loading=\"lazy\" decoding=\"async\" class=\"alignnone size-full wp-image-5695\" title=\"RANDM Tornado 6000 Puffs Vape jetable en gros Banana Milk\" src=\"https:\/\/i0.wp.com\/www.vape4wholesale.com\/wp-content\/uploads\/2022\/07\/RANDM-Tornado-6000-Puffs-Disposable-Vape-Wholesale-Banana-Milk.jpg?resize=590%2C545&#038;ssl=1\" alt=\"RANDM Tornado 6000 Puffs Vape jetable en gros Banana Milk\" width=\"590\" height=\"545\" \/><\/a> <a href=\"https:\/\/i0.wp.com\/www.vape4wholesale.com\/wp-content\/uploads\/2022\/07\/RANDM-Tornado-6000-Puffs-Disposable-Vape-Wholesale-Cool-Mint.jpg?ssl=1\" target=\"_blank\" rel=\"noopener\"><img data-recalc-dims=\"1\" loading=\"lazy\" decoding=\"async\" class=\"alignnone size-full wp-image-5699\" title=\"RANDM Tornado 6000 bouff\u00e9es Vape jetable en gros Cool Mint\" src=\"https:\/\/i0.wp.com\/www.vape4wholesale.com\/wp-content\/uploads\/2022\/07\/RANDM-Tornado-6000-Puffs-Disposable-Vape-Wholesale-Cool-Mint.jpg?resize=590%2C545&#038;ssl=1\" alt=\"RANDM Tornado 6000 bouff\u00e9es Vape jetable en gros Cool Mint\" width=\"590\" height=\"545\" \/><\/a> <a href=\"https:\/\/i0.wp.com\/www.vape4wholesale.com\/wp-content\/uploads\/2022\/07\/RANDM-Tornado-6000-Puffs-Disposable-Vape-Wholesale-Energy-Drink.jpg?ssl=1\" target=\"_blank\" rel=\"noopener\"><img data-recalc-dims=\"1\" loading=\"lazy\" decoding=\"async\" class=\"alignnone size-full wp-image-5703\" title=\"RANDM Tornado 6000 Puffs Vape jetable Boisson \u00e9nerg\u00e9tique en gros\" src=\"https:\/\/i0.wp.com\/www.vape4wholesale.com\/wp-content\/uploads\/2022\/07\/RANDM-Tornado-6000-Puffs-Disposable-Vape-Wholesale-Energy-Drink.jpg?resize=590%2C545&#038;ssl=1\" alt=\"RANDM Tornado 6000 Puffs Vape jetable Boisson \u00e9nerg\u00e9tique en gros\" width=\"590\" height=\"545\" \/><\/a> <a href=\"https:\/\/i0.wp.com\/www.vape4wholesale.com\/wp-content\/uploads\/2022\/07\/RANDM-Tornado-6000-Puffs-Disposable-Vape-Wholesale-Fruit-Fusion.jpg?ssl=1\" target=\"_blank\" rel=\"noopener\"><img data-recalc-dims=\"1\" loading=\"lazy\" decoding=\"async\" class=\"alignnone size-full wp-image-5707\" title=\"RANDM Tornado 6000 bouff\u00e9es Vape jetable en gros Fruit Fusion\" src=\"https:\/\/i0.wp.com\/www.vape4wholesale.com\/wp-content\/uploads\/2022\/07\/RANDM-Tornado-6000-Puffs-Disposable-Vape-Wholesale-Fruit-Fusion.jpg?resize=590%2C545&#038;ssl=1\" alt=\"RANDM Tornado 6000 bouff\u00e9es Vape jetable en gros Fruit Fusion\" width=\"590\" height=\"545\" \/><\/a> <a href=\"https:\/\/i0.wp.com\/www.vape4wholesale.com\/wp-content\/uploads\/2022\/07\/RANDM-Tornado-6000-Puffs-Disposable-Vape-Wholesale-Grape-ICE.jpg?ssl=1\" target=\"_blank\" rel=\"noopener\"><img data-recalc-dims=\"1\" loading=\"lazy\" decoding=\"async\" class=\"alignnone size-full wp-image-5711\" title=\"RANDM Tornado 6000 bouff\u00e9es Vape jetable en gros Grape ICE\" src=\"https:\/\/i0.wp.com\/www.vape4wholesale.com\/wp-content\/uploads\/2022\/07\/RANDM-Tornado-6000-Puffs-Disposable-Vape-Wholesale-Grape-ICE.jpg?resize=590%2C545&#038;ssl=1\" alt=\"RANDM Tornado 6000 bouff\u00e9es Vape jetable en gros Grape ICE\" width=\"590\" height=\"545\" \/><\/a> <a href=\"https:\/\/i0.wp.com\/www.vape4wholesale.com\/wp-content\/uploads\/2022\/07\/RANDM-Tornado-6000-Puffs-Disposable-Vape-Wholesale-Gummy-Bear.jpg?ssl=1\" target=\"_blank\" rel=\"noopener\"><img data-recalc-dims=\"1\" loading=\"lazy\" decoding=\"async\" class=\"alignnone size-full wp-image-5715\" title=\"RANDM Tornado 6000 bouff\u00e9es Vape jetable en gros Ours en gomme\" src=\"https:\/\/i0.wp.com\/www.vape4wholesale.com\/wp-content\/uploads\/2022\/07\/RANDM-Tornado-6000-Puffs-Disposable-Vape-Wholesale-Gummy-Bear.jpg?resize=590%2C545&#038;ssl=1\" alt=\"RANDM Tornado 6000 bouff\u00e9es Vape jetable en gros Ours en gomme\" width=\"590\" height=\"545\" \/><\/a> <a href=\"https:\/\/i0.wp.com\/www.vape4wholesale.com\/wp-content\/uploads\/2022\/07\/RANDM-Tornado-6000-Puffs-Disposable-Vape-Wholesale-Lush-Ice.jpg?ssl=1\" target=\"_blank\" rel=\"noopener\"><img data-recalc-dims=\"1\" loading=\"lazy\" decoding=\"async\" class=\"alignnone size-full wp-image-5719\" title=\"RANDM Tornado 6000 Puffs Disposable Vape Wholesale Lush Ice\" src=\"https:\/\/i0.wp.com\/www.vape4wholesale.com\/wp-content\/uploads\/2022\/07\/RANDM-Tornado-6000-Puffs-Disposable-Vape-Wholesale-Lush-Ice.jpg?resize=590%2C545&#038;ssl=1\" alt=\"RANDM Tornado 6000 Puffs Disposable Vape Wholesale Lush Ice\" width=\"590\" height=\"545\" \/><\/a> <a href=\"https:\/\/i0.wp.com\/www.vape4wholesale.com\/wp-content\/uploads\/2022\/07\/RANDM-Tornado-6000-Puffs-Disposable-Vape-Wholesale-Mango-Strawberry-ice.jpg?ssl=1\" target=\"_blank\" rel=\"noopener\"><img data-recalc-dims=\"1\" loading=\"lazy\" decoding=\"async\" class=\"alignnone size-full wp-image-5723\" title=\"RANDM Tornado 6000 Puffs Vape jetable en gros Mangue Fraise Glace\" src=\"https:\/\/i0.wp.com\/www.vape4wholesale.com\/wp-content\/uploads\/2022\/07\/RANDM-Tornado-6000-Puffs-Disposable-Vape-Wholesale-Mango-Strawberry-ice.jpg?resize=590%2C545&#038;ssl=1\" alt=\"RANDM Tornado 6000 Puffs Vape jetable en gros Mangue Fraise Glace\" width=\"590\" height=\"545\" \/><\/a> <a href=\"https:\/\/i0.wp.com\/www.vape4wholesale.com\/wp-content\/uploads\/2022\/07\/RANDM-Tornado-6000-Puffs-Disposable-Vape-Wholesale-Orange-Soda.jpg?ssl=1\" target=\"_blank\" rel=\"noopener\"><img data-recalc-dims=\"1\" loading=\"lazy\" decoding=\"async\" class=\"alignnone size-full wp-image-5727\" title=\"RANDM Tornado 6000 Puffs Vape jetable en gros Orange Soda\" src=\"https:\/\/i0.wp.com\/www.vape4wholesale.com\/wp-content\/uploads\/2022\/07\/RANDM-Tornado-6000-Puffs-Disposable-Vape-Wholesale-Orange-Soda.jpg?resize=590%2C545&#038;ssl=1\" alt=\"RANDM Tornado 6000 Puffs Vape jetable en gros Orange Soda\" width=\"590\" height=\"545\" \/><\/a> <a href=\"https:\/\/i0.wp.com\/www.vape4wholesale.com\/wp-content\/uploads\/2022\/07\/RANDM-Tornado-6000-Puffs-Disposable-Vape-Wholesale-Pina-Colada-Rum.jpg?ssl=1\" target=\"_blank\" rel=\"noopener\"><img data-recalc-dims=\"1\" loading=\"lazy\" decoding=\"async\" class=\"alignnone size-full wp-image-5731\" title=\"RANDM Tornado 6000 bouff\u00e9es Vape jetable en gros Pina Colada Rum\" src=\"https:\/\/i0.wp.com\/www.vape4wholesale.com\/wp-content\/uploads\/2022\/07\/RANDM-Tornado-6000-Puffs-Disposable-Vape-Wholesale-Pina-Colada-Rum.jpg?resize=590%2C545&#038;ssl=1\" alt=\"RANDM Tornado 6000 bouff\u00e9es Vape jetable en gros Pina Colada Rum\" width=\"590\" height=\"545\" \/><\/a> <a href=\"https:\/\/i0.wp.com\/www.vape4wholesale.com\/wp-content\/uploads\/2022\/07\/RANDM-Tornado-6000-Puffs-Disposable-Vape-Wholesale-Red-Apple-lemon.jpg?ssl=1\" target=\"_blank\" rel=\"noopener\"><img data-recalc-dims=\"1\" loading=\"lazy\" decoding=\"async\" class=\"alignnone size-full wp-image-5735\" title=\"RANDM Tornado 6000 bouff\u00e9es Vape jetable en gros Red Apple lemon\" src=\"https:\/\/i0.wp.com\/www.vape4wholesale.com\/wp-content\/uploads\/2022\/07\/RANDM-Tornado-6000-Puffs-Disposable-Vape-Wholesale-Red-Apple-lemon.jpg?resize=590%2C545&#038;ssl=1\" alt=\"RANDM Tornado 6000 bouff\u00e9es Vape jetable en gros Red Apple lemon\" width=\"590\" height=\"545\" \/><\/a> <a href=\"https:\/\/i0.wp.com\/www.vape4wholesale.com\/wp-content\/uploads\/2022\/07\/RANDM-Tornado-6000-Puffs-Disposable-Vape-Wholesale-Strawberry-Donut.jpg?ssl=1\" target=\"_blank\" rel=\"noopener\"><img data-recalc-dims=\"1\" loading=\"lazy\" decoding=\"async\" class=\"alignnone size-full wp-image-5739\" title=\"RANDM Tornado 6000 Puffs Vape jetable en gros Strawberry Donut\" src=\"https:\/\/i0.wp.com\/www.vape4wholesale.com\/wp-content\/uploads\/2022\/07\/RANDM-Tornado-6000-Puffs-Disposable-Vape-Wholesale-Strawberry-Donut.jpg?resize=590%2C545&#038;ssl=1\" alt=\"RANDM Tornado 6000 Puffs Vape jetable en gros Strawberry Donut\" width=\"590\" height=\"545\" \/><\/a> <a href=\"https:\/\/i0.wp.com\/www.vape4wholesale.com\/wp-content\/uploads\/2022\/07\/RANDM-Tornado-6000-Puffs-Disposable-Vape-Wholesale.jpg?ssl=1\" target=\"_blank\" rel=\"noopener\"><img data-recalc-dims=\"1\" loading=\"lazy\" decoding=\"async\" class=\"alignnone size-full wp-image-5743\" title=\"RANDM Tornado 6000 Puffs Disposable Vape Wholesale\" src=\"https:\/\/i0.wp.com\/www.vape4wholesale.com\/wp-content\/uploads\/2022\/07\/RANDM-Tornado-6000-Puffs-Disposable-Vape-Wholesale.jpg?resize=590%2C504&#038;ssl=1\" alt=\"RANDM Tornado 6000 Puffs Disposable Vape Wholesale\" width=\"590\" height=\"504\" \/><\/a><\/p>","protected":false},"excerpt":{"rendered":"<p>Le RANDM Tornado 6000 Puffs Disposable Vape Wholesale pr\u00e9sente un design compact et durable avec un flux d'air r\u00e9glable, garantissant une diffusion constante de la vapeur et des sessions de vapotage satisfaisantes.<\/p>","protected":false},"featured_media":2440,"comment_status":"closed","ping_status":"closed","template":"","meta":[],"product_brand":[],"product_cat":[22],"product_tag":[339,387,388],"class_list":{"0":"post-2154","1":"product","2":"type-product","3":"status-publish","4":"has-post-thumbnail","6":"product_cat-disposable-vape-sticks","7":"product_tag-randm-tornado-6000","8":"product_tag-randm-vape","9":"product_tag-randm-vape-wholesale","11":"first","12":"instock","13":"shipping-taxable","14":"purchasable","15":"product-type-simple"},"jetpack_sharing_enabled":true,"tiered_pricing_type":"fixed","tiered_pricing_fixed_rules":{"5000":7,"10000":6,"50000":5},"tiered_pricing_product_settings":{"layout":"default","base_unit_name":{"singular":null,"plural":null},"default_variation":null},"tiered_pricing_minimum_quantity":60,"tiered_pricing_roles_data":[],"tiered_pricing_percentage_rules":[],"tiered_pricing_maximum_quantity":null,"tiered_pricing_quantity_step":null,"_links":{"self":[{"href":"https:\/\/cloudsupplyvapes.com\/fr\/wp-json\/wp\/v2\/product\/2154","targetHints":{"allow":["GET"]}}],"collection":[{"href":"https:\/\/cloudsupplyvapes.com\/fr\/wp-json\/wp\/v2\/product"}],"about":[{"href":"https:\/\/cloudsupplyvapes.com\/fr\/wp-json\/wp\/v2\/types\/product"}],"replies":[{"embeddable":true,"href":"https:\/\/cloudsupplyvapes.com\/fr\/wp-json\/wp\/v2\/comments?post=2154"}],"wp:featuredmedia":[{"embeddable":true,"href":"https:\/\/cloudsupplyvapes.com\/fr\/wp-json\/wp\/v2\/media\/2440"}],"wp:attachment":[{"href":"https:\/\/cloudsupplyvapes.com\/fr\/wp-json\/wp\/v2\/media?parent=2154"}],"wp:term":[{"taxonomy":"product_brand","embeddable":true,"href":"https:\/\/cloudsupplyvapes.com\/fr\/wp-json\/wp\/v2\/product_brand?post=2154"},{"taxonomy":"product_cat","embeddable":true,"href":"https:\/\/cloudsupplyvapes.com\/fr\/wp-json\/wp\/v2\/product_cat?post=2154"},{"taxonomy":"product_tag","embeddable":true,"href":"https:\/\/cloudsupplyvapes.com\/fr\/wp-json\/wp\/v2\/product_tag?post=2154"}],"curies":[{"name":"wp","href":"https:\/\/api.w.org\/{rel}","templated":true}]}}