{"id":2155,"date":"2024-10-19T02:23:25","date_gmt":"2024-10-19T02:23:25","guid":{"rendered":"https:\/\/cloudsupplyvapes.com\/?post_type=product&#038;p=2155"},"modified":"2024-11-26T07:29:48","modified_gmt":"2024-11-26T07:29:48","slug":"-83","status":"publish","type":"product","link":"https:\/\/cloudsupplyvapes.com\/fr\/product\/randm-squid-box-5200-puffs-disposable-vape-wholesale-2\/","title":{"rendered":"RandM Squid Box 5200 Puffs Disposable Vape Wholesale High Capacity Lightweight Build"},"content":{"rendered":"<p><strong>RandM S<\/strong><span style=\"font-size: 14.4px;\">i<\/span><strong style=\"font-size: 14.4px;\">quid Box 5200<\/strong><span style=\"font-size: 14.4px;\"> i<\/span><span style=\"font-size: 14.4px;\">C'est un dispositif de vape jetable avec un design cool et il est rechargeable. Il contient 12ml d'e-juice au sel de nicotine 0\/2\/3\/5% et permet de vaper jusqu'\u00e0 5200 bouff\u00e9es. Vous pouvez choisir parmi 20 saveurs. Le port Type-C rechargeable situ\u00e9 \u00e0 l'arri\u00e8re de l'appareil vous garantit de finir la derni\u00e8re goutte d'e-juice dans le r\u00e9servoir tout le temps ?<\/span><\/p>\n<h2><b data-stringify-type=\"bold\">RandM Squid Box 5200 Dispositif \u00e0 usage unique Caract\u00e9ristiques :<\/b><\/h2>\n<p>?0\/2\/3\/5%?sel de nicotine.<br \/>\n?12ML de E-liquide.<br \/>\nBobine de maille<br \/>\nBatterie rechargeable<br \/>\nBatterie int\u00e9gr\u00e9e de 850mAh.<br \/>\n?20 parfums disponibles.<br \/>\n?10 pi\u00e8ces dans une bo\u00eete de pr\u00e9sentation.<br \/>\n?240 pi\u00e8ces par carton.<\/p>\n<h2><b data-stringify-type=\"bold\">Saveurs disponibles :<\/b><\/h2>\n<p>1. fraise kiwi<br \/>\n2. glace aux myrtilles<br \/>\n3. la glace luxuriante<br \/>\n4. barbe \u00e0 papa<br \/>\n5. baies m\u00e9lang\u00e9es<br \/>\n6. glace \u00e0 la banane<br \/>\n7. litchi fraise<br \/>\n8.Monnaie<br \/>\n9. alo\u00e8s raisin<br \/>\n10. p\u00eache mangue<\/p>\n<p><a href=\"https:\/\/i0.wp.com\/www.vape4wholesale.com\/wp-content\/uploads\/2022\/07\/RandM-Squid-Box-5200-Puffs-Disposable-Vape-Wholesale.jpg?ssl=1\" target=\"_blank\" rel=\"noopener\"><img data-recalc-dims=\"1\" loading=\"lazy\" decoding=\"async\" class=\"alignnone size-full wp-image-5825\" title=\"RandM Squid Box 5200 Puffs Disposable Vape Wholesale\" src=\"https:\/\/i0.wp.com\/www.vape4wholesale.com\/wp-content\/uploads\/2022\/07\/RandM-Squid-Box-5200-Puffs-Disposable-Vape-Wholesale.jpg?resize=590%2C504&#038;ssl=1\" alt=\"RandM Squid Box 5200 Puffs Disposable Vape Wholesale\" width=\"590\" height=\"504\" \/><\/a> <a href=\"https:\/\/i0.wp.com\/www.vape4wholesale.com\/wp-content\/uploads\/2022\/07\/RandM-Squid-Box-5200-Puffs-Disposable-Vape-Wholesale-Strawberry-Lychee.jpg?ssl=1\" target=\"_blank\" rel=\"noopener\"><img data-recalc-dims=\"1\" loading=\"lazy\" decoding=\"async\" class=\"alignnone size-full wp-image-5821\" title=\"RandM Squid Box 5200 Puffs Vape jetable en gros Fraise Lychee\" src=\"https:\/\/i0.wp.com\/www.vape4wholesale.com\/wp-content\/uploads\/2022\/07\/RandM-Squid-Box-5200-Puffs-Disposable-Vape-Wholesale-Strawberry-Lychee.jpg?resize=590%2C590&#038;ssl=1\" alt=\"RandM Squid Box 5200 Puffs Vape jetable en gros Fraise Lychee\" width=\"590\" height=\"590\" \/><\/a> <a href=\"https:\/\/i0.wp.com\/www.vape4wholesale.com\/wp-content\/uploads\/2022\/07\/RandM-Squid-Box-5200-Puffs-Disposable-Vape-Wholesale-Strawberry-Kiwi.jpg?ssl=1\" target=\"_blank\" rel=\"noopener\"><img data-recalc-dims=\"1\" loading=\"lazy\" decoding=\"async\" class=\"alignnone size-full wp-image-5817\" title=\"RandM Squid Box 5200 Puffs Vape jetable en gros Fraise Kiwi\" src=\"https:\/\/i0.wp.com\/www.vape4wholesale.com\/wp-content\/uploads\/2022\/07\/RandM-Squid-Box-5200-Puffs-Disposable-Vape-Wholesale-Strawberry-Kiwi.jpg?resize=590%2C590&#038;ssl=1\" alt=\"RandM Squid Box 5200 Puffs Vape jetable en gros Fraise Kiwi\" width=\"590\" height=\"590\" \/><\/a> <a href=\"https:\/\/i0.wp.com\/www.vape4wholesale.com\/wp-content\/uploads\/2022\/07\/RandM-Squid-Box-5200-Puffs-Disposable-Vape-Wholesale-Peach-Mango.jpg?ssl=1\" target=\"_blank\" rel=\"noopener\"><img data-recalc-dims=\"1\" loading=\"lazy\" decoding=\"async\" class=\"alignnone size-full wp-image-5813\" title=\"RandM Squid Box 5200 Puffs Vape jetable en gros Peach Mango\" src=\"https:\/\/i0.wp.com\/www.vape4wholesale.com\/wp-content\/uploads\/2022\/07\/RandM-Squid-Box-5200-Puffs-Disposable-Vape-Wholesale-Peach-Mango.jpg?resize=590%2C590&#038;ssl=1\" alt=\"RandM Squid Box 5200 Puffs Vape jetable en gros Peach Mango\" width=\"590\" height=\"590\" \/><\/a> <a href=\"https:\/\/i0.wp.com\/www.vape4wholesale.com\/wp-content\/uploads\/2022\/07\/RandM-Squid-Box-5200-Puffs-Disposable-Vape-Wholesale-Mixed-Berries.jpg?ssl=1\" target=\"_blank\" rel=\"noopener\"><img data-recalc-dims=\"1\" loading=\"lazy\" decoding=\"async\" class=\"alignnone size-full wp-image-5809\" title=\"RandM Squid Box 5200 Puffs Vape jetable en gros Mixed Berries\" src=\"https:\/\/i0.wp.com\/www.vape4wholesale.com\/wp-content\/uploads\/2022\/07\/RandM-Squid-Box-5200-Puffs-Disposable-Vape-Wholesale-Mixed-Berries.jpg?resize=590%2C590&#038;ssl=1\" alt=\"RandM Squid Box 5200 Puffs Vape jetable en gros Mixed Berries\" width=\"590\" height=\"590\" \/><\/a> <a href=\"https:\/\/i0.wp.com\/www.vape4wholesale.com\/wp-content\/uploads\/2022\/07\/RandM-Squid-Box-5200-Puffs-Disposable-Vape-Wholesale-Mint.jpg?ssl=1\" target=\"_blank\" rel=\"noopener\"><img data-recalc-dims=\"1\" loading=\"lazy\" decoding=\"async\" class=\"alignnone size-full wp-image-5805\" title=\"RandM Squid Box 5200 Puffs Vape jetable Wholesale Mint\" src=\"https:\/\/i0.wp.com\/www.vape4wholesale.com\/wp-content\/uploads\/2022\/07\/RandM-Squid-Box-5200-Puffs-Disposable-Vape-Wholesale-Mint.jpg?resize=590%2C590&#038;ssl=1\" alt=\"RandM Squid Box 5200 Puffs Vape jetable Wholesale Mint\" width=\"590\" height=\"590\" \/><\/a> <a href=\"https:\/\/i0.wp.com\/www.vape4wholesale.com\/wp-content\/uploads\/2022\/07\/RandM-Squid-Box-5200-Puffs-Disposable-Vape-Wholesale-Lush-Ice.jpg?ssl=1\" target=\"_blank\" rel=\"noopener\"><img data-recalc-dims=\"1\" loading=\"lazy\" decoding=\"async\" class=\"alignnone size-full wp-image-5801\" title=\"RandM Squid Box 5200 Puffs Disposable Vape Wholesale Lush Ice\" src=\"https:\/\/i0.wp.com\/www.vape4wholesale.com\/wp-content\/uploads\/2022\/07\/RandM-Squid-Box-5200-Puffs-Disposable-Vape-Wholesale-Lush-Ice.jpg?resize=590%2C590&#038;ssl=1\" alt=\"RandM Squid Box 5200 Puffs Disposable Vape Wholesale Lush Ice\" width=\"590\" height=\"590\" \/><\/a> <a href=\"https:\/\/i0.wp.com\/www.vape4wholesale.com\/wp-content\/uploads\/2022\/07\/RandM-Squid-Box-5200-Puffs-Disposable-Vape-Wholesale-Cotton-Candy.jpg?ssl=1\" target=\"_blank\" rel=\"noopener\"><img data-recalc-dims=\"1\" loading=\"lazy\" decoding=\"async\" class=\"alignnone size-full wp-image-5797\" title=\"RandM Squid Box 5200 Puffs Disposable Vape Wholesale Cotton Candy (barbe \u00e0 papa)\" src=\"https:\/\/i0.wp.com\/www.vape4wholesale.com\/wp-content\/uploads\/2022\/07\/RandM-Squid-Box-5200-Puffs-Disposable-Vape-Wholesale-Cotton-Candy.jpg?resize=590%2C590&#038;ssl=1\" alt=\"RandM Squid Box 5200 Puffs Disposable Vape Wholesale Cotton Candy (barbe \u00e0 papa)\" width=\"590\" height=\"590\" \/><\/a> <a href=\"https:\/\/i0.wp.com\/www.vape4wholesale.com\/wp-content\/uploads\/2022\/07\/RandM-Squid-Box-5200-Puffs-Disposable-Vape-Wholesale-Blueberry-Ice.jpg?ssl=1\" target=\"_blank\" rel=\"noopener\"><img data-recalc-dims=\"1\" loading=\"lazy\" decoding=\"async\" class=\"alignnone size-full wp-image-5793\" title=\"RandM Squid Box 5200 Puffs Vape jetable en gros Blueberry Ice\" src=\"https:\/\/i0.wp.com\/www.vape4wholesale.com\/wp-content\/uploads\/2022\/07\/RandM-Squid-Box-5200-Puffs-Disposable-Vape-Wholesale-Blueberry-Ice.jpg?resize=590%2C590&#038;ssl=1\" alt=\"RandM Squid Box 5200 Puffs Vape jetable en gros Blueberry Ice\" width=\"590\" height=\"590\" \/><\/a> <a href=\"https:\/\/i0.wp.com\/www.vape4wholesale.com\/wp-content\/uploads\/2022\/07\/RandM-Squid-Box-5200-Puffs-Disposable-Vape-Wholesale-Banana-Ice.jpg?ssl=1\" target=\"_blank\" rel=\"noopener\"><img data-recalc-dims=\"1\" loading=\"lazy\" decoding=\"async\" class=\"alignnone size-full wp-image-5789\" title=\"RandM Squid Box 5200 Puffs Disposable Vape Wholesale Banana Ice\" src=\"https:\/\/i0.wp.com\/www.vape4wholesale.com\/wp-content\/uploads\/2022\/07\/RandM-Squid-Box-5200-Puffs-Disposable-Vape-Wholesale-Banana-Ice.jpg?resize=590%2C590&#038;ssl=1\" alt=\"RandM Squid Box 5200 Puffs Disposable Vape Wholesale Banana Ice\" width=\"590\" height=\"590\" \/><\/a><\/p>\n<p><a href=\"https:\/\/i0.wp.com\/www.vape4wholesale.com\/wp-content\/uploads\/2022\/07\/RandM-Squid-Box-5200-Puffs-Disposable-Vape-Wholesale-Aloe-Grape.jpg?ssl=1\" target=\"_blank\" rel=\"noopener\"><img data-recalc-dims=\"1\" loading=\"lazy\" decoding=\"async\" class=\"alignnone size-full wp-image-5785\" title=\"RandM Squid Box 5200 Puffs Disposable Vape Wholesale Aloe Grape\" src=\"https:\/\/i0.wp.com\/www.vape4wholesale.com\/wp-content\/uploads\/2022\/07\/RandM-Squid-Box-5200-Puffs-Disposable-Vape-Wholesale-Aloe-Grape.jpg?resize=590%2C590&#038;ssl=1\" alt=\"RandM Squid Box 5200 Puffs Disposable Vape Wholesale Aloe Grape\" width=\"590\" height=\"590\" \/><\/a><\/p>","protected":false},"excerpt":{"rendered":"<p>RandM Squid Box 5200 Puffs Disposable Vape Wholesale combine une grande capacit\u00e9 et une construction l\u00e9g\u00e8re pour une performance de vaporisation fluide et un fonctionnement sans probl\u00e8me.<\/p>","protected":false},"featured_media":2453,"comment_status":"closed","ping_status":"closed","template":"","meta":[],"product_brand":[],"product_cat":[22],"product_tag":[340,387,388],"class_list":{"0":"post-2155","1":"product","2":"type-product","3":"status-publish","4":"has-post-thumbnail","6":"product_cat-disposable-vape-sticks","7":"product_tag-randm-squid-box","8":"product_tag-randm-vape","9":"product_tag-randm-vape-wholesale","11":"first","12":"instock","13":"shipping-taxable","14":"purchasable","15":"product-type-simple"},"jetpack_sharing_enabled":true,"tiered_pricing_type":"fixed","tiered_pricing_fixed_rules":{"5000":8,"10000":7,"50000":6},"tiered_pricing_product_settings":{"layout":"default","base_unit_name":{"singular":null,"plural":null},"default_variation":null},"tiered_pricing_minimum_quantity":60,"tiered_pricing_roles_data":[],"tiered_pricing_percentage_rules":[],"tiered_pricing_maximum_quantity":null,"tiered_pricing_quantity_step":null,"_links":{"self":[{"href":"https:\/\/cloudsupplyvapes.com\/fr\/wp-json\/wp\/v2\/product\/2155","targetHints":{"allow":["GET"]}}],"collection":[{"href":"https:\/\/cloudsupplyvapes.com\/fr\/wp-json\/wp\/v2\/product"}],"about":[{"href":"https:\/\/cloudsupplyvapes.com\/fr\/wp-json\/wp\/v2\/types\/product"}],"replies":[{"embeddable":true,"href":"https:\/\/cloudsupplyvapes.com\/fr\/wp-json\/wp\/v2\/comments?post=2155"}],"wp:featuredmedia":[{"embeddable":true,"href":"https:\/\/cloudsupplyvapes.com\/fr\/wp-json\/wp\/v2\/media\/2453"}],"wp:attachment":[{"href":"https:\/\/cloudsupplyvapes.com\/fr\/wp-json\/wp\/v2\/media?parent=2155"}],"wp:term":[{"taxonomy":"product_brand","embeddable":true,"href":"https:\/\/cloudsupplyvapes.com\/fr\/wp-json\/wp\/v2\/product_brand?post=2155"},{"taxonomy":"product_cat","embeddable":true,"href":"https:\/\/cloudsupplyvapes.com\/fr\/wp-json\/wp\/v2\/product_cat?post=2155"},{"taxonomy":"product_tag","embeddable":true,"href":"https:\/\/cloudsupplyvapes.com\/fr\/wp-json\/wp\/v2\/product_tag?post=2155"}],"curies":[{"name":"wp","href":"https:\/\/api.w.org\/{rel}","templated":true}]}}