{"id":2159,"date":"2024-10-19T02:23:25","date_gmt":"2024-10-19T02:23:25","guid":{"rendered":"https:\/\/cloudsupplyvapes.com\/?post_type=product&#038;p=2159"},"modified":"2024-11-26T07:30:24","modified_gmt":"2024-11-26T07:30:24","slug":"-86","status":"publish","type":"product","link":"https:\/\/cloudsupplyvapes.com\/fr\/product\/bang-bc5000-disposable-vape-wholesale\/","title":{"rendered":"BANG BC5000 Vape jetable en gros Haute capacit\u00e9 Durable Build"},"content":{"rendered":"<p><strong>Bang BC5000 <\/strong>est un vaporisateur jetable rechargeable, \u00e9quip\u00e9 d'une batterie int\u00e9gr\u00e9e de 650 mAh et d'un e-liquide de 13 ml, avec un taux de nicotine de 5%, qui permet de tirer jusqu'\u00e0 5 000 bouff\u00e9es.<\/p>\n<p>&nbsp;<\/p>\n<h2>Bang BC5000 D\u00e9tail rapide<\/h2>\n<p>Puffs : 5000<br \/>\nSel de nicotine : 5%<br \/>\nCapacit\u00e9 d'Eliquide : 13ML<br \/>\nR\u00e9sistance : 1,2 ohm Mesh<br \/>\nPoids du corps : 52g<br \/>\nTaille du carton : 52.3*38*28.5cm<br \/>\nPoids du carton : 16.5kg\/ 300 PCS<br \/>\nPort de charge : Type C<\/p>\n<p>&nbsp;<\/p>\n<h2>Bang BC5000 Saveurs<\/h2>\n<p>1. FRAISE-MANGUE<br \/>\n2. GLACE \u00c0 LA FRAISE<br \/>\n3. RAISIN DE SAKURA<br \/>\n4. GLACE AU MELON D'EAU<br \/>\n5. MYRTILLE FRAMBOISE GLACE<br \/>\n6. KIWI FRUIT DE LA PASSION GOYAVE<br \/>\n7. FRAISE KIWI<br \/>\n8. BOISSON \u00c9NERGISANTE<br \/>\n9. P\u00caCHE MANGUE PAST\u00c8QUE<br \/>\n10. MENTHE FROIDE<br \/>\n11. GLACE \u00c0 LA MYRTILLE<br \/>\n12. GLACE ANANAS-COCO<br \/>\n13. FRAISE GOYAVE<br \/>\n14. KIWI FRUIT DE LA PASSION GOYAVE<br \/>\n15. FRUITS MIXTES<br \/>\n16. GLACE NOIRE<br \/>\n17. FRAISE PAST\u00c8QUE<br \/>\n18. CHEWING-GUM \u00c0 LA PAST\u00c8QUE<br \/>\n19. GLACE \u00c0 LA FRAMBOISE<br \/>\n20. FRAISE BANANE<\/p>\n<div>Bang Bc 5000 Les avantages des e-cigarettes jetables<\/div>\n<div><\/div>\n<div>Le Bang BC 5000 se distingue par sa grande capacit\u00e9, son design compact et ses fonctions conviviales. Son grand nombre de bouff\u00e9es et sa large gamme d'ar\u00f4mes vous permettent de profiter plus longtemps de vos ar\u00f4mes pr\u00e9f\u00e9r\u00e9s. De plus, les niveaux de nicotine personnalisables et les options sans nicotine peuvent vous aider \u00e0 r\u00e9duire votre consommation de nicotine pour que vous ayez envie de fumer tout en vous aidant \u00e0 arr\u00eater de fumer.<\/div>\n<div>Ce produit est rechargeable, il peut r\u00e9pondre \u00e0 nos besoins quotidiens, il peut \u00eatre ouvert \u00e0 tout moment, n'importe o\u00f9.<\/div>","protected":false},"excerpt":{"rendered":"<p>Le BANG BC5000 Disposable Vape Wholesale est dot\u00e9 d'une grande capacit\u00e9 et d'une construction durable, garantissant une production de vapeur r\u00e9guli\u00e8re et des performances durables.<\/p>","protected":false},"featured_media":2505,"comment_status":"closed","ping_status":"closed","template":"","meta":[],"product_brand":[],"product_cat":[481,22],"product_tag":[402,403,404,399],"class_list":{"0":"post-2159","1":"product","2":"type-product","3":"status-publish","4":"has-post-thumbnail","6":"product_cat-bang","7":"product_cat-disposable-vape-sticks","8":"product_tag-bang-5000-puffs","9":"product_tag-bang-bc5000","10":"product_tag-bang-box","11":"product_tag-bang-vape-wholesale","13":"first","14":"instock","15":"featured","16":"shipping-taxable","17":"purchasable","18":"product-type-simple"},"jetpack_sharing_enabled":true,"tiered_pricing_type":"fixed","tiered_pricing_fixed_rules":{"30":6.88999999999999968025576890795491635799407958984375,"50":6.4900000000000002131628207280300557613372802734375,"100":5.88999999999999968025576890795491635799407958984375,"200":5.4900000000000002131628207280300557613372802734375},"tiered_pricing_product_settings":{"layout":"default","base_unit_name":{"singular":null,"plural":null},"default_variation":null},"tiered_pricing_minimum_quantity":10,"tiered_pricing_roles_data":[],"tiered_pricing_percentage_rules":[],"tiered_pricing_maximum_quantity":null,"tiered_pricing_quantity_step":null,"_links":{"self":[{"href":"https:\/\/cloudsupplyvapes.com\/fr\/wp-json\/wp\/v2\/product\/2159","targetHints":{"allow":["GET"]}}],"collection":[{"href":"https:\/\/cloudsupplyvapes.com\/fr\/wp-json\/wp\/v2\/product"}],"about":[{"href":"https:\/\/cloudsupplyvapes.com\/fr\/wp-json\/wp\/v2\/types\/product"}],"replies":[{"embeddable":true,"href":"https:\/\/cloudsupplyvapes.com\/fr\/wp-json\/wp\/v2\/comments?post=2159"}],"wp:featuredmedia":[{"embeddable":true,"href":"https:\/\/cloudsupplyvapes.com\/fr\/wp-json\/wp\/v2\/media\/2505"}],"wp:attachment":[{"href":"https:\/\/cloudsupplyvapes.com\/fr\/wp-json\/wp\/v2\/media?parent=2159"}],"wp:term":[{"taxonomy":"product_brand","embeddable":true,"href":"https:\/\/cloudsupplyvapes.com\/fr\/wp-json\/wp\/v2\/product_brand?post=2159"},{"taxonomy":"product_cat","embeddable":true,"href":"https:\/\/cloudsupplyvapes.com\/fr\/wp-json\/wp\/v2\/product_cat?post=2159"},{"taxonomy":"product_tag","embeddable":true,"href":"https:\/\/cloudsupplyvapes.com\/fr\/wp-json\/wp\/v2\/product_tag?post=2159"}],"curies":[{"name":"wp","href":"https:\/\/api.w.org\/{rel}","templated":true}]}}