{"id":2326,"date":"2024-10-19T02:24:14","date_gmt":"2024-10-19T02:24:14","guid":{"rendered":"https:\/\/cloudsupplyvapes.com\/?post_type=product&#038;p=2326"},"modified":"2024-11-26T07:25:55","modified_gmt":"2024-11-26T07:25:55","slug":"-89","status":"publish","type":"product","link":"https:\/\/cloudsupplyvapes.com\/fr\/product\/aokit-cube-2-disposable-vape-wholesale-3200-puffs\/","title":{"rendered":"Aokit Cube 2 Vape jetable en gros 3200 bouff\u00e9es Design l\u00e9ger"},"content":{"rendered":"<p>Le kit jetable Aokit Cube 2 est dot\u00e9 d'un design \u00e9tanche et d'une batterie de 1800 mAh, qui peut durer environ 3200 bouff\u00e9es, l'e-liquide est de 12 ml avec un taux de nicotine de 5%. Il a l'apparence d'un stylo \u00e0 vape simple, sans boutons ni d\u00e9corations inutiles. Aliment\u00e9 par une batterie int\u00e9gr\u00e9e de 1800mA, adopte un m\u00e9canisme d'allumage activ\u00e9 par le tirage, 9 saveurs en option.<\/p>\n<p><img data-recalc-dims=\"1\" loading=\"lazy\" decoding=\"async\" class=\"alignnone size-large wp-image-599\" title=\"AOKIT CUBE 2 3200 BOUFF\u00c9ES JETABLES VAPE 5\" src=\"https:\/\/i0.wp.com\/www.vape4wholesale.com\/wp-content\/uploads\/2021\/07\/AOKIT-CUBE-2-3200-PUFFS-DISPOSABLE-VAPE-5-1024x460.jpg?resize=1020%2C458&#038;ssl=1\" alt=\"AOKIT CUBE 2 3200 BOUFF\u00c9ES JETABLES VAPE 5\" width=\"1020\" height=\"458\" \/><\/p>\n<h2 class=\"second-title\"><strong>Caract\u00e9ristiques<\/strong><\/h2>\n<ul>\n<li>Stylo \u00e0 vape jetable compact et portable<\/li>\n<li>Activation du tirage au sort automatique<\/li>\n<li>1800mAh Plus de puissance pour une utilisation plus longue<\/li>\n<li>12ml de jus pr\u00e9-rempli avec un taux de nicotine de 5%<\/li>\n<li>9 saveurs en option<\/li>\n<\/ul>\n<h2 class=\"title\">SPECIFICATION<\/h2>\n<div class=\"specification\">\n<div class=\"splist\"><em>Taille :<\/em>20mm*131mm<\/div>\n<div class=\"splist\"><em>Capacit\u00e9 de la batterie :<\/em>1800mAh<\/div>\n<div class=\"splist\"><em>Capacit\u00e9 d'e-juice :<\/em>12ml<\/div>\n<div class=\"splist\"><em>Puffs :<\/em>3200<\/div>\n<div class=\"splist\"><em>Nicotine :<\/em>5%<\/div>\n<\/div>\n<h2><strong>9 saveurs<\/strong><\/h2>\n<p>Boisson \u00e9nerg\u00e9tique<br \/>\nGlace aux myrtilles<br \/>\nPast\u00e8que \u00e0 la fraise<br \/>\nBarbe \u00e0 papa<br \/>\nGlace \u00e0 la p\u00eache<br \/>\nGlace luxuriante<br \/>\nBleu Razz<br \/>\nAnanas Coco<br \/>\nGlace \u00e0 la fraise<\/p>\n<h2><strong>INFO EMBALLAGE.. :<\/strong><\/h2>\n<p>300PCS\/carton, GW : 20.4KG<\/p>\n<h2><strong>MOQ POUR OEM :<\/strong><\/h2>\n<p>2000 PCS \/ Saveur<\/p>\n<p>&nbsp;<\/p>","protected":false},"excerpt":{"rendered":"<p>Aokit Cube 2 Disposable Vape Wholesale d\u00e9livre 3200 bouff\u00e9es avec un design l\u00e9ger et portable, offrant des sensations de gorge douces et un fonctionnement sans probl\u00e8me pour un vapotage agr\u00e9able.<\/p>","protected":false},"featured_media":2620,"comment_status":"closed","ping_status":"closed","template":"","meta":[],"product_brand":[],"product_cat":[22],"product_tag":[351,418,421],"class_list":{"0":"post-2326","1":"product","2":"type-product","3":"status-publish","4":"has-post-thumbnail","6":"product_cat-disposable-vape-sticks","7":"product_tag-3200-puffs","8":"product_tag-aokit","9":"product_tag-cube-2","11":"first","12":"instock","13":"shipping-taxable","14":"purchasable","15":"product-type-simple"},"jetpack_sharing_enabled":true,"tiered_pricing_type":"fixed","tiered_pricing_fixed_rules":{"5000":8,"10000":7,"50000":6},"tiered_pricing_product_settings":{"layout":"default","base_unit_name":{"singular":null,"plural":null},"default_variation":null},"tiered_pricing_minimum_quantity":60,"tiered_pricing_roles_data":[],"tiered_pricing_percentage_rules":[],"tiered_pricing_maximum_quantity":null,"tiered_pricing_quantity_step":null,"_links":{"self":[{"href":"https:\/\/cloudsupplyvapes.com\/fr\/wp-json\/wp\/v2\/product\/2326","targetHints":{"allow":["GET"]}}],"collection":[{"href":"https:\/\/cloudsupplyvapes.com\/fr\/wp-json\/wp\/v2\/product"}],"about":[{"href":"https:\/\/cloudsupplyvapes.com\/fr\/wp-json\/wp\/v2\/types\/product"}],"replies":[{"embeddable":true,"href":"https:\/\/cloudsupplyvapes.com\/fr\/wp-json\/wp\/v2\/comments?post=2326"}],"wp:featuredmedia":[{"embeddable":true,"href":"https:\/\/cloudsupplyvapes.com\/fr\/wp-json\/wp\/v2\/media\/2620"}],"wp:attachment":[{"href":"https:\/\/cloudsupplyvapes.com\/fr\/wp-json\/wp\/v2\/media?parent=2326"}],"wp:term":[{"taxonomy":"product_brand","embeddable":true,"href":"https:\/\/cloudsupplyvapes.com\/fr\/wp-json\/wp\/v2\/product_brand?post=2326"},{"taxonomy":"product_cat","embeddable":true,"href":"https:\/\/cloudsupplyvapes.com\/fr\/wp-json\/wp\/v2\/product_cat?post=2326"},{"taxonomy":"product_tag","embeddable":true,"href":"https:\/\/cloudsupplyvapes.com\/fr\/wp-json\/wp\/v2\/product_tag?post=2326"}],"curies":[{"name":"wp","href":"https:\/\/api.w.org\/{rel}","templated":true}]}}