{"id":2327,"date":"2024-10-19T02:24:14","date_gmt":"2024-10-19T02:24:14","guid":{"rendered":"https:\/\/cloudsupplyvapes.com\/?post_type=product&#038;p=2327"},"modified":"2024-11-26T07:26:41","modified_gmt":"2024-11-26T07:26:41","slug":"-90","status":"publish","type":"product","link":"https:\/\/cloudsupplyvapes.com\/fr\/product\/lavie-bar-mini-disposable-vape-800-puffs-wholesale\/","title":{"rendered":"Lavie Bar Mini Vape jetable 800 bouff\u00e9es Vente en gros Vape ultra portable et compacte"},"content":{"rendered":"<p>La Lavie Bar Mini est une cigarette \u00e9lectronique jetable de taille mini, \u00e9quip\u00e9e d'une batterie de 450 mAh qui offre 800 bouff\u00e9es. Elle contient 3,2 ml de e-liquide avec une concentration en nicotine de 5%.<\/p>\n<p><strong>SAVEURS :<\/strong><\/p>\n<p>Glace luxuriante, glace \u00e0 la mangue, myrtille, menthe fra\u00eeche, cocktail, baies m\u00e9lang\u00e9es, glace au cantaloup, melon coco, glace \u00e0 la p\u00eache, glace au litchi<\/p>\n<p><img data-recalc-dims=\"1\" loading=\"lazy\" decoding=\"async\" class=\"alignnone size-full wp-image-504\" title=\"Pack de 5 barres Lavie\" src=\"https:\/\/i0.wp.com\/www.vape4wholesale.com\/wp-content\/uploads\/2021\/06\/Lavie-Bar-Pack-5.jpg?resize=800%2C800&#038;ssl=1\" alt=\"Pack de 5 barres Lavie\" width=\"800\" height=\"800\" \/><\/p>","protected":false},"excerpt":{"rendered":"<p>Lavie Bar Mini Vape jetable 800 Puffs Wholesale pr\u00e9sente un design ultra-portable, un d\u00e9bit de vapeur constant et une construction l\u00e9g\u00e8re pour un vapotage pratique en d\u00e9placement.<\/p>\n<p>&nbsp;<\/p>","protected":false},"featured_media":2635,"comment_status":"closed","ping_status":"closed","template":"","meta":[],"product_brand":[],"product_cat":[22],"product_tag":[416,325,286,368],"class_list":{"0":"post-2327","1":"product","2":"type-product","3":"status-publish","4":"has-post-thumbnail","6":"product_cat-disposable-vape-sticks","7":"product_tag-2-9ml","8":"product_tag-800-puffs","9":"product_tag-lavie","10":"product_tag-lavie-bar","12":"first","13":"instock","14":"shipping-taxable","15":"purchasable","16":"product-type-simple"},"jetpack_sharing_enabled":true,"tiered_pricing_type":"fixed","tiered_pricing_fixed_rules":{"5000":6,"10000":5,"50000":4},"tiered_pricing_product_settings":{"layout":"default","base_unit_name":{"singular":null,"plural":null},"default_variation":null},"tiered_pricing_minimum_quantity":60,"tiered_pricing_roles_data":[],"tiered_pricing_percentage_rules":[],"tiered_pricing_maximum_quantity":null,"tiered_pricing_quantity_step":null,"_links":{"self":[{"href":"https:\/\/cloudsupplyvapes.com\/fr\/wp-json\/wp\/v2\/product\/2327","targetHints":{"allow":["GET"]}}],"collection":[{"href":"https:\/\/cloudsupplyvapes.com\/fr\/wp-json\/wp\/v2\/product"}],"about":[{"href":"https:\/\/cloudsupplyvapes.com\/fr\/wp-json\/wp\/v2\/types\/product"}],"replies":[{"embeddable":true,"href":"https:\/\/cloudsupplyvapes.com\/fr\/wp-json\/wp\/v2\/comments?post=2327"}],"wp:featuredmedia":[{"embeddable":true,"href":"https:\/\/cloudsupplyvapes.com\/fr\/wp-json\/wp\/v2\/media\/2635"}],"wp:attachment":[{"href":"https:\/\/cloudsupplyvapes.com\/fr\/wp-json\/wp\/v2\/media?parent=2327"}],"wp:term":[{"taxonomy":"product_brand","embeddable":true,"href":"https:\/\/cloudsupplyvapes.com\/fr\/wp-json\/wp\/v2\/product_brand?post=2327"},{"taxonomy":"product_cat","embeddable":true,"href":"https:\/\/cloudsupplyvapes.com\/fr\/wp-json\/wp\/v2\/product_cat?post=2327"},{"taxonomy":"product_tag","embeddable":true,"href":"https:\/\/cloudsupplyvapes.com\/fr\/wp-json\/wp\/v2\/product_tag?post=2327"}],"curies":[{"name":"wp","href":"https:\/\/api.w.org\/{rel}","templated":true}]}}