{"id":2633,"date":"2024-10-19T02:25:27","date_gmt":"2024-10-19T02:25:27","guid":{"rendered":"https:\/\/cloudsupplyvapes.com\/?post_type=product&#038;p=2633"},"modified":"2024-11-26T07:25:33","modified_gmt":"2024-11-26T07:25:33","slug":"-91","status":"publish","type":"product","link":"https:\/\/cloudsupplyvapes.com\/fr\/product\/elfworld-dc5000-ultra-5000-puffs-disposable-wholesale\/","title":{"rendered":"ELFWORLD DC5000 ULTRA 5000 bouff\u00e9es Vape jetable en gros Sleek Long-Lasting Build"},"content":{"rendered":"<p><strong>Saveurs :<\/strong><\/p>\n<p>1.Blue cotton candy<br \/>\n2. glace Blue razz<br \/>\n3.Dragon fruit banana berry<br \/>\n4.Grape honeydew<br \/>\n5.Kiwi dragon fruit berry<br \/>\n6.Kiwi passion fruit guava<br \/>\n7.Mint<br \/>\n8.Orange soda<br \/>\n9.Raspberry watermelon<br \/>\n10.Strawberry mango<br \/>\n11.Strawberry watermelon bubble gum<br \/>\n12.Strawberry watermelon peach<br \/>\n13.Tobacco<br \/>\n14.Tropical rainbow blast<br \/>\n15.Watermelon ice<\/p>\n<p>&nbsp;<\/p>\n<p><strong>Caract\u00e9ristiques :<\/strong><\/p>\n<p>\u26115% Sel de nicotine.<br \/>\n\u261112ML of E-liquid.<br \/>\n\u2611Bobine maill\u00e9e.<br \/>\n15 saveurs disponibles.<br \/>\nBatterie rechargeable.<br \/>\nCharge de type C<br \/>\n\u2611Integrated 650mAh Battery.<\/p>\n<p>&nbsp;<\/p>\n<p><strong>Sp\u00e9cifications :<\/strong><\/p>\n<p>10 pi\u00e8ces dans une bo\u00eete de pr\u00e9sentation.<br \/>\n\u2611300pcs dans un carton.<br \/>\nTaille du carton : 505*250*300 MM<br \/>\n\u2611Carton Weight: 19KG<\/p>","protected":false},"excerpt":{"rendered":"<p>ELFWORLD DC5000 ULTRA 5000 Puffs Disposable Vape Wholesale combines a sleek design, long-lasting battery, and smooth vapor output for extended and premium vaping sessions.<\/p>","protected":false},"featured_media":2944,"comment_status":"open","ping_status":"closed","template":"","meta":[],"product_brand":[],"product_cat":[22,480],"product_tag":[467],"class_list":{"0":"post-2633","1":"product","2":"type-product","3":"status-publish","4":"has-post-thumbnail","6":"product_cat-disposable-vape-sticks","7":"product_cat-elfworld","8":"product_tag-elfworld","10":"first","11":"instock","12":"shipping-taxable","13":"purchasable","14":"product-type-simple"},"jetpack_sharing_enabled":true,"tiered_pricing_type":"fixed","tiered_pricing_fixed_rules":{"2000":6.29999999999999982236431605997495353221893310546875,"10000":5.9000000000000003552713678800500929355621337890625,"30000":5.5999999999999996447286321199499070644378662109375},"tiered_pricing_product_settings":{"layout":"default","base_unit_name":{"singular":null,"plural":null},"default_variation":null},"tiered_pricing_minimum_quantity":10,"tiered_pricing_roles_data":[],"tiered_pricing_percentage_rules":[],"tiered_pricing_maximum_quantity":null,"tiered_pricing_quantity_step":null,"_links":{"self":[{"href":"https:\/\/cloudsupplyvapes.com\/fr\/wp-json\/wp\/v2\/product\/2633","targetHints":{"allow":["GET"]}}],"collection":[{"href":"https:\/\/cloudsupplyvapes.com\/fr\/wp-json\/wp\/v2\/product"}],"about":[{"href":"https:\/\/cloudsupplyvapes.com\/fr\/wp-json\/wp\/v2\/types\/product"}],"replies":[{"embeddable":true,"href":"https:\/\/cloudsupplyvapes.com\/fr\/wp-json\/wp\/v2\/comments?post=2633"}],"wp:featuredmedia":[{"embeddable":true,"href":"https:\/\/cloudsupplyvapes.com\/fr\/wp-json\/wp\/v2\/media\/2944"}],"wp:attachment":[{"href":"https:\/\/cloudsupplyvapes.com\/fr\/wp-json\/wp\/v2\/media?parent=2633"}],"wp:term":[{"taxonomy":"product_brand","embeddable":true,"href":"https:\/\/cloudsupplyvapes.com\/fr\/wp-json\/wp\/v2\/product_brand?post=2633"},{"taxonomy":"product_cat","embeddable":true,"href":"https:\/\/cloudsupplyvapes.com\/fr\/wp-json\/wp\/v2\/product_cat?post=2633"},{"taxonomy":"product_tag","embeddable":true,"href":"https:\/\/cloudsupplyvapes.com\/fr\/wp-json\/wp\/v2\/product_tag?post=2633"}],"curies":[{"name":"wp","href":"https:\/\/api.w.org\/{rel}","templated":true}]}}