{"id":2634,"date":"2024-10-19T02:25:27","date_gmt":"2024-10-19T02:25:27","guid":{"rendered":"https:\/\/cloudsupplyvapes.com\/?post_type=product&#038;p=2634"},"modified":"2024-11-26T07:25:44","modified_gmt":"2024-11-26T07:25:44","slug":"-92","status":"publish","type":"product","link":"https:\/\/cloudsupplyvapes.com\/fr\/product\/elfworld-caky-7000-puffs-disposable-wholesale\/","title":{"rendered":"ELFWORLD Caky 7000 Puffs Vape jetable Wholesale Compact Durable Vape Design"},"content":{"rendered":"<p><strong>Saveurs :<\/strong><\/p>\n<p>1.Blue cotton candy<br \/>\n2.Strawberry ice<br \/>\n3.Blue razz ice<br \/>\n4.Strawberry mango<br \/>\n5.Kiwi passion fruit guava<br \/>\n6.Blueberry ice<br \/>\n7.Strawberry pina colada<br \/>\n8.Juicy peach<br \/>\n9.Grape<br \/>\n10.Watermelon<br \/>\n11.Strawberry sundae<br \/>\n12.Cranberry soda<br \/>\n13.Pineapple mango<\/p>\n<p>&nbsp;<\/p>\n<p><strong>Caract\u00e9ristiques :<\/strong><\/p>\n<p>\u26115% Sel de nicotine.<br \/>\n\u261113ML of E-liquid.<br \/>\n\u2611Bobine maill\u00e9e.<br \/>\n\u261113Flavors Available.<br \/>\n\u2611Integrated 750mAh Battery.<\/p>\n<p>&nbsp;<\/p>\n<p><strong>Sp\u00e9cifications :<\/strong><\/p>\n<p>10 pi\u00e8ces dans une bo\u00eete de pr\u00e9sentation.<br \/>\n200 pi\u00e8ces par carton.<br \/>\n\u2611Carton Size:535*235*315mm<br \/>\n\u2611Carton Weight: 16KG<\/p>","protected":false},"excerpt":{"rendered":"<p>ELFWORLD Caky 7000 Puffs Disposable Vape Wholesale offers a compact and durable design, ensuring smooth vapor delivery and consistent performance for satisfying vaping experiences.<\/p>","protected":false},"featured_media":2946,"comment_status":"open","ping_status":"closed","template":"","meta":[],"product_brand":[],"product_cat":[22,480],"product_tag":[467],"class_list":{"0":"post-2634","1":"product","2":"type-product","3":"status-publish","4":"has-post-thumbnail","6":"product_cat-disposable-vape-sticks","7":"product_cat-elfworld","8":"product_tag-elfworld","10":"first","11":"instock","12":"shipping-taxable","13":"purchasable","14":"product-type-simple"},"jetpack_sharing_enabled":true,"tiered_pricing_type":"fixed","tiered_pricing_fixed_rules":{"2000":6.29999999999999982236431605997495353221893310546875,"10000":5.9000000000000003552713678800500929355621337890625,"30000":5.4000000000000003552713678800500929355621337890625},"tiered_pricing_product_settings":{"layout":"default","base_unit_name":{"singular":null,"plural":null},"default_variation":null},"tiered_pricing_minimum_quantity":60,"tiered_pricing_roles_data":[],"tiered_pricing_percentage_rules":[],"tiered_pricing_maximum_quantity":null,"tiered_pricing_quantity_step":null,"_links":{"self":[{"href":"https:\/\/cloudsupplyvapes.com\/fr\/wp-json\/wp\/v2\/product\/2634","targetHints":{"allow":["GET"]}}],"collection":[{"href":"https:\/\/cloudsupplyvapes.com\/fr\/wp-json\/wp\/v2\/product"}],"about":[{"href":"https:\/\/cloudsupplyvapes.com\/fr\/wp-json\/wp\/v2\/types\/product"}],"replies":[{"embeddable":true,"href":"https:\/\/cloudsupplyvapes.com\/fr\/wp-json\/wp\/v2\/comments?post=2634"}],"wp:featuredmedia":[{"embeddable":true,"href":"https:\/\/cloudsupplyvapes.com\/fr\/wp-json\/wp\/v2\/media\/2946"}],"wp:attachment":[{"href":"https:\/\/cloudsupplyvapes.com\/fr\/wp-json\/wp\/v2\/media?parent=2634"}],"wp:term":[{"taxonomy":"product_brand","embeddable":true,"href":"https:\/\/cloudsupplyvapes.com\/fr\/wp-json\/wp\/v2\/product_brand?post=2634"},{"taxonomy":"product_cat","embeddable":true,"href":"https:\/\/cloudsupplyvapes.com\/fr\/wp-json\/wp\/v2\/product_cat?post=2634"},{"taxonomy":"product_tag","embeddable":true,"href":"https:\/\/cloudsupplyvapes.com\/fr\/wp-json\/wp\/v2\/product_tag?post=2634"}],"curies":[{"name":"wp","href":"https:\/\/api.w.org\/{rel}","templated":true}]}}