{"id":2687,"date":"2024-10-19T02:25:49","date_gmt":"2024-10-19T02:25:49","guid":{"rendered":"https:\/\/cloudsupplyvapes.com\/?post_type=product&#038;p=2687"},"modified":"2024-11-26T07:22:47","modified_gmt":"2024-11-26T07:22:47","slug":"-93","status":"publish","type":"product","link":"https:\/\/cloudsupplyvapes.com\/fr\/product\/elfworld-de-6000-puffs-disposable-wholesale\/","title":{"rendered":"ELFWORLD DE 6000 Puffs Vape jetable Wholesale Compact Durable Design"},"content":{"rendered":"<p><strong>Saveurs :<\/strong><\/p>\n<p>1.pomme p\u00eache<br \/>\n2.glace bleue<br \/>\n3. limonade blue razz<br \/>\n4. glace aux myrtilles<br \/>\n5.barbe \u00e0 papa<br \/>\n6.\u00e9nergie<br \/>\n7. raisin<br \/>\n8.p\u00eache juteuse<br \/>\n9.kiwi fruit de la passion goyave 10.ananas mangue orange 11.fraise banane<br \/>\n12.glace \u00e0 la fraise<br \/>\n13.glace \u00e0 la fraise<br \/>\n14.glace \u00e0 la vanille<br \/>\n15.glace \u00e0 la past\u00e8que<\/p>\n<p>&nbsp;<\/p>\n<p><strong>Caract\u00e9ristiques :<\/strong><\/p>\n<p>\u26110\/2\/3\/5%Nicotine Salt.<br \/>\n13.5ML de E-liquide.<br \/>\n\u2611Bobine maill\u00e9e.<br \/>\n15 saveurs disponibles.<br \/>\nBatterie rechargeable.<br \/>\nCharge de type C<br \/>\n\u2611Batterie int\u00e9gr\u00e9e de 550 mAh.<\/p>\n<p>&nbsp;<\/p>\n<p><strong>Sp\u00e9cifications :<\/strong><\/p>\n<p>10 pi\u00e8ces dans une bo\u00eete de pr\u00e9sentation.<br \/>\n\u2611300pcs dans un carton.<br \/>\nTaille du carton : 505*250*300 MM<br \/>\nPoids du carton : 19.5KG<\/p>","protected":false},"excerpt":{"rendered":"<p>ELFWORLD DE 6000 Puffs Disposable Vape Wholesale se caract\u00e9rise par un design compact et durable, offrant une performance de vapeur fluide et un fonctionnement sans probl\u00e8me pour le vapotage portable.<\/p>","protected":false},"featured_media":2948,"comment_status":"open","ping_status":"closed","template":"","meta":[],"product_brand":[],"product_cat":[22,480],"product_tag":[467],"class_list":{"0":"post-2687","1":"product","2":"type-product","3":"status-publish","4":"has-post-thumbnail","6":"product_cat-disposable-vape-sticks","7":"product_cat-elfworld","8":"product_tag-elfworld","10":"first","11":"instock","12":"shipping-taxable","13":"purchasable","14":"product-type-simple"},"jetpack_sharing_enabled":true,"tiered_pricing_type":"fixed","tiered_pricing_fixed_rules":{"2000":7.0999999999999996447286321199499070644378662109375,"10000":6.5999999999999996447286321199499070644378662109375,"30000":6.0999999999999996447286321199499070644378662109375},"tiered_pricing_product_settings":{"layout":"default","base_unit_name":{"singular":null,"plural":null},"default_variation":null},"tiered_pricing_minimum_quantity":10,"tiered_pricing_roles_data":[],"tiered_pricing_percentage_rules":[],"tiered_pricing_maximum_quantity":null,"tiered_pricing_quantity_step":null,"_links":{"self":[{"href":"https:\/\/cloudsupplyvapes.com\/fr\/wp-json\/wp\/v2\/product\/2687","targetHints":{"allow":["GET"]}}],"collection":[{"href":"https:\/\/cloudsupplyvapes.com\/fr\/wp-json\/wp\/v2\/product"}],"about":[{"href":"https:\/\/cloudsupplyvapes.com\/fr\/wp-json\/wp\/v2\/types\/product"}],"replies":[{"embeddable":true,"href":"https:\/\/cloudsupplyvapes.com\/fr\/wp-json\/wp\/v2\/comments?post=2687"}],"wp:featuredmedia":[{"embeddable":true,"href":"https:\/\/cloudsupplyvapes.com\/fr\/wp-json\/wp\/v2\/media\/2948"}],"wp:attachment":[{"href":"https:\/\/cloudsupplyvapes.com\/fr\/wp-json\/wp\/v2\/media?parent=2687"}],"wp:term":[{"taxonomy":"product_brand","embeddable":true,"href":"https:\/\/cloudsupplyvapes.com\/fr\/wp-json\/wp\/v2\/product_brand?post=2687"},{"taxonomy":"product_cat","embeddable":true,"href":"https:\/\/cloudsupplyvapes.com\/fr\/wp-json\/wp\/v2\/product_cat?post=2687"},{"taxonomy":"product_tag","embeddable":true,"href":"https:\/\/cloudsupplyvapes.com\/fr\/wp-json\/wp\/v2\/product_tag?post=2687"}],"curies":[{"name":"wp","href":"https:\/\/api.w.org\/{rel}","templated":true}]}}