{"id":2690,"date":"2024-10-19T02:25:49","date_gmt":"2024-10-19T02:25:49","guid":{"rendered":"https:\/\/cloudsupplyvapes.com\/?post_type=product&#038;p=2690"},"modified":"2024-11-26T07:25:22","modified_gmt":"2024-11-26T07:25:22","slug":"-95","status":"publish","type":"product","link":"https:\/\/cloudsupplyvapes.com\/fr\/product\/iget-pro-5000-puffs-disposable-wholesale\/","title":{"rendered":"Iget Pro 5000 Puffs Disposable Vape Wholesale Lightweight High Capacity Design"},"content":{"rendered":"<p>Sp\u00e9cifications :<\/p>\n<ul>\n<li>Taille : 112,5 mm x 22,2 mm x 11,5 mm<\/li>\n<li>Capacit\u00e9 de la batterie : 450mAh<\/li>\n<li>Capacit\u00e9 E-liquide : 2.4ml<\/li>\n<li>Bouff\u00e9es par appareil : Environ 600<\/li>\n<li>Teneur en nicotine : 5%<\/li>\n<li>R\u00e9sistance : 1,2ohm<\/li>\n<li>Mod\u00e8le jetable : Oui<\/li>\n<\/ul>\n<p>Saveurs :<\/p>\n<ol>\n<li>Glace \u00e0 la mangue<\/li>\n<li>Glace aux myrtilles<\/li>\n<li>Glace de raisin<\/li>\n<li>Glace au litchi<\/li>\n<li>Soda \u00e0 l'orange<\/li>\n<li>Glace luxuriante<\/li>\n<li>Glace \u00e0 la fraise<\/li>\n<li>Limonade rose<\/li>\n<li>Banane glac\u00e9e<\/li>\n<li>Cola Ice<\/li>\n<li>Glace \u00e0 l'ananas<\/li>\n<li>Red Bull Ice<\/li>\n<li>Glace aux baies mixtes<\/li>\n<li>Glace \u00e0 la past\u00e8que<\/li>\n<li>Glace \u00e0 la p\u00eache<\/li>\n<\/ol>\n<p><a href=\"https:\/\/i0.wp.com\/shop.vape.hk\/wp-content\/uploads\/2023\/03\/Wholesale-Disposable-Vape-Iget-PRO-5000-Puffs-Hot-India.jpg?ssl=1\" target=\"_blank\" rel=\"noopener\"><img data-recalc-dims=\"1\" loading=\"lazy\" decoding=\"async\" class=\"alignnone size-full wp-image-119086\" src=\"https:\/\/i0.wp.com\/shop.vape.hk\/wp-content\/uploads\/2023\/03\/Wholesale-Disposable-Vape-Iget-PRO-5000-Puffs-Hot-India.jpg?resize=550%2C550&#038;ssl=1\" alt=\"Iget Pro 5000 bouff\u00e9es jetables | Wholesale\" width=\"550\" height=\"550\" title=\"\"><\/a><\/p>","protected":false},"excerpt":{"rendered":"<p>Iget Pro 5000 Puffs Disposable Vape Wholesale se caract\u00e9rise par une construction l\u00e9g\u00e8re, une grande capacit\u00e9 et des performances constantes pour un vapotage fiable et de longue dur\u00e9e.<\/p>","protected":false},"featured_media":2952,"comment_status":"open","ping_status":"closed","template":"","meta":[],"product_brand":[],"product_cat":[22],"product_tag":[64],"class_list":{"0":"post-2690","1":"product","2":"type-product","3":"status-publish","4":"has-post-thumbnail","6":"product_cat-disposable-vape-sticks","7":"product_tag-iget","9":"first","10":"instock","11":"shipping-taxable","12":"purchasable","13":"product-type-simple"},"jetpack_sharing_enabled":true,"tiered_pricing_type":"fixed","tiered_pricing_fixed_rules":{"50":17,"100":16,"1000":15,"5000":14},"tiered_pricing_product_settings":{"layout":"default","base_unit_name":{"singular":null,"plural":null},"default_variation":null},"tiered_pricing_minimum_quantity":10,"tiered_pricing_roles_data":[],"tiered_pricing_percentage_rules":[],"tiered_pricing_maximum_quantity":null,"tiered_pricing_quantity_step":null,"_links":{"self":[{"href":"https:\/\/cloudsupplyvapes.com\/fr\/wp-json\/wp\/v2\/product\/2690","targetHints":{"allow":["GET"]}}],"collection":[{"href":"https:\/\/cloudsupplyvapes.com\/fr\/wp-json\/wp\/v2\/product"}],"about":[{"href":"https:\/\/cloudsupplyvapes.com\/fr\/wp-json\/wp\/v2\/types\/product"}],"replies":[{"embeddable":true,"href":"https:\/\/cloudsupplyvapes.com\/fr\/wp-json\/wp\/v2\/comments?post=2690"}],"wp:featuredmedia":[{"embeddable":true,"href":"https:\/\/cloudsupplyvapes.com\/fr\/wp-json\/wp\/v2\/media\/2952"}],"wp:attachment":[{"href":"https:\/\/cloudsupplyvapes.com\/fr\/wp-json\/wp\/v2\/media?parent=2690"}],"wp:term":[{"taxonomy":"product_brand","embeddable":true,"href":"https:\/\/cloudsupplyvapes.com\/fr\/wp-json\/wp\/v2\/product_brand?post=2690"},{"taxonomy":"product_cat","embeddable":true,"href":"https:\/\/cloudsupplyvapes.com\/fr\/wp-json\/wp\/v2\/product_cat?post=2690"},{"taxonomy":"product_tag","embeddable":true,"href":"https:\/\/cloudsupplyvapes.com\/fr\/wp-json\/wp\/v2\/product_tag?post=2690"}],"curies":[{"name":"wp","href":"https:\/\/api.w.org\/{rel}","templated":true}]}}