{"id":2934,"date":"2024-10-19T02:27:57","date_gmt":"2024-10-19T02:27:57","guid":{"rendered":"https:\/\/cloudsupplyvapes.com\/?post_type=product&#038;p=2934"},"modified":"2024-11-26T07:21:27","modified_gmt":"2024-11-26T07:21:27","slug":"-100","status":"publish","type":"product","link":"https:\/\/cloudsupplyvapes.com\/fr\/product\/ijoy-lio-boom-pro-8000-puffs-disposable-vape-wholesale\/","title":{"rendered":"IJOY LIO BOOM PRO 8000 Puffs Vape jetable en gros Airflow r\u00e9glable Haute capacit\u00e9"},"content":{"rendered":"<p><strong>CARACT\u00c9RISTIQUES TECHNIQUES<\/strong>:<br \/>\n- Capacit\u00e9 de la batterie\uff1a650mAh<br \/>\n- Type de chargement\uff1aType-C<br \/>\n- Mati\u00e8re\uff1aPC\uff0cPCTG<br \/>\n- R\u00e9sistance\uff1aMesh Coil<br \/>\n- Capacit\u00e9 de E-liquide pr\u00e9-rempli\uff1a15ml\uff088000puffs\uff09<br \/>\n- Nicotine\uff1a5%<\/p>\n<p><strong>Saveur :<\/strong><\/p>\n<p>COLA ICE<br \/>\nLYCHEE ICE<br \/>\nGLACE \u00c0 LA MANGUE<br \/>\nGUAVA ICE<br \/>\nGLACE AU RAISIN<br \/>\nGLACE \u00c0 LA FRAISE ET AU KIWI<br \/>\nGLACE AU MELON D'EAU<br \/>\nGLACE \u00c0 LA FRAMBOISE<br \/>\nGLACE \u00c0 LA P\u00caCHE<br \/>\nGLACE \u00c0 LA MYRTILLE<br \/>\nANNONA ICE<br \/>\nGLACE AU MELON<br \/>\nGLACE \u00c0 LA CERISE<br \/>\nMANGOSTEEN ICE<\/p>\n<p>&nbsp;<\/p>\n<p><a href=\"https:\/\/i0.wp.com\/shop.vape.hk\/wp-content\/uploads\/2023\/09\/202306191643165326.jpg?ssl=1\" target=\"_blank\" rel=\"noopener\"><img data-recalc-dims=\"1\" loading=\"lazy\" decoding=\"async\" class=\"alignnone size-full wp-image-120667\" src=\"https:\/\/i0.wp.com\/shop.vape.hk\/wp-content\/uploads\/2023\/09\/202306191643165326.jpg?resize=1020%2C575&#038;ssl=1\" alt=\"\" width=\"1020\" height=\"575\" title=\"\"><\/a><\/p>","protected":false},"excerpt":{"rendered":"<p>IJOY LIO BOOM PRO 8000 Puffs Vape jetable en gros offre un flux d'air r\u00e9glable, une grande capacit\u00e9 et une performance de vapeur douce pour une exp\u00e9rience de vapotage personnalisable et de qualit\u00e9 sup\u00e9rieure.<\/p>","protected":false},"featured_media":3103,"comment_status":"open","ping_status":"closed","template":"","meta":[],"product_brand":[],"product_cat":[22],"product_tag":[],"class_list":{"0":"post-2934","1":"product","2":"type-product","3":"status-publish","4":"has-post-thumbnail","6":"product_cat-disposable-vape-sticks","8":"first","9":"instock","10":"shipping-taxable","11":"purchasable","12":"product-type-simple"},"jetpack_sharing_enabled":true,"tiered_pricing_type":"fixed","tiered_pricing_fixed_rules":{"1000":18,"10000":16,"50000":14},"tiered_pricing_product_settings":{"layout":"default","base_unit_name":{"singular":null,"plural":null},"default_variation":null},"tiered_pricing_minimum_quantity":100,"tiered_pricing_roles_data":[],"tiered_pricing_percentage_rules":[],"tiered_pricing_maximum_quantity":null,"tiered_pricing_quantity_step":null,"_links":{"self":[{"href":"https:\/\/cloudsupplyvapes.com\/fr\/wp-json\/wp\/v2\/product\/2934","targetHints":{"allow":["GET"]}}],"collection":[{"href":"https:\/\/cloudsupplyvapes.com\/fr\/wp-json\/wp\/v2\/product"}],"about":[{"href":"https:\/\/cloudsupplyvapes.com\/fr\/wp-json\/wp\/v2\/types\/product"}],"replies":[{"embeddable":true,"href":"https:\/\/cloudsupplyvapes.com\/fr\/wp-json\/wp\/v2\/comments?post=2934"}],"wp:featuredmedia":[{"embeddable":true,"href":"https:\/\/cloudsupplyvapes.com\/fr\/wp-json\/wp\/v2\/media\/3103"}],"wp:attachment":[{"href":"https:\/\/cloudsupplyvapes.com\/fr\/wp-json\/wp\/v2\/media?parent=2934"}],"wp:term":[{"taxonomy":"product_brand","embeddable":true,"href":"https:\/\/cloudsupplyvapes.com\/fr\/wp-json\/wp\/v2\/product_brand?post=2934"},{"taxonomy":"product_cat","embeddable":true,"href":"https:\/\/cloudsupplyvapes.com\/fr\/wp-json\/wp\/v2\/product_cat?post=2934"},{"taxonomy":"product_tag","embeddable":true,"href":"https:\/\/cloudsupplyvapes.com\/fr\/wp-json\/wp\/v2\/product_tag?post=2934"}],"curies":[{"name":"wp","href":"https:\/\/api.w.org\/{rel}","templated":true}]}}