{"id":2936,"date":"2024-10-19T02:27:57","date_gmt":"2024-10-19T02:27:57","guid":{"rendered":"https:\/\/cloudsupplyvapes.com\/?post_type=product&#038;p=2936"},"modified":"2024-11-26T07:21:53","modified_gmt":"2024-11-26T07:21:53","slug":"-102","status":"publish","type":"product","link":"https:\/\/cloudsupplyvapes.com\/fr\/product\/lio-nano-x2-8000-puffs-disposable-vape-wholesale\/","title":{"rendered":"LIO NANO X2 8000 bouff\u00e9es Vape jetable en gros L\u00e9ger Compact Durable Design"},"content":{"rendered":"<p><strong>SP\u00c9CIFICATIONS :<\/strong><br \/>\n- Taille\uff1a13mm * 23.5mm * 111.6mm<br \/>\n- Capacit\u00e9 de la batterie\uff1a500mAh<br \/>\n- Mode de sortie\uff1a9W (3.5V)<br \/>\n- Type de chargement\uff1aN\/A<br \/>\n- Mati\u00e8re\uff1aPC\uff0cPCTG<br \/>\n- R\u00e9sistance\uff1a1.4\u03a9<br \/>\n- Capacit\u00e9 de E-liquide pr\u00e9-rempli\uff1a2ml\uff08800puffs+\uff09<br \/>\n- Nicotine\uff1a0mg\/16mg\/19mg<\/p>\n<p><strong>Saveur :<\/strong><\/p>\n<p>SODA P\u00caCHE<br \/>\nLYCHEE MANGO<br \/>\nBONBONS ARC-EN-CIEL<br \/>\nPOMME VERTE KIWI<br \/>\nCASSIS RAISIN<br \/>\nMOJITO AUX BAIES SAUVAGES<br \/>\nTABAC X<br \/>\nBLUE RAZZ<br \/>\nGLACE AU RAISIN<br \/>\nLUSH ICE<\/p>\n<p><a href=\"https:\/\/i0.wp.com\/shop.vape.hk\/wp-content\/uploads\/2023\/09\/202302101111095802.jpg?ssl=1\" target=\"_blank\" rel=\"noopener\"><img data-recalc-dims=\"1\" loading=\"lazy\" decoding=\"async\" class=\"alignnone size-full wp-image-120711\" src=\"https:\/\/i0.wp.com\/shop.vape.hk\/wp-content\/uploads\/2023\/09\/202302101111095802.jpg?resize=1020%2C575&#038;ssl=1\" alt=\"LIO NANO X2 8000 bouff\u00e9es Vape jetable - Vente en gros\" width=\"1020\" height=\"575\" title=\"\"><\/a><\/p>","protected":false},"excerpt":{"rendered":"<p>LIO NANO X2 8000 Puffs Vape jetable en gros offre un design l\u00e9ger et compact, d\u00e9livrant une vapeur douce et des performances fiables pour des sessions de vapotage de longue dur\u00e9e.<\/p>","protected":false},"featured_media":3141,"comment_status":"open","ping_status":"closed","template":"","meta":[],"product_brand":[],"product_cat":[22],"product_tag":[],"class_list":{"0":"post-2936","1":"product","2":"type-product","3":"status-publish","4":"has-post-thumbnail","6":"product_cat-disposable-vape-sticks","8":"first","9":"instock","10":"shipping-taxable","11":"purchasable","12":"product-type-simple"},"jetpack_sharing_enabled":true,"tiered_pricing_type":"fixed","tiered_pricing_fixed_rules":{"1000":17,"10000":15,"50000":13},"tiered_pricing_product_settings":{"layout":"default","base_unit_name":{"singular":null,"plural":null},"default_variation":null},"tiered_pricing_minimum_quantity":100,"tiered_pricing_roles_data":[],"tiered_pricing_percentage_rules":[],"tiered_pricing_maximum_quantity":null,"tiered_pricing_quantity_step":null,"_links":{"self":[{"href":"https:\/\/cloudsupplyvapes.com\/fr\/wp-json\/wp\/v2\/product\/2936","targetHints":{"allow":["GET"]}}],"collection":[{"href":"https:\/\/cloudsupplyvapes.com\/fr\/wp-json\/wp\/v2\/product"}],"about":[{"href":"https:\/\/cloudsupplyvapes.com\/fr\/wp-json\/wp\/v2\/types\/product"}],"replies":[{"embeddable":true,"href":"https:\/\/cloudsupplyvapes.com\/fr\/wp-json\/wp\/v2\/comments?post=2936"}],"wp:featuredmedia":[{"embeddable":true,"href":"https:\/\/cloudsupplyvapes.com\/fr\/wp-json\/wp\/v2\/media\/3141"}],"wp:attachment":[{"href":"https:\/\/cloudsupplyvapes.com\/fr\/wp-json\/wp\/v2\/media?parent=2936"}],"wp:term":[{"taxonomy":"product_brand","embeddable":true,"href":"https:\/\/cloudsupplyvapes.com\/fr\/wp-json\/wp\/v2\/product_brand?post=2936"},{"taxonomy":"product_cat","embeddable":true,"href":"https:\/\/cloudsupplyvapes.com\/fr\/wp-json\/wp\/v2\/product_cat?post=2936"},{"taxonomy":"product_tag","embeddable":true,"href":"https:\/\/cloudsupplyvapes.com\/fr\/wp-json\/wp\/v2\/product_tag?post=2936"}],"curies":[{"name":"wp","href":"https:\/\/api.w.org\/{rel}","templated":true}]}}