{"id":2937,"date":"2024-10-19T02:27:57","date_gmt":"2024-10-19T02:27:57","guid":{"rendered":"https:\/\/cloudsupplyvapes.com\/?post_type=product&#038;p=2937"},"modified":"2024-11-26T07:22:04","modified_gmt":"2024-11-26T07:22:04","slug":"-103","status":"publish","type":"product","link":"https:\/\/cloudsupplyvapes.com\/fr\/product\/ijoy-lio-capo-4500-puffs-disposable-vape-wholesale\/","title":{"rendered":"IJOY LIO CAPO 4500 Puffs Disposable Vape Wholesale Hassle-Free Smooth Vapor"},"content":{"rendered":"<p><strong>SP\u00c9CIFICATIONS :<\/strong><\/p>\n<p>- Taille\uff1a80.2 * 43.5 * 16.6mmmm<br \/>\n\u2022 Capacit\u00e9 de la batterie : 600 mAh<br \/>\n- Mode de sortie\uff1a10W (3.5V)<br \/>\n- Type de chargement\uff1aType-C<br \/>\n- Mati\u00e8re\uff1aPC &amp; PCTG<br \/>\n- R\u00e9sistance\uff1a1.2\u03a9 MESH Coil<br \/>\n- Capacit\u00e9 de E-liquide pr\u00e9-rempli\uff1a12ml\uff084500puffs\uff09<br \/>\n- Nicotine\uff1a50mg \/ 30mg<\/p>\n<p><strong>Saveur :<\/strong><br \/>\nGrape ice<br \/>\nMilkshake \u00e0 la fraise<br \/>\nBleu Razz<br \/>\nSoda \u00e0 la p\u00eache<br \/>\nBombe pop<br \/>\nBaies m\u00e9lang\u00e9es<br \/>\nM\u00fbre de Pitaya<br \/>\nMangue Fruit de la passion<br \/>\nPina Colada<br \/>\nGlace \u00e0 l'eau<br \/>\nMenthe framboise<br \/>\nVert et orange<br \/>\nGlace \u00e0 la fraise<br \/>\nBoisson \u00e9nerg\u00e9tique<br \/>\nOurs en gomme<br \/>\nBonbons arc-en-ciel<br \/>\nRed Apple<br \/>\nDaquiri \u00e0 la fraise<\/p>\n<p><a href=\"https:\/\/i0.wp.com\/shop.vape.hk\/wp-content\/uploads\/2023\/09\/202208011057451836-1.jpg?ssl=1\" target=\"_blank\" rel=\"noopener\"><img data-recalc-dims=\"1\" loading=\"lazy\" decoding=\"async\" class=\"alignnone size-full wp-image-120726\" src=\"https:\/\/i0.wp.com\/shop.vape.hk\/wp-content\/uploads\/2023\/09\/202208011057451836-1.jpg?resize=1020%2C575&#038;ssl=1\" alt=\"LIO CAPO 4500 Puffs Jetable Vape | Wholesale\" width=\"1020\" height=\"575\" title=\"\"><\/a><\/p>","protected":false},"excerpt":{"rendered":"<p>IJOY LIO CAPO 4500 Puffs Disposable Vape Wholesale combine un fonctionnement sans souci, une production de vapeur r\u00e9guli\u00e8re et un design portable pour une exp\u00e9rience de vapotage pratique et agr\u00e9able.<\/p>","protected":false},"featured_media":3146,"comment_status":"open","ping_status":"closed","template":"","meta":[],"product_brand":[],"product_cat":[22],"product_tag":[],"class_list":{"0":"post-2937","1":"product","2":"type-product","3":"status-publish","4":"has-post-thumbnail","6":"product_cat-disposable-vape-sticks","8":"first","9":"instock","10":"shipping-taxable","11":"purchasable","12":"product-type-simple"},"jetpack_sharing_enabled":true,"tiered_pricing_type":"fixed","tiered_pricing_fixed_rules":{"1000":11,"10000":10,"50000":9},"tiered_pricing_product_settings":{"layout":"default","base_unit_name":{"singular":null,"plural":null},"default_variation":null},"tiered_pricing_minimum_quantity":100,"tiered_pricing_roles_data":[],"tiered_pricing_percentage_rules":[],"tiered_pricing_maximum_quantity":null,"tiered_pricing_quantity_step":null,"_links":{"self":[{"href":"https:\/\/cloudsupplyvapes.com\/fr\/wp-json\/wp\/v2\/product\/2937","targetHints":{"allow":["GET"]}}],"collection":[{"href":"https:\/\/cloudsupplyvapes.com\/fr\/wp-json\/wp\/v2\/product"}],"about":[{"href":"https:\/\/cloudsupplyvapes.com\/fr\/wp-json\/wp\/v2\/types\/product"}],"replies":[{"embeddable":true,"href":"https:\/\/cloudsupplyvapes.com\/fr\/wp-json\/wp\/v2\/comments?post=2937"}],"wp:featuredmedia":[{"embeddable":true,"href":"https:\/\/cloudsupplyvapes.com\/fr\/wp-json\/wp\/v2\/media\/3146"}],"wp:attachment":[{"href":"https:\/\/cloudsupplyvapes.com\/fr\/wp-json\/wp\/v2\/media?parent=2937"}],"wp:term":[{"taxonomy":"product_brand","embeddable":true,"href":"https:\/\/cloudsupplyvapes.com\/fr\/wp-json\/wp\/v2\/product_brand?post=2937"},{"taxonomy":"product_cat","embeddable":true,"href":"https:\/\/cloudsupplyvapes.com\/fr\/wp-json\/wp\/v2\/product_cat?post=2937"},{"taxonomy":"product_tag","embeddable":true,"href":"https:\/\/cloudsupplyvapes.com\/fr\/wp-json\/wp\/v2\/product_tag?post=2937"}],"curies":[{"name":"wp","href":"https:\/\/api.w.org\/{rel}","templated":true}]}}