{"id":2939,"date":"2024-10-19T02:27:58","date_gmt":"2024-10-19T02:27:58","guid":{"rendered":"https:\/\/cloudsupplyvapes.com\/?post_type=product&#038;p=2939"},"modified":"2024-11-26T07:20:37","modified_gmt":"2024-11-26T07:20:37","slug":"-104","status":"publish","type":"product","link":"https:\/\/cloudsupplyvapes.com\/fr\/product\/ijoy-lio-boxx-4000-5000-puffs-disposable-vape-wholesale\/","title":{"rendered":"IJOY LIO BOXX 4000\/5000 Puffs Vape jetable en gros Haute capacit\u00e9 Design durable"},"content":{"rendered":"<p><strong>SP\u00c9CIFICATIONS :<\/strong><br \/>\n- Taille\uff1a24mm * 24mm * 110mm<br \/>\n- Capacit\u00e9 de la batterie\uff1a650mAh<\/p>\n<p>- Type de chargement\uff1aType-C<br \/>\n- Mode de sortie\uff1a12\/10W<br \/>\n- Mati\u00e8re\uff1aPC+ABS<br \/>\n- R\u00e9sistance\uff1a1\u03a9\/1.2\u03a9 MESH Coil<br \/>\n- Nicotine\uff1a50mg \/ 30mg<br \/>\n- Capacit\u00e9\uff1a10\/12 ml<br \/>\n- Puffs\uff1a4000 \/5000 Puffs<\/p>\n<p><strong>Saveur :<\/strong><\/p>\n<div>Passion estivale<\/div>\n<div>Glace au litchi<\/div>\n<div>Wanermtion \u00e0 la mangue<\/div>\n<div>Jus de pomme<\/div>\n<div>Glace au cola<\/div>\n<div>Lomon Candy Ice<\/div>\n<div>Pina Colada<\/div>\n<div>Glace \u00e0 la fraise et \u00e0 la banane<\/div>\n<div>Baies mix\u00e9es lce<\/div>\n<div>Glace \u00e0 la fraise<\/div>\n<div>Bonbons arc-en-ciel<\/div>\n<div>Raisin ensoleill\u00e9<\/div>\n<div>Past\u00e8que \u00e0 la fraise<\/div>\n<div>Super Mint<\/div>\n<div>Peregana Peregana<\/div>\n<div>Past\u00e8que Bubblegum<\/div>\n<div>Glace \u00e0 la mangue<\/div>\n<div>Soda \u00e0 la p\u00eache<\/div>\n<div>Boisson \u00e9nerg\u00e9tique<\/div>\n<div>Glace Blue Razz<\/div>\n<div>Limonade \u00e0 la framboise<\/div>\n<div>Daquiri \u00e0 la fraise<\/div>\n<div>Punch aux fruits<\/div>\n<div>Glace fra\u00eeche et luxuriante<\/div>\n<div>Baies noires<\/div>\n<p><a href=\"https:\/\/i0.wp.com\/shop.vape.hk\/wp-content\/uploads\/2023\/09\/202206241001585999.jpg?ssl=1\" target=\"_blank\" rel=\"noopener\"><img data-recalc-dims=\"1\" loading=\"lazy\" decoding=\"async\" class=\"alignnone size-full wp-image-120757\" src=\"https:\/\/i0.wp.com\/shop.vape.hk\/wp-content\/uploads\/2023\/09\/202206241001585999.jpg?resize=1020%2C502&#038;ssl=1\" alt=\"IJOY LIO BOXX 4000\/5000 Puffs Jetable Vape | Wholesale\" width=\"1020\" height=\"502\" title=\"\"><\/a><\/p>","protected":false},"excerpt":{"rendered":"<p>IJOY LIO BOXX 4000\/5000 Puffs Disposable Vape Wholesale est dot\u00e9 d'une grande capacit\u00e9, d'un d\u00e9bit de vapeur constant et d'une conception durable pour un vapotage durable et satisfaisant.<\/p>","protected":false},"featured_media":3172,"comment_status":"open","ping_status":"closed","template":"","meta":[],"product_brand":[],"product_cat":[22],"product_tag":[],"class_list":{"0":"post-2939","1":"product","2":"type-product","3":"status-publish","4":"has-post-thumbnail","6":"product_cat-disposable-vape-sticks","8":"first","9":"instock","10":"shipping-taxable","11":"purchasable","12":"product-type-simple"},"jetpack_sharing_enabled":true,"tiered_pricing_type":"fixed","tiered_pricing_fixed_rules":{"1000":13,"10000":12,"50000":10},"tiered_pricing_product_settings":{"layout":"default","base_unit_name":{"singular":null,"plural":null},"default_variation":null},"tiered_pricing_minimum_quantity":100,"tiered_pricing_roles_data":[],"tiered_pricing_percentage_rules":[],"tiered_pricing_maximum_quantity":null,"tiered_pricing_quantity_step":null,"_links":{"self":[{"href":"https:\/\/cloudsupplyvapes.com\/fr\/wp-json\/wp\/v2\/product\/2939","targetHints":{"allow":["GET"]}}],"collection":[{"href":"https:\/\/cloudsupplyvapes.com\/fr\/wp-json\/wp\/v2\/product"}],"about":[{"href":"https:\/\/cloudsupplyvapes.com\/fr\/wp-json\/wp\/v2\/types\/product"}],"replies":[{"embeddable":true,"href":"https:\/\/cloudsupplyvapes.com\/fr\/wp-json\/wp\/v2\/comments?post=2939"}],"wp:featuredmedia":[{"embeddable":true,"href":"https:\/\/cloudsupplyvapes.com\/fr\/wp-json\/wp\/v2\/media\/3172"}],"wp:attachment":[{"href":"https:\/\/cloudsupplyvapes.com\/fr\/wp-json\/wp\/v2\/media?parent=2939"}],"wp:term":[{"taxonomy":"product_brand","embeddable":true,"href":"https:\/\/cloudsupplyvapes.com\/fr\/wp-json\/wp\/v2\/product_brand?post=2939"},{"taxonomy":"product_cat","embeddable":true,"href":"https:\/\/cloudsupplyvapes.com\/fr\/wp-json\/wp\/v2\/product_cat?post=2939"},{"taxonomy":"product_tag","embeddable":true,"href":"https:\/\/cloudsupplyvapes.com\/fr\/wp-json\/wp\/v2\/product_tag?post=2939"}],"curies":[{"name":"wp","href":"https:\/\/api.w.org\/{rel}","templated":true}]}}