{"id":3754,"date":"2024-10-19T02:34:56","date_gmt":"2024-10-19T02:34:56","guid":{"rendered":"https:\/\/cloudsupplyvapes.com\/?post_type=product&#038;p=3754"},"modified":"2024-11-26T07:17:08","modified_gmt":"2024-11-26T07:17:08","slug":"-109","status":"publish","type":"product","link":"https:\/\/cloudsupplyvapes.com\/fr\/product\/tugboat-mega-flow-4000-puffs-disposable-vape-wholesale\/","title":{"rendered":"TUGBOAT MEGA Flow 4000 bouff\u00e9es Vape jetable en gros Haute capacit\u00e9 Sortie de vapeur douce"},"content":{"rendered":"<p><strong>Packing information\uff1a<\/strong><br \/>\n1pcs\/Pack [3cm*3cm*14.8cm]\n10pcs\/Case(Midbox)<br \/>\n500pcs\/Carton[79cm*31.5cm*33.5cm]\n<strong><br \/>\nFeatures\uff1a<\/strong><br \/>\nCapacity:10ml<br \/>\nSalt Nicotine: 5%<br \/>\nPower:1000mAh<br \/>\nPuffs: 4000 Puffs<br \/>\nModel: S22A<br \/>\nUnit weight: 61g<br \/>\nRecharge: No<br \/>\nAdjust Airflow: No<br \/>\nTotal Flavors:10<\/p>\n<p><a href=\"https:\/\/i0.wp.com\/shop.vape.hk\/wp-content\/uploads\/2023\/10\/736812f413aa62bac4d017cd7dfcfb45.jpg?ssl=1\" target=\"_blank\" rel=\"noopener\"><img data-recalc-dims=\"1\" loading=\"lazy\" decoding=\"async\" class=\"alignnone size-full wp-image-123375\" src=\"https:\/\/i0.wp.com\/shop.vape.hk\/wp-content\/uploads\/2023\/10\/736812f413aa62bac4d017cd7dfcfb45.jpg?resize=1020%2C1020&#038;ssl=1\" alt=\"TUGBOAT MEGA Flow 4000 Puffs Disposable Vape | Wholesale\" width=\"1020\" height=\"1020\" title=\"\"><\/a> <a href=\"https:\/\/i0.wp.com\/shop.vape.hk\/wp-content\/uploads\/2023\/10\/bd4e7a7bf71df13ab32608683741cacb.jpg?ssl=1\" target=\"_blank\" rel=\"noopener\"><img data-recalc-dims=\"1\" loading=\"lazy\" decoding=\"async\" class=\"alignnone size-full wp-image-123374\" src=\"https:\/\/i0.wp.com\/shop.vape.hk\/wp-content\/uploads\/2023\/10\/bd4e7a7bf71df13ab32608683741cacb.jpg?resize=1020%2C1020&#038;ssl=1\" alt=\"TUGBOAT MEGA Flow 4000 Puffs Disposable Vape | Wholesale\" width=\"1020\" height=\"1020\" title=\"\"><\/a> <a href=\"https:\/\/i0.wp.com\/shop.vape.hk\/wp-content\/uploads\/2023\/10\/894726ac9878d3a8f265225817a0b6c6.jpg?ssl=1\" target=\"_blank\" rel=\"noopener\"><img data-recalc-dims=\"1\" loading=\"lazy\" decoding=\"async\" class=\"alignnone size-full wp-image-123373\" src=\"https:\/\/i0.wp.com\/shop.vape.hk\/wp-content\/uploads\/2023\/10\/894726ac9878d3a8f265225817a0b6c6.jpg?resize=1020%2C1020&#038;ssl=1\" alt=\"TUGBOAT MEGA Flow 4000 Puffs Disposable Vape | Wholesale\" width=\"1020\" height=\"1020\" title=\"\"><\/a><\/p>\n","protected":false},"excerpt":{"rendered":"<p>TUGBOAT MEGA Flow 4000 Puffs Vape jetable en gros offre une grande capacit\u00e9, une production de vapeur r\u00e9guli\u00e8re et un design \u00e9l\u00e9gant, garantissant des exp\u00e9riences de vapotage de qualit\u00e9 et de longue dur\u00e9e.<\/p>","protected":false},"featured_media":3980,"comment_status":"open","ping_status":"closed","template":"","meta":[],"product_brand":[],"product_cat":[22],"product_tag":[],"class_list":{"0":"post-3754","1":"product","2":"type-product","3":"status-publish","4":"has-post-thumbnail","6":"product_cat-disposable-vape-sticks","8":"first","9":"instock","10":"shipping-taxable","11":"purchasable","12":"product-type-simple"},"jetpack_sharing_enabled":true,"tiered_pricing_type":"fixed","tiered_pricing_fixed_rules":{"1000":4.70000000000000017763568394002504646778106689453125,"10000":4.29999999999999982236431605997495353221893310546875,"50000":3.899999999999999911182158029987476766109466552734375},"tiered_pricing_product_settings":{"layout":"default","base_unit_name":{"singular":null,"plural":null},"default_variation":null},"tiered_pricing_minimum_quantity":100,"tiered_pricing_roles_data":[],"tiered_pricing_percentage_rules":[],"tiered_pricing_maximum_quantity":null,"tiered_pricing_quantity_step":null,"_links":{"self":[{"href":"https:\/\/cloudsupplyvapes.com\/fr\/wp-json\/wp\/v2\/product\/3754","targetHints":{"allow":["GET"]}}],"collection":[{"href":"https:\/\/cloudsupplyvapes.com\/fr\/wp-json\/wp\/v2\/product"}],"about":[{"href":"https:\/\/cloudsupplyvapes.com\/fr\/wp-json\/wp\/v2\/types\/product"}],"replies":[{"embeddable":true,"href":"https:\/\/cloudsupplyvapes.com\/fr\/wp-json\/wp\/v2\/comments?post=3754"}],"wp:featuredmedia":[{"embeddable":true,"href":"https:\/\/cloudsupplyvapes.com\/fr\/wp-json\/wp\/v2\/media\/3980"}],"wp:attachment":[{"href":"https:\/\/cloudsupplyvapes.com\/fr\/wp-json\/wp\/v2\/media?parent=3754"}],"wp:term":[{"taxonomy":"product_brand","embeddable":true,"href":"https:\/\/cloudsupplyvapes.com\/fr\/wp-json\/wp\/v2\/product_brand?post=3754"},{"taxonomy":"product_cat","embeddable":true,"href":"https:\/\/cloudsupplyvapes.com\/fr\/wp-json\/wp\/v2\/product_cat?post=3754"},{"taxonomy":"product_tag","embeddable":true,"href":"https:\/\/cloudsupplyvapes.com\/fr\/wp-json\/wp\/v2\/product_tag?post=3754"}],"curies":[{"name":"wp","href":"https:\/\/api.w.org\/{rel}","templated":true}]}}