{"id":3848,"date":"2024-10-19T02:35:20","date_gmt":"2024-10-19T02:35:20","guid":{"rendered":"https:\/\/cloudsupplyvapes.com\/?post_type=product&#038;p=3848"},"modified":"2024-11-26T07:16:25","modified_gmt":"2024-11-26T07:16:25","slug":"-112","status":"publish","type":"product","link":"https:\/\/cloudsupplyvapes.com\/fr\/product\/tugboat-box-6000-puffs-disposable-vape-wholesale\/","title":{"rendered":"TUGBOAT BOX 6000 Puffs Vape jetable en gros Airflow r\u00e9glable Design durable"},"content":{"rendered":"<p><strong>Packing information:<\/strong><br \/>\n1pcs\/Pack [4.3cm*2.4cm*9.2cm]\n10pcs\/Case(Midbox)<br \/>\n200pcs\/Carton[46.3cm*27cm*20.8cm]\n<strong><br \/>\nFeatures:<\/strong><br \/>\nCapacity:10ml<br \/>\nSalt Nicotine: 5%<br \/>\nPower:600mAh<br \/>\nPuffs: 6000 Puffs<br \/>\nModel: S40<br \/>\nUnit weight: 65g<br \/>\nRecharge: Yes<br \/>\nAdjust Airflow: Yes<br \/>\nTotal Flavors:12<\/p>\n<p><a href=\"https:\/\/i0.wp.com\/shop.vape.hk\/wp-content\/uploads\/2023\/10\/9ea428e085d3da0f2234b8cde4965ac0.jpg?ssl=1\" target=\"_blank\" rel=\"noopener\"><img data-recalc-dims=\"1\" loading=\"lazy\" decoding=\"async\" class=\"alignnone size-full wp-image-123423\" src=\"https:\/\/i0.wp.com\/shop.vape.hk\/wp-content\/uploads\/2023\/10\/9ea428e085d3da0f2234b8cde4965ac0.jpg?resize=1020%2C1020&#038;ssl=1\" alt=\"TUGBOAT BOX 6000 Puffs Disposable Vape | Wholesale\" width=\"1020\" height=\"1020\" title=\"\"><\/a> <a href=\"https:\/\/i0.wp.com\/shop.vape.hk\/wp-content\/uploads\/2023\/10\/c28a49ccc330b7dc67aa113dcc1912a9.jpg?ssl=1\" target=\"_blank\" rel=\"noopener\"><img data-recalc-dims=\"1\" loading=\"lazy\" decoding=\"async\" class=\"alignnone size-full wp-image-123422\" src=\"https:\/\/i0.wp.com\/shop.vape.hk\/wp-content\/uploads\/2023\/10\/c28a49ccc330b7dc67aa113dcc1912a9.jpg?resize=1020%2C1020&#038;ssl=1\" alt=\"TUGBOAT BOX 6000 Puffs Disposable Vape | Wholesale\" width=\"1020\" height=\"1020\" title=\"\"><\/a><\/p>\n","protected":false},"excerpt":{"rendered":"<p>La TUGBOAT BOX 6000 Puffs Disposable Vape Wholesale dispose d'un flux d'air r\u00e9glable, d'une construction durable et d'un d\u00e9bit de vapeur \u00e9lev\u00e9, garantissant une exp\u00e9rience de vapotage agr\u00e9able et personnalisable.<\/p>","protected":false},"featured_media":4018,"comment_status":"open","ping_status":"closed","template":"","meta":[],"product_brand":[],"product_cat":[22],"product_tag":[],"class_list":{"0":"post-3848","1":"product","2":"type-product","3":"status-publish","4":"has-post-thumbnail","6":"product_cat-disposable-vape-sticks","8":"first","9":"instock","10":"shipping-taxable","11":"purchasable","12":"product-type-simple"},"jetpack_sharing_enabled":true,"tiered_pricing_type":"fixed","tiered_pricing_fixed_rules":{"1000":5.5,"10000":5,"50000":4.5},"tiered_pricing_product_settings":{"layout":"default","base_unit_name":{"singular":null,"plural":null},"default_variation":null},"tiered_pricing_minimum_quantity":100,"tiered_pricing_roles_data":[],"tiered_pricing_percentage_rules":[],"tiered_pricing_maximum_quantity":null,"tiered_pricing_quantity_step":null,"_links":{"self":[{"href":"https:\/\/cloudsupplyvapes.com\/fr\/wp-json\/wp\/v2\/product\/3848","targetHints":{"allow":["GET"]}}],"collection":[{"href":"https:\/\/cloudsupplyvapes.com\/fr\/wp-json\/wp\/v2\/product"}],"about":[{"href":"https:\/\/cloudsupplyvapes.com\/fr\/wp-json\/wp\/v2\/types\/product"}],"replies":[{"embeddable":true,"href":"https:\/\/cloudsupplyvapes.com\/fr\/wp-json\/wp\/v2\/comments?post=3848"}],"wp:featuredmedia":[{"embeddable":true,"href":"https:\/\/cloudsupplyvapes.com\/fr\/wp-json\/wp\/v2\/media\/4018"}],"wp:attachment":[{"href":"https:\/\/cloudsupplyvapes.com\/fr\/wp-json\/wp\/v2\/media?parent=3848"}],"wp:term":[{"taxonomy":"product_brand","embeddable":true,"href":"https:\/\/cloudsupplyvapes.com\/fr\/wp-json\/wp\/v2\/product_brand?post=3848"},{"taxonomy":"product_cat","embeddable":true,"href":"https:\/\/cloudsupplyvapes.com\/fr\/wp-json\/wp\/v2\/product_cat?post=3848"},{"taxonomy":"product_tag","embeddable":true,"href":"https:\/\/cloudsupplyvapes.com\/fr\/wp-json\/wp\/v2\/product_tag?post=3848"}],"curies":[{"name":"wp","href":"https:\/\/api.w.org\/{rel}","templated":true}]}}