{"id":3917,"date":"2024-10-19T02:35:42","date_gmt":"2024-10-19T02:35:42","guid":{"rendered":"https:\/\/cloudsupplyvapes.com\/?post_type=product&#038;p=3917"},"modified":"2024-11-26T06:56:36","modified_gmt":"2024-11-26T06:56:36","slug":"-117","status":"publish","type":"product","link":"https:\/\/cloudsupplyvapes.com\/fr\/product\/atvs-600-puffs-disposable-vape-wholesale-2\/","title":{"rendered":"ATVS 600 Puffs Vape jetable en gros Conception l\u00e9g\u00e8re et rentable"},"content":{"rendered":"<p><strong>Packing information<br \/>\n<\/strong><br \/>\n1pcs\/Pack [2cm*2cm*13cm]\n10pcs\/Case(Midbox)<br \/>\n320pcs\/Carton[30*45*28cm]\n<strong><br \/>\nFeatures<br \/>\n<\/strong><br \/>\nCapacity:2.5ml<br \/>\nSalt Nicotine:2%<br \/>\nPower:400mAh<br \/>\nPuffs: 600 Puffs<br \/>\nModel:<br \/>\nUnit weight:27.3g<br \/>\nRecharge:No<br \/>\nAdjust Airflow: Yes<br \/>\nTotal Flavors:19<\/p>\n<p><a href=\"https:\/\/i0.wp.com\/shop.vape.hk\/wp-content\/uploads\/2023\/10\/09ba2e4328fe10659207bac7efc8d286.jpg?ssl=1\" target=\"_blank\" rel=\"noopener\"><img data-recalc-dims=\"1\" loading=\"lazy\" decoding=\"async\" class=\"alignnone size-full wp-image-123621\" src=\"https:\/\/i0.wp.com\/shop.vape.hk\/wp-content\/uploads\/2023\/10\/09ba2e4328fe10659207bac7efc8d286.jpg?resize=1020%2C902&#038;ssl=1\" alt=\"ATVS 600 Puffs Disposable Vape | Wholesale\" width=\"1020\" height=\"902\" title=\"\"><\/a> <a href=\"https:\/\/i0.wp.com\/shop.vape.hk\/wp-content\/uploads\/2023\/10\/82f26bec7d7f60a8a3aedefc4f87a453.jpg?ssl=1\" target=\"_blank\" rel=\"noopener\"><img data-recalc-dims=\"1\" loading=\"lazy\" decoding=\"async\" class=\"alignnone size-full wp-image-123620\" src=\"https:\/\/i0.wp.com\/shop.vape.hk\/wp-content\/uploads\/2023\/10\/82f26bec7d7f60a8a3aedefc4f87a453.jpg?resize=1020%2C739&#038;ssl=1\" alt=\"ATVS 600 Puffs Disposable Vape | Wholesale\" width=\"1020\" height=\"739\" title=\"\"><\/a><\/p>\n","protected":false},"excerpt":{"rendered":"<p>ATVS 600 Puffs Disposable Vape Wholesale offre une construction l\u00e9g\u00e8re, des effets de gorge doux et une solution rentable pour un vapotage fiable et agr\u00e9able.<\/p>","protected":false},"featured_media":4157,"comment_status":"open","ping_status":"closed","template":"","meta":[],"product_brand":[],"product_cat":[22],"product_tag":[],"class_list":{"0":"post-3917","1":"product","2":"type-product","3":"status-publish","4":"has-post-thumbnail","6":"product_cat-disposable-vape-sticks","8":"first","9":"instock","10":"shipping-taxable","11":"purchasable","12":"product-type-simple"},"jetpack_sharing_enabled":true,"tiered_pricing_type":"fixed","tiered_pricing_fixed_rules":{"1000":2.5,"10000":2,"50000":1.5},"tiered_pricing_product_settings":{"layout":"default","base_unit_name":{"singular":null,"plural":null},"default_variation":null},"tiered_pricing_minimum_quantity":100,"tiered_pricing_roles_data":[],"tiered_pricing_percentage_rules":[],"tiered_pricing_maximum_quantity":null,"tiered_pricing_quantity_step":null,"_links":{"self":[{"href":"https:\/\/cloudsupplyvapes.com\/fr\/wp-json\/wp\/v2\/product\/3917","targetHints":{"allow":["GET"]}}],"collection":[{"href":"https:\/\/cloudsupplyvapes.com\/fr\/wp-json\/wp\/v2\/product"}],"about":[{"href":"https:\/\/cloudsupplyvapes.com\/fr\/wp-json\/wp\/v2\/types\/product"}],"replies":[{"embeddable":true,"href":"https:\/\/cloudsupplyvapes.com\/fr\/wp-json\/wp\/v2\/comments?post=3917"}],"wp:featuredmedia":[{"embeddable":true,"href":"https:\/\/cloudsupplyvapes.com\/fr\/wp-json\/wp\/v2\/media\/4157"}],"wp:attachment":[{"href":"https:\/\/cloudsupplyvapes.com\/fr\/wp-json\/wp\/v2\/media?parent=3917"}],"wp:term":[{"taxonomy":"product_brand","embeddable":true,"href":"https:\/\/cloudsupplyvapes.com\/fr\/wp-json\/wp\/v2\/product_brand?post=3917"},{"taxonomy":"product_cat","embeddable":true,"href":"https:\/\/cloudsupplyvapes.com\/fr\/wp-json\/wp\/v2\/product_cat?post=3917"},{"taxonomy":"product_tag","embeddable":true,"href":"https:\/\/cloudsupplyvapes.com\/fr\/wp-json\/wp\/v2\/product_tag?post=3917"}],"curies":[{"name":"wp","href":"https:\/\/api.w.org\/{rel}","templated":true}]}}