{"id":4041,"date":"2024-10-19T02:36:05","date_gmt":"2024-10-19T02:36:05","guid":{"rendered":"https:\/\/cloudsupplyvapes.com\/?post_type=product&#038;p=4041"},"modified":"2024-11-26T06:55:10","modified_gmt":"2024-11-26T06:55:10","slug":"-124","status":"publish","type":"product","link":"https:\/\/cloudsupplyvapes.com\/fr\/product\/geek-bar-meloso-max-9000-puffs-disposable-vape-wholesale\/","title":{"rendered":"Geek Bar Meloso Max 9000 Puffs Vape jetable en gros Airflow r\u00e9glable Performance durable"},"content":{"rendered":"<h2>Geek Bar Meloso Max Disposable Vape<\/h2>\n<ul class=\"top\">\n<li style=\"list-style-type: none;\">\n<ul class=\"top\">\n<li>Marque :\u00a0<b>Bar \u00e0 geek<\/b><\/li>\n<li>Unit\u00e9 : ensemble<\/li>\n<li>Type :\u00a0<b>Vape \u00e0 usage unique<\/b><\/li>\n<li>Poids net : 70(g)<\/li>\n<\/ul>\n<\/li>\n<\/ul>\n<p>Les frais d'exp\u00e9dition combin\u00e9s seront calcul\u00e9s automatiquement par le syst\u00e8me une fois que vous aurez choisi la destination d'exp\u00e9dition \u00e0 l'\u00e9tape de la commande.<\/p>\n<div class=\"title\">Geek Bar Meloso Max Disposable Vape INTRODUCTION<\/div>\n<p><b>Geek Bar Meloso Max Disposable Vape<\/b> has an excellent dual mesh coil design, which means faster heating and a better realistic flavor presentation. It comes pre-filled with 14ml of nicotine e-liquid at 50mg concentration for a certain throat hit to bring pleasure. A total of 9,000 puffs can be completed with the support of a 600 mAh battery. With every puff you take, the dual mesh coil coupled with adjustable airflow can restore the original flavor. Packed with a SMART battery indicator and e-liquid indicator light, you can monitor the battery and e-juice life for an even battery experience.<\/p>\n<p class=\"second-title\">Caract\u00e9ristiques<\/p>\n<p>- 14ml Vape Juice pr\u00e9-rempli<\/p>\n<p>- 5%(50mg) Nic Salt<\/p>\n<p>- Batterie rechargeable de 600mAh<\/p>\n<p>- Port USB-C<\/p>\n<p>- Environ 9000 bouff\u00e9es<\/p>\n<p>- Bobine \u00e0 double maille<\/p>\n<p>- Dessin activ\u00e9<\/p>\n<p>- MTL Vaping<\/p>\n<p>\u2022 SMART Battery Indicator &amp; E-Liquid Indicator Lights<\/p>\n<p>- Flux d'air r\u00e9glable<\/p>\n<p>&nbsp;<\/p>\n<p><b>Saveur :<\/b><\/p>\n<p>Glace \u00e0 la past\u00e8que<\/p>\n<p>Menthe fra\u00eeche<\/p>\n<p>Glace \u00e0 la p\u00eache<\/p>\n<p>Berry Trio Ice<\/p>\n<p>Fuji Melon Ice<\/p>\n<p>Glace \u00e0 la pomme acide<\/p>\n<p>L'explosion de l'arc-en-ciel tropical<\/p>\n<p>Mexican Mango<\/p>\n<p>Glace \u00e0 la fraise<\/p>\n<p>Clair<\/p>\n<p>Green Monster<\/p>\n<p>Ginger Ale<\/p>\n<p>Past\u00e8que \u00e0 la fraise<\/p>\n<p>Fraise Mangue<\/p>\n<p>Stone Freeze<\/p>","protected":false},"excerpt":{"rendered":"<p>The Geek Bar Meloso Max 9000 Puffs Disposable Vape Wholesale features adjustable airflow, durable construction, and smooth vapor production for customizable vaping experiences.<\/p>","protected":false},"featured_media":4467,"comment_status":"open","ping_status":"closed","template":"","meta":[],"product_brand":[],"product_cat":[22],"product_tag":[],"class_list":{"0":"post-4041","1":"product","2":"type-product","3":"status-publish","4":"has-post-thumbnail","6":"product_cat-disposable-vape-sticks","8":"first","9":"instock","10":"shipping-taxable","11":"purchasable","12":"product-type-simple"},"jetpack_sharing_enabled":true,"tiered_pricing_type":"fixed","tiered_pricing_fixed_rules":{"1000":15,"10000":14,"50000":12},"tiered_pricing_product_settings":{"layout":"default","base_unit_name":{"singular":null,"plural":null},"default_variation":null},"tiered_pricing_minimum_quantity":100,"tiered_pricing_roles_data":[],"tiered_pricing_percentage_rules":[],"tiered_pricing_maximum_quantity":null,"tiered_pricing_quantity_step":null,"_links":{"self":[{"href":"https:\/\/cloudsupplyvapes.com\/fr\/wp-json\/wp\/v2\/product\/4041","targetHints":{"allow":["GET"]}}],"collection":[{"href":"https:\/\/cloudsupplyvapes.com\/fr\/wp-json\/wp\/v2\/product"}],"about":[{"href":"https:\/\/cloudsupplyvapes.com\/fr\/wp-json\/wp\/v2\/types\/product"}],"replies":[{"embeddable":true,"href":"https:\/\/cloudsupplyvapes.com\/fr\/wp-json\/wp\/v2\/comments?post=4041"}],"wp:featuredmedia":[{"embeddable":true,"href":"https:\/\/cloudsupplyvapes.com\/fr\/wp-json\/wp\/v2\/media\/4467"}],"wp:attachment":[{"href":"https:\/\/cloudsupplyvapes.com\/fr\/wp-json\/wp\/v2\/media?parent=4041"}],"wp:term":[{"taxonomy":"product_brand","embeddable":true,"href":"https:\/\/cloudsupplyvapes.com\/fr\/wp-json\/wp\/v2\/product_brand?post=4041"},{"taxonomy":"product_cat","embeddable":true,"href":"https:\/\/cloudsupplyvapes.com\/fr\/wp-json\/wp\/v2\/product_cat?post=4041"},{"taxonomy":"product_tag","embeddable":true,"href":"https:\/\/cloudsupplyvapes.com\/fr\/wp-json\/wp\/v2\/product_tag?post=4041"}],"curies":[{"name":"wp","href":"https:\/\/api.w.org\/{rel}","templated":true}]}}