{"id":4043,"date":"2024-10-19T02:36:05","date_gmt":"2024-10-19T02:36:05","guid":{"rendered":"https:\/\/cloudsupplyvapes.com\/?post_type=product&#038;p=4043"},"modified":"2024-11-26T06:39:12","modified_gmt":"2024-11-26T06:39:12","slug":"-126","status":"publish","type":"product","link":"https:\/\/cloudsupplyvapes.com\/fr\/product\/geek-bar-pulse-15000-puffs-disposable-vape-wholesale\/","title":{"rendered":"Geek Bar Pulse 15000 Puffs Vape jetable Wholesale High Capacity Sleek Stylish Look"},"content":{"rendered":"<h2>Geek Bar Pulse 15000 Disposable Vape<\/h2>\n<ul class=\"top\">\n<li>Marque :\u00a0<b>Bar \u00e0 geek<\/b><\/li>\n<li>Unit\u00e9 : ensemble<\/li>\n<li>Type :\u00a0<b>Vape \u00e0 usage unique<\/b><\/li>\n<li>Poids net : 68(g)<\/li>\n<\/ul>\n<p>Les frais d'exp\u00e9dition combin\u00e9s seront calcul\u00e9s automatiquement par le syst\u00e8me une fois que vous aurez choisi la destination d'exp\u00e9dition \u00e0 l'\u00e9tape de la commande.<\/p>\n<div class=\"title\">Geek Bar Pulse 15000 Disposable Vape INTRODUCTION<\/div>\n<p><b>Geek Bar Pulse 15000 Disposable Vape<\/b> comes prefilled with 16ml of e-liquid which has two types of modes. The Pulse mode serves up to 7500 puffs under 20W output delivery, and the Regular mode satisfies 15000 puffs draw via its integrated dual mesh coil. Powered by a rechargeable 650mAh battery, the Geek Bar Pulse vape boasts a full screen at the side. The disposable vape with a screen makes it easier to monitor the level of battery and e-liquid. Constructed from a soft-touch coating, the smoothed-out edges of the mouthpiece are comfortable for vaping.<\/p>\n<p class=\"second-title\">Caract\u00e9ristiques<\/p>\n<p>\u2022 16mL Pre-Filled E-Liquid<\/p>\n<p>- 5%(50mg) Nicotine<\/p>\n<p>- Batterie rechargeable 650mAh<\/p>\n<p>\u2022 Approximately 15000 Puffs<\/p>\n<p>- Port Type-C (non inclus)<\/p>\n<p>- Bobine \u00e0 double maille<\/p>\n<p>- Dessin activ\u00e9<\/p>\n<p>- MTL Vaping<\/p>\n<p>\u2022 Full Screen<\/p>\n<p>\u2022 Battery&amp;E-liquid Screen<\/p>\n<p>\u2022 20W output<\/p>\n<p>\u2022 Pulse Mode For 7500 Puffs<\/p>\n<p>\u2022 Regular Mode For 15000 Puffs<\/p>","protected":false},"excerpt":{"rendered":"<p>The Geek Bar Pulse 15000 Puffs Disposable Vape Wholesale offers high capacity, a sleek design, and smooth vapor delivery for premium and satisfying vaping experiences.<\/p>","protected":false},"featured_media":4479,"comment_status":"open","ping_status":"closed","template":"","meta":[],"product_brand":[],"product_cat":[22],"product_tag":[],"class_list":{"0":"post-4043","1":"product","2":"type-product","3":"status-publish","4":"has-post-thumbnail","6":"product_cat-disposable-vape-sticks","8":"first","9":"instock","10":"shipping-taxable","11":"purchasable","12":"product-type-simple"},"jetpack_sharing_enabled":true,"tiered_pricing_type":"fixed","tiered_pricing_fixed_rules":{"1000":13,"50000":10},"tiered_pricing_product_settings":{"layout":"default","base_unit_name":{"singular":null,"plural":null},"default_variation":null},"tiered_pricing_minimum_quantity":100,"tiered_pricing_roles_data":[],"tiered_pricing_percentage_rules":[],"tiered_pricing_maximum_quantity":null,"tiered_pricing_quantity_step":null,"_links":{"self":[{"href":"https:\/\/cloudsupplyvapes.com\/fr\/wp-json\/wp\/v2\/product\/4043","targetHints":{"allow":["GET"]}}],"collection":[{"href":"https:\/\/cloudsupplyvapes.com\/fr\/wp-json\/wp\/v2\/product"}],"about":[{"href":"https:\/\/cloudsupplyvapes.com\/fr\/wp-json\/wp\/v2\/types\/product"}],"replies":[{"embeddable":true,"href":"https:\/\/cloudsupplyvapes.com\/fr\/wp-json\/wp\/v2\/comments?post=4043"}],"wp:featuredmedia":[{"embeddable":true,"href":"https:\/\/cloudsupplyvapes.com\/fr\/wp-json\/wp\/v2\/media\/4479"}],"wp:attachment":[{"href":"https:\/\/cloudsupplyvapes.com\/fr\/wp-json\/wp\/v2\/media?parent=4043"}],"wp:term":[{"taxonomy":"product_brand","embeddable":true,"href":"https:\/\/cloudsupplyvapes.com\/fr\/wp-json\/wp\/v2\/product_brand?post=4043"},{"taxonomy":"product_cat","embeddable":true,"href":"https:\/\/cloudsupplyvapes.com\/fr\/wp-json\/wp\/v2\/product_cat?post=4043"},{"taxonomy":"product_tag","embeddable":true,"href":"https:\/\/cloudsupplyvapes.com\/fr\/wp-json\/wp\/v2\/product_tag?post=4043"}],"curies":[{"name":"wp","href":"https:\/\/api.w.org\/{rel}","templated":true}]}}