{"id":4178,"date":"2024-10-19T02:36:28","date_gmt":"2024-10-19T02:36:28","guid":{"rendered":"https:\/\/cloudsupplyvapes.com\/?post_type=product&#038;p=4178"},"modified":"2024-11-26T06:39:00","modified_gmt":"2024-11-26T06:39:00","slug":"-127","status":"publish","type":"product","link":"https:\/\/cloudsupplyvapes.com\/fr\/product\/geek-bar-df6000-puffs-disposable-vape-wholesale\/","title":{"rendered":"Geek Bar DF6000 Puffs Vape jetable en gros L\u00e9ger Conception \u00e9tanche"},"content":{"rendered":"<h2>Geek Bar DF6000 Vape jetable<\/h2>\n<ul class=\"top\">\n<li>Marque : Geek Bar<\/li>\n<li>Unit\u00e9 : ensemble<\/li>\n<li>Type : Vape jetable<\/li>\n<li>Poids net : 70(g)<\/li>\n<\/ul>\n<p>Les frais d'exp\u00e9dition combin\u00e9s seront calcul\u00e9s automatiquement par le syst\u00e8me une fois que vous aurez choisi la destination d'exp\u00e9dition \u00e0 l'\u00e9tape de la commande.<\/p>\n<div class=\"title\">Geek Bar DF6000 Vape jetable INTRODUCTION<\/div>\n<p><b>Geek Bar DF6000 Vape jetable<\/b>\u00a0Il contient 14ml d'e-liquide pr\u00e9-rempli, une batterie rechargeable de 650mAh, un taux de nicotine de 5% (50mg), et un mesh coil qui permet d'obtenir un bon nombre d'impacts jusqu'\u00e0 6000 bouff\u00e9es. Il adopte le concept de la bouff\u00e9e \u00e0 la vaporisation, et les couleurs vives ainsi que l'embout en forme de cristal rendent votre vapotage agr\u00e9able. Halez \u00e0 partir de l'embout et obtenez une vapeur savoureuse.<\/p>\n<p class=\"second-title\">Caract\u00e9ristiques<\/p>\n<p>- 14ml Vape Juice pr\u00e9-rempli<\/p>\n<p>- Batterie rechargeable 650mAh<\/p>\n<p>- C\u00e2ble de type C<\/p>\n<p>- 5%(50mg) Nic Salt<\/p>\n<p>- Environ 6000 bouff\u00e9es<\/p>\n<p>- Bobine de maille<\/p>\n<p>- Dessin activ\u00e9<\/p>\n<div class=\"title\">Geek Bar DF6000 Vape jetable SPECIFICATION<\/div>\n<p>Bouff\u00e9es : 6000<\/p>\n<p>Capacit\u00e9 E-liquide : 14ml<\/p>\n<p>Batterie : Rechargeable 650mAh<\/p>\n<p>Chargement : USB Type-C<\/p>\n<p>Taux de nicotine : 5%(50mg)<\/p>\n<p>Type de nicotine : Nic Salt<\/p>\n<p>\u00c9l\u00e9ment chauffant : Serpentin en maille<\/p>\n<p>M\u00e9canisme de mise \u00e0 feu activ\u00e9 par le tirage<\/p>\n<p><a href=\"https:\/\/i0.wp.com\/shop.vape.hk\/wp-content\/uploads\/2023\/10\/geek-bar-df6000-disposable-vape_1.jpg?ssl=1\" target=\"_blank\" rel=\"noopener\"><img data-recalc-dims=\"1\" loading=\"lazy\" decoding=\"async\" class=\"alignnone size-full wp-image-124034\" src=\"https:\/\/i0.wp.com\/shop.vape.hk\/wp-content\/uploads\/2023\/10\/geek-bar-df6000-disposable-vape_1.jpg?resize=900%2C751&#038;ssl=1\" alt=\"Geek Bar DF6000 Puffs Jetable Vape | Wholesale\" width=\"900\" height=\"751\" title=\"\"><\/a> <a href=\"https:\/\/i0.wp.com\/shop.vape.hk\/wp-content\/uploads\/2023\/10\/geek-bar-df6000-disposable-vape_2.jpg?ssl=1\" target=\"_blank\" rel=\"noopener\"><img data-recalc-dims=\"1\" loading=\"lazy\" decoding=\"async\" class=\"alignnone size-full wp-image-124033\" src=\"https:\/\/i0.wp.com\/shop.vape.hk\/wp-content\/uploads\/2023\/10\/geek-bar-df6000-disposable-vape_2.jpg?resize=735%2C1920&#038;ssl=1\" alt=\"Geek Bar DF6000 Puffs Jetable Vape | Wholesale\" width=\"735\" height=\"1920\" title=\"\"><\/a><\/p>","protected":false},"excerpt":{"rendered":"<p>Geek Bar DF6000 Puffs Disposable Vape Wholesale combine une construction l\u00e9g\u00e8re, une conception \u00e9tanche et des effets de gorge doux pour un vapotage fiable et sans tracas.<\/p>","protected":false},"featured_media":4482,"comment_status":"open","ping_status":"closed","template":"","meta":[],"product_brand":[],"product_cat":[22],"product_tag":[],"class_list":{"0":"post-4178","1":"product","2":"type-product","3":"status-publish","4":"has-post-thumbnail","6":"product_cat-disposable-vape-sticks","8":"first","9":"instock","10":"shipping-taxable","11":"purchasable","12":"product-type-simple"},"jetpack_sharing_enabled":true,"tiered_pricing_type":"fixed","tiered_pricing_fixed_rules":{"1000":7,"10000":6,"50000":5},"tiered_pricing_product_settings":{"layout":"default","base_unit_name":{"singular":null,"plural":null},"default_variation":null},"tiered_pricing_minimum_quantity":100,"tiered_pricing_roles_data":[],"tiered_pricing_percentage_rules":[],"tiered_pricing_maximum_quantity":null,"tiered_pricing_quantity_step":null,"_links":{"self":[{"href":"https:\/\/cloudsupplyvapes.com\/fr\/wp-json\/wp\/v2\/product\/4178","targetHints":{"allow":["GET"]}}],"collection":[{"href":"https:\/\/cloudsupplyvapes.com\/fr\/wp-json\/wp\/v2\/product"}],"about":[{"href":"https:\/\/cloudsupplyvapes.com\/fr\/wp-json\/wp\/v2\/types\/product"}],"replies":[{"embeddable":true,"href":"https:\/\/cloudsupplyvapes.com\/fr\/wp-json\/wp\/v2\/comments?post=4178"}],"wp:featuredmedia":[{"embeddable":true,"href":"https:\/\/cloudsupplyvapes.com\/fr\/wp-json\/wp\/v2\/media\/4482"}],"wp:attachment":[{"href":"https:\/\/cloudsupplyvapes.com\/fr\/wp-json\/wp\/v2\/media?parent=4178"}],"wp:term":[{"taxonomy":"product_brand","embeddable":true,"href":"https:\/\/cloudsupplyvapes.com\/fr\/wp-json\/wp\/v2\/product_brand?post=4178"},{"taxonomy":"product_cat","embeddable":true,"href":"https:\/\/cloudsupplyvapes.com\/fr\/wp-json\/wp\/v2\/product_cat?post=4178"},{"taxonomy":"product_tag","embeddable":true,"href":"https:\/\/cloudsupplyvapes.com\/fr\/wp-json\/wp\/v2\/product_tag?post=4178"}],"curies":[{"name":"wp","href":"https:\/\/api.w.org\/{rel}","templated":true}]}}