{"id":4179,"date":"2024-10-19T02:36:28","date_gmt":"2024-10-19T02:36:28","guid":{"rendered":"https:\/\/cloudsupplyvapes.com\/?post_type=product&#038;p=4179"},"modified":"2024-11-26T06:38:48","modified_gmt":"2024-11-26T06:38:48","slug":"-128","status":"publish","type":"product","link":"https:\/\/cloudsupplyvapes.com\/fr\/product\/geek-bar-meloso-ultra-10000-puffs-disposable-vape-wholesale\/","title":{"rendered":"Geek Bar Meloso Ultra 10000 Puffs Vape jetable Wholesale Long-Lasting Durable Build"},"content":{"rendered":"<h2>Geek Bar Meloso Ultra Smart Display Vape jetable<\/h2>\n<ul class=\"top\">\n<li style=\"list-style-type: none;\">\n<ul class=\"top\">\n<li>Marque :\u00a0<b>Bar \u00e0 geek<\/b><\/li>\n<li>Unit\u00e9 : ensemble<\/li>\n<li>Type :\u00a0<b>Vape \u00e0 usage unique<\/b><\/li>\n<li>Poids net : 70(g)<\/li>\n<\/ul>\n<\/li>\n<\/ul>\n<p>Les frais d'exp\u00e9dition combin\u00e9s seront calcul\u00e9s automatiquement par le syst\u00e8me une fois que vous aurez choisi la destination d'exp\u00e9dition \u00e0 l'\u00e9tape de la commande.<\/p>\n<div class=\"title\">Geek Bar Meloso Ultra Smart Display Vape jetable INTRODUCTION<\/div>\n<p><b>Geek Bar Meloso Ultra Smart Display Vape jetable<\/b> est dot\u00e9 d'une puissante batterie de 630mAh, d'un \u00e9cran intelligent et d'un double coil mesh et peut satisfaire jusqu'\u00e0 10 000 bouff\u00e9es au total. La grande capacit\u00e9 de jus de vape s'accompagne d'une batterie consistante. En plus de la batterie, un port Type-C est pr\u00e9vu pour la recharge. La chose la plus cool est le petit \u00e9cran intelligent qui indique les niveaux de batterie et de jus de vape. Vous pouvez toujours garder un \u0153il sur les informations en temps r\u00e9el. Meloso Ultra est l'avenir des vapes jetables.<\/p>\n<p class=\"second-title\">Caract\u00e9ristiques<\/p>\n<p>- 5%(50mg) Teneur en nicotine<\/p>\n<p>- Batterie rechargeable 630mAh<\/p>\n<p>- USB Type-C (non inclus)<\/p>\n<p>- Environ 10000 bouff\u00e9es<\/p>\n<p>- Bobine \u00e0 double maille<\/p>\n<p>- Dessin activ\u00e9<\/p>\n<p>- MTL Vaping<\/p>\n<p>- \u00c9cran LED intelligent<\/p>","protected":false},"excerpt":{"rendered":"<p>Le Geek Bar Meloso Ultra 10000 Puffs Vape Wholesale offre des performances durables, une construction r\u00e9sistante et une production de vapeur riche pour une satisfaction prolong\u00e9e.<\/p>","protected":false},"featured_media":4489,"comment_status":"open","ping_status":"closed","template":"","meta":[],"product_brand":[],"product_cat":[22],"product_tag":[],"class_list":{"0":"post-4179","1":"product","2":"type-product","3":"status-publish","4":"has-post-thumbnail","6":"product_cat-disposable-vape-sticks","8":"first","9":"instock","10":"shipping-taxable","11":"purchasable","12":"product-type-simple"},"jetpack_sharing_enabled":true,"tiered_pricing_type":"fixed","tiered_pricing_fixed_rules":{"1000":16,"10000":15,"50000":13},"tiered_pricing_product_settings":{"layout":"default","base_unit_name":{"singular":null,"plural":null},"default_variation":null},"tiered_pricing_minimum_quantity":100,"tiered_pricing_roles_data":[],"tiered_pricing_percentage_rules":[],"tiered_pricing_maximum_quantity":null,"tiered_pricing_quantity_step":null,"_links":{"self":[{"href":"https:\/\/cloudsupplyvapes.com\/fr\/wp-json\/wp\/v2\/product\/4179","targetHints":{"allow":["GET"]}}],"collection":[{"href":"https:\/\/cloudsupplyvapes.com\/fr\/wp-json\/wp\/v2\/product"}],"about":[{"href":"https:\/\/cloudsupplyvapes.com\/fr\/wp-json\/wp\/v2\/types\/product"}],"replies":[{"embeddable":true,"href":"https:\/\/cloudsupplyvapes.com\/fr\/wp-json\/wp\/v2\/comments?post=4179"}],"wp:featuredmedia":[{"embeddable":true,"href":"https:\/\/cloudsupplyvapes.com\/fr\/wp-json\/wp\/v2\/media\/4489"}],"wp:attachment":[{"href":"https:\/\/cloudsupplyvapes.com\/fr\/wp-json\/wp\/v2\/media?parent=4179"}],"wp:term":[{"taxonomy":"product_brand","embeddable":true,"href":"https:\/\/cloudsupplyvapes.com\/fr\/wp-json\/wp\/v2\/product_brand?post=4179"},{"taxonomy":"product_cat","embeddable":true,"href":"https:\/\/cloudsupplyvapes.com\/fr\/wp-json\/wp\/v2\/product_cat?post=4179"},{"taxonomy":"product_tag","embeddable":true,"href":"https:\/\/cloudsupplyvapes.com\/fr\/wp-json\/wp\/v2\/product_tag?post=4179"}],"curies":[{"name":"wp","href":"https:\/\/api.w.org\/{rel}","templated":true}]}}