{"id":4180,"date":"2024-10-19T02:36:28","date_gmt":"2024-10-19T02:36:28","guid":{"rendered":"https:\/\/cloudsupplyvapes.com\/?post_type=product&#038;p=4180"},"modified":"2024-11-26T06:38:38","modified_gmt":"2024-11-26T06:38:38","slug":"-129","status":"publish","type":"product","link":"https:\/\/cloudsupplyvapes.com\/fr\/product\/geek-bar-s6000-6000-puff-disposable-wholesale\/","title":{"rendered":"Geek Bar S6000 6000 bouff\u00e9es Vape jetable en gros Compact High Capacity Design"},"content":{"rendered":"<h2>Geek Bar S6000 Disposable<\/h2>\n<ul class=\"top\">\n<li style=\"list-style-type: none;\">\n<ul class=\"top\">\n<li>Marque : Geek Bar<\/li>\n<li>Unit\u00e9 : ensemble<\/li>\n<li>Type : Vape jetable<\/li>\n<li>Poids net : 70(g)<\/li>\n<\/ul>\n<\/li>\n<\/ul>\n<p>Les frais d'exp\u00e9dition combin\u00e9s seront calcul\u00e9s automatiquement par le syst\u00e8me une fois que vous aurez choisi la destination d'exp\u00e9dition \u00e0 l'\u00e9tape de la commande.<\/p>\n<div class=\"title\">Geek Bar S6000 Disposable INTRODUCTION<\/div>\n<p><b>Geek Bar S6000 Disposable<\/b>\u00a0shows of whopping 16ml of e-liquid with 5%(50mg) nicotine strength, each disposable is rechargeable and houses 500mAh built-in battery to support a massive 6000 puff count. It offers a chocolate shape and has a couple of flavors to choose from. It is draw-activated and is designed with a flat transparent mouthpiece. The mesh coil delivers a more delicate flavor and vapor.<\/p>\n<p class=\"second-title\">Caract\u00e9ristiques<\/p>\n<p>- 6000 bouff\u00e9es<\/p>\n<p>\u2022 14ml Capacity<\/p>\n<p>- 5%(50mg) Teneur en nicotine<\/p>\n<p>\u2022 500mAh Integrated Battery<\/p>\n<p>- Rechargeable<\/p>\n<p>- Bobine de maille<\/p>\n<p>- Tirage MTL<\/p>\n<p>- Dessin activ\u00e9<\/p>\n<div class=\"title\">Geek Bar S6000 Disposable SPECIFICATION<\/div>\n<p>Puffs: Up to 6000<\/p>\n<p>Pod Capacity: 14ml<\/p>\n<p>Nicotine : 5%(50mg)<\/p>\n<p>Type de nicotine : Nic Salt<\/p>\n<p>Battery Capacity: 500mAh<\/p>\n<p>Port de charge : USB-C<\/p>\n<p>Bobine : Bobine de maille<\/p>\n<p>M\u00e9canisme de mise \u00e0 feu : Activ\u00e9 par le tirage<\/p>\n<p><a href=\"https:\/\/i0.wp.com\/shop.vape.hk\/wp-content\/uploads\/2023\/10\/Geek_Bar_S6000.jpg?ssl=1\" target=\"_blank\" rel=\"noopener\"><img data-recalc-dims=\"1\" loading=\"lazy\" decoding=\"async\" class=\"alignnone size-full wp-image-124051\" src=\"https:\/\/i0.wp.com\/shop.vape.hk\/wp-content\/uploads\/2023\/10\/Geek_Bar_S6000.jpg?resize=671%2C1920&#038;ssl=1\" alt=\"Geek Bar S6000 6000 Puff Disposable | Wholesale\" width=\"671\" height=\"1920\" title=\"\"><\/a><\/p>","protected":false},"excerpt":{"rendered":"<p>Geek Bar S6000 6000 Puffs Disposable Vape Wholesale features a compact design, high capacity, and smooth vapor output for consistent and enjoyable vaping sessions.<\/p>","protected":false},"featured_media":4493,"comment_status":"open","ping_status":"closed","template":"","meta":[],"product_brand":[],"product_cat":[22],"product_tag":[],"class_list":{"0":"post-4180","1":"product","2":"type-product","3":"status-publish","4":"has-post-thumbnail","6":"product_cat-disposable-vape-sticks","8":"first","9":"instock","10":"shipping-taxable","11":"purchasable","12":"product-type-simple"},"jetpack_sharing_enabled":true,"tiered_pricing_type":"fixed","tiered_pricing_fixed_rules":{"1000":7,"10000":6,"50000":5},"tiered_pricing_product_settings":{"layout":"default","base_unit_name":{"singular":null,"plural":null},"default_variation":null},"tiered_pricing_minimum_quantity":100,"tiered_pricing_roles_data":[],"tiered_pricing_percentage_rules":[],"tiered_pricing_maximum_quantity":null,"tiered_pricing_quantity_step":null,"_links":{"self":[{"href":"https:\/\/cloudsupplyvapes.com\/fr\/wp-json\/wp\/v2\/product\/4180","targetHints":{"allow":["GET"]}}],"collection":[{"href":"https:\/\/cloudsupplyvapes.com\/fr\/wp-json\/wp\/v2\/product"}],"about":[{"href":"https:\/\/cloudsupplyvapes.com\/fr\/wp-json\/wp\/v2\/types\/product"}],"replies":[{"embeddable":true,"href":"https:\/\/cloudsupplyvapes.com\/fr\/wp-json\/wp\/v2\/comments?post=4180"}],"wp:featuredmedia":[{"embeddable":true,"href":"https:\/\/cloudsupplyvapes.com\/fr\/wp-json\/wp\/v2\/media\/4493"}],"wp:attachment":[{"href":"https:\/\/cloudsupplyvapes.com\/fr\/wp-json\/wp\/v2\/media?parent=4180"}],"wp:term":[{"taxonomy":"product_brand","embeddable":true,"href":"https:\/\/cloudsupplyvapes.com\/fr\/wp-json\/wp\/v2\/product_brand?post=4180"},{"taxonomy":"product_cat","embeddable":true,"href":"https:\/\/cloudsupplyvapes.com\/fr\/wp-json\/wp\/v2\/product_cat?post=4180"},{"taxonomy":"product_tag","embeddable":true,"href":"https:\/\/cloudsupplyvapes.com\/fr\/wp-json\/wp\/v2\/product_tag?post=4180"}],"curies":[{"name":"wp","href":"https:\/\/api.w.org\/{rel}","templated":true}]}}